{"id":1209,"date":"2024-07-16T17:57:25","date_gmt":"2024-07-16T14:57:25","guid":{"rendered":"https:\/\/wristbandfactory.eu\/toode\/seed-paper-bracelet\/"},"modified":"2026-04-01T21:52:36","modified_gmt":"2026-04-01T18:52:36","slug":"seed-paper-wristbands","status":"publish","type":"product","link":"https:\/\/displayproducts.eu\/fr\/p\/seed-paper-wristbands\/","title":{"rendered":"Bracelets en papier ensemenc\u00e9"},"content":{"rendered":"<p data-path-to-node=\"12\">Ayez un impact positif et durable sur vos participants et sur l&#039;environnement gr\u00e2ce \u00e0 notre <b data-path-to-node=\"12\" data-index-in-node=\"104\">Bracelets en papier ensemenc\u00e9<\/b>. Ce produit innovant offre une solution unique et z\u00e9ro d\u00e9chet aux organisateurs d&#039;\u00e9v\u00e9nements soucieux de l&#039;environnement, transformant un objet g\u00e9n\u00e9ralement \u00e0 usage unique en une \u201c seconde vie \u201d m\u00e9morable sous forme de fleurs sauvages. Con\u00e7us pour les festivals, les \u00e9v\u00e9nements d&#039;entreprise ax\u00e9s sur le d\u00e9veloppement durable et les conf\u00e9rences \u00e9coresponsables, ces bracelets servent \u00e0 la fois de badge d&#039;acc\u00e8s s\u00e9curis\u00e9 et d&#039;affirmation de vos valeurs environnementales.<\/p>\n<h2 data-path-to-node=\"13\">Caract\u00e9ristiques principales<\/h2>\n<ul data-path-to-node=\"14\">\n<li>\n<p data-path-to-node=\"14,0,0\"><b data-path-to-node=\"14,0,0\" data-index-in-node=\"0\">Technologie plantable :<\/b> Confectionn\u00e9 en papier 80 g\/m\u00b2 contenant un m\u00e9lange de graines de fleurs sauvages, ce bracelet peut \u00eatre plant\u00e9 en terre apr\u00e8s l&#039;\u00e9v\u00e9nement pour faire pousser des fleurs.<\/p>\n<\/li>\n<li>\n<p data-path-to-node=\"14,1,0\"><b data-path-to-node=\"14,1,0\" data-index-in-node=\"0\">Identit\u00e9 visuelle en couleur :<\/b> Prend en charge l&#039;impression bord \u00e0 bord, vous permettant de mettre en valeur votre logo, vos sponsors ou votre message \u00e9cologique de mani\u00e8re \u00e9clatante.<\/p>\n<\/li>\n<li>\n<p data-path-to-node=\"14,2,0\"><b data-path-to-node=\"14,2,0\" data-index-in-node=\"0\">Contr\u00f4le d&#039;acc\u00e8s s\u00e9curis\u00e9 :<\/b> Comporte une bande adh\u00e9sive fiable, \u00e0 usage unique et non transf\u00e9rable, assurant la s\u00e9curit\u00e9 de votre \u00e9tablissement.<\/p>\n<\/li>\n<li>\n<p data-path-to-node=\"14,3,0\"><b data-path-to-node=\"14,3,0\" data-index-in-node=\"0\">Texture et toucher :<\/b> La texture naturelle et l\u00e9g\u00e8rement irr\u00e9guli\u00e8re du papier ensemenc\u00e9 lui conf\u00e8re une qualit\u00e9 tactile et organique qui renforce le message de durabilit\u00e9.<\/p>\n<\/li>\n<\/ul>\n<h2 data-path-to-node=\"15\">Caract\u00e9ristiques<\/h2>\n<ul data-path-to-node=\"16\">\n<li>\n<p data-path-to-node=\"16,0,0\"><b data-path-to-node=\"16,0,0\" data-index-in-node=\"0\">Dimensions:<\/b> Environ 240 x 20 mm (taille standard ajustable).<\/p>\n<\/li>\n<li>\n<p data-path-to-node=\"16,1,0\"><b data-path-to-node=\"16,1,0\" data-index-in-node=\"0\">Poids du mat\u00e9riau :<\/b> Papier ensemenc\u00e9 80 g\/m\u00b2.<\/p>\n<\/li>\n<li>\n<p data-path-to-node=\"16,2,0\"><b data-path-to-node=\"16,2,0\" data-index-in-node=\"0\">M\u00e9thode d&#039;impression :<\/b> Impression num\u00e9rique en couleur (CMJN).<\/p>\n<\/li>\n<li>\n<p data-path-to-node=\"16,3,0\"><b data-path-to-node=\"16,3,0\" data-index-in-node=\"0\">Dur\u00e9e d&#039;utilisation :<\/b> Recommand\u00e9 pour les \u00e9v\u00e9nements d&#039;une seule journ\u00e9e (1 \u00e0 2 jours maximum) en raison de sa biod\u00e9gradabilit\u00e9.<\/p>\n<\/li>\n<li>\n<p data-path-to-node=\"16,4,0\"><b data-path-to-node=\"16,4,0\" data-index-in-node=\"0\">Quantit\u00e9 minimale de commande\u00a0:<\/b> 100 unit\u00e9s.<\/p>\n<\/li>\n<\/ul>\n<h2 data-path-to-node=\"17\">Cas d&#039;utilisation<\/h2>\n<ul data-path-to-node=\"18\">\n<li>\n<p data-path-to-node=\"18,0,0\"><b data-path-to-node=\"18,0,0\" data-index-in-node=\"0\">Festivals verts :<\/b> Id\u00e9al pour les festivals de musique et d&#039;arts en plein air qui privil\u00e9gient les principes du \u201c Ne laisser aucune trace \u201d.<\/p>\n<\/li>\n<li>\n<p data-path-to-node=\"18,1,0\"><b data-path-to-node=\"18,1,0\" data-index-in-node=\"0\">\u00c9v\u00e9nements RSE d&#039;entreprise\u00a0:<\/b> Id\u00e9al pour les r\u00e9unions d&#039;entreprise ax\u00e9es sur le d\u00e9veloppement durable et la responsabilit\u00e9 environnementale.<\/p>\n<\/li>\n<li>\n<p data-path-to-node=\"18,2,0\"><b data-path-to-node=\"18,2,0\" data-index-in-node=\"0\">Collectes de fonds caritatives :<\/b> Un cadeau symbolique pour les donateurs, qui se transforme en fleurs, repr\u00e9sentant la croissance et la gratitude.<\/p>\n<\/li>\n<li>\n<p data-path-to-node=\"18,3,0\"><b data-path-to-node=\"18,3,0\" data-index-in-node=\"0\">Acc\u00e8s VIP :<\/b> Un atout unique et haut de gamme pour diff\u00e9rencier les invit\u00e9s de marque lors de conf\u00e9rences sur le th\u00e8me de l&#039;\u00e9cologie.<\/p>\n<\/li>\n<\/ul>","protected":false},"excerpt":{"rendered":"<ul>\n<li>\n<p data-path-to-node=\"11,0,0\"><b data-path-to-node=\"11,0,0\" data-index-in-node=\"0\">Mat\u00e9riel:<\/b> Papier biod\u00e9gradable de 80 g\/m\u00b2 contenant des graines de fleurs sauvages.<\/p>\n<\/li>\n<li>\n<p data-path-to-node=\"11,1,0\"><b data-path-to-node=\"11,1,0\" data-index-in-node=\"0\">Personnalisation:<\/b> Impression en couleur bord \u00e0 bord pour un impact visuel maximal.<\/p>\n<\/li>\n<li>\n<p data-path-to-node=\"11,2,0\"><b data-path-to-node=\"11,2,0\" data-index-in-node=\"0\">Fermeture:<\/b> Une bande adh\u00e9sive s\u00e9curis\u00e9e \u00e0 usage unique emp\u00eache le transfert.<\/p>\n<\/li>\n<li>\n<p data-path-to-node=\"11,3,0\"><b data-path-to-node=\"11,3,0\" data-index-in-node=\"0\">\u00c9co-ax\u00e9 sur :<\/b> 100% peut \u00eatre plant\u00e9 apr\u00e8s utilisation pour une solution \u00e9v\u00e9nementielle z\u00e9ro d\u00e9chet.<\/p>\n<\/li>\n<\/ul>","protected":false},"featured_media":6394,"comment_status":"closed","ping_status":"closed","template":"","meta":[],"product_brand":[],"product_cat":[133,66],"product_tag":[],"class_list":{"0":"post-1209","1":"product","2":"type-product","3":"status-publish","4":"has-post-thumbnail","6":"product_cat-eco-friendly-wristbands","7":"product_cat-wristbands","9":"first","10":"instock","11":"shipping-taxable","12":"purchasable","13":"product-type-simple"},"_links":{"self":[{"href":"https:\/\/displayproducts.eu\/fr\/wp-json\/wp\/v2\/product\/1209","targetHints":{"allow":["GET"]}}],"collection":[{"href":"https:\/\/displayproducts.eu\/fr\/wp-json\/wp\/v2\/product"}],"about":[{"href":"https:\/\/displayproducts.eu\/fr\/wp-json\/wp\/v2\/types\/product"}],"replies":[{"embeddable":true,"href":"https:\/\/displayproducts.eu\/fr\/wp-json\/wp\/v2\/comments?post=1209"}],"wp:featuredmedia":[{"embeddable":true,"href":"https:\/\/displayproducts.eu\/fr\/wp-json\/wp\/v2\/media\/6394"}],"wp:attachment":[{"href":"https:\/\/displayproducts.eu\/fr\/wp-json\/wp\/v2\/media?parent=1209"}],"wp:term":[{"taxonomy":"product_brand","embeddable":true,"href":"https:\/\/displayproducts.eu\/fr\/wp-json\/wp\/v2\/product_brand?post=1209"},{"taxonomy":"product_cat","embeddable":true,"href":"https:\/\/displayproducts.eu\/fr\/wp-json\/wp\/v2\/product_cat?post=1209"},{"taxonomy":"product_tag","embeddable":true,"href":"https:\/\/displayproducts.eu\/fr\/wp-json\/wp\/v2\/product_tag?post=1209"}],"curies":[{"name":"wp","href":"https:\/\/api.w.org\/{rel}","templated":true}]}}