{"id":1208,"date":"2024-10-27T11:54:37","date_gmt":"2024-10-27T08:54:37","guid":{"rendered":"https:\/\/wristbandfactory.eu\/toode\/faux-leather-wristbands\/"},"modified":"2026-04-01T21:52:36","modified_gmt":"2026-04-01T18:52:36","slug":"faux-leather-wristbands","status":"publish","type":"product","link":"https:\/\/displayproducts.eu\/fr\/p\/faux-leather-wristbands\/","title":{"rendered":"Bracelets en similicuir"},"content":{"rendered":"<p>Optez pour un look authentique avec des bracelets en cuir grav\u00e9s. Votre texte est grav\u00e9 en creux sur le bracelet, comme le font les maroquiniers. Ainsi, le texte est de la m\u00eame couleur que le bracelet.<\/p>\n<p>Nous proposons 2 types de fermetures, un clip en plastique et une fermeture en m\u00e9tal.<\/p>\n<p>La fermeture \u00e0 clip en plastique est similaire \u00e0 celle des bracelets en vinyle. Des trous permettent un ajustement parfait. Une fois le fermoir encliquet\u00e9, il est impossible de l&#039;ouvrir sans l&#039;endommager, ce qui laisse appara\u00eetre des signes d&#039;effraction. Ceci permet d&#039;\u00e9viter toute fraude.<\/p>\n<p>La fermeture m\u00e9tallique est \u00e9galement la fermeture standard des bracelets de festival en tissu. Un outil de sertissage est n\u00e9cessaire pour la fermer. Apr\u00e8s avoir serti la fermeture, il est impossible de retirer le bracelet sans laisser de traces d&#039;effraction, ce qui pr\u00e9vient la fraude.<\/p>","protected":false},"excerpt":{"rendered":"<div>\n<p class=\"text-gray-500\">Avec des bracelets en similicuir ou en cuir synth\u00e9tique, optez pour un contr\u00f4le d&#039;acc\u00e8s s\u00e9curis\u00e9 et unique pour votre \u00e9v\u00e9nement. Vous avez le choix entre 4 couleurs de similicuir pour une impression monochrome ou bicolore, ou pour une gravure. Pour la fixation des bracelets, nous proposons deux options\u00a0: fermeture m\u00e9tallique ou fermeture \u00e0 pression en plastique.<\/p>\n<\/div>","protected":false},"featured_media":6410,"comment_status":"closed","ping_status":"closed","template":"","meta":[],"product_brand":[],"product_cat":[66,117],"product_tag":[],"class_list":{"0":"post-1208","1":"product","2":"type-product","3":"status-publish","4":"has-post-thumbnail","6":"product_cat-wristbands","7":"product_cat-leather-wristbands","9":"first","10":"instock","11":"shipping-taxable","12":"purchasable","13":"product-type-simple"},"_links":{"self":[{"href":"https:\/\/displayproducts.eu\/fr\/wp-json\/wp\/v2\/product\/1208","targetHints":{"allow":["GET"]}}],"collection":[{"href":"https:\/\/displayproducts.eu\/fr\/wp-json\/wp\/v2\/product"}],"about":[{"href":"https:\/\/displayproducts.eu\/fr\/wp-json\/wp\/v2\/types\/product"}],"replies":[{"embeddable":true,"href":"https:\/\/displayproducts.eu\/fr\/wp-json\/wp\/v2\/comments?post=1208"}],"wp:featuredmedia":[{"embeddable":true,"href":"https:\/\/displayproducts.eu\/fr\/wp-json\/wp\/v2\/media\/6410"}],"wp:attachment":[{"href":"https:\/\/displayproducts.eu\/fr\/wp-json\/wp\/v2\/media?parent=1208"}],"wp:term":[{"taxonomy":"product_brand","embeddable":true,"href":"https:\/\/displayproducts.eu\/fr\/wp-json\/wp\/v2\/product_brand?post=1208"},{"taxonomy":"product_cat","embeddable":true,"href":"https:\/\/displayproducts.eu\/fr\/wp-json\/wp\/v2\/product_cat?post=1208"},{"taxonomy":"product_tag","embeddable":true,"href":"https:\/\/displayproducts.eu\/fr\/wp-json\/wp\/v2\/product_tag?post=1208"}],"curies":[{"name":"wp","href":"https:\/\/api.w.org\/{rel}","templated":true}]}}