{"id":1205,"date":"2024-10-27T11:54:37","date_gmt":"2024-10-27T08:54:37","guid":{"rendered":"https:\/\/wristbandfactory.eu\/toode\/custom-rfid-leather-wristband\/"},"modified":"2026-04-01T21:52:36","modified_gmt":"2026-04-01T18:52:36","slug":"custom-rfid-leather-wristband","status":"publish","type":"product","link":"https:\/\/displayproducts.eu\/fr\/p\/custom-rfid-leather-wristband\/","title":{"rendered":"Bracelets RFID en cuir"},"content":{"rendered":"<p data-path-to-node=\"12\">Am\u00e9liorez l&#039;exp\u00e9rience de vos clients gr\u00e2ce \u00e0 notre <b data-path-to-node=\"12\" data-index-in-node=\"64\">Bracelets RFID en cuir personnalis\u00e9s<\/b>. Con\u00e7us pour les environnements o\u00f9 le style est aussi important que la s\u00e9curit\u00e9, ces bracelets allient la technologie RFID de pointe \u00e0 l&#039;\u00e9l\u00e9gance classique du cuir. Contrairement aux mod\u00e8les standards en silicone ou en tissu, ces bracelets constituent un accessoire haut de gamme, id\u00e9al pour les espaces VIP, les complexes h\u00f4teliers de luxe, les clubs priv\u00e9s et les \u00e9v\u00e9nements d&#039;entreprise prestigieux.<\/p>\n<p data-path-to-node=\"13\">Fabriqu\u00e9s en cuir PU r\u00e9sistant (avec des options en cuir v\u00e9ritable), ils offrent un confort optimal m\u00eame en cas de port prolong\u00e9. La puce int\u00e9gr\u00e9e est discr\u00e8tement int\u00e9gr\u00e9e, garantissant une transmission de donn\u00e9es fiable pour le contr\u00f4le d&#039;acc\u00e8s, les paiements sans esp\u00e8ces ou l&#039;int\u00e9gration aux r\u00e9seaux sociaux, sans alt\u00e9rer l&#039;esth\u00e9tique du bracelet.<\/p>\n<h2 data-path-to-node=\"14\">Caract\u00e9ristiques principales<\/h2>\n<ul data-path-to-node=\"15\">\n<li>\n<p data-path-to-node=\"15,0,1\"><span data-path-to-node=\"15,0,1,0\"><b data-path-to-node=\"15,0,1,0\" data-index-in-node=\"0\"><span class=\"citation-43\">Compatibilit\u00e9 avanc\u00e9e des puces\u00a0:<\/span><\/b><span class=\"citation-43\"> Disponible avec une large gamme de puces RFID, notamment LF (125 kHz), HF (13,56 MHz NTAG\u00ae\/Mifare) et UHF (860-960 MHz), pour s&#039;adapter \u00e0 tous les syst\u00e8mes.<\/span><\/span><span data-path-to-node=\"15,0,1,2\">.<\/span><\/p>\n<\/li>\n<li>\n<p data-path-to-node=\"15,1,1\"><span data-path-to-node=\"15,1,1,0\"><b data-path-to-node=\"15,1,1,0\" data-index-in-node=\"0\"><span class=\"citation-42\">Esth\u00e9tique haut de gamme :<\/span><\/b><span class=\"citation-42\"> La finition cuir offre une alternative sophistiqu\u00e9e au plastique, rehaussant la valeur per\u00e7ue de votre \u00e9v\u00e9nement ou de votre lieu.<\/span><\/span><span data-path-to-node=\"15,1,1,2\">.<\/span><\/p>\n<\/li>\n<li>\n<p data-path-to-node=\"15,2,0\"><b data-path-to-node=\"15,2,0\" data-index-in-node=\"0\">Personnalisation de la marque\u00a0:<\/b> Personnalisez-le avec votre logo gr\u00e2ce \u00e0 des techniques haut de gamme comme le gaufrage, le d\u00e9bossage ou la s\u00e9rigraphie.<\/p>\n<\/li>\n<li>\n<p data-path-to-node=\"15,3,0\"><b data-path-to-node=\"15,3,0\" data-index-in-node=\"0\">Ajustement r\u00e9glable :<\/b> Con\u00e7u avec une fermeture \u00e0 boucle classique (taille standard 250x22x3 mm) pour s&#039;adapter confortablement \u00e0 la plupart des tailles de poignet.<\/p>\n<\/li>\n<\/ul>\n<h2 data-path-to-node=\"16\">Caract\u00e9ristiques<\/h2>\n<ul data-path-to-node=\"17\">\n<li>\n<p data-path-to-node=\"17,0,0\"><b data-path-to-node=\"17,0,0\" data-index-in-node=\"0\">Dimensions:<\/b> 250 mm x 22 mm x 3 mm.<\/p>\n<\/li>\n<li>\n<p data-path-to-node=\"17,1,0\"><b data-path-to-node=\"17,1,0\" data-index-in-node=\"0\">Mat\u00e9riel:<\/b> Cuir PU (standard) ou cuir v\u00e9ritable (option).<\/p>\n<\/li>\n<li>\n<p data-path-to-node=\"17,2,0\"><b data-path-to-node=\"17,2,0\" data-index-in-node=\"0\">Options de fr\u00e9quence\u00a0:<\/b> LF (125KHz), HF (13,56MHz), UHF (860-960MHz).<\/p>\n<\/li>\n<li>\n<p data-path-to-node=\"17,3,0\"><b data-path-to-node=\"17,3,0\" data-index-in-node=\"0\">Types de puces\u00a0:<\/b> TK4100, F08, NTAG213\/215\/216, Alien H3, et plus encore.<\/p>\n<\/li>\n<li>\n<p data-path-to-node=\"17,4,0\"><b data-path-to-node=\"17,4,0\" data-index-in-node=\"0\">Distance de lecture :<\/b> 1-10 cm (LF\/HF), jusqu&#039;\u00e0 plusieurs m\u00e8tres (UHF, d\u00e9pend du lecteur).<\/p>\n<\/li>\n<li>\n<p data-path-to-node=\"17,5,0\"><b data-path-to-node=\"17,5,0\" data-index-in-node=\"0\">Quantit\u00e9 minimale de commande\u00a0:<\/b> 100 unit\u00e9s.<\/p>\n<\/li>\n<\/ul>\n<h2 data-path-to-node=\"18\">Cas d&#039;utilisation<\/h2>\n<ul data-path-to-node=\"19\">\n<li>\n<p data-path-to-node=\"19,0,0\"><b data-path-to-node=\"19,0,0\" data-index-in-node=\"0\">H\u00f4tels et complexes h\u00f4teliers de luxe\u00a0:<\/b> Acc\u00e8s aux chambres sans cl\u00e9 et paiements sans esp\u00e8ces pour les services de l&#039;h\u00f4tel.<\/p>\n<\/li>\n<li>\n<p data-path-to-node=\"19,1,0\"><b data-path-to-node=\"19,1,0\" data-index-in-node=\"0\">Acc\u00e8s VIP \u00e0 l&#039;\u00e9v\u00e9nement :<\/b> Acc\u00e8s exclusif aux coulisses, aux salons priv\u00e9s et aux galas.<\/p>\n<\/li>\n<li>\n<p data-path-to-node=\"19,2,0\"><b data-path-to-node=\"19,2,0\" data-index-in-node=\"0\">Clubs de remise en forme et de loisirs :<\/b> Des cartes d&#039;acc\u00e8s r\u00e9sistantes et \u00e9l\u00e9gantes pour les membres.<\/p>\n<\/li>\n<li>\n<p data-path-to-node=\"19,3,0\"><b data-path-to-node=\"19,3,0\" data-index-in-node=\"0\">S\u00e9curit\u00e9 au bureau :<\/b> Identification \u00e9l\u00e9gante pour les employ\u00e9s en entreprise.<\/p>\n<\/li>\n<\/ul>","protected":false},"excerpt":{"rendered":"<ul>\n<li>\n<p data-path-to-node=\"11,0,0\"><b data-path-to-node=\"11,0,0\" data-index-in-node=\"0\">Mat\u00e9riel:<\/b> Des options en polyur\u00e9thane de haute qualit\u00e9 ou en cuir v\u00e9ritable pour un look sophistiqu\u00e9.<\/p>\n<\/li>\n<li>\n<p data-path-to-node=\"11,1,0\"><b data-path-to-node=\"11,1,0\" data-index-in-node=\"0\">Technologie:<\/b> Puces int\u00e9gr\u00e9es LF (TK4100), HF (NTAG\u00ae) ou UHF (Alien H3).<\/p>\n<\/li>\n<li>\n<p data-path-to-node=\"11,2,0\"><b data-path-to-node=\"11,2,0\" data-index-in-node=\"0\">Personnalisation:<\/b> D\u00e9bossage, gaufrage ou impression pour un marquage discret.<\/p>\n<\/li>\n<li>\n<p data-path-to-node=\"11,3,0\"><b data-path-to-node=\"11,3,0\" data-index-in-node=\"0\">Application:<\/b> Id\u00e9al pour le contr\u00f4le d&#039;acc\u00e8s VIP, les paiements sans esp\u00e8ces et les h\u00f4tels de luxe.<\/p>\n<\/li>\n<\/ul>","protected":false},"featured_media":6037,"comment_status":"closed","ping_status":"closed","template":"","meta":[],"product_brand":[],"product_cat":[66,117,81],"product_tag":[],"class_list":{"0":"post-1205","1":"product","2":"type-product","3":"status-publish","4":"has-post-thumbnail","6":"product_cat-wristbands","7":"product_cat-leather-wristbands","8":"product_cat-rfid","10":"first","11":"instock","12":"shipping-taxable","13":"purchasable","14":"product-type-simple"},"_links":{"self":[{"href":"https:\/\/displayproducts.eu\/fr\/wp-json\/wp\/v2\/product\/1205","targetHints":{"allow":["GET"]}}],"collection":[{"href":"https:\/\/displayproducts.eu\/fr\/wp-json\/wp\/v2\/product"}],"about":[{"href":"https:\/\/displayproducts.eu\/fr\/wp-json\/wp\/v2\/types\/product"}],"replies":[{"embeddable":true,"href":"https:\/\/displayproducts.eu\/fr\/wp-json\/wp\/v2\/comments?post=1205"}],"wp:featuredmedia":[{"embeddable":true,"href":"https:\/\/displayproducts.eu\/fr\/wp-json\/wp\/v2\/media\/6037"}],"wp:attachment":[{"href":"https:\/\/displayproducts.eu\/fr\/wp-json\/wp\/v2\/media?parent=1205"}],"wp:term":[{"taxonomy":"product_brand","embeddable":true,"href":"https:\/\/displayproducts.eu\/fr\/wp-json\/wp\/v2\/product_brand?post=1205"},{"taxonomy":"product_cat","embeddable":true,"href":"https:\/\/displayproducts.eu\/fr\/wp-json\/wp\/v2\/product_cat?post=1205"},{"taxonomy":"product_tag","embeddable":true,"href":"https:\/\/displayproducts.eu\/fr\/wp-json\/wp\/v2\/product_tag?post=1205"}],"curies":[{"name":"wp","href":"https:\/\/api.w.org\/{rel}","templated":true}]}}