{"id":1203,"date":"2024-10-27T11:54:37","date_gmt":"2024-10-27T08:54:37","guid":{"rendered":"https:\/\/wristbandfactory.eu\/toode\/fabric-wristbands\/"},"modified":"2026-04-01T21:52:36","modified_gmt":"2026-04-01T18:52:36","slug":"full-colour-printed-fabric-wristbands","status":"publish","type":"product","link":"https:\/\/displayproducts.eu\/fr\/p\/full-colour-printed-fabric-wristbands\/","title":{"rendered":"Bracelets en tissu imprim\u00e9s en couleur"},"content":{"rendered":"<div class=\"mx-12 md:mx-24 lg:mx-48\">\n<div class=\"container my-8 svelte-zlsknf\">\n<div class=\"my-24 rounded-lg border-0 border-gray-700 bg-gray-100 px-16 py-24\">\n<div class=\"mt-11 !text-gray-500\">\n<p data-path-to-node=\"8\">Sublimez votre \u00e9v\u00e9nement avec nos bracelets en tissu imprim\u00e9s en couleur. Solution phare du contr\u00f4le d&#039;acc\u00e8s, ils constituent un outil marketing puissant et un souvenir pr\u00e9cieux pour vos participants.<\/p>\n<p data-path-to-node=\"9\"><b>Un bracelet, enti\u00e8rement personnalis\u00e9 par vous<\/b><\/p>\n<p data-path-to-node=\"10\">Cette page unique regroupe tous nos bracelets imprim\u00e9s. Choisissez sans impressionment votre tissu et validez pour cr\u00e9er le bracelet id\u00e9al pour votre \u00e9v\u00e9nement.<\/p>\n<ol start=\"1\" data-path-to-node=\"11\">\n<li>\n<p data-path-to-node=\"11,0,0\"><b>Choisissez votre impression et votre mat\u00e9riau\u00a0:<\/b> Gr\u00e2ce \u00e0 une impression par sublimation de pointe, nous reproduisons votre motif dans des teintes CMJN \u00e9clatantes et r\u00e9sistantes \u00e0 la d\u00e9coloration ou dans des nuances Pantone (PMS) pr\u00e9cises. Choisissez parmi deux finitions\u00a0:<\/p>\n<ul data-path-to-node=\"11,0,1\">\n<li>\n<p data-path-to-node=\"11,0,1,0,0\"><b>Polyester durable :<\/b> Notre norme de haute qualit\u00e9, imperm\u00e9able et respectueuse de la peau, pour tous les \u00e9v\u00e9nements.<\/p>\n<\/li>\n<li>\n<p data-path-to-node=\"11,0,1,1,0\"><b>Satin de qualit\u00e9 sup\u00e9rieure :<\/b> Une finition plus lisse et plus brillante pour une sensation haut de gamme (absorbe le produit \u201c Bracelets en satin \u201d).<\/p>\n<\/li>\n<\/ul>\n<\/li>\n<li>\n<p data-path-to-node=\"11,1,0\"><b>Choisissez votre serrure\u00a0:<\/b> La s\u00e9curit\u00e9 est primordiale. Configurez vos bracelets avec le syst\u00e8me de verrouillage adapt\u00e9 \u00e0 vos besoins. Nous proposons une gamme compl\u00e8te d&#039;options\u00a0:<\/p>\n<ul data-path-to-node=\"11,1,1\">\n<li>\n<p data-path-to-node=\"11,1,1,0,0\"><b>Serrures haute s\u00e9curit\u00e9\u00a0:<\/b> Des clips en plastique \u00e0 fermeture automatique \u00e0 usage unique ou des verrous m\u00e9talliques durables pour emp\u00eacher le transfert.<\/p>\n<\/li>\n<li>\n<p data-path-to-node=\"11,1,1,1,0\"><b>Cadenas r\u00e9utilisables\u00a0:<\/b> Une perle ajustable qui permet de retirer et de reporter les bracelets.<\/p>\n<\/li>\n<li>\n<p data-path-to-node=\"11,1,1,2,0\"><b>Cadenas \u00e9cologiques\u00a0:<\/b> Notre cadenas en bambou durable et \u00e0 usage unique.<\/p>\n<\/li>\n<\/ul>\n<\/li>\n<\/ol>\n<p data-path-to-node=\"12\">Ces bracelets constituent la solution de s\u00e9curit\u00e9 id\u00e9ale pour contr\u00f4ler l&#039;acc\u00e8s aux concerts, festivals, f\u00eates, h\u00f4tels et parcs aquatiques.<\/p>\n<p data-path-to-node=\"13\"><i>(Remarque : En raison du processus de fabrication, nous recommandons d&#039;utiliser des motifs r\u00e9p\u00e9titifs pour le verso du bracelet afin d&#039;obtenir des r\u00e9sultats optimaux.)<\/i><\/p>\n<p data-path-to-node=\"14\"><b>Caract\u00e9ristiques principales :<\/b><\/p>\n<ul data-path-to-node=\"15\">\n<li>\n<p data-path-to-node=\"15,0,0\"><b>Impression:<\/b> Impression par sublimation en quadrichromie (CMJN) ou en Pantone (PMS).<\/p>\n<\/li>\n<li>\n<p data-path-to-node=\"15,1,0\"><b>Mat\u00e9riel:<\/b> Polyester de haute qualit\u00e9 (finition satin\u00e9e premium \u00e9galement disponible).<\/p>\n<\/li>\n<li>\n<p data-path-to-node=\"15,2,0\"><b>Options de verrouillage de s\u00e9curit\u00e9\u00a0:<\/b> Haute s\u00e9curit\u00e9 (plastique\/m\u00e9tal), perle r\u00e9utilisable ou bambou \u00e9cologique.<\/p>\n<\/li>\n<li>\n<p data-path-to-node=\"15,3,0\"><b>Durable et imperm\u00e9able :<\/b> Id\u00e9al pour les \u00e9v\u00e9nements de plusieurs jours.<\/p>\n<\/li>\n<li>\n<p data-path-to-node=\"15,4,0\"><b>Confort:<\/b> L\u00e9g\u00e8re et douce pour un confort optimal, m\u00eame apr\u00e8s une utilisation prolong\u00e9e.<\/p>\n<\/li>\n<li>\n<p data-path-to-node=\"15,5,0\"><b>Commande minimum:<\/b> 100 pi\u00e8ces.<\/p>\n<\/li>\n<\/ul>\n<p data-path-to-node=\"16\">\n<\/div>\n<\/div>\n<\/div>\n<\/div>","protected":false},"excerpt":{"rendered":"<ul data-path-to-node=\"7\">\n<li>\n<p data-path-to-node=\"7,0,0\">Impression par sublimation en couleurs CMJN ou Pantone \u00e9clatantes.<\/p>\n<\/li>\n<li>\n<p data-path-to-node=\"7,1,0\"><b>Options de mat\u00e9riaux :<\/b> Choisissez entre un polyester r\u00e9sistant et imperm\u00e9able ou un satin de qualit\u00e9 sup\u00e9rieure.<\/p>\n<\/li>\n<li>\n<p data-path-to-node=\"7,2,0\"><b>Options de verrouillage\u00a0:<\/b> Haute s\u00e9curit\u00e9 (plastique\/m\u00e9tal \u00e0 usage unique), r\u00e9utilisable (perle ajustable) ou en bambou \u00e9cologique.<\/p>\n<\/li>\n<li>\n<p data-path-to-node=\"7,3,0\">Confortables, r\u00e9sistants et doux pour la peau, pour les \u00e9v\u00e9nements de plusieurs jours.<\/p>\n<\/li>\n<\/ul>","protected":false},"featured_media":6388,"comment_status":"closed","ping_status":"closed","template":"","meta":[],"product_brand":[],"product_cat":[47],"product_tag":[],"class_list":{"0":"post-1203","1":"product","2":"type-product","3":"status-publish","4":"has-post-thumbnail","6":"product_cat-fabric-wristbands","8":"first","9":"instock","10":"shipping-taxable","11":"purchasable","12":"product-type-simple"},"_links":{"self":[{"href":"https:\/\/displayproducts.eu\/fr\/wp-json\/wp\/v2\/product\/1203","targetHints":{"allow":["GET"]}}],"collection":[{"href":"https:\/\/displayproducts.eu\/fr\/wp-json\/wp\/v2\/product"}],"about":[{"href":"https:\/\/displayproducts.eu\/fr\/wp-json\/wp\/v2\/types\/product"}],"replies":[{"embeddable":true,"href":"https:\/\/displayproducts.eu\/fr\/wp-json\/wp\/v2\/comments?post=1203"}],"wp:featuredmedia":[{"embeddable":true,"href":"https:\/\/displayproducts.eu\/fr\/wp-json\/wp\/v2\/media\/6388"}],"wp:attachment":[{"href":"https:\/\/displayproducts.eu\/fr\/wp-json\/wp\/v2\/media?parent=1203"}],"wp:term":[{"taxonomy":"product_brand","embeddable":true,"href":"https:\/\/displayproducts.eu\/fr\/wp-json\/wp\/v2\/product_brand?post=1203"},{"taxonomy":"product_cat","embeddable":true,"href":"https:\/\/displayproducts.eu\/fr\/wp-json\/wp\/v2\/product_cat?post=1203"},{"taxonomy":"product_tag","embeddable":true,"href":"https:\/\/displayproducts.eu\/fr\/wp-json\/wp\/v2\/product_tag?post=1203"}],"curies":[{"name":"wp","href":"https:\/\/api.w.org\/{rel}","templated":true}]}}