{"id":1183,"date":"2024-07-16T18:07:16","date_gmt":"2024-07-16T15:07:16","guid":{"rendered":"https:\/\/wristbandfactory.eu\/toode\/uv-neverloseme-wristbands\/"},"modified":"2026-04-01T21:52:04","modified_gmt":"2026-04-01T18:52:04","slug":"uv-sensor-safety-wristbands","status":"publish","type":"product","link":"https:\/\/displayproducts.eu\/fr\/p\/uv-sensor-safety-wristbands\/","title":{"rendered":"Bracelets de s\u00e9curit\u00e9 \u00e0 capteur UV"},"content":{"rendered":"<p>Affirmez l&#039;engagement de votre organisation en mati\u00e8re de s\u00e9curit\u00e9 avec le bracelet de s\u00e9curit\u00e9 \u00e0 capteur UV. Cet objet promotionnel pratique est id\u00e9al pour les journ\u00e9es familiales d&#039;entreprise, les conf\u00e9rences en plein air ou les campagnes marketing ax\u00e9es sur la sant\u00e9, et offre une r\u00e9elle utilit\u00e9 aux participants.<\/p>\n<p>Ce bracelet est dot\u00e9 d&#039;un fermoir sp\u00e9cial et r\u00e9utilisable qui surveille activement l&#039;exposition au soleil. Le fermoir passe du blanc au rouge intense lorsque les niveaux de rayonnement UVA ou UVB deviennent dangereux, constituant ainsi une alerte visuelle claire pour l&#039;utilisateur.<\/p>\n<p>Le bracelet lui-m\u00eame est fabriqu\u00e9 dans un mat\u00e9riau hypoallerg\u00e9nique sp\u00e9cial, \u00e0 la fois durable et doux pour la peau. <b>certifi\u00e9 par l&#039;Institut national d&#039;hygi\u00e8ne<\/b>. Toute la surface du bracelet peut \u00eatre enti\u00e8rement personnalis\u00e9e avec votre logo d&#039;entreprise en couleur, le logo de votre \u00e9v\u00e9nement ou un slogan de s\u00e9curit\u00e9, cr\u00e9ant ainsi un outil promotionnel tr\u00e8s visible et m\u00e9morable.<\/p>\n<p>Ce bracelet associe votre marque \u00e0 la responsabilit\u00e9 sociale et \u00e0 la sensibilisation aux normes de s\u00e9curit\u00e9 modernes, cr\u00e9ant ainsi une association positive qui perdure bien apr\u00e8s l&#039;\u00e9v\u00e9nement.<\/p>\n<p><b>Caract\u00e9ristiques principales :<\/b><\/p>\n<ul>\n<li><b>Fermoir \u00e0 capteur UV\u00a0:<\/b> Le fermoir r\u00e9utilisable change activement de couleur pour devenir rouge afin de signaler les niveaux \u00e9lev\u00e9s de rayonnement UVA\/UVB.<\/li>\n<li><b>Personnalisation en couleur :<\/b> L&#039;int\u00e9gralit\u00e9 de la surface du bracelet peut \u00eatre imprim\u00e9e avec votre logo ou message personnalis\u00e9.<\/li>\n<li><b>Mat\u00e9riau certifi\u00e9 sans danger pour les enfants\u00a0:<\/b> Mat\u00e9riau hypoallerg\u00e9nique, flexible et durable, certifi\u00e9 par l&#039;Institut national d&#039;hygi\u00e8ne.<\/li>\n<li><b>Conception r\u00e9utilisable\u00a0:<\/b> Le fermoir est con\u00e7u pour de multiples utilisations, prolongeant ainsi la dur\u00e9e de vie de votre article promotionnel.<\/li>\n<li><b>Outil de responsabilit\u00e9 sociale des entreprises\u00a0:<\/b> Un gadget unique pour d\u00e9montrer l&#039;engagement de votre marque en mati\u00e8re de sant\u00e9 et de s\u00e9curit\u00e9.<\/li>\n<\/ul>","protected":false},"excerpt":{"rendered":"<ul>\n<li>Il est dot\u00e9 d&#039;un fermoir r\u00e9actif aux UV qui change de couleur pour devenir rouge sous un soleil dangereux.<\/li>\n<li>Mat\u00e9riau hypoallerg\u00e9nique, durable et r\u00e9utilisable, certifi\u00e9 sans danger pour les enfants.<\/li>\n<li>Bracelet enti\u00e8rement personnalisable avec votre logo en couleur ou votre message de s\u00e9curit\u00e9.<\/li>\n<li>Un article promotionnel haut de gamme pour les \u00e9v\u00e9nements familiaux et la responsabilit\u00e9 sociale des entreprises.<\/li>\n<\/ul>\n<p>&nbsp;<\/p>","protected":false},"featured_media":6254,"comment_status":"closed","ping_status":"closed","template":"","meta":[],"product_brand":[],"product_cat":[66,88,68],"product_tag":[],"class_list":{"0":"post-1183","1":"product","2":"type-product","3":"status-publish","4":"has-post-thumbnail","6":"product_cat-wristbands","7":"product_cat-smart-wristbands","8":"product_cat-event-supplies","10":"first","11":"instock","12":"shipping-taxable","13":"purchasable","14":"product-type-simple"},"_links":{"self":[{"href":"https:\/\/displayproducts.eu\/fr\/wp-json\/wp\/v2\/product\/1183","targetHints":{"allow":["GET"]}}],"collection":[{"href":"https:\/\/displayproducts.eu\/fr\/wp-json\/wp\/v2\/product"}],"about":[{"href":"https:\/\/displayproducts.eu\/fr\/wp-json\/wp\/v2\/types\/product"}],"replies":[{"embeddable":true,"href":"https:\/\/displayproducts.eu\/fr\/wp-json\/wp\/v2\/comments?post=1183"}],"wp:featuredmedia":[{"embeddable":true,"href":"https:\/\/displayproducts.eu\/fr\/wp-json\/wp\/v2\/media\/6254"}],"wp:attachment":[{"href":"https:\/\/displayproducts.eu\/fr\/wp-json\/wp\/v2\/media?parent=1183"}],"wp:term":[{"taxonomy":"product_brand","embeddable":true,"href":"https:\/\/displayproducts.eu\/fr\/wp-json\/wp\/v2\/product_brand?post=1183"},{"taxonomy":"product_cat","embeddable":true,"href":"https:\/\/displayproducts.eu\/fr\/wp-json\/wp\/v2\/product_cat?post=1183"},{"taxonomy":"product_tag","embeddable":true,"href":"https:\/\/displayproducts.eu\/fr\/wp-json\/wp\/v2\/product_tag?post=1183"}],"curies":[{"name":"wp","href":"https:\/\/api.w.org\/{rel}","templated":true}]}}