{"id":6857,"date":"2026-01-15T16:48:49","date_gmt":"2026-01-15T13:48:49","guid":{"rendered":"https:\/\/wristbandfactory.eu\/?post_type=product&#038;p=6857"},"modified":"2026-04-01T21:52:34","modified_gmt":"2026-04-01T18:52:34","slug":"custom-lanyards-with-metal-bulldog-clip","status":"publish","type":"product","link":"https:\/\/displayproducts.eu\/fi\/p\/custom-lanyards-with-metal-bulldog-clip\/","title":{"rendered":"Logopainetut kaulanauhat bulldog-klipsill\u00e4"},"content":{"rendered":"<p data-path-to-node=\"4\">Virtaviivaista tapahtumasi sis\u00e4\u00e4nkirjautumisprosessia meid\u00e4n avullamme <b data-path-to-node=\"4\" data-index-in-node=\"73\">Mukautetut kaulanauhat, joissa on metallinen bulldog-klipsi<\/b>. Usein &quot;pyykkipojan&quot; tyyliseksi kiinnikkeeksi kuvailtu kiinnike on suosikki konferensseissa ja messuilla nopeutensa ja monipuolisuutensa ansiosta. Jousikuormitetut leuat avautuvat helposti nipist\u00e4m\u00e4ll\u00e4, jolloin voit kiinnitt\u00e4\u00e4 henkil\u00f6llisyystodistukset, passit tai muovilompakot v\u00e4litt\u00f6m\u00e4sti \u2013 jopa sellaiset, joissa ei ole nimetty\u00e4 rei&#039;itysreik\u00e4\u00e4.<\/p>\n<h2 data-path-to-node=\"5\">T\u00e4rkeimm\u00e4t ominaisuudet<\/h2>\n<ul data-path-to-node=\"6\">\n<li>\n<p data-path-to-node=\"6,0,0\"><b data-path-to-node=\"6,0,0\" data-index-in-node=\"0\">Monipuolinen kiinnitys:<\/b> Toisin kuin koukut, jotka vaativat tietyn rei\u00e4n koon, Bulldog-klipsileuat voivat tarttua l\u00e4hes mink\u00e4 tahansa nimilapun, laminaatin tai kortin reunaan.<\/p>\n<\/li>\n<li>\n<p data-path-to-node=\"6,1,0\"><b data-path-to-node=\"6,1,0\" data-index-in-node=\"0\">V\u00e4\u00e4nt\u00f6\u00e4 est\u00e4v\u00e4 vakaus:<\/b> Leve\u00e4 otepinta varmistaa, ett\u00e4 henkil\u00f6kortit roikkuvat suoraan ja osoittavat eteenp\u00e4in, pit\u00e4en nimet ja logot aina n\u00e4kyviss\u00e4.<\/p>\n<\/li>\n<li>\n<p data-path-to-node=\"6,2,0\"><b data-path-to-node=\"6,2,0\" data-index-in-node=\"0\">Hell\u00e4varainen materiaaleille:<\/b> Vaikka ote on vahva, sile\u00e4t metallileuat on suunniteltu pit\u00e4m\u00e4\u00e4n tukevasti kiinni vahingoittamatta tavallisia PVC-pusseja.<\/p>\n<\/li>\n<li>\n<p data-path-to-node=\"6,3,0\"><b data-path-to-node=\"6,3,0\" data-index-in-node=\"0\">T\u00e4ysi sublimaatiopainatuspainatus:<\/b> Itse kaulanauha on painettu reunasta reunaan eloisilla, t\u00e4ysv\u00e4risill\u00e4 paineilla, mik\u00e4 varmistaa, ett\u00e4 br\u00e4nd\u00e4ys vastaa klipsin ensiluokkaista k\u00e4yt\u00e4nn\u00f6llisyytt\u00e4.<\/p>\n<\/li>\n<\/ul>\n<h2 data-path-to-node=\"7\">Tekniset tiedot<\/h2>\n<ul data-path-to-node=\"8\">\n<li>\n<p data-path-to-node=\"8,0,0\"><b data-path-to-node=\"8,0,0\" data-index-in-node=\"0\">Materiaali:<\/b> 100% Sile\u00e4 polyesteri.<\/p>\n<\/li>\n<li>\n<p data-path-to-node=\"8,1,0\"><b data-path-to-node=\"8,1,0\" data-index-in-node=\"0\">Liite:<\/b> Nikkelip\u00e4\u00e4llysteinen metallinen Bulldog-klipsi (merkkikiinnike).<\/p>\n<\/li>\n<li>\n<p data-path-to-node=\"8,2,0\"><b data-path-to-node=\"8,2,0\" data-index-in-node=\"0\">Painatusmenetelm\u00e4:<\/b> Moniv\u00e4rinen sublimaatiopainatus.<\/p>\n<\/li>\n<li>\n<p data-path-to-node=\"8,3,0\"><b data-path-to-node=\"8,3,0\" data-index-in-node=\"0\">Klipsin leveys:<\/b> Vakioleuan leveys ~10 mm tukevaa pit\u00e4mist\u00e4 varten.<\/p>\n<\/li>\n<li>\n<p data-path-to-node=\"8,4,0\"><b data-path-to-node=\"8,4,0\" data-index-in-node=\"0\">Saatavilla olevat leveydet:<\/b> 15 mm, 20 mm, 25 mm.<\/p>\n<\/li>\n<\/ul>\n<h2 data-path-to-node=\"9\">K\u00e4ytt\u00f6tapaukset<\/h2>\n<ul data-path-to-node=\"10\">\n<li>\n<p data-path-to-node=\"10,0,0\"><b data-path-to-node=\"10,0,0\" data-index-in-node=\"0\">Konferenssit ja messut:<\/b> Nopein tapa kiinnitt\u00e4\u00e4 merkkej\u00e4 kaulanauhoihin suurten rekister\u00f6intim\u00e4\u00e4rien aikana.<\/p>\n<\/li>\n<li>\n<p data-path-to-node=\"10,1,0\"><b data-path-to-node=\"10,1,0\" data-index-in-node=\"0\">Vierailijakortit:<\/b> Ihanteellinen v\u00e4liaikaisille kulkukorteille, jotka on ker\u00e4tt\u00e4v\u00e4 ja k\u00e4ytett\u00e4v\u00e4 uudelleen.<\/p>\n<\/li>\n<li>\n<p data-path-to-node=\"10,2,0\"><b data-path-to-node=\"10,2,0\" data-index-in-node=\"0\">Henkil\u00f6kunnan univormut:<\/b> Voidaan kiinnitt\u00e4\u00e4 kaulukseen tai taskuihin, kun kaulanauhaa ei haluta.<\/p>\n<\/li>\n<\/ul>","protected":false},"excerpt":{"rendered":"<ul>\n<li>\n<p data-path-to-node=\"3,0,0\"><b data-path-to-node=\"3,0,0\" data-index-in-node=\"0\">Pyykkipojan tyylinen toiminta:<\/b> Helposti avattava \u201cBulldog\u201d-mekanismi kiinnittyy tukevasti nimilapun pidikkeisiin tai vaatteisiin ilman reik\u00e4\u00e4.<\/p>\n<\/li>\n<li>\n<p data-path-to-node=\"3,1,0\"><b data-path-to-node=\"3,1,0\" data-index-in-node=\"0\">Vakaa n\u00e4ytt\u00f6:<\/b> Leve\u00e4t, litte\u00e4t leuat tarttuvat merkkiin tiukasti est\u00e4en sit\u00e4 kiertym\u00e4st\u00e4 tai k\u00e4\u00e4ntym\u00e4st\u00e4 ymp\u00e4ri.<\/p>\n<\/li>\n<li>\n<p data-path-to-node=\"3,2,0\"><b data-path-to-node=\"3,2,0\" data-index-in-node=\"0\">Kaksoiskiinnitys:<\/b> Voidaan kiinnitt\u00e4\u00e4 muoviseen henkil\u00f6llisyystodistustaskuun tai suoraan paidan taskuun tai kaulukseen.<\/p>\n<\/li>\n<li>\n<p data-path-to-node=\"3,3,0\"><b data-path-to-node=\"3,3,0\" data-index-in-node=\"0\">Kest\u00e4v\u00e4 metallirakenne:<\/b> Valmistettu nikkelip\u00e4\u00e4llysteisest\u00e4 ter\u00e4ksest\u00e4 pitk\u00e4kestoisen jousenpit\u00e4vyyden ja lujuuden takaamiseksi.<\/p>\n<\/li>\n<\/ul>","protected":false},"featured_media":6858,"comment_status":"closed","ping_status":"closed","template":"","meta":[],"product_brand":[],"product_cat":[104],"product_tag":[],"class_list":{"0":"post-6857","1":"product","2":"type-product","3":"status-publish","4":"has-post-thumbnail","6":"product_cat-custom-printed-lanyards","8":"first","9":"instock","10":"shipping-taxable","11":"purchasable","12":"product-type-simple"},"_links":{"self":[{"href":"https:\/\/displayproducts.eu\/fi\/wp-json\/wp\/v2\/product\/6857","targetHints":{"allow":["GET"]}}],"collection":[{"href":"https:\/\/displayproducts.eu\/fi\/wp-json\/wp\/v2\/product"}],"about":[{"href":"https:\/\/displayproducts.eu\/fi\/wp-json\/wp\/v2\/types\/product"}],"replies":[{"embeddable":true,"href":"https:\/\/displayproducts.eu\/fi\/wp-json\/wp\/v2\/comments?post=6857"}],"wp:featuredmedia":[{"embeddable":true,"href":"https:\/\/displayproducts.eu\/fi\/wp-json\/wp\/v2\/media\/6858"}],"wp:attachment":[{"href":"https:\/\/displayproducts.eu\/fi\/wp-json\/wp\/v2\/media?parent=6857"}],"wp:term":[{"taxonomy":"product_brand","embeddable":true,"href":"https:\/\/displayproducts.eu\/fi\/wp-json\/wp\/v2\/product_brand?post=6857"},{"taxonomy":"product_cat","embeddable":true,"href":"https:\/\/displayproducts.eu\/fi\/wp-json\/wp\/v2\/product_cat?post=6857"},{"taxonomy":"product_tag","embeddable":true,"href":"https:\/\/displayproducts.eu\/fi\/wp-json\/wp\/v2\/product_tag?post=6857"}],"curies":[{"name":"wp","href":"https:\/\/api.w.org\/{rel}","templated":true}]}}