{"id":6855,"date":"2026-01-15T15:41:22","date_gmt":"2026-01-15T12:41:22","guid":{"rendered":"https:\/\/wristbandfactory.eu\/?post_type=product&#038;p=6855"},"modified":"2026-04-01T21:52:34","modified_gmt":"2026-04-01T18:52:34","slug":"custom-printed-event-badges-id-cards-pvc-laminated","status":"publish","type":"product","link":"https:\/\/displayproducts.eu\/fi\/p\/custom-printed-event-badges-id-cards-pvc-laminated\/","title":{"rendered":"Painetut tapahtumapassit ja kaulakortit"},"content":{"rendered":"<p data-path-to-node=\"6\">Virtaviivaista akkreditointiprosessiasi monipuolisella valikoimallamme <b data-path-to-node=\"6\" data-index-in-node=\"91\">Mukautetut painetut tapahtumakortit ja henkil\u00f6kortit<\/b>. J\u00e4rjest\u00e4tp\u00e4 sitten yhden p\u00e4iv\u00e4n konferenssin tai hallinnoitko pitk\u00e4aikaista rakennuksen turvallisuutta, tarjoamme budjettiisi ja kest\u00e4vyysvaatimuksiisi sopivan ratkaisun yhdell\u00e4 k\u00e4tev\u00e4ll\u00e4 tilauksella.<\/p>\n<p data-path-to-node=\"7\">Erillisten pidikkeiden ja sis\u00e4kkeiden ostamisen sijaan n\u00e4m\u00e4 merkit ovat t\u00e4ydellinen &quot;kaikki yhdess\u00e4&quot; -ratkaisu \u2013 painettu, viimeistelty ja ripustusvalmis.<\/p>\n<h2 data-path-to-node=\"8\">Valitse materiaali<\/h2>\n<ul data-path-to-node=\"9\">\n<li>\n<p data-path-to-node=\"9,0,0\"><b data-path-to-node=\"9,0,0\" data-index-in-node=\"0\">Vaihtoehto A: J\u00e4ykk\u00e4 PVC (Premium):<\/b> Valmistettu kiinte\u00e4st\u00e4 polyvinyylikloridista (kuten pankkikortti). N\u00e4m\u00e4 ovat vedenpit\u00e4vi\u00e4, taivuttomia ja eritt\u00e4in kest\u00e4vi\u00e4. Ihanteellinen henkil\u00f6llisyystodistuksiin, VIP-passeihin ja uudelleenk\u00e4ytett\u00e4viin lehdist\u00f6kortteihin.<\/p>\n<\/li>\n<li>\n<p data-path-to-node=\"9,1,0\"><b data-path-to-node=\"9,1,0\" data-index-in-node=\"0\">Vaihtoehto B: Laminoitu paperi (vakio):<\/b> Korkealaatuinen paperiliite, joka on kapseloitu kest\u00e4v\u00e4\u00e4n muovitaskuun l\u00e4mp\u00f6laminoimalla. T\u00e4m\u00e4 on alan standardi messuille, festivaaleille ja konferensseille, joissa budjetti ja nopeus ovat avainasemassa.<\/p>\n<\/li>\n<\/ul>\n<h2 data-path-to-node=\"10\">Saatavilla olevat koot ja muodot<\/h2>\n<ul data-path-to-node=\"11\">\n<li>\n<p data-path-to-node=\"11,0,0\"><b data-path-to-node=\"11,0,0\" data-index-in-node=\"0\">Vakiokokoinen CR80 (86 x 54 mm):<\/b> Klassinen luottokortin koko. Saatavilla vaaka- tai pystysuunnassa.<\/p>\n<\/li>\n<li>\n<p data-path-to-node=\"11,1,0\"><b data-path-to-node=\"11,1,0\" data-index-in-node=\"0\">Keskikokoinen tapahtuma (100 x 70 mm):<\/b> Tarjoaa 30%:lle enemm\u00e4n pinta-alaa esityslistoille, karttoille tai suuremmille valokuville.<\/p>\n<\/li>\n<li>\n<p data-path-to-node=\"11,2,0\"><b data-path-to-node=\"11,2,0\" data-index-in-node=\"0\">Suuri \/ XL (120 x 80 mm):<\/b> Maksimaalinen n\u00e4kyvyys. T\u00e4ydellinen &quot;Access All Areas&quot; -passeihin ja festivaalien esiintyj\u00e4aikatauluihin.<\/p>\n<\/li>\n<\/ul>\n<h2 data-path-to-node=\"12\">Tekniset tiedot<\/h2>\n<ul data-path-to-node=\"13\">\n<li>\n<p data-path-to-node=\"13,0,0\"><b data-path-to-node=\"13,0,0\" data-index-in-node=\"0\">Painatustekniikka:<\/b> Moniv\u00e4rinen digitaalinen tai offset-painatus<\/p>\n<\/li>\n<li>\n<p data-path-to-node=\"13,1,0\"><b data-path-to-node=\"13,1,0\" data-index-in-node=\"0\">PVC-paksuus:<\/b> 0,76 mm (ilman painatusta luottokortti)<\/p>\n<\/li>\n<li>\n<p data-path-to-node=\"13,2,0\"><b data-path-to-node=\"13,2,0\" data-index-in-node=\"0\">Laminoitu paksuus:<\/b> Paksu paperi + 150\u2013250 mikronin laminaatti<\/p>\n<\/li>\n<li>\n<p data-path-to-node=\"13,3,0\"><b data-path-to-node=\"13,3,0\" data-index-in-node=\"0\">Viimeistely:<\/b> Py\u00f6ristetyt kulmat leikattuina + rei&#039;itin (ympyr\u00e4 tai ura)<\/p>\n<\/li>\n<li>\n<p data-path-to-node=\"13,4,0\"><b data-path-to-node=\"13,4,0\" data-index-in-node=\"0\">Minimitilaus:<\/b> 50 kappaletta<\/p>\n<\/li>\n<\/ul>\n<h2 data-path-to-node=\"14\">K\u00e4ytt\u00f6tapaukset<\/h2>\n<ul data-path-to-node=\"15\">\n<li>\n<p data-path-to-node=\"15,0,0\"><b data-path-to-node=\"15,0,0\" data-index-in-node=\"0\">Konferenssit ja messut:<\/b> Kustannustehokkaat laminoidut kortit tuhansille osallistujille.<\/p>\n<\/li>\n<li>\n<p data-path-to-node=\"15,1,0\"><b data-path-to-node=\"15,1,0\" data-index-in-node=\"0\">Musiikkifestivaalit:<\/b> Suuret XL-liput taiteilijoille ja ty\u00f6ryhm\u00e4lle (helppo havaita kaukaa).<\/p>\n<\/li>\n<li>\n<p data-path-to-node=\"15,2,0\"><b data-path-to-node=\"15,2,0\" data-index-in-node=\"0\">Yritystunnus:<\/b> Kest\u00e4v\u00e4t PVC-kortit p\u00e4ivitt\u00e4iseen toimistok\u00e4ytt\u00f6\u00f6n.<\/p>\n<\/li>\n<li>\n<p data-path-to-node=\"15,3,0\"><b data-path-to-node=\"15,3,0\" data-index-in-node=\"0\">Urheilutapahtumat:<\/b> S\u00e4\u00e4nkest\u00e4v\u00e4t PVC-merkkikortit ulkoty\u00f6ntekij\u00f6ille ja medialle.<\/p>\n<\/li>\n<\/ul>","protected":false},"excerpt":{"rendered":"<ul data-path-to-node=\"5\">\n<li>\n<p data-path-to-node=\"5,0,0\"><b data-path-to-node=\"5,0,0\" data-index-in-node=\"0\">Kaksi materiaalivaihtoehtoa:<\/b> Valitse j\u00e4yk\u00e4n <b data-path-to-node=\"5,0,0\" data-index-in-node=\"43\">PVC-muovi<\/b> (kest\u00e4v\u00e4, luottokortin tuntuinen) tai kustannustehokas <b data-path-to-node=\"5,0,0\" data-index-in-node=\"101\">Laminoitu paperi<\/b> (kevyt, kapseloitu).<\/p>\n<\/li>\n<li>\n<p data-path-to-node=\"5,1,0\"><b data-path-to-node=\"5,1,0\" data-index-in-node=\"0\">Monipuoliset koot:<\/b> Saatavilla luottokorttien vakiokoossa (86x54 mm) ja suurissa tapahtumakooissa (100x70 mm, 120x80 mm).<\/p>\n<\/li>\n<li>\n<p data-path-to-node=\"5,2,0\"><b data-path-to-node=\"5,2,0\" data-index-in-node=\"0\">Reunasta reunaan painatus:<\/b> Moniv\u00e4rinen ter\u00e4v\u00e4piirtopainatus molemmilla puolilla varmistaa, ett\u00e4 br\u00e4nd\u00e4yksesi tai tapahtumagrafiikkasi erottuu edukseen.<\/p>\n<\/li>\n<li>\n<p data-path-to-node=\"5,3,0\"><b data-path-to-node=\"5,3,0\" data-index-in-node=\"0\">Valmis k\u00e4ytett\u00e4v\u00e4ksi:<\/b> Kaikissa merkeiss\u00e4 on vakioreik\u00e4reik\u00e4 (py\u00f6re\u00e4 tai soikea), jolla ne voidaan kiinnitt\u00e4\u00e4 v\u00e4litt\u00f6m\u00e4sti kaulanauhoihin.<\/p>\n<\/li>\n<\/ul>","protected":false},"featured_media":6856,"comment_status":"closed","ping_status":"closed","template":"","meta":[],"product_brand":[],"product_cat":[90],"product_tag":[],"class_list":{"0":"post-6855","1":"product","2":"type-product","3":"status-publish","4":"has-post-thumbnail","6":"product_cat-laminated-cards","8":"first","9":"instock","10":"shipping-taxable","11":"purchasable","12":"product-type-simple"},"_links":{"self":[{"href":"https:\/\/displayproducts.eu\/fi\/wp-json\/wp\/v2\/product\/6855","targetHints":{"allow":["GET"]}}],"collection":[{"href":"https:\/\/displayproducts.eu\/fi\/wp-json\/wp\/v2\/product"}],"about":[{"href":"https:\/\/displayproducts.eu\/fi\/wp-json\/wp\/v2\/types\/product"}],"replies":[{"embeddable":true,"href":"https:\/\/displayproducts.eu\/fi\/wp-json\/wp\/v2\/comments?post=6855"}],"wp:featuredmedia":[{"embeddable":true,"href":"https:\/\/displayproducts.eu\/fi\/wp-json\/wp\/v2\/media\/6856"}],"wp:attachment":[{"href":"https:\/\/displayproducts.eu\/fi\/wp-json\/wp\/v2\/media?parent=6855"}],"wp:term":[{"taxonomy":"product_brand","embeddable":true,"href":"https:\/\/displayproducts.eu\/fi\/wp-json\/wp\/v2\/product_brand?post=6855"},{"taxonomy":"product_cat","embeddable":true,"href":"https:\/\/displayproducts.eu\/fi\/wp-json\/wp\/v2\/product_cat?post=6855"},{"taxonomy":"product_tag","embeddable":true,"href":"https:\/\/displayproducts.eu\/fi\/wp-json\/wp\/v2\/product_tag?post=6855"}],"curies":[{"name":"wp","href":"https:\/\/api.w.org\/{rel}","templated":true}]}}