{"id":6853,"date":"2026-01-15T15:29:17","date_gmt":"2026-01-15T12:29:17","guid":{"rendered":"https:\/\/wristbandfactory.eu\/?post_type=product&#038;p=6853"},"modified":"2026-04-01T21:52:34","modified_gmt":"2026-04-01T18:52:34","slug":"custom-printed-eco-friendly-yoga-mats-cork-microfiber-coconut","status":"publish","type":"product","link":"https:\/\/displayproducts.eu\/fi\/p\/custom-printed-eco-friendly-yoga-mats-cork-microfiber-coconut\/","title":{"rendered":"Painetut joogamatot (korkki ja mikrokuitu)"},"content":{"rendered":"<p data-path-to-node=\"6\">Muunna studiotilasi tai yrityksesi hyvinvointiohjelma ensiluokkaisilla tuotteillamme <b data-path-to-node=\"6\" data-index-in-node=\"109\">Mukautetut painetut ymp\u00e4rist\u00f6yst\u00e4v\u00e4lliset joogamatot<\/b>. N\u00e4m\u00e4 matot on suunniteltu ammattik\u00e4ytt\u00f6\u00f6n ja korkealuokkaiseen myyntiin, ja ne yhdist\u00e4v\u00e4t kest\u00e4vyyden erinomaiseen suorituskykyyn. Toisin kuin tavalliset PVC-matot, mallistomme hy\u00f6dynt\u00e4\u00e4 luonnonkumipohjaa vertaansa vailla olevan vakauden takaamiseksi ja tarjoaa kolme erilaista pintamateriaalia, jotka sopivat juuri sinun br\u00e4ndiisi ja toiminnallisiin tarpeisiisi.<\/p>\n<p data-path-to-node=\"7\">Tarvitsetpa sitten hike\u00e4 imev\u00e4n pinnan hot joogaan tai pit\u00e4v\u00e4n pinnan tarkkuusasentoihin, mukautettavat alustamme tarjoavat t\u00e4ydellisen pohjan br\u00e4ndillesi.<\/p>\n<h2 data-path-to-node=\"8\">Materiaalivaihtoehdot<\/h2>\n<ul data-path-to-node=\"9\">\n<li>\n<p data-path-to-node=\"9,0,0\"><b data-path-to-node=\"9,0,0\" data-index-in-node=\"0\">Vaihtoehto A: Mokkanahkamainen mikrokuitu:<\/b> Pehme\u00e4, samettinen pinta, joka muuttuu pit\u00e4v\u00e4mm\u00e4ksi hikoillessasi. Ihanteellinen kuumaan joogaan ja yksityiskohtaisiin v\u00e4rivalokuvien tulosteisiin.<\/p>\n<\/li>\n<li>\n<p data-path-to-node=\"9,1,0\"><b data-path-to-node=\"9,1,0\" data-index-in-node=\"0\">Vaihtoehto B: 100% Luonnonkorkki:<\/b> Antimikrobinen ja ymp\u00e4rist\u00f6yst\u00e4v\u00e4llinen. Tarjoaa luonnollisen, orgaanisen ulkon\u00e4\u00f6n ja erinomaisen kuivan pidon.<\/p>\n<\/li>\n<li>\n<p data-path-to-node=\"9,2,0\"><b data-path-to-node=\"9,2,0\" data-index-in-node=\"0\">Vaihtoehto C: Kookosp\u00e4hkin\u00e4n PU-kuitu:<\/b> Huippuluokan suorituskykyvalinta. PU:n ja v\u00e4hint\u00e4\u00e4n 10%-kookoskuidun sekoitus tarjoaa erinomaisen pidon ja ainutlaatuisen tekstuurin.<\/p>\n<\/li>\n<\/ul>\n<h2 data-path-to-node=\"10\">Tekniset tiedot<\/h2>\n<ul data-path-to-node=\"11\">\n<li>\n<p data-path-to-node=\"11,0,0\"><b data-path-to-node=\"11,0,0\" data-index-in-node=\"0\">Pohjamateriaali:<\/b> Luonnonkumi (kaikki mallit)<\/p>\n<\/li>\n<li>\n<p data-path-to-node=\"11,1,0\"><b data-path-to-node=\"11,1,0\" data-index-in-node=\"0\">Painatus:<\/b> Moniv\u00e4rinen CMYK (Huomaa: \u00b115%-v\u00e4ris\u00e4vyjen vaihtelua voi esiinty\u00e4 materiaalin imeytymisen vuoksi)<\/p>\n<\/li>\n<li>\n<p data-path-to-node=\"11,2,0\"><b data-path-to-node=\"11,2,0\" data-index-in-node=\"0\">Minimitilaus:<\/b> 12 kappaletta (Tilaa 6 kappaleen kerrannaisia)<\/p>\n<\/li>\n<li>\n<p data-path-to-node=\"11,3,0\"><b data-path-to-node=\"11,3,0\" data-index-in-node=\"0\">Malli 1 (mikrokuitu):<\/b> 183 x 68 cm | Paksuus: 0,15 cm tai 0,4 cm | Paino: ~1,5 kg \u2013 3,0 kg<\/p>\n<\/li>\n<li>\n<p data-path-to-node=\"11,4,0\"><b data-path-to-node=\"11,4,0\" data-index-in-node=\"0\">Malli 2 (korkki):<\/b> 183 x 61 cm | Paksuus: 0,2 cm tai 0,4 cm | Paino: ~1,4\u20132,8 kg<\/p>\n<\/li>\n<li>\n<p data-path-to-node=\"11,5,0\"><b data-path-to-node=\"11,5,0\" data-index-in-node=\"0\">Malli 3 (kookos PU):<\/b> 183 x 68 cm | Paksuus: 0,2 cm tai 0,45 cm | Paino: ~1,5 kg \u2013 3,0 kg | 100% Lateksi-\/PVC-vapaa<\/p>\n<\/li>\n<\/ul>\n<h2 data-path-to-node=\"12\">K\u00e4ytt\u00f6tapaukset<\/h2>\n<ul data-path-to-node=\"13\">\n<li>\n<p data-path-to-node=\"13,0,0\"><b data-path-to-node=\"13,0,0\" data-index-in-node=\"0\">Joogastudiot ja kuntosalit:<\/b> Merkkivarusteet tunneille tai j\u00e4senille myyt\u00e4v\u00e4ksi.<\/p>\n<\/li>\n<li>\n<p data-path-to-node=\"13,1,0\"><b data-path-to-node=\"13,1,0\" data-index-in-node=\"0\">Yritysten hyvinvointi:<\/b> Ensiluokkaisia lahjoja ty\u00f6ntekij\u00f6ille, jotka edist\u00e4v\u00e4t terveytt\u00e4 ja ty\u00f6- ja yksityisel\u00e4m\u00e4n tasapainoa.<\/p>\n<\/li>\n<li>\n<p data-path-to-node=\"13,2,0\"><b data-path-to-node=\"13,2,0\" data-index-in-node=\"0\">Retriitit ja kylpyl\u00e4t:<\/b> Ainutlaatuisia tuotteita ylellisiin hyvinvointiretriitteihin.<\/p>\n<\/li>\n<li>\n<p data-path-to-node=\"13,3,0\"><b data-path-to-node=\"13,3,0\" data-index-in-node=\"0\">Vaikuttajien oheistuotteet:<\/b> Korkealaatuisia omalla painatuksellaj\u00e4 tuotteita kuntoilualan vaikuttajille ja valmentajille.<\/p>\n<\/li>\n<\/ul>","protected":false},"excerpt":{"rendered":"<ul>\n<li>\n<p data-path-to-node=\"5,0,0\"><b data-path-to-node=\"5,0,0\" data-index-in-node=\"0\">Ensiluokkaiset ymp\u00e4rist\u00f6yst\u00e4v\u00e4lliset materiaalit:<\/b> Valitse pehme\u00e4st\u00e4 mokkanahkamikrokuidusta, luonnollisesta antimikrobisesta korkista tai pit\u00e4v\u00e4st\u00e4 kookos-PU-sekoituksesta \u2013 kaikki luonnonkumista valmistetulla liukumattomalla pohjalla.<\/p>\n<\/li>\n<li>\n<p data-path-to-node=\"5,1,0\"><b data-path-to-node=\"5,1,0\" data-index-in-node=\"0\">Moniv\u00e4rinen br\u00e4nd\u00e4ys:<\/b> Reunasta reunaan CMYK-painatus mahdollistaa fotorealistiset mallit, mukautetut kuviot tai rohkeat yrityslogot.<\/p>\n<\/li>\n<li>\n<p data-path-to-node=\"5,2,0\"><b data-path-to-node=\"5,2,0\" data-index-in-node=\"0\">Kaupallinen kest\u00e4vyys:<\/b> Kest\u00e4v\u00e4 rakenne, joka on suunniteltu kuntosaleille, joogastudioille ja premium-luokan hyvinvointilahjoiksi yrityksille.<\/p>\n<\/li>\n<li>\n<p data-path-to-node=\"5,3,0\"><b data-path-to-node=\"5,3,0\" data-index-in-node=\"0\">Liukumaton vakaus:<\/b> Luonnonkumipohja varmistaa, ett\u00e4 matto pysyy tukevasti paikallaan intensiivisen harjoittelun aikana.<\/p>\n<\/li>\n<\/ul>","protected":false},"featured_media":6854,"comment_status":"closed","ping_status":"closed","template":"","meta":[],"product_brand":[],"product_cat":[118],"product_tag":[],"class_list":{"0":"post-6853","1":"product","2":"type-product","3":"status-publish","4":"has-post-thumbnail","6":"product_cat-sports-fitness","8":"first","9":"instock","10":"shipping-taxable","11":"purchasable","12":"product-type-simple"},"_links":{"self":[{"href":"https:\/\/displayproducts.eu\/fi\/wp-json\/wp\/v2\/product\/6853","targetHints":{"allow":["GET"]}}],"collection":[{"href":"https:\/\/displayproducts.eu\/fi\/wp-json\/wp\/v2\/product"}],"about":[{"href":"https:\/\/displayproducts.eu\/fi\/wp-json\/wp\/v2\/types\/product"}],"replies":[{"embeddable":true,"href":"https:\/\/displayproducts.eu\/fi\/wp-json\/wp\/v2\/comments?post=6853"}],"wp:featuredmedia":[{"embeddable":true,"href":"https:\/\/displayproducts.eu\/fi\/wp-json\/wp\/v2\/media\/6854"}],"wp:attachment":[{"href":"https:\/\/displayproducts.eu\/fi\/wp-json\/wp\/v2\/media?parent=6853"}],"wp:term":[{"taxonomy":"product_brand","embeddable":true,"href":"https:\/\/displayproducts.eu\/fi\/wp-json\/wp\/v2\/product_brand?post=6853"},{"taxonomy":"product_cat","embeddable":true,"href":"https:\/\/displayproducts.eu\/fi\/wp-json\/wp\/v2\/product_cat?post=6853"},{"taxonomy":"product_tag","embeddable":true,"href":"https:\/\/displayproducts.eu\/fi\/wp-json\/wp\/v2\/product_tag?post=6853"}],"curies":[{"name":"wp","href":"https:\/\/api.w.org\/{rel}","templated":true}]}}