{"id":6851,"date":"2026-01-15T15:18:22","date_gmt":"2026-01-15T12:18:22","guid":{"rendered":"https:\/\/wristbandfactory.eu\/?post_type=product&#038;p=6851"},"modified":"2026-04-01T21:52:03","modified_gmt":"2026-04-01T18:52:03","slug":"custom-printed-cotton-tea-towels-250gsm-45x70cm","status":"publish","type":"product","link":"https:\/\/displayproducts.eu\/fi\/p\/custom-printed-cotton-tea-towels-250gsm-45x70cm\/","title":{"rendered":"Painetut puuvillaiset keitti\u00f6pyyhkeet (250gsm)"},"content":{"rendered":"<p data-path-to-node=\"8\">Nosta br\u00e4ndisi l\u00e4sn\u00e4oloa kodin tai majoituspaikan syd\u00e4mess\u00e4 meid\u00e4n avullamme <b data-path-to-node=\"8\" data-index-in-node=\"110\">Mukautetut painetut puuvillaiset teepyyhkeet<\/b>. Toisin kuin tavalliset mainostekstiilit, n\u00e4m\u00e4 pyyhkeet on valmistettu korkealaatuisesta 250 g\/m\u00b2 puuvillasta, mik\u00e4 tarjoaa tukevan ja ensiluokkaisen tuntuman, joka heijastaa yrityst\u00e4si. K\u00e4ytettiinp\u00e4 niit\u00e4 sitten kiireisess\u00e4 ammattikeitti\u00f6ss\u00e4 tai tyylikk\u00e4\u00e4n\u00e4 yrityslahjana, ne yhdist\u00e4v\u00e4t arkip\u00e4iv\u00e4n k\u00e4yt\u00e4nn\u00f6llisyyden tehokkaaseen br\u00e4ndin\u00e4kyvyyteen.<\/p>\n<p data-path-to-node=\"9\">N\u00e4m\u00e4 keitti\u00f6pyyhkeet on suunniteltu B2B-asiakkaille, jotka etsiv\u00e4t tuotteita, joita k\u00e4ytet\u00e4\u00e4n eik\u00e4 heitet\u00e4 pois. Ter\u00e4v\u00e4 silkkipainoprosessi mahdollistaa rohkeiden ja selkeiden logojen tai taiteellisten kuvioiden k\u00e4yt\u00f6n, mik\u00e4 tekee niist\u00e4 erinomaisia tuotteita museokauppoihin, putiikkeihin ja tapahtumien ilmaisjakeluun.<\/p>\n<h2 data-path-to-node=\"10\">T\u00e4rkeimm\u00e4t ominaisuudet<\/h2>\n<ul data-path-to-node=\"11\">\n<li>\n<p data-path-to-node=\"11,0,0\"><b data-path-to-node=\"11,0,0\" data-index-in-node=\"0\">Korkean tiheyden kangas:<\/b> 250 g\/m\u00b2:n painoisena t\u00e4m\u00e4 puuvilla on paksumpaa ja kest\u00e4v\u00e4mp\u00e4\u00e4 kuin tavalliset mainospyyhkeet, mik\u00e4 takaa pitk\u00e4n k\u00e4ytt\u00f6i\u00e4n.<\/p>\n<\/li>\n<li>\n<p data-path-to-node=\"11,1,0\"><b data-path-to-node=\"11,1,0\" data-index-in-node=\"0\">Ter\u00e4v\u00e4 silkkipaino:<\/b> Voimme painaa yksil\u00f6llisen suunnittelusi jopa kolmella Pantone-v\u00e4rikarttaan sopivalla v\u00e4rill\u00e4 varmistaen, ett\u00e4 br\u00e4ndisi identiteetti s\u00e4ilyy.<\/p>\n<\/li>\n<li>\n<p data-path-to-node=\"11,2,0\"><b data-path-to-node=\"11,2,0\" data-index-in-node=\"0\">Toiminnallinen koko:<\/b> 45x70 cm:n koko on keitti\u00f6tarvikkeiden alan standardi, ja se tarjoaa runsaasti pinta-alaa kuivaamiseen ja esillepanoon.<\/p>\n<\/li>\n<li>\n<p data-path-to-node=\"11,3,0\"><b data-path-to-node=\"11,3,0\" data-index-in-node=\"0\">Konepest\u00e4v\u00e4:<\/b> Suunniteltu kest\u00e4m\u00e4\u00e4n s\u00e4\u00e4nn\u00f6llist\u00e4 pesua s\u00e4ilytt\u00e4en samalla kankaan eheyden (suositellaan pesua alhaisissa l\u00e4mp\u00f6tiloissa painatuksen kest\u00e4vyyden s\u00e4ilytt\u00e4miseksi).<\/p>\n<\/li>\n<\/ul>\n<h2 data-path-to-node=\"12\">Tekniset tiedot<\/h2>\n<ul data-path-to-node=\"13\">\n<li>\n<p data-path-to-node=\"13,0,0\"><b data-path-to-node=\"13,0,0\" data-index-in-node=\"0\">Materiaali:<\/b> 100% Puuvilla<\/p>\n<\/li>\n<li>\n<p data-path-to-node=\"13,1,0\"><b data-path-to-node=\"13,1,0\" data-index-in-node=\"0\">Paino:<\/b> 250 g\/m\u00b2 (grammaa neli\u00f6metri\u00e4 kohden)<\/p>\n<\/li>\n<li>\n<p data-path-to-node=\"13,2,0\"><b data-path-to-node=\"13,2,0\" data-index-in-node=\"0\">Mitat:<\/b> 45 cm x 70 cm<\/p>\n<\/li>\n<li>\n<p data-path-to-node=\"13,3,0\"><b data-path-to-node=\"13,3,0\" data-index-in-node=\"0\">Painatusmenetelm\u00e4:<\/b> Silkkipaino (enint\u00e4\u00e4n 3 v\u00e4ri\u00e4)<\/p>\n<\/li>\n<li>\n<p data-path-to-node=\"13,4,0\"><b data-path-to-node=\"13,4,0\" data-index-in-node=\"0\">Ripustuslenkki:<\/b> Integroitu mukavuuden takaamiseksi<\/p>\n<\/li>\n<li>\n<p data-path-to-node=\"13,5,0\"><b data-path-to-node=\"13,5,0\" data-index-in-node=\"0\">Tuotantopoikkeama:<\/b> Huomioithan, ett\u00e4 pid\u00e4t\u00e4mme oikeuden toimittaa ja laskuttaa tilatusta m\u00e4\u00e4r\u00e4st\u00e4 +\/- 5% tuotantoer\u00e4m\u00e4\u00e4rien vuoksi.<\/p>\n<\/li>\n<\/ul>\n<h2 data-path-to-node=\"14\">K\u00e4ytt\u00f6tapaukset<\/h2>\n<ul data-path-to-node=\"15\">\n<li>\n<p data-path-to-node=\"15,0,0\"><b data-path-to-node=\"15,0,0\" data-index-in-node=\"0\">Majoitusalan br\u00e4nd\u00e4ys:<\/b> Yhten\u00e4inen asuste tarjoilijoille, baarihenkil\u00f6kunnalle ja kokeille hotelleissa ja ravintoloissa.<\/p>\n<\/li>\n<li>\n<p data-path-to-node=\"15,1,0\"><b data-path-to-node=\"15,1,0\" data-index-in-node=\"0\">Yrityslahjat:<\/b> K\u00e4yt\u00e4nn\u00f6llinen ja ymp\u00e4rist\u00f6yst\u00e4v\u00e4llinen lis\u00e4 joululahjakoreihin tai koti-aiheisiin PR-paketteihin.<\/p>\n<\/li>\n<li>\n<p data-path-to-node=\"15,2,0\"><b data-path-to-node=\"15,2,0\" data-index-in-node=\"0\">V\u00e4hitt\u00e4iskauppatavarat:<\/b> Korkeakatteisia j\u00e4lleenmyyntituotteita taiteilijoille, matkamuistomyym\u00e4l\u00f6ille ja lifestyle-br\u00e4ndeille.<\/p>\n<\/li>\n<li>\n<p data-path-to-node=\"15,3,0\"><b data-path-to-node=\"15,3,0\" data-index-in-node=\"0\">Tapahtuman arvonnat:<\/b> mieleenpainuvia messulahjoja elintarvike- ja juomateollisuuden tapahtumiin.<\/p>\n<\/li>\n<\/ul>","protected":false},"excerpt":{"rendered":"<ul>\n<li>\n<p data-path-to-node=\"7,0,0\"><b data-path-to-node=\"7,0,0\" data-index-in-node=\"0\">Ensiluokkainen paksu puuvilla:<\/b> Valmistettu kest\u00e4v\u00e4st\u00e4 250 g\/m\u00b2 puuvillakankaasta, joka takaa erinomaisen imukyvyn ja laadukkaan tuntuman.<\/p>\n<\/li>\n<li>\n<p data-path-to-node=\"7,1,0\"><b data-path-to-node=\"7,1,0\" data-index-in-node=\"0\">Suuri br\u00e4nd\u00e4ysalue:<\/b> Reilun kokoiset 45x70 cm:n laatikot tarjoavat maksimaalisen n\u00e4kyvyyden logollesi tai mukautetulle kuvamateriaalillesi.<\/p>\n<\/li>\n<li>\n<p data-path-to-node=\"7,2,0\"><b data-path-to-node=\"7,2,0\" data-index-in-node=\"0\">Monipuolinen mukauttaminen:<\/b> Tukee seripainatusta jopa kolmella eri v\u00e4rill\u00e4 (mukaan lukien valkoinen) ter\u00e4vi\u00e4 ja kest\u00e4vi\u00e4 malleja varten.<\/p>\n<\/li>\n<li>\n<p data-path-to-node=\"7,3,0\"><b data-path-to-node=\"7,3,0\" data-index-in-node=\"0\">Ihanteellinen majoitus- ja v\u00e4hitt\u00e4iskauppaan:<\/b> T\u00e4ydellinen ravintoloihin, yrityslahjoihin, oheistuotteiden kokoelmiin ja kodinsisustuksen promootioihin.<\/p>\n<\/li>\n<\/ul>","protected":false},"featured_media":6852,"comment_status":"closed","ping_status":"closed","template":"","meta":[],"product_brand":[],"product_cat":[122],"product_tag":[],"class_list":{"0":"post-6851","1":"product","2":"type-product","3":"status-publish","4":"has-post-thumbnail","6":"product_cat-promotional-accessories","8":"first","9":"instock","10":"shipping-taxable","11":"purchasable","12":"product-type-simple"},"_links":{"self":[{"href":"https:\/\/displayproducts.eu\/fi\/wp-json\/wp\/v2\/product\/6851","targetHints":{"allow":["GET"]}}],"collection":[{"href":"https:\/\/displayproducts.eu\/fi\/wp-json\/wp\/v2\/product"}],"about":[{"href":"https:\/\/displayproducts.eu\/fi\/wp-json\/wp\/v2\/types\/product"}],"replies":[{"embeddable":true,"href":"https:\/\/displayproducts.eu\/fi\/wp-json\/wp\/v2\/comments?post=6851"}],"wp:featuredmedia":[{"embeddable":true,"href":"https:\/\/displayproducts.eu\/fi\/wp-json\/wp\/v2\/media\/6852"}],"wp:attachment":[{"href":"https:\/\/displayproducts.eu\/fi\/wp-json\/wp\/v2\/media?parent=6851"}],"wp:term":[{"taxonomy":"product_brand","embeddable":true,"href":"https:\/\/displayproducts.eu\/fi\/wp-json\/wp\/v2\/product_brand?post=6851"},{"taxonomy":"product_cat","embeddable":true,"href":"https:\/\/displayproducts.eu\/fi\/wp-json\/wp\/v2\/product_cat?post=6851"},{"taxonomy":"product_tag","embeddable":true,"href":"https:\/\/displayproducts.eu\/fi\/wp-json\/wp\/v2\/product_tag?post=6851"}],"curies":[{"name":"wp","href":"https:\/\/api.w.org\/{rel}","templated":true}]}}