{"id":6849,"date":"2026-01-15T15:09:32","date_gmt":"2026-01-15T12:09:32","guid":{"rendered":"https:\/\/wristbandfactory.eu\/?post_type=product&#038;p=6849"},"modified":"2026-04-01T21:52:34","modified_gmt":"2026-04-01T18:52:34","slug":"custom-printed-bike-seat-covers-waterproof-reflective-eco-options","status":"publish","type":"product","link":"https:\/\/displayproducts.eu\/fi\/p\/custom-printed-bike-seat-covers-waterproof-reflective-eco-options\/","title":{"rendered":"Painetut satulasuojat omalla logolla"},"content":{"rendered":"<p data-path-to-node=\"8\">Suojaa polkupy\u00f6r\u00e4n satulat sateelta ja lialta ja maksimoi samalla br\u00e4ndisi n\u00e4kyvyys kaupunkiymp\u00e4rist\u00f6ss\u00e4. Meid\u00e4n <b data-path-to-node=\"8\" data-index-in-node=\"133\">Mukautetut painetut py\u00f6r\u00e4n satulanp\u00e4\u00e4lliset<\/b> ovat \u00e4\u00e4rimm\u00e4inen sissimarkkinoinnin ty\u00f6kalu, joka tarjoaa paljon n\u00e4kyvyytt\u00e4 ruuhkaisissa py\u00f6r\u00e4telineiss\u00e4 ja kaupunkien keskustoissa.<\/p>\n<p data-path-to-node=\"9\">Sen sijaan, ett\u00e4 rajoittaisimme sinua yhteen tyyliin, tarjoamme t\u00e4ydellisen valikoiman materiaaleja kampanjatavoitteidesi ja budjettisi mukaan. Tarvitsetpa sitten kest\u00e4v\u00e4n ratkaisun kierr\u00e4tysmuovista tai turvallisuuteen keskittyv\u00e4n heijastinsuojan talvity\u00f6matkoille, valmistamme tuotteet tarkkojen vaatimusten mukaisesti.<\/p>\n<h3 data-path-to-node=\"10\">T\u00e4rkeimm\u00e4t ominaisuudet ja materiaalivaihtoehdot<\/h3>\n<ul data-path-to-node=\"11\">\n<li>\n<p data-path-to-node=\"11,0,0\"><b data-path-to-node=\"11,0,0\" data-index-in-node=\"0\">Vakiokampanja (210D polyesteri):<\/b> Suosituin valinta massajakeluun. Kevyt, vedenkest\u00e4v\u00e4 ja kustannustehokas.<\/p>\n<\/li>\n<li>\n<p data-path-to-node=\"11,1,0\"><b data-path-to-node=\"11,1,0\" data-index-in-node=\"0\">Ymp\u00e4rist\u00f6yst\u00e4v\u00e4llinen (kierr\u00e4tetty RPET):<\/b> Valmistettu kierr\u00e4tetyist\u00e4 muovipulloista. T\u00e4ydellinen vihreisiin kampanjoihin. Saatavilla valkoisella pohjalla tai mukautetulla PMS-yhteensopivalla versiolla.<\/p>\n<\/li>\n<li>\n<p data-path-to-node=\"11,2,0\"><b data-path-to-node=\"11,2,0\" data-index-in-node=\"0\">Turvallisuus ensin (heijastava):<\/b> Heijastavat kangaspaneelit sivuilla varmistavat, ett\u00e4 py\u00f6r\u00e4ilij\u00e4t n\u00e4kyv\u00e4t y\u00f6ll\u00e4. Toiminnallinen turvallisuuslahja, jota vastaanottajat arvostavat.<\/p>\n<\/li>\n<li>\n<p data-path-to-node=\"11,3,0\"><b data-path-to-node=\"11,3,0\" data-index-in-node=\"0\">Maksimaalinen kest\u00e4vyys (PVC-laminoitu):<\/b> 210T-kangasta, jossa on vedenpit\u00e4v\u00e4 PVC-laminointikerros. Kest\u00e4v\u00e4 valinta \u00e4\u00e4rimm\u00e4isiin s\u00e4\u00e4olosuhteisiin.<\/p>\n<\/li>\n<\/ul>\n<h3 data-path-to-node=\"12\">Mukauttaminen ja br\u00e4nd\u00e4ys<\/h3>\n<ul data-path-to-node=\"13\">\n<li>\n<p data-path-to-node=\"13,0,0\"><b data-path-to-node=\"13,0,0\" data-index-in-node=\"0\">T\u00e4ysi v\u00e4rien yhteensovitus:<\/b> Voimme arvioida materiaalien vakiov\u00e4rit yrityksesi Pantone (PMS) -s\u00e4vyn mukaisiksi.<\/p>\n<\/li>\n<li>\n<p data-path-to-node=\"13,1,0\"><b data-path-to-node=\"13,1,0\" data-index-in-node=\"0\">Logon sijoittelu:<\/b> Suuri painatusalue yl\u00e4pinnalla sek\u00e4 sivupainatusvaihtoehdot (ei heijastavissa malleissa) 360 asteen n\u00e4kyvyytt\u00e4 varten.<\/p>\n<\/li>\n<li>\n<p data-path-to-node=\"13,2,0\"><b data-path-to-node=\"13,2,0\" data-index-in-node=\"0\">Liitetyyppien tyylit:<\/b> Valitse mustavalkoisen tavallisen kuminauhan v\u00e4lill\u00e4 tai p\u00e4ivit\u00e4 tyylikk\u00e4\u00e4seen &quot;n\u00e4kym\u00e4tt\u00f6m\u00e4\u00e4n&quot; kuminauhaan saadaksesi siistimm\u00e4n ilmeen.<\/p>\n<\/li>\n<\/ul>\n<h3 data-path-to-node=\"14\">Tekniset tiedot<\/h3>\n<ul data-path-to-node=\"15\">\n<li>\n<p data-path-to-node=\"15,0,0\"><b data-path-to-node=\"15,0,0\" data-index-in-node=\"0\">Mitat:<\/b> Noin 24 x 26 cm (sopii useimpiin vakiosatulaan).<\/p>\n<\/li>\n<li>\n<p data-path-to-node=\"15,1,0\"><b data-path-to-node=\"15,1,0\" data-index-in-node=\"0\">Materiaalien painot:<\/b> 210D (vakio), 210T (PVC-versio), RPET-vaihtoehdot.<\/p>\n<\/li>\n<li>\n<p data-path-to-node=\"15,2,0\"><b data-path-to-node=\"15,2,0\" data-index-in-node=\"0\">Vedenkest\u00e4vyys:<\/b> Vett\u00e4hylkiv\u00e4t pinnoitteet polyesteri\/RPET-muovissa; laminoitu vedeneristys PVC-malleissa.<\/p>\n<\/li>\n<li>\n<p data-path-to-node=\"15,3,0\"><b data-path-to-node=\"15,3,0\" data-index-in-node=\"0\">Minimitilausm\u00e4\u00e4r\u00e4:<\/b> 250 kpl<\/p>\n<\/li>\n<\/ul>","protected":false},"excerpt":{"rendered":"<ul>\n<li>\n<p data-path-to-node=\"7,0,0\"><b data-path-to-node=\"7,0,0\" data-index-in-node=\"0\">Vaikuttava n\u00e4kyvyys:<\/b> Tee jokaisesta polkupy\u00f6r\u00e4st\u00e4 liikuteltava mainostaulu, jossa on koko pinnan mittatilausty\u00f6n\u00e4 tehty painatus.<\/p>\n<\/li>\n<li>\n<p data-path-to-node=\"7,1,0\"><b data-path-to-node=\"7,1,0\" data-index-in-node=\"0\">Monipuolinen materiaalivalinta:<\/b> Saatavilla vakiomateriaalina 210D polyesteri, ymp\u00e4rist\u00f6yst\u00e4v\u00e4llinen RPET, heijastava materiaali tai kest\u00e4v\u00e4 PVC.<\/p>\n<\/li>\n<li>\n<p data-path-to-node=\"7,2,0\"><b data-path-to-node=\"7,2,0\" data-index-in-node=\"0\">Universaali istuvuus:<\/b> Vakiokoko 24 \u00d7 26 cm kuminauhalla sopii useimpiin kaupunki- ja urheilupy\u00f6r\u00e4n satuloihin.<\/p>\n<\/li>\n<li>\n<p data-path-to-node=\"7,3,0\"><b data-path-to-node=\"7,3,0\" data-index-in-node=\"0\">Ihanteellinen sissimarkkinointiin:<\/b> T\u00e4ydellinen yliopistokampanjoihin, kaupungin tapahtumiin, py\u00f6r\u00e4liikkeisiin ja ymp\u00e4rist\u00f6tietoisuuden edist\u00e4miseen.<\/p>\n<\/li>\n<\/ul>","protected":false},"featured_media":6850,"comment_status":"closed","ping_status":"closed","template":"","meta":[],"product_brand":[],"product_cat":[129,118],"product_tag":[],"class_list":{"0":"post-6849","1":"product","2":"type-product","3":"status-publish","4":"has-post-thumbnail","6":"product_cat-leisure-lifestyle","7":"product_cat-sports-fitness","9":"first","10":"instock","11":"shipping-taxable","12":"product-type-simple"},"_links":{"self":[{"href":"https:\/\/displayproducts.eu\/fi\/wp-json\/wp\/v2\/product\/6849","targetHints":{"allow":["GET"]}}],"collection":[{"href":"https:\/\/displayproducts.eu\/fi\/wp-json\/wp\/v2\/product"}],"about":[{"href":"https:\/\/displayproducts.eu\/fi\/wp-json\/wp\/v2\/types\/product"}],"replies":[{"embeddable":true,"href":"https:\/\/displayproducts.eu\/fi\/wp-json\/wp\/v2\/comments?post=6849"}],"wp:featuredmedia":[{"embeddable":true,"href":"https:\/\/displayproducts.eu\/fi\/wp-json\/wp\/v2\/media\/6850"}],"wp:attachment":[{"href":"https:\/\/displayproducts.eu\/fi\/wp-json\/wp\/v2\/media?parent=6849"}],"wp:term":[{"taxonomy":"product_brand","embeddable":true,"href":"https:\/\/displayproducts.eu\/fi\/wp-json\/wp\/v2\/product_brand?post=6849"},{"taxonomy":"product_cat","embeddable":true,"href":"https:\/\/displayproducts.eu\/fi\/wp-json\/wp\/v2\/product_cat?post=6849"},{"taxonomy":"product_tag","embeddable":true,"href":"https:\/\/displayproducts.eu\/fi\/wp-json\/wp\/v2\/product_tag?post=6849"}],"curies":[{"name":"wp","href":"https:\/\/api.w.org\/{rel}","templated":true}]}}