{"id":6842,"date":"2026-01-13T11:51:23","date_gmt":"2026-01-13T08:51:23","guid":{"rendered":"https:\/\/wristbandfactory.eu\/?post_type=product&#038;p=6842"},"modified":"2026-04-01T21:52:03","modified_gmt":"2026-04-01T18:52:03","slug":"numbered-fabric-wristbands","status":"publish","type":"product","link":"https:\/\/displayproducts.eu\/fi\/p\/numbered-fabric-wristbands\/","title":{"rendered":"Numeroidut festivaalirannekkeet"},"content":{"rendered":"<p data-path-to-node=\"10\">Ota tapahtumasi turvallisuus ja logistiikka hallintaasi per\u00e4kk\u00e4isnumeroinnilla varustetuilla, r\u00e4\u00e4t\u00e4l\u00f6idyill\u00e4 kangasrannekkeillamme. Tavalliset br\u00e4nd\u00e4tyt rannekkeet tarjoavat visuaalisen tunnistuksen, kun taas numeroidut rannekkeet lis\u00e4\u00e4v\u00e4t ammattimaisten tapahtumaj\u00e4rjest\u00e4jien kannalta kriittisen hy\u00f6dyllisyyden. Olitpa sitten j\u00e4rjest\u00e4m\u00e4ss\u00e4 festivaalia, yrityskonferenssia tai rajoitetun p\u00e4\u00e4syn tapahtumapaikkaa, jokaisessa ranteessa oleva yksil\u00f6llinen tunniste tehostaa toimintaasi.<\/p>\n<p data-path-to-node=\"11\">N\u00e4m\u00e4 rannekkeet ovat v\u00e4ltt\u00e4m\u00e4tt\u00f6mi\u00e4 tapahtumissa, joissa vaaditaan tiukkoja kapasiteettirajoituksia tai yksil\u00f6llisi\u00e4 vierastietoja. Numerointi voidaan tulostaa suoraan kankaaseen tai laserkaivertaa liukulukkoon, mik\u00e4 varmistaa, ett\u00e4 se pysyy luettavana koko tapahtuman ajan. T\u00e4m\u00e4 ominaisuus muuttaa vakiovarusteen k\u00e4yt\u00e4nn\u00f6ss\u00e4 toimivaksi ty\u00f6kaluksi v\u00e4kijoukonhallintaan ja tietojen t\u00e4sm\u00e4ytykseen.<\/p>\n<h2 data-path-to-node=\"12\">T\u00e4rkeimm\u00e4t ominaisuudet<\/h2>\n<ul data-path-to-node=\"13\">\n<li>\n<p data-path-to-node=\"13,0,0\"><b data-path-to-node=\"13,0,0\" data-index-in-node=\"0\">Juoksevan numeroinnin vaihtoehdot:<\/b> Valitse rannekkeen pintaan painetut numerot tai muovi-\/metallisulkimen laserkaiverrus.<\/p>\n<\/li>\n<li>\n<p data-path-to-node=\"13,1,0\"><b data-path-to-node=\"13,1,0\" data-index-in-node=\"0\">Korkean resoluution br\u00e4nd\u00e4ys:<\/b> Saatavilla sek\u00e4 sublimaatiopainatuspainotekniikalla (fotorealistinen viimeistely) ett\u00e4 punottuna (klassinen festivaalityyli).<\/p>\n<\/li>\n<li>\n<p data-path-to-node=\"13,2,0\"><b data-path-to-node=\"13,2,0\" data-index-in-node=\"0\">Kest\u00e4v\u00e4t materiaalit:<\/b> Valmistettu korkealaatuisesta polyesterist\u00e4, joka on mukava useamman p\u00e4iv\u00e4n k\u00e4yt\u00f6ss\u00e4 ja kest\u00e4\u00e4 vett\u00e4 ja repe\u00e4mist\u00e4.<\/p>\n<\/li>\n<li>\n<p data-path-to-node=\"13,3,0\"><b data-path-to-node=\"13,3,0\" data-index-in-node=\"0\">Mukautettu sarja:<\/b> Voimme k\u00e4ytt\u00e4\u00e4 tiettyj\u00e4 numeroalueita (esim. 0001\u20131000) tai aakkosnumeerisia koodeja lippuj\u00e4rjestelm\u00e4si mukaan.<\/p>\n<\/li>\n<\/ul>\n<h2 data-path-to-node=\"14\">Tekniset tiedot<\/h2>\n<ul data-path-to-node=\"15\">\n<li>\n<p data-path-to-node=\"15,0,0\"><b data-path-to-node=\"15,0,0\" data-index-in-node=\"0\">Materiaali:<\/b> 100% polyesteri (satiini- tai kudottu viimeistely).<\/p>\n<\/li>\n<li>\n<p data-path-to-node=\"15,1,0\"><b data-path-to-node=\"15,1,0\" data-index-in-node=\"0\">Vakiokoko:<\/b> 15 mm x 350 mm tai 20 mm x 350 mm (yksi koko sopii kaikille).<\/p>\n<\/li>\n<li>\n<p data-path-to-node=\"15,2,0\"><b data-path-to-node=\"15,2,0\" data-index-in-node=\"0\">Numerointitekniikka:<\/b> Musteen ruiskutus tai laseretsaus.<\/p>\n<\/li>\n<li>\n<p data-path-to-node=\"15,3,0\"><b data-path-to-node=\"15,3,0\" data-index-in-node=\"0\">Lukitusvaihtoehdot:<\/b> Yksisuuntainen muovinen liukulukko (turvallinen) tai uudelleenk\u00e4ytett\u00e4v\u00e4 helmi (mainos).<\/p>\n<\/li>\n<li>\n<p data-path-to-node=\"15,4,0\"><b data-path-to-node=\"15,4,0\" data-index-in-node=\"0\">Minimitilaus:<\/b> 100 yksikk\u00f6\u00e4.<\/p>\n<\/li>\n<\/ul>\n<h2 data-path-to-node=\"16\">K\u00e4ytt\u00f6tapaukset<\/h2>\n<ul data-path-to-node=\"17\">\n<li>\n<p data-path-to-node=\"17,0,0\"><b data-path-to-node=\"17,0,0\" data-index-in-node=\"0\">Festivaalit ja konsertit:<\/b> Seuraa p\u00e4ivitt\u00e4isi\u00e4 k\u00e4vij\u00e4m\u00e4\u00e4ri\u00e4 ja yhdist\u00e4 rannekkeet myytyjen lippujen m\u00e4\u00e4r\u00e4\u00e4n.<\/p>\n<\/li>\n<li>\n<p data-path-to-node=\"17,1,0\"><b data-path-to-node=\"17,1,0\" data-index-in-node=\"0\">Vaates\u00e4ilytys ja matkatavarat:<\/b> K\u00e4yt\u00e4 rannekkeen numeroa turvallisena noutotunnisteena ruumaan meneville tavaroille.<\/p>\n<\/li>\n<li>\n<p data-path-to-node=\"17,2,0\"><b data-path-to-node=\"17,2,0\" data-index-in-node=\"0\">Arpajaiset ja kilpailut:<\/b> K\u00e4yt\u00e4 yksil\u00f6llist\u00e4 tunnusta satunnaisiin palkintojen arvontaan suoraan lavalta.<\/p>\n<\/li>\n<li>\n<p data-path-to-node=\"17,3,0\"><b data-path-to-node=\"17,3,0\" data-index-in-node=\"0\">VIP-kulunvalvonta:<\/b> Kassalle tiettyjen vieraiden tiedot p\u00e4\u00e4vierasluettelosta heid\u00e4n yksil\u00f6llisen numeronsa avulla.<\/p>\n<\/li>\n<\/ul>","protected":false},"excerpt":{"rendered":"<ul>\n<li>\n<p data-path-to-node=\"8,0,0\"><b data-path-to-node=\"8,0,0\" data-index-in-node=\"0\">Parannettu turvallisuus ja seuranta:<\/b> Yksil\u00f6llinen juokseva numerointi mahdollistaa tarkan henkil\u00f6m\u00e4\u00e4r\u00e4n seurannan ja vieraiden helpon tunnistamisen.<\/p>\n<\/li>\n<li>\n<p data-path-to-node=\"8,1,0\"><b data-path-to-node=\"8,1,0\" data-index-in-node=\"0\">Lippujen yhdist\u00e4minen:<\/b> T\u00e4ydellinen tiettyjen rannekkeiden linkitt\u00e4miseen lippunumeroihin, takkituotteisiin tai VIP-arpajaislippuihin.<\/p>\n<\/li>\n<li>\n<p data-path-to-node=\"8,2,0\"><b data-path-to-node=\"8,2,0\" data-index-in-node=\"0\">Premium-mukautus:<\/b> Moniv\u00e4rinen sublimaatiopainatuspainatus tai kudotut kuviot yhdistettyn\u00e4 selke\u00e4sti n\u00e4kyv\u00e4\u00e4n ja kest\u00e4v\u00e4\u00e4n numerointiin.<\/p>\n<\/li>\n<li>\n<p data-path-to-node=\"8,3,0\"><b data-path-to-node=\"8,3,0\" data-index-in-node=\"0\">V\u00e4\u00e4rink\u00e4yt\u00f6lt\u00e4 suojattu lukitus:<\/b> Varustettu turvallisilla liukulukoilla luvattoman siirron tai uudelleenk\u00e4yt\u00f6n est\u00e4miseksi usean p\u00e4iv\u00e4n tapahtumissa.<\/p>\n<\/li>\n<\/ul>","protected":false},"featured_media":6844,"comment_status":"closed","ping_status":"closed","template":"","meta":[],"product_brand":[],"product_cat":[47],"product_tag":[],"class_list":{"0":"post-6842","1":"product","2":"type-product","3":"status-publish","4":"has-post-thumbnail","6":"product_cat-fabric-wristbands","8":"first","9":"instock","10":"shipping-taxable","11":"purchasable","12":"product-type-simple"},"_links":{"self":[{"href":"https:\/\/displayproducts.eu\/fi\/wp-json\/wp\/v2\/product\/6842","targetHints":{"allow":["GET"]}}],"collection":[{"href":"https:\/\/displayproducts.eu\/fi\/wp-json\/wp\/v2\/product"}],"about":[{"href":"https:\/\/displayproducts.eu\/fi\/wp-json\/wp\/v2\/types\/product"}],"replies":[{"embeddable":true,"href":"https:\/\/displayproducts.eu\/fi\/wp-json\/wp\/v2\/comments?post=6842"}],"wp:featuredmedia":[{"embeddable":true,"href":"https:\/\/displayproducts.eu\/fi\/wp-json\/wp\/v2\/media\/6844"}],"wp:attachment":[{"href":"https:\/\/displayproducts.eu\/fi\/wp-json\/wp\/v2\/media?parent=6842"}],"wp:term":[{"taxonomy":"product_brand","embeddable":true,"href":"https:\/\/displayproducts.eu\/fi\/wp-json\/wp\/v2\/product_brand?post=6842"},{"taxonomy":"product_cat","embeddable":true,"href":"https:\/\/displayproducts.eu\/fi\/wp-json\/wp\/v2\/product_cat?post=6842"},{"taxonomy":"product_tag","embeddable":true,"href":"https:\/\/displayproducts.eu\/fi\/wp-json\/wp\/v2\/product_tag?post=6842"}],"curies":[{"name":"wp","href":"https:\/\/api.w.org\/{rel}","templated":true}]}}