{"id":6841,"date":"2026-01-13T11:36:59","date_gmt":"2026-01-13T08:36:59","guid":{"rendered":"https:\/\/wristbandfactory.eu\/?post_type=product&#038;p=6841"},"modified":"2026-04-01T21:52:34","modified_gmt":"2026-04-01T18:52:34","slug":"custom-hard-pvc-tags-for-wristbands-qr-barcode-rfid-ready","status":"publish","type":"product","link":"https:\/\/displayproducts.eu\/fi\/p\/custom-hard-pvc-tags-for-wristbands-qr-barcode-rfid-ready\/","title":{"rendered":"Kovat PVC-tunnisteet kangasrannekkeisiin"},"content":{"rendered":"<p data-path-to-node=\"10\">Muunna tavalliset tapahtumarannekkeet \u00e4lykk\u00e4iksi kulunvalvontaty\u00f6kaluiksi r\u00e4\u00e4t\u00e4l\u00f6idyill\u00e4 kovilla PVC-tunnisteillamme. N\u00e4m\u00e4 j\u00e4yk\u00e4t liukus\u00e4\u00e4timet on suunniteltu pujotettaviksi suoraan kangasrannekkeisiin, jolloin ne tarjoavat tasaisen ja kest\u00e4v\u00e4n pinnan, joka on erityisesti optimoitu skannattavaa tietoa varten. Toisin kuin pehme\u00e4t kangaspinnat, joilla QR-koodit voivat v\u00e4\u00e4risty\u00e4, kovat PVC-tunnisteet varmistavat 100%-skannattavuuden k\u00e4teismaksuissa, lipunmyynniss\u00e4 ja sosiaalisen median integroinnissa.<\/p>\n<h3 data-path-to-node=\"11\">T\u00e4rkeimm\u00e4t ominaisuudet<\/h3>\n<ul data-path-to-node=\"12\">\n<li>\n<p data-path-to-node=\"12,0,0\"><b data-path-to-node=\"12,0,0\" data-index-in-node=\"0\">Muuttuvan datan painatus:<\/b> Voimme tulostaa yksil\u00f6llisi\u00e4 QR-koodeja, viivakoodeja tai per\u00e4kk\u00e4isi\u00e4 sarjanumeroita jokaiseen tunnisteeseen, mik\u00e4 mahdollistaa yksitt\u00e4isten asiakkaiden seurannan ja turvallisen kulunvalvonnan.<\/p>\n<\/li>\n<li>\n<p data-path-to-node=\"12,1,0\"><b data-path-to-node=\"12,1,0\" data-index-in-node=\"0\">Ensiluokkainen rakenne:<\/b> Korkealaatuisesta kovasta PVC:st\u00e4 valmistetut tunnisteet kest\u00e4v\u00e4t taivutusta, vett\u00e4 ja UV-s\u00e4teily\u00e4, mik\u00e4 tekee niist\u00e4 parempia kuin laminoidut paperivaihtoehdot.<\/p>\n<\/li>\n<li>\n<p data-path-to-node=\"12,2,0\"><b data-path-to-node=\"12,2,0\" data-index-in-node=\"0\">El\u00e4v\u00e4inen br\u00e4nd\u00e4ys:<\/b> Sile\u00e4 valkoinen pinta toimii t\u00e4ydellisen\u00e4 pohjana selkeille, v\u00e4rillisille logoille ja sponsoribr\u00e4nd\u00e4ykselle, jotka erottuvat kangasremmi\u00e4 vasten.<\/p>\n<\/li>\n<li>\n<p data-path-to-node=\"12,3,0\"><b data-path-to-node=\"12,3,0\" data-index-in-node=\"0\">RFID\/NFC-ominaisuus:<\/b> Saatavilla pyynn\u00f6st\u00e4 upotetuilla RFID- tai NFC-siruilla kontaktitonta sis\u00e4\u00e4np\u00e4\u00e4sy\u00e4 ja k\u00e4teist\u00e4 maksamatta -j\u00e4rjestelmiin.<\/p>\n<\/li>\n<\/ul>\n<h3 data-path-to-node=\"13\">Tekniset tiedot<\/h3>\n<ul data-path-to-node=\"14\">\n<li>\n<p data-path-to-node=\"14,0,0\"><b data-path-to-node=\"14,0,0\" data-index-in-node=\"0\">Materiaali:<\/b> J\u00e4ykk\u00e4 kova PVC (polyvinyylikloridi)<\/p>\n<\/li>\n<li>\n<p data-path-to-node=\"14,1,0\"><b data-path-to-node=\"14,1,0\" data-index-in-node=\"0\">Mitat:<\/b> Saatavilla vakiokoot (esim. 26x33mm, 30x40mm) tai mittatilausty\u00f6n\u00e4.<\/p>\n<\/li>\n<li>\n<p data-path-to-node=\"14,2,0\"><b data-path-to-node=\"14,2,0\" data-index-in-node=\"0\">Yhteensopivuus:<\/b> Aukot on suunniteltu 15 mm tai 20 mm leveille kudotuille tai satiinisille rannekkeille.<\/p>\n<\/li>\n<li>\n<p data-path-to-node=\"14,3,0\"><b data-path-to-node=\"14,3,0\" data-index-in-node=\"0\">Painatusmenetelm\u00e4:<\/b> UV-digitaalipainatus tai offset-painatus valokuvalaatua varten.<\/p>\n<\/li>\n<li>\n<p data-path-to-node=\"14,4,0\"><b data-path-to-node=\"14,4,0\" data-index-in-node=\"0\">Viimeistely:<\/b> Saatavilla kiilt\u00e4v\u00e4 tai matta laminointi.<\/p>\n<\/li>\n<\/ul>\n<h3 data-path-to-node=\"15\">B2B-k\u00e4ytt\u00f6tapaukset<\/h3>\n<ul data-path-to-node=\"16\">\n<li>\n<p data-path-to-node=\"16,0,0\"><b data-path-to-node=\"16,0,0\" data-index-in-node=\"0\">Musiikkifestivaalit:<\/b> K\u00e4yt\u00e4 QR-koodeja k\u00e4teismaksuttomaan lataukseen ja sis\u00e4\u00e4nkirjautumiseen.<\/p>\n<\/li>\n<li>\n<p data-path-to-node=\"16,1,0\"><b data-path-to-node=\"16,1,0\" data-index-in-node=\"0\">VIP-p\u00e4\u00e4sy:<\/b> Erottuvia kovalevyj\u00e4 erityisvieraiden tai kulissien takaisen henkil\u00f6kunnan tunnistamiseksi.<\/p>\n<\/li>\n<li>\n<p data-path-to-node=\"16,2,0\"><b data-path-to-node=\"16,2,0\" data-index-in-node=\"0\">Vaates\u00e4ilyn hallinta:<\/b> Rannekkeisiin kiinnitetyt numeroidut tunnisteet turvallista esineiden noutoa varten.<\/p>\n<\/li>\n<li>\n<p data-path-to-node=\"16,3,0\"><b data-path-to-node=\"16,3,0\" data-index-in-node=\"0\">Lomakeskukset ja hotellit:<\/b> Kest\u00e4v\u00e4t huoneavaimet tai pyyhkeidenvaihtopoletit kiinnitettyn\u00e4 vieraan ranteeseen.<\/p>\n<\/li>\n<\/ul>","protected":false},"excerpt":{"rendered":"<ul>\n<li>\n<p data-path-to-node=\"9,0,0\"><b data-path-to-node=\"9,0,0\" data-index-in-node=\"0\">Smart ID -ratkaisu:<\/b> T\u00e4ydellinen QR-koodien, viivakoodien ja UID-numeroiden integrointiin kangasrannekkeisiin.<\/p>\n<\/li>\n<li>\n<p data-path-to-node=\"9,1,0\"><b data-path-to-node=\"9,1,0\" data-index-in-node=\"0\">Kest\u00e4v\u00e4 materiaali:<\/b> Valmistettu j\u00e4yk\u00e4st\u00e4, vedenkest\u00e4v\u00e4st\u00e4 PVC:st\u00e4, joka kest\u00e4\u00e4 useamman p\u00e4iv\u00e4n tapahtumia ja ankaria olosuhteita.<\/p>\n<\/li>\n<li>\n<p data-path-to-node=\"9,2,0\"><b data-path-to-node=\"9,2,0\" data-index-in-node=\"0\">T\u00e4ysi mukautus:<\/b> Korkean resoluution UV- tai offset-painatus mahdollistaa eloisat logot ja monimutkaisen datan skannauksen.<\/p>\n<\/li>\n<li>\n<p data-path-to-node=\"9,3,0\"><b data-path-to-node=\"9,3,0\" data-index-in-node=\"0\">Universaali istuvuus:<\/b> Suunniteltu kahdella uralla, jotka sopivat saumattomasti vakiomallisiin 15 mm:n ja 20 mm:n kangasrannekkeisiin.<\/p>\n<\/li>\n<\/ul>","protected":false},"featured_media":6840,"comment_status":"closed","ping_status":"closed","template":"","meta":[],"product_brand":[],"product_cat":[66,124],"product_tag":[],"class_list":{"0":"post-6841","1":"product","2":"type-product","3":"status-publish","4":"has-post-thumbnail","6":"product_cat-wristbands","7":"product_cat-id-solutions","9":"first","10":"instock","11":"shipping-taxable","12":"product-type-simple"},"_links":{"self":[{"href":"https:\/\/displayproducts.eu\/fi\/wp-json\/wp\/v2\/product\/6841","targetHints":{"allow":["GET"]}}],"collection":[{"href":"https:\/\/displayproducts.eu\/fi\/wp-json\/wp\/v2\/product"}],"about":[{"href":"https:\/\/displayproducts.eu\/fi\/wp-json\/wp\/v2\/types\/product"}],"replies":[{"embeddable":true,"href":"https:\/\/displayproducts.eu\/fi\/wp-json\/wp\/v2\/comments?post=6841"}],"wp:featuredmedia":[{"embeddable":true,"href":"https:\/\/displayproducts.eu\/fi\/wp-json\/wp\/v2\/media\/6840"}],"wp:attachment":[{"href":"https:\/\/displayproducts.eu\/fi\/wp-json\/wp\/v2\/media?parent=6841"}],"wp:term":[{"taxonomy":"product_brand","embeddable":true,"href":"https:\/\/displayproducts.eu\/fi\/wp-json\/wp\/v2\/product_brand?post=6841"},{"taxonomy":"product_cat","embeddable":true,"href":"https:\/\/displayproducts.eu\/fi\/wp-json\/wp\/v2\/product_cat?post=6841"},{"taxonomy":"product_tag","embeddable":true,"href":"https:\/\/displayproducts.eu\/fi\/wp-json\/wp\/v2\/product_tag?post=6841"}],"curies":[{"name":"wp","href":"https:\/\/api.w.org\/{rel}","templated":true}]}}