{"id":6678,"date":"2026-01-09T22:38:59","date_gmt":"2026-01-09T19:38:59","guid":{"rendered":"https:\/\/wristbandfactory.eu\/?post_type=product&#038;p=6678"},"modified":"2026-04-01T21:52:34","modified_gmt":"2026-04-01T18:52:34","slug":"metal-opera-glasses-with-handle-bulk-theatre-binoculars-3x-4x","status":"publish","type":"product","link":"https:\/\/displayproducts.eu\/fi\/p\/metal-opera-glasses-with-handle-bulk-theatre-binoculars-3x-4x\/","title":{"rendered":"Metalliset teatterikiikarit kahvalla"},"content":{"rendered":"<p data-path-to-node=\"9\">Paranna asiakkaidesi tai asiakkaidesi kulttuurikokemusta tarjoamalla <b data-path-to-node=\"9\" data-index-in-node=\"94\">Ensiluokkaiset metalliset teatterikiikarit<\/b>. N\u00e4m\u00e4 teatterikiikarit on suunniteltu hienostuneiksi ja selkeiksi, ja ne ovat t\u00e4ydellinen lis\u00e4varuste oopperataloihin, teattereihin ja konserttisaleihin. Toisin kuin muoviset vaihtoehdot, n\u00e4iss\u00e4 laseissa on kest\u00e4v\u00e4 t\u00e4ysmetallinen rakenne ja kultainen viimeistely, mik\u00e4 tekee niist\u00e4 arvokkaan tuotteen, joka sopii sek\u00e4 v\u00e4hitt\u00e4ismyyntiin ett\u00e4 eksklusiiviseksi yrityslahjaksi.<\/p>\n<p data-path-to-node=\"10\">Integroitu taittuva kahva lis\u00e4\u00e4 ripauksen vintage-charmia ja tarjoaa samalla k\u00e4yt\u00e4nn\u00f6llist\u00e4 mukavuutta pitkien esitysten aikana. Etsitp\u00e4 sitten museon matkamuistomyym\u00e4l\u00e4st\u00e4 ainutlaatuista muistolahjaa gaalaan, n\u00e4m\u00e4 oopperakiikarit tarjoavat t\u00e4ydellisen yhdistelm\u00e4n tyyli\u00e4 ja toimivuutta.<\/p>\n<h2 data-path-to-node=\"11\">T\u00e4rkeimm\u00e4t ominaisuudet<\/h2>\n<ul data-path-to-node=\"12\">\n<li>\n<p data-path-to-node=\"12,0,0\"><b data-path-to-node=\"12,0,0\" data-index-in-node=\"0\">Kaksi optista vaihtoehtoa:<\/b> Valitse <b data-path-to-node=\"12,0,0\" data-index-in-node=\"37\">3x suurennus<\/b> (laajempi n\u00e4k\u00f6kentt\u00e4, 122 m\/1000 m) koko lavan kuvaamiseen tai <b data-path-to-node=\"12,0,0\" data-index-in-node=\"122\">4x suurennus<\/b> (105 m\/1000 m) kasvojen ilmeiden ja hienojen yksityiskohtien tarkentamiseen.<\/p>\n<\/li>\n<li>\n<p data-path-to-node=\"12,1,0\"><b data-path-to-node=\"12,1,0\" data-index-in-node=\"0\">Ergonominen muotoilu:<\/b> Keskell\u00e4 tarkennusprisma ja taitettava\/teleskooppikahva (105\u2013165 mm) vaivatonta s\u00e4\u00e4t\u00f6\u00e4 ja mukavaa pit\u00e4mist\u00e4 varten.<\/p>\n<\/li>\n<li>\n<p data-path-to-node=\"12,2,0\"><b data-path-to-node=\"12,2,0\" data-index-in-node=\"0\">Premium-koontiversio:<\/b> Vain 175 g painava ja kompakti (100 \u00d7 54 mm) metallirunko takaa pitk\u00e4n k\u00e4ytt\u00f6i\u00e4n ja ensiluokkaisen tuntuman k\u00e4dess\u00e4.<\/p>\n<\/li>\n<li>\n<p data-path-to-node=\"12,3,0\"><b data-path-to-node=\"12,3,0\" data-index-in-node=\"0\">Valmis esitykseen:<\/b> Jokaisen yksik\u00f6n mukana tulee tyylik\u00e4s s\u00e4ilytyskotelo, joka yksinkertaistaa lahjojen tai v\u00e4hitt\u00e4ismyyntituotteiden pakkaamista.<\/p>\n<\/li>\n<\/ul>\n<h2 data-path-to-node=\"13\">Tekniset tiedot<\/h2>\n<ul data-path-to-node=\"14\">\n<li>\n<p data-path-to-node=\"14,0,0\"><b data-path-to-node=\"14,0,0\" data-index-in-node=\"0\">Materiaali:<\/b> T\u00e4ysmetalliseos kullanv\u00e4risell\u00e4 viimeistelyll\u00e4<\/p>\n<\/li>\n<li>\n<p data-path-to-node=\"14,1,0\"><b data-path-to-node=\"14,1,0\" data-index-in-node=\"0\">Kahva:<\/b> Teleskooppinen\/taittuva (105 mm - 165 mm)<\/p>\n<\/li>\n<li>\n<p data-path-to-node=\"14,2,0\"><b data-path-to-node=\"14,2,0\" data-index-in-node=\"0\">Paino:<\/b> 175 grammaa<\/p>\n<\/li>\n<li>\n<p data-path-to-node=\"14,3,0\"><b data-path-to-node=\"14,3,0\" data-index-in-node=\"0\">Mitat:<\/b> 100 \u00d7 54 mm<\/p>\n<\/li>\n<li>\n<p data-path-to-node=\"14,4,0\"><b data-path-to-node=\"14,4,0\" data-index-in-node=\"0\">Prisman tyyppi:<\/b> Keskittyminen keskipisteeseen<\/p>\n<\/li>\n<li>\n<p data-path-to-node=\"14,5,0\"><b data-path-to-node=\"14,5,0\" data-index-in-node=\"0\">3x Mallin tekniset tiedot:<\/b><\/p>\n<ul data-path-to-node=\"14,5,1\">\n<li>\n<p data-path-to-node=\"14,5,1,0,0\">L\u00e4ht\u00f6pupilli: 8 mm<\/p>\n<\/li>\n<li>\n<p data-path-to-node=\"14,5,1,1,0\">N\u00e4k\u00f6kentt\u00e4: 122 m \/ 1000 m<\/p>\n<\/li>\n<li>\n<p data-path-to-node=\"14,5,1,2,0\">Kirkkausindeksi: 69<\/p>\n<\/li>\n<\/ul>\n<\/li>\n<li>\n<p data-path-to-node=\"14,6,0\"><b data-path-to-node=\"14,6,0\" data-index-in-node=\"0\">4x Mallin tekniset tiedot:<\/b><\/p>\n<ul data-path-to-node=\"14,6,1\">\n<li>\n<p data-path-to-node=\"14,6,1,0,0\">L\u00e4ht\u00f6pupilli: 6,5 mm<\/p>\n<\/li>\n<li>\n<p data-path-to-node=\"14,6,1,1,0\">N\u00e4k\u00f6kentt\u00e4: 105 m \/ 1000 m<\/p>\n<\/li>\n<li>\n<p data-path-to-node=\"14,6,1,2,0\">Kirkkausindeksi: 39<\/p>\n<\/li>\n<\/ul>\n<\/li>\n<li>\n<p data-path-to-node=\"14,7,0\"><b data-path-to-node=\"14,7,0\" data-index-in-node=\"0\">Toimitusaika:<\/b> Noin 37 p\u00e4iv\u00e4\u00e4 (tilauksesta valmistettu\/tuonti)<\/p>\n<\/li>\n<\/ul>\n<h2 data-path-to-node=\"15\">K\u00e4ytt\u00f6tapaukset<\/h2>\n<ul data-path-to-node=\"16\">\n<li>\n<p data-path-to-node=\"16,0,0\"><b data-path-to-node=\"16,0,0\" data-index-in-node=\"0\">Teatteri- ja oopperakaupat:<\/b> Korkean katteen tuote k\u00e4vij\u00f6ille, jotka haluavat parantaa katselukokemustaan.<\/p>\n<\/li>\n<li>\n<p data-path-to-node=\"16,1,0\"><b data-path-to-node=\"16,1,0\" data-index-in-node=\"0\">Yrityslahjat:<\/b> Hieno lahjaidea taide- ja kulttuurialan yhteisty\u00f6kumppaneille.<\/p>\n<\/li>\n<li>\n<p data-path-to-node=\"16,2,0\"><b data-path-to-node=\"16,2,0\" data-index-in-node=\"0\">VIP-tapahtuman mukavuudet:<\/b> Tarjoa huipputason lipunhaltijoille br\u00e4nd\u00e4ttyj\u00e4 tai eksklusiivisia katseluty\u00f6kaluja.<\/p>\n<\/li>\n<\/ul>","protected":false},"excerpt":{"rendered":"<ul data-path-to-node=\"8\">\n<li>\n<p data-path-to-node=\"8,0,0\"><b data-path-to-node=\"8,0,0\" data-index-in-node=\"0\">Klassinen eleganssi:<\/b> T\u00e4ysmetallinen runko, ylellinen kultainen viimeistely ja taitettava kahva hienostunutta katselukokemusta varten.<\/p>\n<\/li>\n<li>\n<p data-path-to-node=\"8,1,0\"><b data-path-to-node=\"8,1,0\" data-index-in-node=\"0\">Huippuluokan optiikka:<\/b> Saatavilla 3x (laaja kuvakulma) tai 4x (yksityiskohtien tarkennus) suurennuksella ja korkealla kirkkausindeksill\u00e4.<\/p>\n<\/li>\n<li>\n<p data-path-to-node=\"8,2,0\"><b data-path-to-node=\"8,2,0\" data-index-in-node=\"0\">B2B-valmis:<\/b> T\u00e4ydellinen teatterituotteiden myym\u00e4l\u00f6ihin, VIP-tapahtumien lahjoihin ja korkealaatuisiin yrityspalkintoihin.<\/p>\n<\/li>\n<li>\n<p data-path-to-node=\"8,3,0\"><b data-path-to-node=\"8,3,0\" data-index-in-node=\"0\">T\u00e4ydellinen sarja:<\/b> Mukana kest\u00e4v\u00e4 s\u00e4ilytyskotelo suojaa ja tarjoaa esillepanoa.<\/p>\n<\/li>\n<\/ul>","protected":false},"featured_media":6679,"comment_status":"closed","ping_status":"closed","template":"","meta":[],"product_brand":[],"product_cat":[121],"product_tag":[],"class_list":{"0":"post-6678","1":"product","2":"type-product","3":"status-publish","4":"has-post-thumbnail","6":"product_cat-promotional-merchandise","8":"first","9":"instock","10":"shipping-taxable","11":"purchasable","12":"product-type-simple"},"_links":{"self":[{"href":"https:\/\/displayproducts.eu\/fi\/wp-json\/wp\/v2\/product\/6678","targetHints":{"allow":["GET"]}}],"collection":[{"href":"https:\/\/displayproducts.eu\/fi\/wp-json\/wp\/v2\/product"}],"about":[{"href":"https:\/\/displayproducts.eu\/fi\/wp-json\/wp\/v2\/types\/product"}],"replies":[{"embeddable":true,"href":"https:\/\/displayproducts.eu\/fi\/wp-json\/wp\/v2\/comments?post=6678"}],"wp:featuredmedia":[{"embeddable":true,"href":"https:\/\/displayproducts.eu\/fi\/wp-json\/wp\/v2\/media\/6679"}],"wp:attachment":[{"href":"https:\/\/displayproducts.eu\/fi\/wp-json\/wp\/v2\/media?parent=6678"}],"wp:term":[{"taxonomy":"product_brand","embeddable":true,"href":"https:\/\/displayproducts.eu\/fi\/wp-json\/wp\/v2\/product_brand?post=6678"},{"taxonomy":"product_cat","embeddable":true,"href":"https:\/\/displayproducts.eu\/fi\/wp-json\/wp\/v2\/product_cat?post=6678"},{"taxonomy":"product_tag","embeddable":true,"href":"https:\/\/displayproducts.eu\/fi\/wp-json\/wp\/v2\/product_tag?post=6678"}],"curies":[{"name":"wp","href":"https:\/\/api.w.org\/{rel}","templated":true}]}}