{"id":6671,"date":"2026-01-09T18:39:46","date_gmt":"2026-01-09T15:39:46","guid":{"rendered":"https:\/\/wristbandfactory.eu\/?post_type=product&#038;p=6671"},"modified":"2026-04-01T21:52:34","modified_gmt":"2026-04-01T18:52:34","slug":"custom-foil-holographic-event-wristbands","status":"publish","type":"product","link":"https:\/\/displayproducts.eu\/fi\/p\/custom-foil-holographic-event-wristbands\/","title":{"rendered":"Foliopainetut rannekkeet"},"content":{"rendered":"<p data-path-to-node=\"9\">Nosta tapahtumasi br\u00e4nd\u00e4yst\u00e4 r\u00e4\u00e4t\u00e4l\u00f6idyill\u00e4 foliolla ja holografisilla rannekkeillamme. N\u00e4m\u00e4 korkealaatuisesta YUPO-synteettisest\u00e4 paperista valmistetut rannekkeet tarjoavat ensiluokkaisen vaihtoehdon tavalliselle Tyvek-kalvolle. Niiden maitomainen pinta varmistaa, ett\u00e4 v\u00e4rit n\u00e4ytt\u00e4v\u00e4t eloisilta ja vastaavat suunnitteluia.<\/p>\n<p data-path-to-node=\"10\">N\u00e4m\u00e4 rannekkeet on suunniteltu korkean profiilin tapahtumiin, klubeille ja festivaaleille, ja niiss\u00e4 voi k\u00e4ytt\u00e4\u00e4 ylellisi\u00e4 metallisia yksityiskohtia \u2013 kuten kultaa, hopeaa ja lasifoliota \u2013 tai t\u00e4ysin holografisia viimeistelyj\u00e4. Sile\u00e4 pinta yhdistettyn\u00e4 korkean resoluution CMYK-offsetpainatukseen tekee niist\u00e4 ihanteellisia monimutkaisiin malleihin ja VIP-tunnistukseen. Tyylikk\u00e4\u00e4st\u00e4 ulkon\u00e4\u00f6st\u00e4\u00e4n huolimatta ne on rakennettu kest\u00e4m\u00e4\u00e4n vett\u00e4, hike\u00e4 ja aktiivisia ymp\u00e4rist\u00f6j\u00e4.<\/p>\n<h2 data-path-to-node=\"11\">T\u00e4rkeimm\u00e4t ominaisuudet<\/h2>\n<ul data-path-to-node=\"12\">\n<li>\n<p data-path-to-node=\"12,0,0\"><b data-path-to-node=\"12,0,0\" data-index-in-node=\"0\">Luksusviimeistelyt:<\/b> Saatavilla kuumaleimatulla kultafoliolla, hopeafoliolla, lasifoliolla ja holografisilla p\u00e4\u00e4llysteill\u00e4 maksimaalisen n\u00e4kyvyyden takaamiseksi.<\/p>\n<\/li>\n<li>\n<p data-path-to-node=\"12,1,0\"><b data-path-to-node=\"12,1,0\" data-index-in-node=\"0\">Materiaalinen erinomaisuus:<\/b> YUPO-synteettinen sellu antaa Tyvek-sellua tasaisemman pinnan, mik\u00e4 mahdollistaa ter\u00e4v\u00e4mm\u00e4t painatusyksityiskohdat ja kirkkaammat v\u00e4rit.<\/p>\n<\/li>\n<li>\n<p data-path-to-node=\"12,2,0\"><b data-path-to-node=\"12,2,0\" data-index-in-node=\"0\">V\u00e4\u00e4rink\u00e4yt\u00f6lt\u00e4 suojattu rakenne:<\/b> Vahva tarrakiinnitys on varustettu muotoonleikatuilla turvaliuskoilla, jotka rikkoutuvat, jos ranneketta yritet\u00e4\u00e4n irrottaa, mik\u00e4 varmistaa, ettei ranneketta voida k\u00e4ytt\u00e4\u00e4 uudelleen.<\/p>\n<\/li>\n<li>\n<p data-path-to-node=\"12,3,0\"><b data-path-to-node=\"12,3,0\" data-index-in-node=\"0\">\u00c4lyk\u00e4s datavalmius:<\/b> T\u00e4ysin yhteensopiva muuttuvan datan tulostuksen kanssa, mukaan lukien per\u00e4kk\u00e4inen numerointi, viivakoodit ja QR-koodit digitaalista integrointia varten.<\/p>\n<\/li>\n<\/ul>\n<h2 data-path-to-node=\"13\">Tekniset tiedot<\/h2>\n<ul data-path-to-node=\"14\">\n<li>\n<p data-path-to-node=\"14,0,0\"><b data-path-to-node=\"14,0,0\" data-index-in-node=\"0\">Materiaali:<\/b> YUPO (sekoitettu sellu \/ synteettinen paperi) \u2013 Vedenkest\u00e4v\u00e4 ja rep\u00e4isynkest\u00e4v\u00e4.<\/p>\n<\/li>\n<li>\n<p data-path-to-node=\"14,1,0\"><b data-path-to-node=\"14,1,0\" data-index-in-node=\"0\">Vakiomitat:<\/b><\/p>\n<ul data-path-to-node=\"14,1,1\">\n<li>\n<p data-path-to-node=\"14,1,1,0,0\">20 mm x 250 mm<\/p>\n<\/li>\n<li>\n<p data-path-to-node=\"14,1,1,1,0\">25 mm x 250 mm<\/p>\n<\/li>\n<li>\n<p data-path-to-node=\"14,1,1,2,0\"><i data-path-to-node=\"14,1,1,2,0\" data-index-in-node=\"0\">Mukautetut koot saatavilla pyynn\u00f6st\u00e4.<\/i><\/p>\n<\/li>\n<\/ul>\n<\/li>\n<li>\n<p data-path-to-node=\"14,2,0\"><b data-path-to-node=\"14,2,0\" data-index-in-node=\"0\">Painatusmenetelm\u00e4:<\/b> Moniv\u00e4rinen CMYK-offsetpaino + foliopainatus.<\/p>\n<\/li>\n<li>\n<p data-path-to-node=\"14,3,0\"><b data-path-to-node=\"14,3,0\" data-index-in-node=\"0\">Foliovaihtoehdot:<\/b> Kulta, hopea, lasifolio, hologrammi.<\/p>\n<\/li>\n<li>\n<p data-path-to-node=\"14,4,0\"><b data-path-to-node=\"14,4,0\" data-index-in-node=\"0\">Alkuper\u00e4:<\/b> Etel\u00e4-Korea (ANYWRISTBAND \/ malli TS25).<\/p>\n<\/li>\n<\/ul>\n<h2 data-path-to-node=\"15\">K\u00e4ytt\u00f6tapaukset<\/h2>\n<ul data-path-to-node=\"16\">\n<li>\n<p data-path-to-node=\"16,0,0\"><b data-path-to-node=\"16,0,0\" data-index-in-node=\"0\">VIP-kulunvalvonta:<\/b> Heijastavan metallisen viimeistelyn ansiosta t\u00e4ydellinen VIP-vieraiden erottamiseen konserteissa, festivaaleilla ja y\u00f6kerhoissa.<\/p>\n<\/li>\n<li>\n<p data-path-to-node=\"16,1,0\"><b data-path-to-node=\"16,1,0\" data-index-in-node=\"0\">Yritystapahtumat:<\/b> Huippuluokan br\u00e4nd\u00e4ys gaaloihin ja konferensseihin, joissa visuaalinen esitystapa on kriittinen.<\/p>\n<\/li>\n<li>\n<p data-path-to-node=\"16,2,0\"><b data-path-to-node=\"16,2,0\" data-index-in-node=\"0\">Turvalliset paikat:<\/b> Ihanteellinen huvipuistoihin ja rajoitetuille alueille, jotka vaativat luotettavaa tunnistusta viivakoodin integroinnilla.<\/p>\n<\/li>\n<\/ul>\n<p data-path-to-node=\"17\">","protected":false},"excerpt":{"rendered":"<ul>\n<li>\n<p data-path-to-node=\"7,0,0\"><b data-path-to-node=\"7,0,0\" data-index-in-node=\"0\">Ensiluokkainen visuaalinen vaikutus:<\/b> Upeita metallisia yksityiskohtia (kulta, hopea, lasifolio) tai holografisia tehosteita sile\u00e4ll\u00e4, maitomaisen valkoisella YUPO-pinnalla.<\/p>\n<\/li>\n<li>\n<p data-path-to-node=\"7,1,0\"><b data-path-to-node=\"7,1,0\" data-index-in-node=\"0\">Erinomainen kest\u00e4vyys:<\/b> Valmistettu rep\u00e4isylujasta, vedenpit\u00e4v\u00e4st\u00e4 100%-synteettisest\u00e4 paperista, joka p\u00e4ihitt\u00e4\u00e4 tavalliset paperinauhat.<\/p>\n<\/li>\n<li>\n<p data-path-to-node=\"7,2,0\"><b data-path-to-node=\"7,2,0\" data-index-in-node=\"0\">Korkea turvallisuus:<\/b> Varustettu avaamattomuuden osoittavalla liimakiinnikkeell\u00e4 ja muotoilluilla turvaleikkauksilla, jotka est\u00e4v\u00e4t siirron.<\/p>\n<\/li>\n<li>\n<p data-path-to-node=\"7,3,0\"><b data-path-to-node=\"7,3,0\" data-index-in-node=\"0\">T\u00e4ysi mukautus:<\/b> Tukee kirkasta CMYK-offsetpainatusta, viivakoodeja, QR-koodeja ja muuttuvaa numerointia k\u00e4ytt\u00f6oikeuksien hallintaa varten.<\/p>\n<\/li>\n<\/ul>","protected":false},"featured_media":6677,"comment_status":"closed","ping_status":"closed","template":"","meta":[],"product_brand":[],"product_cat":[41],"product_tag":[],"class_list":{"0":"post-6671","1":"product","2":"type-product","3":"status-publish","4":"has-post-thumbnail","6":"product_cat-tyvek","8":"first","9":"instock","10":"shipping-taxable","11":"product-type-simple"},"_links":{"self":[{"href":"https:\/\/displayproducts.eu\/fi\/wp-json\/wp\/v2\/product\/6671","targetHints":{"allow":["GET"]}}],"collection":[{"href":"https:\/\/displayproducts.eu\/fi\/wp-json\/wp\/v2\/product"}],"about":[{"href":"https:\/\/displayproducts.eu\/fi\/wp-json\/wp\/v2\/types\/product"}],"replies":[{"embeddable":true,"href":"https:\/\/displayproducts.eu\/fi\/wp-json\/wp\/v2\/comments?post=6671"}],"wp:featuredmedia":[{"embeddable":true,"href":"https:\/\/displayproducts.eu\/fi\/wp-json\/wp\/v2\/media\/6677"}],"wp:attachment":[{"href":"https:\/\/displayproducts.eu\/fi\/wp-json\/wp\/v2\/media?parent=6671"}],"wp:term":[{"taxonomy":"product_brand","embeddable":true,"href":"https:\/\/displayproducts.eu\/fi\/wp-json\/wp\/v2\/product_brand?post=6671"},{"taxonomy":"product_cat","embeddable":true,"href":"https:\/\/displayproducts.eu\/fi\/wp-json\/wp\/v2\/product_cat?post=6671"},{"taxonomy":"product_tag","embeddable":true,"href":"https:\/\/displayproducts.eu\/fi\/wp-json\/wp\/v2\/product_tag?post=6671"}],"curies":[{"name":"wp","href":"https:\/\/api.w.org\/{rel}","templated":true}]}}