{"id":6618,"date":"2026-01-09T15:51:34","date_gmt":"2026-01-09T12:51:34","guid":{"rendered":"https:\/\/wristbandfactory.eu\/?post_type=product&#038;p=6618"},"modified":"2026-04-01T21:52:34","modified_gmt":"2026-04-01T18:52:34","slug":"custom-natural-cork-wristbands","status":"publish","type":"product","link":"https:\/\/displayproducts.eu\/fi\/p\/custom-natural-cork-wristbands\/","title":{"rendered":"Luonnonkorkista valmistetut rannekkeet"},"content":{"rendered":"<p data-path-to-node=\"10\">Tee rohkea lausunto kest\u00e4v\u00e4st\u00e4 kehityksest\u00e4 meid\u00e4n avullamme <b data-path-to-node=\"10\" data-index-in-node=\"77\">Luonnonkorkista valmistetut rannekkeet<\/b>. Korkkitammen kuoresta puuta vahingoittamatta korjattu materiaali on yksi ymp\u00e4rist\u00f6yst\u00e4v\u00e4llisimmist\u00e4 saatavilla olevista materiaaleista. N\u00e4m\u00e4 rannekkeet ovat ihanteellinen valinta ymp\u00e4rist\u00f6konferensseihin, luontokohteisiin ja festivaaleille, jotka haluavat poistaa muovij\u00e4tteen ja tarjota vieraille samalla ensiluokkaisen asusteen.<\/p>\n<p data-path-to-node=\"11\">Toisin kuin synteettisiss\u00e4 materiaaleissa, jokaisessa korkkirannekkeessa on ainutlaatuinen luonnollinen syykuvio. Materiaali on pehme\u00e4\u00e4 ihoa vasten, kevytt\u00e4 ja yll\u00e4tt\u00e4v\u00e4n kest\u00e4v\u00e4\u00e4 \u2013 luonnostaan hylkii vett\u00e4 ja hike\u00e4. T\u00e4ydellisen ekologisen ilmeen saavuttamiseksi suosittelemme <b data-path-to-node=\"11\" data-index-in-node=\"239\">Laserkaiverrus<\/b> logosi, joka luo tumman ja ter\u00e4v\u00e4n kontrastin kultaista korkkitaustaa vasten ilman kemiallisia musteita.<\/p>\n<h2 data-path-to-node=\"12\">T\u00e4rkeimm\u00e4t ominaisuudet<\/h2>\n<ul data-path-to-node=\"13\">\n<li>\n<p data-path-to-node=\"13,0,0\"><b data-path-to-node=\"13,0,0\" data-index-in-node=\"0\">Uusiutuva luonnonvara:<\/b> Korkki korjataan kest\u00e4v\u00e4sti; puu uudistaa kaarnansa, mik\u00e4 tekee t\u00e4st\u00e4 tuotteen, joka ei aiheuta syyllisyytt\u00e4.<\/p>\n<\/li>\n<li>\n<p data-path-to-node=\"13,1,0\"><b data-path-to-node=\"13,1,0\" data-index-in-node=\"0\">Premium-br\u00e4nd\u00e4ys:<\/b> Valitse ter\u00e4v\u00e4n mustan silkkipainatuksen tai hienostuneen laserkaiverruksen v\u00e4lill\u00e4 saadaksesi tuntuman.<\/p>\n<\/li>\n<li>\n<p data-path-to-node=\"13,2,0\"><b data-path-to-node=\"13,2,0\" data-index-in-node=\"0\">Turvallinen lukitus:<\/b> Saatavilla kest\u00e4v\u00e4ll\u00e4 tavalla <b data-path-to-node=\"13,2,0\" data-index-in-node=\"45\">Puinen liukus\u00e4\u00e4din<\/b> tai bambuhelmell\u00e4 t\u00e4ydent\u00e4m\u00e4\u00e4n 100% muovitonta profiilia (saatavilla my\u00f6s vakiomuovilukot).<\/p>\n<\/li>\n<li>\n<p data-path-to-node=\"13,3,0\"><b data-path-to-node=\"13,3,0\" data-index-in-node=\"0\">Hypoallergeeninen:<\/b> Ihanteellinen herkk\u00e4ihoisille vieraille, sill\u00e4 korkki hylkii p\u00f6ly\u00e4 ja bakteereja.<\/p>\n<\/li>\n<\/ul>\n<h2 data-path-to-node=\"14\">Tekniset tiedot<\/h2>\n<ul data-path-to-node=\"15\">\n<li>\n<p data-path-to-node=\"15,0,0\"><b data-path-to-node=\"15,0,0\" data-index-in-node=\"0\">Materiaali:<\/b> Luonnonkorkkikerros (vahvistettu tausta)<\/p>\n<\/li>\n<li>\n<p data-path-to-node=\"15,1,0\"><b data-path-to-node=\"15,1,0\" data-index-in-node=\"0\">Br\u00e4nd\u00e4ysmenetelm\u00e4:<\/b> Laserkaiverrus (suositeltava) tai silkkipainatus<\/p>\n<\/li>\n<li>\n<p data-path-to-node=\"15,2,0\"><b data-path-to-node=\"15,2,0\" data-index-in-node=\"0\">Koko:<\/b> 350 mm x 15 mm (s\u00e4\u00e4dett\u00e4v\u00e4)<\/p>\n<\/li>\n<li>\n<p data-path-to-node=\"15,3,0\"><b data-path-to-node=\"15,3,0\" data-index-in-node=\"0\">Vedenpit\u00e4v\u00e4:<\/b> Kyll\u00e4 (luonnostaan vedenkest\u00e4v\u00e4)<\/p>\n<\/li>\n<li>\n<p data-path-to-node=\"15,4,0\"><b data-path-to-node=\"15,4,0\" data-index-in-node=\"0\">Lukitusvaihtoehdot:<\/b> Puinen helmi, bambuinen liukus\u00e4\u00e4din tai kierr\u00e4tetty muovi<\/p>\n<\/li>\n<li>\n<p data-path-to-node=\"15,5,0\"><b data-path-to-node=\"15,5,0\" data-index-in-node=\"0\">Minimim\u00e4\u00e4r\u00e4:<\/b> 100 yksikk\u00f6\u00e4<\/p>\n<\/li>\n<\/ul>\n<h2 data-path-to-node=\"16\">K\u00e4ytt\u00f6tapaukset<\/h2>\n<ul data-path-to-node=\"17\">\n<li>\n<p data-path-to-node=\"17,0,0\"><b data-path-to-node=\"17,0,0\" data-index-in-node=\"0\">Kest\u00e4v\u00e4n kehityksen konferenssit:<\/b> T\u00e4ydellinen valtuus ilmastoon ja ymp\u00e4rist\u00f6\u00f6n keskittyviin tapahtumiin.<\/p>\n<\/li>\n<li>\n<p data-path-to-node=\"17,1,0\"><b data-path-to-node=\"17,1,0\" data-index-in-node=\"0\">Ekokohteet ja glamping:<\/b> Vastaa ulkotilojen ylellisten majoitustilojen luonnollista estetiikkaa.<\/p>\n<\/li>\n<li>\n<p data-path-to-node=\"17,2,0\"><b data-path-to-node=\"17,2,0\" data-index-in-node=\"0\">Viinifestivaalit:<\/b> Temaattinen yhteys viinikorkkeihin tekee t\u00e4st\u00e4 hauskan ja relevantin br\u00e4nd\u00e4ysty\u00f6kalun.<\/p>\n<\/li>\n<li>\n<p data-path-to-node=\"17,3,0\"><b data-path-to-node=\"17,3,0\" data-index-in-node=\"0\">Hyv\u00e4ntekev\u00e4isyysgaalat:<\/b> Hienostunut ja hillitty ilme korkeatasoisiin varainkeruutapahtumiin.<\/p>\n<\/li>\n<\/ul>","protected":false},"excerpt":{"rendered":"<ul>\n<li>\n<p data-path-to-node=\"9,0,0\"><b data-path-to-node=\"9,0,0\" data-index-in-node=\"0\">100% Luonnollinen estetiikka:<\/b> Valmistettu aidosta korkkimateriaalista, jolla on ainutlaatuinen, orgaaninen, puumainen rakenne.<\/p>\n<\/li>\n<li>\n<p data-path-to-node=\"9,1,0\"><b data-path-to-node=\"9,1,0\" data-index-in-node=\"0\">Ymp\u00e4rist\u00f6yst\u00e4v\u00e4llinen valinta:<\/b> Uusiutuva, biohajoava vaihtoehto muoville, t\u00e4ydellinen vihreisiin tapahtumiin.<\/p>\n<\/li>\n<li>\n<p data-path-to-node=\"9,2,0\"><b data-path-to-node=\"9,2,0\" data-index-in-node=\"0\">Laserkaiverrus:<\/b> Br\u00e4nd\u00e4ys poltetaan suoraan korkkiin pysyv\u00e4n ja korkealaatuisen viimeistelyn saavuttamiseksi (my\u00f6s mustepainatus saatavilla).<\/p>\n<\/li>\n<li>\n<p data-path-to-node=\"9,3,0\"><b data-path-to-node=\"9,3,0\" data-index-in-node=\"0\">Luonnostaan kest\u00e4v\u00e4:<\/b> Korkki on luonnostaan vedenpit\u00e4v\u00e4\u00e4, hypoallergeenista ja mukavaa pitk\u00e4aikaiseen k\u00e4ytt\u00f6\u00f6n.<\/p>\n<\/li>\n<\/ul>","protected":false},"featured_media":6620,"comment_status":"closed","ping_status":"closed","template":"","meta":[],"product_brand":[],"product_cat":[133,47],"product_tag":[],"class_list":{"0":"post-6618","1":"product","2":"type-product","3":"status-publish","4":"has-post-thumbnail","6":"product_cat-eco-friendly-wristbands","7":"product_cat-fabric-wristbands","9":"first","10":"instock","11":"shipping-taxable","12":"purchasable","13":"product-type-simple"},"_links":{"self":[{"href":"https:\/\/displayproducts.eu\/fi\/wp-json\/wp\/v2\/product\/6618","targetHints":{"allow":["GET"]}}],"collection":[{"href":"https:\/\/displayproducts.eu\/fi\/wp-json\/wp\/v2\/product"}],"about":[{"href":"https:\/\/displayproducts.eu\/fi\/wp-json\/wp\/v2\/types\/product"}],"replies":[{"embeddable":true,"href":"https:\/\/displayproducts.eu\/fi\/wp-json\/wp\/v2\/comments?post=6618"}],"wp:featuredmedia":[{"embeddable":true,"href":"https:\/\/displayproducts.eu\/fi\/wp-json\/wp\/v2\/media\/6620"}],"wp:attachment":[{"href":"https:\/\/displayproducts.eu\/fi\/wp-json\/wp\/v2\/media?parent=6618"}],"wp:term":[{"taxonomy":"product_brand","embeddable":true,"href":"https:\/\/displayproducts.eu\/fi\/wp-json\/wp\/v2\/product_brand?post=6618"},{"taxonomy":"product_cat","embeddable":true,"href":"https:\/\/displayproducts.eu\/fi\/wp-json\/wp\/v2\/product_cat?post=6618"},{"taxonomy":"product_tag","embeddable":true,"href":"https:\/\/displayproducts.eu\/fi\/wp-json\/wp\/v2\/product_tag?post=6618"}],"curies":[{"name":"wp","href":"https:\/\/api.w.org\/{rel}","templated":true}]}}