{"id":6615,"date":"2026-01-09T15:29:35","date_gmt":"2026-01-09T12:29:35","guid":{"rendered":"https:\/\/wristbandfactory.eu\/?post_type=product&#038;p=6615"},"modified":"2026-04-01T21:52:34","modified_gmt":"2026-04-01T18:52:34","slug":"custom-full-color-vinyl-wristbands","status":"publish","type":"product","link":"https:\/\/displayproducts.eu\/fi\/p\/custom-full-color-vinyl-wristbands\/","title":{"rendered":"Vinyylirannekkeet t\u00e4ysv\u00e4ripainatuksella"},"content":{"rendered":"<p data-path-to-node=\"10\">Nosta tapahtumasi br\u00e4nd\u00e4yst\u00e4 meid\u00e4n avullamme <b data-path-to-node=\"10\" data-index-in-node=\"62\">Vinyylirannekkeet t\u00e4ysv\u00e4ripainatuksella<\/b>. Vaikka tavallisissa rannekkeissa on vain yksinkertaisia yksiv\u00e4risi\u00e4 logoja, n\u00e4iss\u00e4 premium-rannekkeissa k\u00e4ytet\u00e4\u00e4n edistyneit\u00e4 <b data-path-to-node=\"10\" data-index-in-node=\"200\">CMYK-digitaalinen painotekniikka<\/b> valokuvien, tasaisten v\u00e4risiirtymien ja eritt\u00e4in yksityiskohtaisten grafiikoiden toistamiseen suoraan rannekkeen pinnalle.<\/p>\n<p data-path-to-node=\"11\">Suunniteltu korkean profiilin tapahtumiin, festivaaleille ja lomakohteisiin <b data-path-to-node=\"11\" data-index-in-node=\"62\">Leve\u00e4pintainen (L-muoto)<\/b> rakenne maksimoi painatusalueen, mik\u00e4 tekee siit\u00e4 t\u00e4ydellisen valinnan sponsorilogojen tai monimutkaisten kuvien esittelyyn. Huippulaadukkaasta viimeistelyst\u00e4 huolimatta n\u00e4iss\u00e4 rannekkeissa on alan johtavat turvaominaisuudet, joita odotat, kuten v\u00e4\u00e4rent\u00e4misen est\u00e4v\u00e4 lukitusneppari ja vedenpit\u00e4v\u00e4 kolmilaminaattirakenne, joka kest\u00e4\u00e4 uintia, suihkua ja pitk\u00e4aikaista k\u00e4ytt\u00f6\u00e4.<\/p>\n<h2 data-path-to-node=\"12\">T\u00e4rkeimm\u00e4t ominaisuudet<\/h2>\n<ul data-path-to-node=\"13\">\n<li>\n<p data-path-to-node=\"13,0,0\"><b data-path-to-node=\"13,0,0\" data-index-in-node=\"0\">Valokuvalaatuinen painatus:<\/b> Toista mit\u00e4 tahansa suunnittelua, mukaan lukien valokuvia ja liukuv\u00e4rej\u00e4, ter\u00e4v\u00e4ll\u00e4 ja tarkalla yksityiskohtaisuudella.<\/p>\n<\/li>\n<li>\n<p data-path-to-node=\"13,1,0\"><b data-path-to-node=\"13,1,0\" data-index-in-node=\"0\">V\u00e4\u00e4rink\u00e4yt\u00f6lt\u00e4 suojattu lukitus:<\/b> Pysyv\u00e4 muovinen neppari on rikkottava rannekett\u00e4 varten, mik\u00e4 takaa ehdottoman turvallisuuden.<\/p>\n<\/li>\n<li>\n<p data-path-to-node=\"13,2,0\"><b data-path-to-node=\"13,2,0\" data-index-in-node=\"0\">Vedenpit\u00e4v\u00e4 ja rep\u00e4isynkest\u00e4v\u00e4:<\/b> Ihanteellinen useamman p\u00e4iv\u00e4n k\u00e4ytt\u00f6\u00f6n m\u00e4riss\u00e4 ymp\u00e4rist\u00f6iss\u00e4, kuten vesipuistoissa ja rantakohteissa.<\/p>\n<\/li>\n<li>\n<p data-path-to-node=\"13,3,0\"><b data-path-to-node=\"13,3,0\" data-index-in-node=\"0\">Muuttuva data valmis:<\/b> Voidaan tulostaa yksil\u00f6llisill\u00e4 QR-koodeilla, viivakoodeilla tai sarjanumeroilla integroitua kulunvalvontaa varten.<\/p>\n<\/li>\n<\/ul>\n<h2 data-path-to-node=\"14\">Tekniset tiedot<\/h2>\n<ul data-path-to-node=\"15\">\n<li>\n<p data-path-to-node=\"15,0,0\"><b data-path-to-node=\"15,0,0\" data-index-in-node=\"0\">Materiaali:<\/b> 3-kerroksinen kolmikerroksinen vinyyli<\/p>\n<\/li>\n<li>\n<p data-path-to-node=\"15,1,0\"><b data-path-to-node=\"15,1,0\" data-index-in-node=\"0\">Painatusmenetelm\u00e4:<\/b> CMYK-digitaalipainatus (moniv\u00e4rinen)<\/p>\n<\/li>\n<li>\n<p data-path-to-node=\"15,2,0\"><b data-path-to-node=\"15,2,0\" data-index-in-node=\"0\">Malli:<\/b> Leve\u00e4pintainen \/ L-muotoinen<\/p>\n<\/li>\n<li>\n<p data-path-to-node=\"15,3,0\"><b data-path-to-node=\"15,3,0\" data-index-in-node=\"0\">P\u00e4\u00e4tt\u00e4minen:<\/b> Kertak\u00e4ytt\u00f6inen muovinen neppari<\/p>\n<\/li>\n<li>\n<p data-path-to-node=\"15,4,0\"><b data-path-to-node=\"15,4,0\" data-index-in-node=\"0\">Vedenpit\u00e4v\u00e4:<\/b> Kyll\u00e4 (100%)<\/p>\n<\/li>\n<li>\n<p data-path-to-node=\"15,5,0\"><b data-path-to-node=\"15,5,0\" data-index-in-node=\"0\">Tuotantoaika:<\/b> 5\u201310 arkip\u00e4iv\u00e4\u00e4<\/p>\n<\/li>\n<li>\n<p data-path-to-node=\"15,6,0\"><b data-path-to-node=\"15,6,0\" data-index-in-node=\"0\">Minimim\u00e4\u00e4r\u00e4:<\/b> 100 yksikk\u00f6\u00e4<\/p>\n<\/li>\n<\/ul>\n<h2 data-path-to-node=\"16\">K\u00e4ytt\u00f6tapaukset<\/h2>\n<ul data-path-to-node=\"17\">\n<li>\n<p data-path-to-node=\"17,0,0\"><b data-path-to-node=\"17,0,0\" data-index-in-node=\"0\">Musiikkifestivaalit:<\/b> Monimutkaiset ja vaikeasti kopioitavat mallit toimivat turvallisina tunnisteina usean p\u00e4iv\u00e4n sis\u00e4\u00e4np\u00e4\u00e4syyn.<\/p>\n<\/li>\n<li>\n<p data-path-to-node=\"17,1,0\"><b data-path-to-node=\"17,1,0\" data-index-in-node=\"0\">VIP- ja kulissien takainen:<\/b> Ensiluokkainen, v\u00e4rillinen ulkoasu erottaa VIP-vieraat tavallisista asiakkaista.<\/p>\n<\/li>\n<li>\n<p data-path-to-node=\"17,2,0\"><b data-path-to-node=\"17,2,0\" data-index-in-node=\"0\">Sponsorit:<\/b> Suuri pinta-ala mahdollistaa sponsorien logojen selke\u00e4n ja v\u00e4rikk\u00e4\u00e4n esittelyn.<\/p>\n<\/li>\n<li>\n<p data-path-to-node=\"17,3,0\"><b data-path-to-node=\"17,3,0\" data-index-in-node=\"0\">Lomakeskukset ja hotellit:<\/b> Tarpeeksi kest\u00e4v\u00e4 viikon kest\u00e4v\u00e4\u00e4n vieraiden tunnistamiseen ja korkealuokkainen estetiikka.<\/p>\n<\/li>\n<\/ul>","protected":false},"excerpt":{"rendered":"<ul>\n<li>\n<p data-path-to-node=\"9,0,0\"><b data-path-to-node=\"9,0,0\" data-index-in-node=\"0\">Rajoittamaton m\u00e4\u00e4r\u00e4 v\u00e4rej\u00e4:<\/b> CMYK-digitaalipainatus mahdollistaa valokuvien, liukuv\u00e4rien ja monimutkaisten kuvioiden tulostamisen ilman v\u00e4rirajoituksia.<\/p>\n<\/li>\n<li>\n<p data-path-to-node=\"9,1,0\"><b data-path-to-node=\"9,1,0\" data-index-in-node=\"0\">Suurin br\u00e4nditila:<\/b> \u201cWide Face\u201d -suunnittelu tarjoaa suuren kankaan sponsorilogoille ja tapahtumagrafiikalle.<\/p>\n<\/li>\n<li>\n<p data-path-to-node=\"9,2,0\"><b data-path-to-node=\"9,2,0\" data-index-in-node=\"0\">Korkea turvallisuustaso:<\/b> Kertak\u00e4ytt\u00f6inen muovinen napsautussuljin est\u00e4\u00e4 siirt\u00e4misen ja uudelleenk\u00e4yt\u00f6n vieraiden v\u00e4lill\u00e4.<\/p>\n<\/li>\n<li>\n<p data-path-to-node=\"9,3,0\"><b data-path-to-node=\"9,3,0\" data-index-in-node=\"0\">Ensiluokkaista kest\u00e4vyytt\u00e4:<\/b> Kolmikerroksinen vinyylirakenne varmistaa, ett\u00e4 ranneke pysyy ehj\u00e4n\u00e4 ja eloisana yli 7 p\u00e4iv\u00e4\u00e4.<\/p>\n<\/li>\n<\/ul>","protected":false},"featured_media":6616,"comment_status":"closed","ping_status":"closed","template":"","meta":[],"product_brand":[],"product_cat":[51],"product_tag":[],"class_list":{"0":"post-6615","1":"product","2":"type-product","3":"status-publish","4":"has-post-thumbnail","6":"product_cat-vinyl","8":"first","9":"instock","10":"shipping-taxable","11":"purchasable","12":"product-type-simple"},"_links":{"self":[{"href":"https:\/\/displayproducts.eu\/fi\/wp-json\/wp\/v2\/product\/6615","targetHints":{"allow":["GET"]}}],"collection":[{"href":"https:\/\/displayproducts.eu\/fi\/wp-json\/wp\/v2\/product"}],"about":[{"href":"https:\/\/displayproducts.eu\/fi\/wp-json\/wp\/v2\/types\/product"}],"replies":[{"embeddable":true,"href":"https:\/\/displayproducts.eu\/fi\/wp-json\/wp\/v2\/comments?post=6615"}],"wp:featuredmedia":[{"embeddable":true,"href":"https:\/\/displayproducts.eu\/fi\/wp-json\/wp\/v2\/media\/6616"}],"wp:attachment":[{"href":"https:\/\/displayproducts.eu\/fi\/wp-json\/wp\/v2\/media?parent=6615"}],"wp:term":[{"taxonomy":"product_brand","embeddable":true,"href":"https:\/\/displayproducts.eu\/fi\/wp-json\/wp\/v2\/product_brand?post=6615"},{"taxonomy":"product_cat","embeddable":true,"href":"https:\/\/displayproducts.eu\/fi\/wp-json\/wp\/v2\/product_cat?post=6615"},{"taxonomy":"product_tag","embeddable":true,"href":"https:\/\/displayproducts.eu\/fi\/wp-json\/wp\/v2\/product_tag?post=6615"}],"curies":[{"name":"wp","href":"https:\/\/api.w.org\/{rel}","templated":true}]}}