{"id":6609,"date":"2026-01-06T13:25:58","date_gmt":"2026-01-06T10:25:58","guid":{"rendered":"https:\/\/wristbandfactory.eu\/?post_type=product&#038;p=6609"},"modified":"2026-04-01T21:52:03","modified_gmt":"2026-04-01T18:52:03","slug":"custom-full-color-microfiber-suede-towels","status":"publish","type":"product","link":"https:\/\/displayproducts.eu\/fi\/p\/custom-full-color-microfiber-suede-towels\/","title":{"rendered":"Painetut mikrokuitupyyhkeet"},"content":{"rendered":"<p data-path-to-node=\"9\">Nosta br\u00e4ndisi l\u00e4sn\u00e4oloa kuntosalilla, rannalla tai urheilutapahtumissa ensiluokkaisilla, mittatilausty\u00f6n\u00e4 valmistetuilla mikrokuituisilla mokkanahkapyyhkeill\u00e4mme. Toisin kuin perinteiset pyyhkeet, mokkanahkapintainen mikrokuitu tarjoaa sile\u00e4n, silmukkattoman pinnan, joka mahdollistaa uskomattoman ter\u00e4v\u00e4n ja eloisan t\u00e4ysv\u00e4risen painatuksen, jolloin logosi tai kuvasi erottuvat edukseen valokuvamaisella selkeydell\u00e4.<\/p>\n<h2 data-path-to-node=\"10\">T\u00e4rkeimm\u00e4t ominaisuudet<\/h2>\n<ul data-path-to-node=\"11\">\n<li>\n<p data-path-to-node=\"11,0,0\"><b data-path-to-node=\"11,0,0\" data-index-in-node=\"0\">El\u00e4v\u00e4 sublimaatiopainatus:<\/b> K\u00e4yt\u00e4mme edistynytt\u00e4 l\u00e4mm\u00f6nsiirtopainatusta varmistaaksemme, ett\u00e4 v\u00e4rit pysyv\u00e4t kirkkaina my\u00f6s useiden pesujen j\u00e4lkeen.<\/p>\n<\/li>\n<li>\n<p data-path-to-node=\"11,1,0\"><b data-path-to-node=\"11,1,0\" data-index-in-node=\"0\">Mokkanahka viimeistely:<\/b> Pehme\u00e4, harjattu rakenne tuntuu ylelliselt\u00e4 ihoa vasten ja on samalla eritt\u00e4in toimiva ja hiekkaa hylkiv\u00e4.<\/p>\n<\/li>\n<li>\n<p data-path-to-node=\"11,2,0\"><b data-path-to-node=\"11,2,0\" data-index-in-node=\"0\">Ymp\u00e4rist\u00f6yst\u00e4v\u00e4lliset musteet:<\/b> Painoprosessissamme k\u00e4ytet\u00e4\u00e4n turvallisia, pitk\u00e4kestoisia musteita, jotka sopivat jokap\u00e4iv\u00e4iseen k\u00e4ytt\u00f6\u00f6n.<\/p>\n<\/li>\n<li>\n<p data-path-to-node=\"11,3,0\"><b data-path-to-node=\"11,3,0\" data-index-in-node=\"0\">Monipuolinen mitoitus:<\/b> Valitse k\u00e4sipyyhkeist\u00e4 (50x70cm) suuriin rantapyyhkeisiin (80x160cm).<\/p>\n<\/li>\n<\/ul>\n<h2 data-path-to-node=\"12\">Tekniset tiedot<\/h2>\n<ul data-path-to-node=\"13\">\n<li>\n<p data-path-to-node=\"13,0,0\"><b data-path-to-node=\"13,0,0\" data-index-in-node=\"0\">Materiaali:<\/b> 100% mikrokuitumokkanahka (polyesteri\/polyamidisekoite).<\/p>\n<\/li>\n<li>\n<p data-path-to-node=\"13,1,0\"><b data-path-to-node=\"13,1,0\" data-index-in-node=\"0\">Vakiokoot:<\/b> 50x70 cm, 50x100 cm, 70x140 cm, 80x160 cm.<\/p>\n<\/li>\n<li>\n<p data-path-to-node=\"13,2,0\"><b data-path-to-node=\"13,2,0\" data-index-in-node=\"0\">Mukauttaminen:<\/b> Koko pinnan digitaalinen painatus (yksi- tai kaksipuolinen).<\/p>\n<\/li>\n<li>\n<p data-path-to-node=\"13,3,0\"><b data-path-to-node=\"13,3,0\" data-index-in-node=\"0\">R\u00e4\u00e4t\u00e4l\u00f6idyt vaihtoehdot:<\/b> Mukautetut koot ja muodot saatavilla pyynn\u00f6st\u00e4.<\/p>\n<\/li>\n<li>\n<p data-path-to-node=\"13,4,0\"><b data-path-to-node=\"13,4,0\" data-index-in-node=\"0\">Paino:<\/b> Kevyt ja kokoontaitettava helppoa kuljetusta varten.<\/p>\n<\/li>\n<\/ul>\n<h2 data-path-to-node=\"14\">K\u00e4ytt\u00f6tapaukset<\/h2>\n<ul data-path-to-node=\"15\">\n<li>\n<p data-path-to-node=\"15,0,0\"><b data-path-to-node=\"15,0,0\" data-index-in-node=\"0\">Yritysilme:<\/b> Huippuluokan lahjat ty\u00f6ntekij\u00f6ille ja yhteisty\u00f6kumppaneille.<\/p>\n<\/li>\n<li>\n<p data-path-to-node=\"15,1,0\"><b data-path-to-node=\"15,1,0\" data-index-in-node=\"0\">Urheilu ja kuntoilu:<\/b> Merkkivarusteita CrossFit-bokseille, uimakerhoille ja joogastudioille.<\/p>\n<\/li>\n<li>\n<p data-path-to-node=\"15,2,0\"><b data-path-to-node=\"15,2,0\" data-index-in-node=\"0\">Tapahtuman oheistuotteet:<\/b> Muistettavaa matkamuistoa festivaaleille ja ulkoilmakilpailuihin.<\/p>\n<\/li>\n<li>\n<p data-path-to-node=\"15,3,0\"><b data-path-to-node=\"15,3,0\" data-index-in-node=\"0\">Matkailu ja ravitsemusala:<\/b> Mittatilausty\u00f6n\u00e4 tehdyt rantapyyhkeet hotelleihin, kylpyl\u00f6ihin ja lomakohteisiin.<\/p>\n<\/li>\n<\/ul>\n<p data-path-to-node=\"16\">","protected":false},"excerpt":{"rendered":"<p data-path-to-node=\"7\">R\u00e4\u00e4t\u00e4l\u00f6idyt mikrokuituiset mokkanahkapyyhkeemme tarjoavat ensiluokkaisen, pehme\u00e4n pinnan korkearesoluutioiseen, t\u00e4ysv\u00e4riseen br\u00e4nd\u00e4ykseen. T\u00e4ydellinen urheiluseuroille, yrityslahjoihin ja tapahtumiin.<\/p>\n<ul data-path-to-node=\"8\">\n<li>\n<p data-path-to-node=\"8,0,0\"><b data-path-to-node=\"8,0,0\" data-index-in-node=\"0\">Valokuvalaatuinen br\u00e4nd\u00e4ys:<\/b> Reunasta reunaan -moniv\u00e4rinen sublimaatiopainatuspainatus.<\/p>\n<\/li>\n<li>\n<p data-path-to-node=\"8,1,0\"><b data-path-to-node=\"8,1,0\" data-index-in-node=\"0\">Rapid Dry -teknologia:<\/b> Huippuluokan mikrokuitumokkanahkamateriaali, joka kuivuu huomattavasti nopeammin kuin puuvilla.<\/p>\n<\/li>\n<li>\n<p data-path-to-node=\"8,2,0\"><b data-path-to-node=\"8,2,0\" data-index-in-node=\"0\">T\u00e4ysin muokattavissa:<\/b> Saatavilla nelj\u00e4ss\u00e4 vakiokoossa tai mittatilausty\u00f6n\u00e4 br\u00e4ndisi tarpeisiin.<\/p>\n<\/li>\n<li>\n<p data-path-to-node=\"8,3,0\"><b data-path-to-node=\"8,3,0\" data-index-in-node=\"0\">Kompakti ja kevyt:<\/b> Ihanteellinen matkoille, kuntosalille tai mainoslahjoille.<\/p>\n<\/li>\n<\/ul>","protected":false},"featured_media":6610,"comment_status":"closed","ping_status":"closed","template":"","meta":[],"product_brand":[],"product_cat":[129,118],"product_tag":[],"class_list":{"0":"post-6609","1":"product","2":"type-product","3":"status-publish","4":"has-post-thumbnail","6":"product_cat-leisure-lifestyle","7":"product_cat-sports-fitness","9":"first","10":"instock","11":"shipping-taxable","12":"purchasable","13":"product-type-simple"},"_links":{"self":[{"href":"https:\/\/displayproducts.eu\/fi\/wp-json\/wp\/v2\/product\/6609","targetHints":{"allow":["GET"]}}],"collection":[{"href":"https:\/\/displayproducts.eu\/fi\/wp-json\/wp\/v2\/product"}],"about":[{"href":"https:\/\/displayproducts.eu\/fi\/wp-json\/wp\/v2\/types\/product"}],"replies":[{"embeddable":true,"href":"https:\/\/displayproducts.eu\/fi\/wp-json\/wp\/v2\/comments?post=6609"}],"wp:featuredmedia":[{"embeddable":true,"href":"https:\/\/displayproducts.eu\/fi\/wp-json\/wp\/v2\/media\/6610"}],"wp:attachment":[{"href":"https:\/\/displayproducts.eu\/fi\/wp-json\/wp\/v2\/media?parent=6609"}],"wp:term":[{"taxonomy":"product_brand","embeddable":true,"href":"https:\/\/displayproducts.eu\/fi\/wp-json\/wp\/v2\/product_brand?post=6609"},{"taxonomy":"product_cat","embeddable":true,"href":"https:\/\/displayproducts.eu\/fi\/wp-json\/wp\/v2\/product_cat?post=6609"},{"taxonomy":"product_tag","embeddable":true,"href":"https:\/\/displayproducts.eu\/fi\/wp-json\/wp\/v2\/product_tag?post=6609"}],"curies":[{"name":"wp","href":"https:\/\/api.w.org\/{rel}","templated":true}]}}