{"id":6607,"date":"2026-01-06T12:55:23","date_gmt":"2026-01-06T09:55:23","guid":{"rendered":"https:\/\/wristbandfactory.eu\/?post_type=product&#038;p=6607"},"modified":"2026-04-01T21:52:34","modified_gmt":"2026-04-01T18:52:34","slug":"custom-round-cord-lanyards-with-printable-badge-slider","status":"publish","type":"product","link":"https:\/\/displayproducts.eu\/fi\/p\/custom-round-cord-lanyards-with-printable-badge-slider\/","title":{"rendered":"Painetut py\u00f6re\u00e4t kaulanauhat logopidikkeell\u00e4"},"content":{"rendered":"<p data-path-to-node=\"8\">R\u00e4\u00e4t\u00e4l\u00f6idyt py\u00f6re\u00e4t nauhanauhamme tulostettavilla liukukiskoilla tarjoavat modernin ja minimalistisen vaihtoehdon perinteisille litteille nauhanauhoille. T\u00e4m\u00e4n muotoilun keskipisteen\u00e4 on py\u00f6re\u00e4 muovikiinnike, johon voidaan kiinnitt\u00e4\u00e4 yrityksesi logo. T\u00e4m\u00e4 liukukisko ei ainoastaan vahvista br\u00e4ndi-identiteetti\u00e4si silmien tasolla, vaan se tarjoaa my\u00f6s vakaan ankkurin tunnistekorteille varmistaen, ett\u00e4 ne pysyv\u00e4t eteenp\u00e4in suunnattuina koko tapahtuman ajan.<\/p>\n<h2 data-path-to-node=\"9\">T\u00e4rkeimm\u00e4t ominaisuudet<\/h2>\n<ul data-path-to-node=\"10\">\n<li>\n<p data-path-to-node=\"10,0,0\"><b data-path-to-node=\"10,0,0\" data-index-in-node=\"0\">Tulostettava muoviliitin:<\/b> Kest\u00e4v\u00e4 muovinen liukus\u00e4\u00e4din on optimoitu pitk\u00e4aikaiseen logon kiinnitt\u00e4miseen ilman haalistumista.<\/p>\n<\/li>\n<li>\n<p data-path-to-node=\"10,1,0\"><b data-path-to-node=\"10,1,0\" data-index-in-node=\"0\">Ensiluokkainen johtotekstuuri:<\/b> Tihe\u00e4sti kudottu naru, joka s\u00e4ilytt\u00e4\u00e4 muotonsa ja ammattimaisen ulkon\u00e4k\u00f6ns\u00e4.<\/p>\n<\/li>\n<li>\n<p data-path-to-node=\"10,2,0\"><b data-path-to-node=\"10,2,0\" data-index-in-node=\"0\">Optimoitu ansiomerkeille:<\/b> Integroitu lenkki on t\u00e4ydellisen kokoinen tavallisille nimilapun pidikkeille ja korttikoteloille.<\/p>\n<\/li>\n<li>\n<p data-path-to-node=\"10,3,0\"><b data-path-to-node=\"10,3,0\" data-index-in-node=\"0\">Monipuolinen mukauttaminen:<\/b> Saatavilla laajassa valikoimassa johtojen v\u00e4rej\u00e4, jotka sopivat t\u00e4ydellisesti yrityksesi ilmeeseen.<\/p>\n<\/li>\n<\/ul>\n<h2 data-path-to-node=\"11\">Tekniset tiedot<\/h2>\n<ul data-path-to-node=\"12\">\n<li>\n<p data-path-to-node=\"12,0,0\"><b data-path-to-node=\"12,0,0\" data-index-in-node=\"0\">Johdon halkaisija:<\/b> 5 mm tai 6 mm paksua, eritt\u00e4in lujaa polyesterinarua.<\/p>\n<\/li>\n<li>\n<p data-path-to-node=\"12,1,0\"><b data-path-to-node=\"12,1,0\" data-index-in-node=\"0\">Liukus\u00e4\u00e4timen materiaali:<\/b> Vahvistettua ABS-muovia, jossa on sile\u00e4 pinta painatusta varten.<\/p>\n<\/li>\n<li>\n<p data-path-to-node=\"12,2,0\"><b data-path-to-node=\"12,2,0\" data-index-in-node=\"0\">Liukus\u00e4\u00e4timen mitat:<\/b> Py\u00f6re\u00e4 br\u00e4nd\u00e4ysalue, jonka halkaisija on 25\u201330 mm.<\/p>\n<\/li>\n<li>\n<p data-path-to-node=\"12,3,0\"><b data-path-to-node=\"12,3,0\" data-index-in-node=\"0\">Liitteen tyyppi:<\/b> Integroitu narulenkki nimilapun pidikkeille.<\/p>\n<\/li>\n<\/ul>\n<h2 data-path-to-node=\"13\">K\u00e4ytt\u00f6tapaukset<\/h2>\n<ul data-path-to-node=\"14\">\n<li>\n<p data-path-to-node=\"14,0,0\"><b data-path-to-node=\"14,0,0\" data-index-in-node=\"0\">Korkean tason huippukokoukset:<\/b> T\u00e4ydellinen arvostettuihin tapahtumiin, kuten Davosiin, tai kansainv\u00e4lisille foorumeille, joissa br\u00e4nd\u00e4yksen on oltava hienovaraista mutta ammattimaista.<\/p>\n<\/li>\n<li>\n<p data-path-to-node=\"14,1,0\"><b data-path-to-node=\"14,1,0\" data-index-in-node=\"0\">Yrityksen tunnistetiedot:<\/b> Ihanteellinen ratkaisu jokap\u00e4iv\u00e4iseen k\u00e4ytt\u00f6\u00f6n ty\u00f6ntekij\u00f6ille, jotka tarvitsevat n\u00e4kyv\u00e4n henkil\u00f6llisyystodistuksen.<\/p>\n<\/li>\n<li>\n<p data-path-to-node=\"14,2,0\"><b data-path-to-node=\"14,2,0\" data-index-in-node=\"0\">N\u00e4ytteilleasettajien br\u00e4nd\u00e4ys:<\/b> Anna messuhenkil\u00f6kunnallesi ensiluokkainen ilme, joka erottuu tavallisista litteist\u00e4 kaulanauhoista.<\/p>\n<\/li>\n<\/ul>","protected":false},"excerpt":{"rendered":"<p data-path-to-node=\"6\">Ammattimainen py\u00f6re\u00e4st\u00e4 narusta valmistettu kaulanauharatkaisu, jossa on erityinen tulostettava py\u00f6re\u00e4 liukus\u00e4\u00e4din. T\u00e4m\u00e4 kiinnike toimii n\u00e4kyv\u00e4n\u00e4 br\u00e4nd\u00e4yselementtin\u00e4 ja pit\u00e4\u00e4 samalla henkil\u00f6kortit ja tapahtumakortit turvallisesti paikoillaan.<\/p>\n<ul data-path-to-node=\"7\">\n<li>\n<p data-path-to-node=\"7,0,0\"><b data-path-to-node=\"7,0,0\" data-index-in-node=\"0\">Vaikuttava br\u00e4nd\u00e4ys:<\/b> Keskell\u00e4 oleva muovinen liukus\u00e4\u00e4din tarjoaa tasaisen ja vakaan pinnan ter\u00e4v\u00e4piirtologojen painatukseen.<\/p>\n<\/li>\n<li>\n<p data-path-to-node=\"7,1,0\"><b data-path-to-node=\"7,1,0\" data-index-in-node=\"0\">Ergonominen muotoilu:<\/b> Mukava py\u00f6re\u00e4 ny\u00f6rirakenne v\u00e4hent\u00e4\u00e4 niskan \u00e4rsytyst\u00e4 pitkien yritystapahtumien aikana.<\/p>\n<\/li>\n<li>\n<p data-path-to-node=\"7,2,0\"><b data-path-to-node=\"7,2,0\" data-index-in-node=\"0\">Integroitu tunnistusratkaisu:<\/b> Suunniteltu erityisesti liitett\u00e4v\u00e4ksi muovisiin nimilapun pidikkeisiin ja l\u00e4heisyyskortteihin ilman lis\u00e4laitteita.<\/p>\n<\/li>\n<\/ul>","protected":false},"featured_media":6608,"comment_status":"closed","ping_status":"closed","template":"","meta":[],"product_brand":[],"product_cat":[125,105],"product_tag":[],"class_list":{"0":"post-6607","1":"product","2":"type-product","3":"status-publish","4":"has-post-thumbnail","6":"product_cat-cord-lanyards","7":"product_cat-badge-holder-lanyards","9":"first","10":"instock","11":"shipping-taxable","12":"purchasable","13":"product-type-simple"},"_links":{"self":[{"href":"https:\/\/displayproducts.eu\/fi\/wp-json\/wp\/v2\/product\/6607","targetHints":{"allow":["GET"]}}],"collection":[{"href":"https:\/\/displayproducts.eu\/fi\/wp-json\/wp\/v2\/product"}],"about":[{"href":"https:\/\/displayproducts.eu\/fi\/wp-json\/wp\/v2\/types\/product"}],"replies":[{"embeddable":true,"href":"https:\/\/displayproducts.eu\/fi\/wp-json\/wp\/v2\/comments?post=6607"}],"wp:featuredmedia":[{"embeddable":true,"href":"https:\/\/displayproducts.eu\/fi\/wp-json\/wp\/v2\/media\/6608"}],"wp:attachment":[{"href":"https:\/\/displayproducts.eu\/fi\/wp-json\/wp\/v2\/media?parent=6607"}],"wp:term":[{"taxonomy":"product_brand","embeddable":true,"href":"https:\/\/displayproducts.eu\/fi\/wp-json\/wp\/v2\/product_brand?post=6607"},{"taxonomy":"product_cat","embeddable":true,"href":"https:\/\/displayproducts.eu\/fi\/wp-json\/wp\/v2\/product_cat?post=6607"},{"taxonomy":"product_tag","embeddable":true,"href":"https:\/\/displayproducts.eu\/fi\/wp-json\/wp\/v2\/product_tag?post=6607"}],"curies":[{"name":"wp","href":"https:\/\/api.w.org\/{rel}","templated":true}]}}