{"id":6599,"date":"2026-01-06T00:43:04","date_gmt":"2026-01-05T21:43:04","guid":{"rendered":"https:\/\/wristbandfactory.eu\/?post_type=product&#038;p=6599"},"modified":"2026-04-01T21:52:34","modified_gmt":"2026-04-01T18:52:34","slug":"premium-fabric-wristbands-with-gold-thread","status":"publish","type":"product","link":"https:\/\/displayproducts.eu\/fi\/p\/premium-fabric-wristbands-with-gold-thread\/","title":{"rendered":"Kultalangalla kudotut festivaalirannekkeet"},"content":{"rendered":"<p data-path-to-node=\"8\">Ensiluokkaiset kultalangasta valmistetut festivaalirannekkeet ovat tapahtumien tunnistamisen huippua. Yhdist\u00e4m\u00e4ll\u00e4 perinteisi\u00e4, korkealaatuisia polyesterikuituja metalliseen lurex-lankaan luomme rannekkeen, joka ei ainoastaan tunnista vierasta, vaan parantaa koko tapahtumakokemusta. N\u00e4m\u00e4 rannekkeet on suunniteltu j\u00e4rjest\u00e4jille, jotka kielt\u00e4ytyv\u00e4t tinkim\u00e4st\u00e4 turvallisuudesta tai tyylist\u00e4.<\/p>\n<h2 data-path-to-node=\"9\">T\u00e4rkeimm\u00e4t ominaisuudet<\/h2>\n<ul data-path-to-node=\"10\">\n<li>\n<p data-path-to-node=\"10,0,0\"><b data-path-to-node=\"10,0,0\" data-index-in-node=\"0\">Metallinen lurex-kudonta:<\/b> Aito kullanv\u00e4rinen lanka kudottu suoraan kankaaseen pysyv\u00e4n, kimaltelevan pinnan aikaansaamiseksi.<\/p>\n<\/li>\n<li>\n<p data-path-to-node=\"10,1,0\"><b data-path-to-node=\"10,1,0\" data-index-in-node=\"0\">V\u00e4\u00e4rink\u00e4yt\u00f6lt\u00e4 suojatut sulkimet:<\/b> Valitse yksisuuntaisista muovikiskoista, metallirenkaista tai ymp\u00e4rist\u00f6yst\u00e4v\u00e4llisist\u00e4 bambulukoista.<\/p>\n<\/li>\n<li>\n<p data-path-to-node=\"10,2,0\"><b data-path-to-node=\"10,2,0\" data-index-in-node=\"0\">Mukavuutta ja istuvuutta lis\u00e4\u00e4v\u00e4 muotoilu:<\/b> Pehme\u00e4t reunat varmistavat, ett\u00e4 ranneke pysyy mukavana my\u00f6s pitkien, usean p\u00e4iv\u00e4n tapahtumien aikana.<\/p>\n<\/li>\n<li>\n<p data-path-to-node=\"10,3,0\"><b data-path-to-node=\"10,3,0\" data-index-in-node=\"0\">Vedenkest\u00e4v\u00e4 ja repe\u00e4m\u00e4t\u00f6n:<\/b> Rakennettu kest\u00e4m\u00e4\u00e4n sadetta, hike\u00e4 ja raskasta toimintaa menett\u00e4m\u00e4tt\u00e4 v\u00e4ri\u00e4 tai rakenteellista eheytt\u00e4.<\/p>\n<\/li>\n<\/ul>\n<h2 data-path-to-node=\"11\">Tekniset tiedot<\/h2>\n<ul data-path-to-node=\"12\">\n<li>\n<p data-path-to-node=\"12,0,0\"><b data-path-to-node=\"12,0,0\" data-index-in-node=\"0\">Materiaali:<\/b> Korkealaatuinen polyesteri + metallinhohtoinen kultainen lurex.<\/p>\n<\/li>\n<li>\n<p data-path-to-node=\"12,1,0\"><b data-path-to-node=\"12,1,0\" data-index-in-node=\"0\">Mitat:<\/b> Vakiokoko 15 mm x 350 mm (Erilaisia leveyksi\u00e4 saatavilla pyynn\u00f6st\u00e4).<\/p>\n<\/li>\n<li>\n<p data-path-to-node=\"12,2,0\"><b data-path-to-node=\"12,2,0\" data-index-in-node=\"0\">Painatus:<\/b> Jopa 8 kudottua v\u00e4ri\u00e4, mukaan lukien metallinen pohja.<\/p>\n<\/li>\n<li>\n<p data-path-to-node=\"12,3,0\"><b data-path-to-node=\"12,3,0\" data-index-in-node=\"0\">Lukitusvaihtoehdot:<\/b> Kertak\u00e4ytt\u00f6inen liukulukko (muovi\/metalli) tai uudelleenk\u00e4ytett\u00e4v\u00e4 helmi.<\/p>\n<\/li>\n<li>\n<p data-path-to-node=\"12,4,0\"><b data-path-to-node=\"12,4,0\" data-index-in-node=\"0\">Minimitilausm\u00e4\u00e4r\u00e4:<\/b> 100 yksikk\u00f6\u00e4.<\/p>\n<\/li>\n<\/ul>\n<h2 data-path-to-node=\"13\">K\u00e4ytt\u00f6tapaukset<\/h2>\n<ul data-path-to-node=\"14\">\n<li>\n<p data-path-to-node=\"14,0,0\"><b data-path-to-node=\"14,0,0\" data-index-in-node=\"0\">Musiikkifestivaalit:<\/b> VIP-, kulissien takaisten tai artistialueiden merkitseminen n\u00e4kyv\u00e4ll\u00e4 premium-merkinn\u00e4ll\u00e4.<\/p>\n<\/li>\n<li>\n<p data-path-to-node=\"14,1,0\"><b data-path-to-node=\"14,1,0\" data-index-in-node=\"0\">Yritysgaalat:<\/b> Hienostunut vaihtoehto tavallisille muovi- tai paperirannekkeille smokkitilaisuuksiin.<\/p>\n<\/li>\n<li>\n<p data-path-to-node=\"14,2,0\"><b data-path-to-node=\"14,2,0\" data-index-in-node=\"0\">Luksushotellit ja lomakohteet:<\/b> Erottaa &quot;All-inclusive&quot;- tai &quot;Club-tason&quot; vieraat tyylill\u00e4.<\/p>\n<\/li>\n<li>\n<p data-path-to-node=\"14,3,0\"><b data-path-to-node=\"14,3,0\" data-index-in-node=\"0\">Muistotapahtumat:<\/b> Vuosip\u00e4iv\u00e4juhlat, joissa ranneke toimii arvokkaana muistona.<\/p>\n<\/li>\n<\/ul>\n<p data-path-to-node=\"15\">","protected":false},"excerpt":{"rendered":"<ul>\n<li>\n<p data-path-to-node=\"7,0,0\"><b data-path-to-node=\"7,0,0\" data-index-in-node=\"0\">Ensiluokkainen VIP-estetiikka:<\/b> Punottu metallinen kultalanka antaa ylellisen ja ylellisen ilmeen, joka erottaa VIP-vieraat joukosta.<\/p>\n<\/li>\n<li>\n<p data-path-to-node=\"7,1,0\"><b data-path-to-node=\"7,1,0\" data-index-in-node=\"0\">\u00c4\u00e4rimm\u00e4inen turvallisuus:<\/b> Sis\u00e4lt\u00e4\u00e4 siirrett\u00e4v\u00e4n lukitusmekanismin, joka est\u00e4\u00e4 luvattoman jakamisen ja p\u00e4\u00e4syn.<\/p>\n<\/li>\n<li>\n<p data-path-to-node=\"7,2,0\"><b data-path-to-node=\"7,2,0\" data-index-in-node=\"0\">Pitk\u00e4kestoinen br\u00e4nd\u00e4ys:<\/b> Valmistettu korkealaatuisesta polyesterist\u00e4, joka kest\u00e4\u00e4 monip\u00e4iv\u00e4iset festivaalit ja toimii matkamuistona.<\/p>\n<\/li>\n<li>\n<p data-path-to-node=\"7,3,0\"><b data-path-to-node=\"7,3,0\" data-index-in-node=\"0\">T\u00e4ydellinen mukauttaminen:<\/b> Moniv\u00e4rinen kudonta mahdollistaa monimutkaisten logojen integroinnin kimaltelevien kultaisten yksityiskohtien kanssa.<\/p>\n<\/li>\n<\/ul>","protected":false},"featured_media":6603,"comment_status":"closed","ping_status":"closed","template":"","meta":[],"product_brand":[],"product_cat":[47],"product_tag":[],"class_list":{"0":"post-6599","1":"product","2":"type-product","3":"status-publish","4":"has-post-thumbnail","6":"product_cat-fabric-wristbands","8":"first","9":"instock","10":"shipping-taxable","11":"purchasable","12":"product-type-simple"},"_links":{"self":[{"href":"https:\/\/displayproducts.eu\/fi\/wp-json\/wp\/v2\/product\/6599","targetHints":{"allow":["GET"]}}],"collection":[{"href":"https:\/\/displayproducts.eu\/fi\/wp-json\/wp\/v2\/product"}],"about":[{"href":"https:\/\/displayproducts.eu\/fi\/wp-json\/wp\/v2\/types\/product"}],"replies":[{"embeddable":true,"href":"https:\/\/displayproducts.eu\/fi\/wp-json\/wp\/v2\/comments?post=6599"}],"wp:featuredmedia":[{"embeddable":true,"href":"https:\/\/displayproducts.eu\/fi\/wp-json\/wp\/v2\/media\/6603"}],"wp:attachment":[{"href":"https:\/\/displayproducts.eu\/fi\/wp-json\/wp\/v2\/media?parent=6599"}],"wp:term":[{"taxonomy":"product_brand","embeddable":true,"href":"https:\/\/displayproducts.eu\/fi\/wp-json\/wp\/v2\/product_brand?post=6599"},{"taxonomy":"product_cat","embeddable":true,"href":"https:\/\/displayproducts.eu\/fi\/wp-json\/wp\/v2\/product_cat?post=6599"},{"taxonomy":"product_tag","embeddable":true,"href":"https:\/\/displayproducts.eu\/fi\/wp-json\/wp\/v2\/product_tag?post=6599"}],"curies":[{"name":"wp","href":"https:\/\/api.w.org\/{rel}","templated":true}]}}