{"id":6514,"date":"2026-01-03T00:15:17","date_gmt":"2026-01-02T21:15:17","guid":{"rendered":"https:\/\/wristbandfactory.eu\/?post_type=product&#038;p=6514"},"modified":"2026-04-01T21:52:34","modified_gmt":"2026-04-01T18:52:34","slug":"event-watch-led-wristband-with-custom-logo","status":"publish","type":"product","link":"https:\/\/displayproducts.eu\/fi\/p\/event-watch-led-wristband-with-custom-logo\/","title":{"rendered":"Kellotyyliset LED-rannekkeet logolla"},"content":{"rendered":"<p data-path-to-node=\"10\">Nosta yrityksesi br\u00e4ndi\u00e4 &quot;Event Watch&quot; LED-rannekkeella. N\u00e4ytt\u00e4v\u00e4ll\u00e4, modernia kelloa j\u00e4ljittelev\u00e4ll\u00e4 kotelolla varustettu malli on suunniteltu erityisesti maksimaalista br\u00e4ndin\u00e4kyvyytt\u00e4 varten. LED-moduulin tasainen ja ylisuuri pinta varmistaa, ett\u00e4 yksityiskohtaisetkin logot toistuvat selke\u00e4sti ja pysyv\u00e4t huomion keskipisteen\u00e4 koko tapahtumapaikalla. T\u00e4m\u00e4 30 g:n painoinen laite on valmistettu iskunkest\u00e4v\u00e4st\u00e4 ABS-muovista ja l\u00e4\u00e4ketieteellisest\u00e4 silikonista, ja se tarjoaa tukevan ja ensiluokkaisen tuntuman, jota vieraat arvostavat huipputeknologisena matkamuistona.<\/p>\n<h2 data-path-to-node=\"11\">T\u00e4rkeimm\u00e4t ominaisuudet<\/h2>\n<ul data-path-to-node=\"12\">\n<li>\n<p data-path-to-node=\"12,0,0\"><b data-path-to-node=\"12,0,0\" data-index-in-node=\"0\">Ensiluokkaisen kellotyylinen estetiikka:<\/b> Tuttu kellon muotoilu tekee siit\u00e4 ammattimaisimman valinnan korkeatasoisiin gaaloihin ja yrityskonferensseihin.<\/p>\n<\/li>\n<li>\n<p data-path-to-node=\"12,1,0\"><b data-path-to-node=\"12,1,0\" data-index-in-node=\"0\">Ammattimainen RF-integraatio:<\/b> Synkronoi saumattomasti valaistusp\u00f6yt\u00e4si kanssa ja sykkii ja vilkkuu t\u00e4ydellisess\u00e4 sopusoinnussa tapahtuman lavaohjelman kanssa.<\/p>\n<\/li>\n<li>\n<p data-path-to-node=\"12,2,0\"><b data-path-to-node=\"12,2,0\" data-index-in-node=\"0\">Kest\u00e4v\u00e4 ja uudelleenk\u00e4ytett\u00e4v\u00e4:<\/b> Korkealaatuiset materiaalit ja vaihdettava akkuj\u00e4rjestelm\u00e4 tekev\u00e4t n\u00e4ist\u00e4 rannekkeista sopivia usean p\u00e4iv\u00e4n k\u00e4ytt\u00f6\u00f6n tai per\u00e4kk\u00e4isiin retkiin.<\/p>\n<\/li>\n<li>\n<p data-path-to-node=\"12,3,0\"><b data-path-to-node=\"12,3,0\" data-index-in-node=\"0\">Korkean intensiteetin LEDit:<\/b> Tehokas valoteho, joka pystyy n\u00e4ytt\u00e4m\u00e4\u00e4n 15 erillist\u00e4 v\u00e4ri\u00e4, jotka sopivat t\u00e4ydellisesti br\u00e4ndisi v\u00e4ripalettiin.<\/p>\n<\/li>\n<\/ul>\n<h2 data-path-to-node=\"13\">Tekniset tiedot<\/h2>\n<ul data-path-to-node=\"14\">\n<li>\n<p data-path-to-node=\"14,0,0\"><b data-path-to-node=\"14,0,0\" data-index-in-node=\"0\">Materiaali:<\/b> Vahvistettu ABS-kotelo ja ensiluokkainen silikoniranneke<\/p>\n<\/li>\n<li>\n<p data-path-to-node=\"14,1,0\"><b data-path-to-node=\"14,1,0\" data-index-in-node=\"0\">Paino:<\/b> 30 g<\/p>\n<\/li>\n<li>\n<p data-path-to-node=\"14,2,0\"><b data-path-to-node=\"14,2,0\" data-index-in-node=\"0\">Yksik\u00f6n koko:<\/b> 6,7 x 7,5 cm<\/p>\n<\/li>\n<li>\n<p data-path-to-node=\"14,3,0\"><b data-path-to-node=\"14,3,0\" data-index-in-node=\"0\">Viestint\u00e4:<\/b> RF 433MHz \/ Kaukos\u00e4\u00e4din \/ DMX512<\/p>\n<\/li>\n<li>\n<p data-path-to-node=\"14,4,0\"><b data-path-to-node=\"14,4,0\" data-index-in-node=\"0\">Akku:<\/b> 2 x CR2032 (vaihdettavissa)<\/p>\n<\/li>\n<li>\n<p data-path-to-node=\"14,5,0\"><b data-path-to-node=\"14,5,0\" data-index-in-node=\"0\">Ty\u00f6aika:<\/b> Jopa 12 tuntia<\/p>\n<\/li>\n<li>\n<p data-path-to-node=\"14,6,0\"><b data-path-to-node=\"14,6,0\" data-index-in-node=\"0\">LED-v\u00e4rit:<\/b> 15 moniv\u00e4ritilaa<\/p>\n<\/li>\n<\/ul>\n<h2 data-path-to-node=\"15\">K\u00e4ytt\u00f6tapaukset<\/h2>\n<ul data-path-to-node=\"16\">\n<li>\n<p data-path-to-node=\"16,0,0\"><b data-path-to-node=\"16,0,0\" data-index-in-node=\"0\">Yritysgaalatapahtumat:<\/b> Ammattimainen puettava laite, joka toimii sek\u00e4 interaktiivisena asusteena ett\u00e4 arvokkaana br\u00e4nd\u00e4ttyn\u00e4 lahjana.<\/p>\n<\/li>\n<li>\n<p data-path-to-node=\"16,1,0\"><b data-path-to-node=\"16,1,0\" data-index-in-node=\"0\">Suuret konferenssit:<\/b> Koko yleis\u00f6n muuttaminen synkronoiduksi valokankaaksi keynote-esitysten ja paljastusten aikana.<\/p>\n<\/li>\n<li>\n<p data-path-to-node=\"16,2,0\"><b data-path-to-node=\"16,2,0\" data-index-in-node=\"0\">VIP-sponsorin br\u00e4nd\u00e4ys:<\/b> Ylisuuren kasvon k\u00e4ytt\u00e4minen tapahtuman p\u00e4\u00e4sponsoreiden esittelyyn eksklusiivisissa iltatilaisuuksissa.<\/p>\n<\/li>\n<li>\n<p data-path-to-node=\"16,3,0\"><b data-path-to-node=\"16,3,0\" data-index-in-node=\"0\">Tuotelanseeraukset:<\/b> Br\u00e4ndi-identiteetin korostaminen tuhansille osallistujille samanaikaisesti keskitetyn valaistuksen ohjauksen avulla.<\/p>\n<\/li>\n<\/ul>\n<p data-path-to-node=\"17\">","protected":false},"excerpt":{"rendered":"<ul>\n<li>\n<p data-path-to-node=\"9,0,0\"><b data-path-to-node=\"9,0,0\" data-index-in-node=\"0\">Moderni kellosuunnittelu:<\/b> N\u00e4ytt\u00e4v\u00e4 suorakaiteen muotoinen kotelo mukavalla silikonirannekkeella, joka j\u00e4ljittelee ammattimaisen \u00e4lykellon ulkon\u00e4k\u00f6\u00e4.<\/p>\n<\/li>\n<li>\n<p data-path-to-node=\"9,1,0\"><b data-path-to-node=\"9,1,0\" data-index-in-node=\"0\">Maksimoitu br\u00e4nd\u00e4yspinta-ala:<\/b> Ylisuuri, litte\u00e4 \u201ckellotaulu\u201d tarjoaa luettelomme suurimman painatusalueen vaikuttaville mukautetuille logoille.<\/p>\n<\/li>\n<li>\n<p data-path-to-node=\"9,2,0\"><b data-path-to-node=\"9,2,0\" data-index-in-node=\"0\">Pitk\u00e4kestoinen teho:<\/b> Varustettu kahdella vaihdettavalla CR2032-paristolla, jotka tarjoavat luotettavan 12 tunnin valoshow&#039;n pitkiin tapahtumiin.<\/p>\n<\/li>\n<li>\n<p data-path-to-node=\"9,3,0\"><b data-path-to-node=\"9,3,0\" data-index-in-node=\"0\">T\u00e4ysin synkronoitu ohjaus:<\/b> Reagoi v\u00e4litt\u00f6m\u00e4sti keskitettyihin RF- ja DMX512-ohjaimiin ja hallitsee samanaikaisesti 15 kirkasta LED-v\u00e4ri\u00e4.<\/p>\n<\/li>\n<\/ul>","protected":false},"featured_media":6515,"comment_status":"closed","ping_status":"closed","template":"","meta":[],"product_brand":[],"product_cat":[80],"product_tag":[],"class_list":{"0":"post-6514","1":"product","2":"type-product","3":"status-publish","4":"has-post-thumbnail","6":"product_cat-led-wristbands","8":"first","9":"instock","10":"shipping-taxable","11":"purchasable","12":"product-type-simple"},"_links":{"self":[{"href":"https:\/\/displayproducts.eu\/fi\/wp-json\/wp\/v2\/product\/6514","targetHints":{"allow":["GET"]}}],"collection":[{"href":"https:\/\/displayproducts.eu\/fi\/wp-json\/wp\/v2\/product"}],"about":[{"href":"https:\/\/displayproducts.eu\/fi\/wp-json\/wp\/v2\/types\/product"}],"replies":[{"embeddable":true,"href":"https:\/\/displayproducts.eu\/fi\/wp-json\/wp\/v2\/comments?post=6514"}],"wp:featuredmedia":[{"embeddable":true,"href":"https:\/\/displayproducts.eu\/fi\/wp-json\/wp\/v2\/media\/6515"}],"wp:attachment":[{"href":"https:\/\/displayproducts.eu\/fi\/wp-json\/wp\/v2\/media?parent=6514"}],"wp:term":[{"taxonomy":"product_brand","embeddable":true,"href":"https:\/\/displayproducts.eu\/fi\/wp-json\/wp\/v2\/product_brand?post=6514"},{"taxonomy":"product_cat","embeddable":true,"href":"https:\/\/displayproducts.eu\/fi\/wp-json\/wp\/v2\/product_cat?post=6514"},{"taxonomy":"product_tag","embeddable":true,"href":"https:\/\/displayproducts.eu\/fi\/wp-json\/wp\/v2\/product_tag?post=6514"}],"curies":[{"name":"wp","href":"https:\/\/api.w.org\/{rel}","templated":true}]}}