{"id":6512,"date":"2026-01-02T23:35:13","date_gmt":"2026-01-02T20:35:13","guid":{"rendered":"https:\/\/wristbandfactory.eu\/?post_type=product&#038;p=6512"},"modified":"2026-04-01T21:52:34","modified_gmt":"2026-04-01T18:52:34","slug":"curved-ergonomic-led-wristband-with-custom-logo","status":"publish","type":"product","link":"https:\/\/displayproducts.eu\/fi\/p\/curved-ergonomic-led-wristband-with-custom-logo\/","title":{"rendered":"Logolla varustetut muotoillut LED-rannekkeet"},"content":{"rendered":"<p data-path-to-node=\"9\">Nosta br\u00e4ndikokemustasi uudelle tasolle kaarevalla ergonomisella LED-rannekkeella. T\u00e4ss\u00e4 mallissa (Catalog LED 7) on erottuva j\u00e4ykk\u00e4 PVC-rakenne, joka tarjoaa ensiluokkaisen ulkon\u00e4\u00f6n ja tuntuman verrattuna tavallisiin silikonivaihtoehtoihin. L\u00e4pikuultava materiaali antaa valon levit\u00e4 tyylikk\u00e4\u00e4sti koko rannekkeen l\u00e4pi, ja ainutlaatuinen lukittuva sulkeminen varmistaa, ett\u00e4 ranneke pysyy mukavana ja paikallaan koko tapahtuman ajan. Se on ensisijainen valinta yritysten VIP-alueille ja vaikuttaviin tuotelanseerauksiin, joissa moderni estetiikka on avainasemassa.<\/p>\n<h2 data-path-to-node=\"10\">T\u00e4rkeimm\u00e4t ominaisuudet<\/h2>\n<ul data-path-to-node=\"11\">\n<li>\n<p data-path-to-node=\"11,0,0\"><b data-path-to-node=\"11,0,0\" data-index-in-node=\"0\">Valittava LED-teho:<\/b> Valitse 2 LEDin versio hillitty\u00e4 tunnelmaa varten tai 4 LEDin versio maksimaalista kirkkautta varten suurissa tiloissa.<\/p>\n<\/li>\n<li>\n<p data-path-to-node=\"11,1,0\"><b data-path-to-node=\"11,1,0\" data-index-in-node=\"0\">Kest\u00e4v\u00e4 PVC-materiaali:<\/b> Valmistettu iskunkest\u00e4v\u00e4n ABS-muovin ja ammattilaistason PVC-muovin yhdistelm\u00e4st\u00e4 kest\u00e4vyyden parantamiseksi.<\/p>\n<\/li>\n<li>\n<p data-path-to-node=\"11,2,0\"><b data-path-to-node=\"11,2,0\" data-index-in-node=\"0\">Saumaton RF-integraatio:<\/b> Yhdistet\u00e4\u00e4n keskusvalaistuksen konsoleihin reaaliaikaisten v\u00e4rinmuutosten ja dynaamisten vilkkusarjojen laukaisemiseksi.<\/p>\n<\/li>\n<li>\n<p data-path-to-node=\"11,3,0\"><b data-path-to-node=\"11,3,0\" data-index-in-node=\"0\">Anatominen istuvuus:<\/b> Esikaareva muoto istuu ranteessa alempana, mik\u00e4 v\u00e4hent\u00e4\u00e4 laitteen kokoa ja antaa sille tyylikk\u00e4\u00e4n, kelloa muistuttavan profiilin.<\/p>\n<\/li>\n<\/ul>\n<h2 data-path-to-node=\"12\">Tekniset tiedot<\/h2>\n<ul data-path-to-node=\"13\">\n<li>\n<p data-path-to-node=\"13,0,0\"><b data-path-to-node=\"13,0,0\" data-index-in-node=\"0\">Materiaali:<\/b> Iskunkest\u00e4v\u00e4 ABS-kotelo ja ensiluokkainen PVC-hihna.<\/p>\n<\/li>\n<li>\n<p data-path-to-node=\"13,1,0\"><b data-path-to-node=\"13,1,0\" data-index-in-node=\"0\">Yksik\u00f6n koko:<\/b> Halkaisija 6,9 x 6,4 cm.<\/p>\n<\/li>\n<li>\n<p data-path-to-node=\"13,2,0\"><b data-path-to-node=\"13,2,0\" data-index-in-node=\"0\">Paino:<\/b> 30 g.<\/p>\n<\/li>\n<li>\n<p data-path-to-node=\"13,3,0\"><b data-path-to-node=\"13,3,0\" data-index-in-node=\"0\">Viestint\u00e4:<\/b> RF 433MHz \/ Kaukos\u00e4\u00e4din \/ DMX512.<\/p>\n<\/li>\n<li>\n<p data-path-to-node=\"13,4,0\"><b data-path-to-node=\"13,4,0\" data-index-in-node=\"0\">Akku:<\/b> 2 x CR2032 (vaihdettavissa).<\/p>\n<\/li>\n<li>\n<p data-path-to-node=\"13,5,0\"><b data-path-to-node=\"13,5,0\" data-index-in-node=\"0\">Akun kesto:<\/b> Noin 8 tuntia aktiivista valoshow&#039;ta.<\/p>\n<\/li>\n<li>\n<p data-path-to-node=\"13,6,0\"><b data-path-to-node=\"13,6,0\" data-index-in-node=\"0\">LED-tilat:<\/b> Yli 15 moniv\u00e4rist\u00e4 synkronointitilaa.<\/p>\n<\/li>\n<\/ul>\n<h2 data-path-to-node=\"14\">K\u00e4ytt\u00f6tapaukset<\/h2>\n<ul data-path-to-node=\"15\">\n<li>\n<p data-path-to-node=\"15,0,0\"><b data-path-to-node=\"15,0,0\" data-index-in-node=\"0\">Yritysgaalatapahtumat:<\/b> Tarjoaa huipputeknologisen ja tyylikk\u00e4\u00e4n asusteen, joka parantaa virallista tunnelmaa.<\/p>\n<\/li>\n<li>\n<p data-path-to-node=\"15,1,0\"><b data-path-to-node=\"15,1,0\" data-index-in-node=\"0\">Tuote-esittelyt:<\/b> Synkronoitujen v\u00e4rikuvioiden k\u00e4ytt\u00e4minen j\u00e4nnityksen lis\u00e4\u00e4miseksi uusien tuotteiden lanseerausten aikana.<\/p>\n<\/li>\n<li>\n<p data-path-to-node=\"15,2,0\"><b data-path-to-node=\"15,2,0\" data-index-in-node=\"0\">VIP-kulunvalvonta:<\/b> J\u00e4ykk\u00e4 ja hyvin n\u00e4kyv\u00e4 LED-malli erottaa premium-vieraat joukosta.<\/p>\n<\/li>\n<li>\n<p data-path-to-node=\"15,3,0\"><b data-path-to-node=\"15,3,0\" data-index-in-node=\"0\">Teemajuhlat:<\/b> Hy\u00f6dynt\u00e4m\u00e4ll\u00e4 moniv\u00e4riominaisuuksia tapahtumasi tietyn v\u00e4ripaletin mukaan.<\/p>\n<\/li>\n<\/ul>\n<p data-path-to-node=\"16\">","protected":false},"excerpt":{"rendered":"<ul>\n<li>\n<p data-path-to-node=\"8,0,0\"><b data-path-to-node=\"8,0,0\" data-index-in-node=\"0\">Anatominen j\u00e4ykk\u00e4 muotoilu:<\/b> Muotoiltu PVC-rakenne my\u00f6t\u00e4ilee ranteen luonnollista muotoa ammattimaisen ergonomisen mukavuuden takaamiseksi tapahtumissa.<\/p>\n<\/li>\n<li>\n<p data-path-to-node=\"8,1,0\"><b data-path-to-node=\"8,1,0\" data-index-in-node=\"0\">Turvallinen lukitus:<\/b> Ainutlaatuinen palapelimainen lukittuva rako varmistaa, ett\u00e4 ranneke pysyy tukevasti paikallaan my\u00f6s energisten liikkeiden aikana.<\/p>\n<\/li>\n<li>\n<p data-path-to-node=\"8,2,0\"><b data-path-to-node=\"8,2,0\" data-index-in-node=\"0\">Kauko-ohjattava synkronointi:<\/b> T\u00e4ysin yhteensopiva ammattimaisten RF- ja DMX512-ohjainten kanssa synkronoituja valotehosteita varten koko tapahtumapaikalla.<\/p>\n<\/li>\n<li>\n<p data-path-to-node=\"8,3,0\"><b data-path-to-node=\"8,3,0\" data-index-in-node=\"0\">N\u00e4kyv\u00e4 br\u00e4nd\u00e4ys:<\/b> J\u00e4ykk\u00e4 PVC-pinta tarjoaa vakaan ja n\u00e4kyv\u00e4n alueen tarkkaan omalla painatuksellajen logojen painatukseen.<\/p>\n<\/li>\n<\/ul>","protected":false},"featured_media":6687,"comment_status":"closed","ping_status":"closed","template":"","meta":[],"product_brand":[],"product_cat":[80],"product_tag":[],"class_list":{"0":"post-6512","1":"product","2":"type-product","3":"status-publish","4":"has-post-thumbnail","6":"product_cat-led-wristbands","8":"first","9":"instock","10":"shipping-taxable","11":"product-type-simple"},"_links":{"self":[{"href":"https:\/\/displayproducts.eu\/fi\/wp-json\/wp\/v2\/product\/6512","targetHints":{"allow":["GET"]}}],"collection":[{"href":"https:\/\/displayproducts.eu\/fi\/wp-json\/wp\/v2\/product"}],"about":[{"href":"https:\/\/displayproducts.eu\/fi\/wp-json\/wp\/v2\/types\/product"}],"replies":[{"embeddable":true,"href":"https:\/\/displayproducts.eu\/fi\/wp-json\/wp\/v2\/comments?post=6512"}],"wp:featuredmedia":[{"embeddable":true,"href":"https:\/\/displayproducts.eu\/fi\/wp-json\/wp\/v2\/media\/6687"}],"wp:attachment":[{"href":"https:\/\/displayproducts.eu\/fi\/wp-json\/wp\/v2\/media?parent=6512"}],"wp:term":[{"taxonomy":"product_brand","embeddable":true,"href":"https:\/\/displayproducts.eu\/fi\/wp-json\/wp\/v2\/product_brand?post=6512"},{"taxonomy":"product_cat","embeddable":true,"href":"https:\/\/displayproducts.eu\/fi\/wp-json\/wp\/v2\/product_cat?post=6512"},{"taxonomy":"product_tag","embeddable":true,"href":"https:\/\/displayproducts.eu\/fi\/wp-json\/wp\/v2\/product_tag?post=6512"}],"curies":[{"name":"wp","href":"https:\/\/api.w.org\/{rel}","templated":true}]}}