{"id":6248,"date":"2025-12-20T19:03:55","date_gmt":"2025-12-20T16:03:55","guid":{"rendered":"https:\/\/wristbandfactory.eu\/?post_type=product&#038;p=6248"},"modified":"2026-04-01T21:52:03","modified_gmt":"2026-04-01T18:52:03","slug":"custom-printed-nail-files-made-in-europe-full-color-uv-print","status":"publish","type":"product","link":"https:\/\/displayproducts.eu\/fi\/p\/custom-printed-nail-files-made-in-europe-full-color-uv-print\/","title":{"rendered":"Kynsiviilat omalla logolla"},"content":{"rendered":"<p data-path-to-node=\"10\">Nosta kauneusbr\u00e4ndisi tai yrityslahjojen valikoimaasi uudelle tasolle meid\u00e4n avullamme <b data-path-to-node=\"10\" data-index-in-node=\"88\">Mukautetut painetut kynsiviilat<\/b>, ylpe\u00e4n\u00e4 <b data-path-to-node=\"10\" data-index-in-node=\"123\">Valmistettu Euroopassa<\/b>. Toisin kuin yleiset mainostuotteet, n\u00e4m\u00e4 korkealaatuiset hiomapaperit on suunniteltu k\u00e4yt\u00e4nn\u00f6nl\u00e4heisiksi, joten ne ovat arvostettu lis\u00e4varuste ammattimaisille kampaamoille, kylpyl\u00f6ille ja matkapakkauksiin.<\/p>\n<p data-path-to-node=\"11\">K\u00e4yt\u00e4mme huipputeknologiaa <b data-path-to-node=\"11\" data-index-in-node=\"20\">UV-digitaalinen painatus<\/b> peitt\u00e4\u00e4ksesi tiedoston omalla suunnitteluillasi, logollasi tai kuviollasi. T\u00e4m\u00e4 tekniikka mahdollistaa fotorealistiset yksityiskohdat ja eloisat v\u00e4rit k\u00e4ytt\u00e4m\u00e4ll\u00e4 turvallisia, myrkytt\u00f6mi\u00e4 musteita, jotka kest\u00e4v\u00e4t p\u00e4ivitt\u00e4ist\u00e4 k\u00e4ytt\u00f6\u00e4. Olitpa sitten hotelliketju, joka etsii ensiluokkaisia huonepalveluita, tai kauneusbr\u00e4ndi, joka etsii tuotteita, n\u00e4m\u00e4 tiedostot tarjoavat t\u00e4ydellisen yhdistelm\u00e4n tyyli\u00e4 ja k\u00e4yt\u00e4nn\u00f6llisyytt\u00e4.<\/p>\n<h2 data-path-to-node=\"12\">T\u00e4rkeimm\u00e4t ominaisuudet<\/h2>\n<ul data-path-to-node=\"13\">\n<li>\n<p data-path-to-node=\"13,0,0\"><b data-path-to-node=\"13,0,0\" data-index-in-node=\"0\">El\u00e4v\u00e4 r\u00e4\u00e4t\u00e4l\u00f6inti:<\/b> Koko pinnan UV-painatus muuttaa yksinkertaisen ty\u00f6kalun muotiasusteeksi. T\u00e4ydellinen monimutkaisiin logoihin tai kokonaisiin kuvioihin.<\/p>\n<\/li>\n<li>\n<p data-path-to-node=\"13,1,0\"><b data-path-to-node=\"13,1,0\" data-index-in-node=\"0\">Turvallisuus ennen kaikkea:<\/b> K\u00e4yt\u00e4mme ainoastaan myrkytt\u00f6mi\u00e4 ja turvallisia painov\u00e4rej\u00e4, mink\u00e4 ansiosta ne soveltuvat laajaan jakeluun ja usein toistuvaan ihokosketukseen.<\/p>\n<\/li>\n<li>\n<p data-path-to-node=\"13,2,0\"><b data-path-to-node=\"13,2,0\" data-index-in-node=\"0\">Kest\u00e4v\u00e4 rakenne:<\/b> Kest\u00e4v\u00e4ksi suunniteltu korkealaatuisella hiomapaperilla, joka muotoilee tehokkaasti sek\u00e4 luonnolliset ett\u00e4 pidennettyt kynnet irtoamatta.<\/p>\n<\/li>\n<li>\n<p data-path-to-node=\"13,3,0\"><b data-path-to-node=\"13,3,0\" data-index-in-node=\"0\">Markkinoinnin vaikutus:<\/b> Eritt\u00e4in k\u00e4yt\u00e4nn\u00f6llinen tuote, joka pysyy asiakkaasi k\u00e4silaukussa tai kylpyhuoneessa ja tarjoaa toistuvaa br\u00e4ndin\u00e4kyvyytt\u00e4.<\/p>\n<\/li>\n<\/ul>\n<h2 data-path-to-node=\"14\">Tekniset tiedot<\/h2>\n<ul data-path-to-node=\"15\">\n<li>\n<p data-path-to-node=\"15,0,0\"><b data-path-to-node=\"15,0,0\" data-index-in-node=\"0\">Alkuper\u00e4:<\/b> Valmistettu Euroopassa.<\/p>\n<\/li>\n<li>\n<p data-path-to-node=\"15,1,0\"><b data-path-to-node=\"15,1,0\" data-index-in-node=\"0\">Painatusmenetelm\u00e4:<\/b> Moniv\u00e4rinen UV-digitaalipainatus.<\/p>\n<\/li>\n<li>\n<p data-path-to-node=\"15,2,0\"><b data-path-to-node=\"15,2,0\" data-index-in-node=\"0\">Materiaali:<\/b> Korkealaatuinen hiomapaperiydin.<\/p>\n<\/li>\n<li>\n<p data-path-to-node=\"15,3,0\"><b data-path-to-node=\"15,3,0\" data-index-in-node=\"0\">Saatavilla olevat koot:<\/b><\/p>\n<ul data-path-to-node=\"15,3,1\">\n<li>\n<p data-path-to-node=\"15,3,1,0,0\"><b data-path-to-node=\"15,3,1,0,0\" data-index-in-node=\"0\">Ammattimainen (18 cm \u00d7 1,85 cm):<\/b> Standardi kampaamoihin ja kotimanikyyreihin. Pitk\u00e4 pinta-ala pehmeisiin vetoihin.<\/p>\n<\/li>\n<li>\n<p data-path-to-node=\"15,3,1,1,0\"><b data-path-to-node=\"15,3,1,1,0\" data-index-in-node=\"0\">Yleisk\u00e4ytt\u00f6inen (12 cm \u00d7 1,6 cm):<\/b> T\u00e4ydellinen tasapaino mukavuuden ja kannettavuuden v\u00e4lill\u00e4.<\/p>\n<\/li>\n<li>\n<p data-path-to-node=\"15,3,1,2,0\"><b data-path-to-node=\"15,3,1,2,0\" data-index-in-node=\"0\">Matka (8,7 cm \u00d7 1,6 cm):<\/b> Kompakti koko sopii erinomaisesti kosmetiikkalaukkuihin, matkapakkauksiin ja nopeisiin tarvikkeisiin liikkeell\u00e4 ollessa.<\/p>\n<\/li>\n<\/ul>\n<\/li>\n<\/ul>\n<h2 data-path-to-node=\"16\">K\u00e4ytt\u00f6tapaukset<\/h2>\n<ul data-path-to-node=\"17\">\n<li>\n<p data-path-to-node=\"17,0,0\"><b data-path-to-node=\"17,0,0\" data-index-in-node=\"0\">Kauneushoitolat ja kylpyl\u00e4t:<\/b> Merkkity\u00f6kaluja teknikoille tai v\u00e4hitt\u00e4ismyyntituotteita asiakkaille etusivu viet\u00e4v\u00e4ksi.<\/p>\n<\/li>\n<li>\n<p data-path-to-node=\"17,1,0\"><b data-path-to-node=\"17,1,0\" data-index-in-node=\"0\">Hotellin palvelut:<\/b> Huolellinen lis\u00e4ys luksushotellien ja lomakohteiden kylpyhuoneiden pesuallassarjoihin.<\/p>\n<\/li>\n<li>\n<p data-path-to-node=\"17,2,0\"><b data-path-to-node=\"17,2,0\" data-index-in-node=\"0\">Yrityslahjat:<\/b> Kompakti, edullinen ja silti hy\u00f6dyllinen ilmaislahja naisten konferensseihin, muotitapahtumiin tai hyvinvointikampanjoihin.<\/p>\n<\/li>\n<\/ul>","protected":false},"excerpt":{"rendered":"<ul>\n<li>\n<p data-path-to-node=\"9,0,0\"><b data-path-to-node=\"9,0,0\" data-index-in-node=\"0\">Eurooppalainen tuotanto:<\/b> Valmistettu ylpeydell\u00e4 Euroopassa, mik\u00e4 takaa erinomaisen ammattitaidon, turvallisuuden ja kest\u00e4vyyden verrattuna tavallisiin tuontituotteisiin.<\/p>\n<\/li>\n<li>\n<p data-path-to-node=\"9,1,0\"><b data-path-to-node=\"9,1,0\" data-index-in-node=\"0\">Moniv\u00e4rinen br\u00e4nd\u00e4ys:<\/b> K\u00e4ytt\u00e4\u00e4 edistynytt\u00e4 UV-painatustekniikkaa ja myrkytt\u00f6mi\u00e4 musteita luodakseen eloisia, naarmuuntumattomia logoja ja kuvioita.<\/p>\n<\/li>\n<li>\n<p data-path-to-node=\"9,2,0\"><b data-path-to-node=\"9,2,0\" data-index-in-node=\"0\">Kolme monipuolista kokoa:<\/b> Saatavilla koossa suuri (ammattilaisille), keskikokoinen (yleisk\u00e4ytt\u00f6\u00f6n) ja pieni (matkak\u00e4ytt\u00f6\u00f6n) sopimaan kaikille kohdeyleis\u00f6ille.<\/p>\n<\/li>\n<li>\n<p data-path-to-node=\"9,3,0\"><b data-path-to-node=\"9,3,0\" data-index-in-node=\"0\">Ammattimainen laatu:<\/b> Sopii sek\u00e4 luonnon- ett\u00e4 tekokynsille, ja tarjoaa tehokkaan viilauksen korkealaatuisilla hioma-aineilla.<\/p>\n<\/li>\n<\/ul>","protected":false},"featured_media":6249,"comment_status":"closed","ping_status":"closed","template":"","meta":[],"product_brand":[],"product_cat":[132],"product_tag":[],"class_list":{"0":"post-6248","1":"product","2":"type-product","3":"status-publish","4":"has-post-thumbnail","6":"product_cat-hotel-spa-amenities","8":"first","9":"instock","10":"shipping-taxable","11":"product-type-simple"},"_links":{"self":[{"href":"https:\/\/displayproducts.eu\/fi\/wp-json\/wp\/v2\/product\/6248","targetHints":{"allow":["GET"]}}],"collection":[{"href":"https:\/\/displayproducts.eu\/fi\/wp-json\/wp\/v2\/product"}],"about":[{"href":"https:\/\/displayproducts.eu\/fi\/wp-json\/wp\/v2\/types\/product"}],"replies":[{"embeddable":true,"href":"https:\/\/displayproducts.eu\/fi\/wp-json\/wp\/v2\/comments?post=6248"}],"wp:featuredmedia":[{"embeddable":true,"href":"https:\/\/displayproducts.eu\/fi\/wp-json\/wp\/v2\/media\/6249"}],"wp:attachment":[{"href":"https:\/\/displayproducts.eu\/fi\/wp-json\/wp\/v2\/media?parent=6248"}],"wp:term":[{"taxonomy":"product_brand","embeddable":true,"href":"https:\/\/displayproducts.eu\/fi\/wp-json\/wp\/v2\/product_brand?post=6248"},{"taxonomy":"product_cat","embeddable":true,"href":"https:\/\/displayproducts.eu\/fi\/wp-json\/wp\/v2\/product_cat?post=6248"},{"taxonomy":"product_tag","embeddable":true,"href":"https:\/\/displayproducts.eu\/fi\/wp-json\/wp\/v2\/product_tag?post=6248"}],"curies":[{"name":"wp","href":"https:\/\/api.w.org\/{rel}","templated":true}]}}