{"id":6245,"date":"2025-12-20T18:56:31","date_gmt":"2025-12-20T15:56:31","guid":{"rendered":"https:\/\/wristbandfactory.eu\/?post_type=product&#038;p=6245"},"modified":"2026-04-01T21:52:03","modified_gmt":"2026-04-01T18:52:03","slug":"bio-based-reusable-coffee-cups","status":"publish","type":"product","link":"https:\/\/displayproducts.eu\/fi\/p\/bio-based-reusable-coffee-cups\/","title":{"rendered":"Kestomukit omalla logolla (Biopohjainen)"},"content":{"rendered":"<p data-path-to-node=\"10\">Tee kest\u00e4v\u00e4n kehityksen lausunto meid\u00e4n avullamme <b data-path-to-node=\"10\" data-index-in-node=\"63\">Mukautetut biopohjaiset uudelleenk\u00e4ytett\u00e4v\u00e4t kahvikupit<\/b>. T\u00e4m\u00e4 200 ml:n astia on suunniteltu t\u00e4ydelliseksi ymp\u00e4rist\u00f6yst\u00e4v\u00e4lliseksi vaihtoehdoksi kertak\u00e4ytt\u00f6isille paperimukeille, ja se yhdist\u00e4\u00e4 saksalaisen insin\u00f6\u00f6ritaidon uusiutuviin materiaaleihin. Se on ihanteellinen mainostuote ymp\u00e4rist\u00f6tietoisille toimistoille, kahviloille ja yritystapahtumille.<\/p>\n<p data-path-to-node=\"11\">Kuppi on valmistettu korkealaatuisesta <b data-path-to-node=\"11\" data-index-in-node=\"37\">uusiutuvista l\u00e4hteist\u00e4 per\u00e4isin olevat biopohjaiset muovit<\/b>, mik\u00e4 varmistaa pienemm\u00e4n hiilijalanj\u00e4ljen kest\u00e4vyydest\u00e4 tinkim\u00e4tt\u00e4. Sen k\u00e4yt\u00e4nn\u00f6lliseen muotoiluun kuuluu tukeva kansi, joka pit\u00e4\u00e4 juomat kuumina pidemp\u00e4\u00e4n ja est\u00e4\u00e4 roiskeet ty\u00f6matkan aikana.<\/p>\n<h2 data-path-to-node=\"12\">T\u00e4rkeimm\u00e4t ominaisuudet<\/h2>\n<ul data-path-to-node=\"13\">\n<li>\n<p data-path-to-node=\"13,0,0\"><b data-path-to-node=\"13,0,0\" data-index-in-node=\"0\">Uusiutuva koostumus:<\/b> Valmistettu biopohjaisista polymeereist\u00e4, mik\u00e4 tarjoaa vastuullisen vaihtoehdon fossiilisiin polttoaineisiin perustuville muoveille.<\/p>\n<\/li>\n<li>\n<p data-path-to-node=\"13,1,0\"><b data-path-to-node=\"13,1,0\" data-index-in-node=\"0\">Toimistoyst\u00e4v\u00e4llinen:<\/b> Suunniteltu sopimaan t\u00e4ydellisesti tavallisten kahvinkeittimien suuttimien alle, mik\u00e4 tekee siit\u00e4 parhaan mahdollisen lis\u00e4varusteen ty\u00f6p\u00f6yd\u00e4lt\u00e4 kokoukseen.<\/p>\n<\/li>\n<li>\n<p data-path-to-node=\"13,2,0\"><b data-path-to-node=\"13,2,0\" data-index-in-node=\"0\">Hygienia ja turvallisuus:<\/b> T\u00e4ysin BPA-vapaa ja elintarviketurvallinen. Materiaali on kest\u00e4v\u00e4\u00e4 ja elinkaarensa lopussa t\u00e4ysin kierr\u00e4tett\u00e4v\u00e4\u00e4.<\/p>\n<\/li>\n<li>\n<p data-path-to-node=\"13,3,0\"><b data-path-to-node=\"13,3,0\" data-index-in-node=\"0\">Monipuolinen br\u00e4nd\u00e4ys:<\/b> Mukauta logoasi pysyv\u00e4sti silkkipainatuksella, tampopainatuksella tai ensiluokkaisella laserkaiverruksella.<\/p>\n<\/li>\n<\/ul>\n<h2 data-path-to-node=\"14\">Tekniset tiedot<\/h2>\n<ul data-path-to-node=\"15\">\n<li>\n<p data-path-to-node=\"15,0,0\"><b data-path-to-node=\"15,0,0\" data-index-in-node=\"0\">Kapasiteetti:<\/b> 200 ml.<\/p>\n<\/li>\n<li>\n<p data-path-to-node=\"15,1,0\"><b data-path-to-node=\"15,1,0\" data-index-in-node=\"0\">Materiaali:<\/b> Biopohjainen muovi (uusiutuvat l\u00e4hteet).<\/p>\n<\/li>\n<li>\n<p data-path-to-node=\"15,2,0\"><b data-path-to-node=\"15,2,0\" data-index-in-node=\"0\">Alkuper\u00e4:<\/b> Valmistettu Saksassa.<\/p>\n<\/li>\n<li>\n<p data-path-to-node=\"15,3,0\"><b data-path-to-node=\"15,3,0\" data-index-in-node=\"0\">Ominaisuudet:<\/b> BPA-vapaa, 100% kierr\u00e4tett\u00e4v\u00e4, astianpesukoneen kest\u00e4v\u00e4.<\/p>\n<\/li>\n<li>\n<p data-path-to-node=\"15,4,0\"><b data-path-to-node=\"15,4,0\" data-index-in-node=\"0\">Kansi:<\/b> Mukana (biopohjainen, l\u00e4mp\u00f6\u00e4 varaava).<\/p>\n<\/li>\n<li>\n<p data-path-to-node=\"15,5,0\"><b data-path-to-node=\"15,5,0\" data-index-in-node=\"0\">Br\u00e4nd\u00e4ysvaihtoehdot:<\/b> Seripainatus, tampopainatus, laserkaiverrus.<\/p>\n<\/li>\n<\/ul>\n<h2 data-path-to-node=\"16\">K\u00e4ytt\u00f6tapaukset<\/h2>\n<ul data-path-to-node=\"17\">\n<li>\n<p data-path-to-node=\"17,0,0\"><b data-path-to-node=\"17,0,0\" data-index-in-node=\"0\">Toimiston kest\u00e4v\u00e4 kehitys:<\/b> Vaihda kertak\u00e4ytt\u00f6mukit toimiston keitti\u00f6ss\u00e4 v\u00e4hent\u00e4\u00e4ksesi j\u00e4tett\u00e4 ja kustannuksia.<\/p>\n<\/li>\n<li>\n<p data-path-to-node=\"17,1,0\"><b data-path-to-node=\"17,1,0\" data-index-in-node=\"0\">Yrityslahjat:<\/b> K\u00e4yt\u00e4nn\u00f6llinen ja laadukas lahja ty\u00f6ntekij\u00f6ille ja asiakkaille, joka on linjassa yritysvastuun tavoitteiden kanssa.<\/p>\n<\/li>\n<li>\n<p data-path-to-node=\"17,2,0\"><b data-path-to-node=\"17,2,0\" data-index-in-node=\"0\">Kahvilat ja tapahtumat:<\/b> Kest\u00e4v\u00e4 tarjoiluratkaisu konferensseihin ja ruokaloihin, jotka vaativat pinottavia ja pest\u00e4vi\u00e4 juoma-astioita.<\/p>\n<\/li>\n<\/ul>","protected":false},"excerpt":{"rendered":"<ul>\n<li>\n<p data-path-to-node=\"9,0,0\"><b data-path-to-node=\"9,0,0\" data-index-in-node=\"0\">Ekoinnovaatio:<\/b> Valmistettu Saksassa uusiutuvista biopohjaisista materiaaleista, mik\u00e4 tukee vihre\u00e4mp\u00e4\u00e4 el\u00e4m\u00e4ntapaa.<\/p>\n<\/li>\n<li>\n<p data-path-to-node=\"9,1,0\"><b data-path-to-node=\"9,1,0\" data-index-in-node=\"0\">T\u00e4ydellinen koko mukaan otettavaksi:<\/b> 200 ml:n tilavuus sopii useimpiin tavallisiin kahvinkeittimiin; ihanteellinen toimisto- ja kotik\u00e4ytt\u00f6\u00f6n.<\/p>\n<\/li>\n<li>\n<p data-path-to-node=\"9,2,0\"><b data-path-to-node=\"9,2,0\" data-index-in-node=\"0\">\u00c4lyk\u00e4s suunnittelu:<\/b> L\u00e4mp\u00f6\u00e4 varaava, vuotoja v\u00e4hent\u00e4v\u00e4 biokansi ja pinottava muoto helppoa s\u00e4ilytyst\u00e4 varten.<\/p>\n<\/li>\n<li>\n<p data-path-to-node=\"9,3,0\"><b data-path-to-node=\"9,3,0\" data-index-in-node=\"0\">Turvallinen ja kest\u00e4v\u00e4:<\/b> BPA-vapaa, 100% kierr\u00e4tett\u00e4v\u00e4 ja konepesun kest\u00e4v\u00e4 (k\u00e4sinpesu suositeltavaa painetuille logoille).<\/p>\n<\/li>\n<\/ul>","protected":false},"featured_media":6246,"comment_status":"closed","ping_status":"closed","template":"","meta":[],"product_brand":[],"product_cat":[111],"product_tag":[],"class_list":{"0":"post-6245","1":"product","2":"type-product","3":"status-publish","4":"has-post-thumbnail","6":"product_cat-reusable-event-cups","8":"first","9":"instock","10":"shipping-taxable","11":"purchasable","12":"product-type-simple"},"_links":{"self":[{"href":"https:\/\/displayproducts.eu\/fi\/wp-json\/wp\/v2\/product\/6245","targetHints":{"allow":["GET"]}}],"collection":[{"href":"https:\/\/displayproducts.eu\/fi\/wp-json\/wp\/v2\/product"}],"about":[{"href":"https:\/\/displayproducts.eu\/fi\/wp-json\/wp\/v2\/types\/product"}],"replies":[{"embeddable":true,"href":"https:\/\/displayproducts.eu\/fi\/wp-json\/wp\/v2\/comments?post=6245"}],"wp:featuredmedia":[{"embeddable":true,"href":"https:\/\/displayproducts.eu\/fi\/wp-json\/wp\/v2\/media\/6246"}],"wp:attachment":[{"href":"https:\/\/displayproducts.eu\/fi\/wp-json\/wp\/v2\/media?parent=6245"}],"wp:term":[{"taxonomy":"product_brand","embeddable":true,"href":"https:\/\/displayproducts.eu\/fi\/wp-json\/wp\/v2\/product_brand?post=6245"},{"taxonomy":"product_cat","embeddable":true,"href":"https:\/\/displayproducts.eu\/fi\/wp-json\/wp\/v2\/product_cat?post=6245"},{"taxonomy":"product_tag","embeddable":true,"href":"https:\/\/displayproducts.eu\/fi\/wp-json\/wp\/v2\/product_tag?post=6245"}],"curies":[{"name":"wp","href":"https:\/\/api.w.org\/{rel}","templated":true}]}}