{"id":6242,"date":"2025-12-20T18:48:57","date_gmt":"2025-12-20T15:48:57","guid":{"rendered":"https:\/\/wristbandfactory.eu\/?post_type=product&#038;p=6242"},"modified":"2026-04-01T21:52:34","modified_gmt":"2026-04-01T18:52:34","slug":"custom-made-hooded-wearable-blankets-bespoke-design","status":"publish","type":"product","link":"https:\/\/displayproducts.eu\/fi\/p\/custom-made-hooded-wearable-blankets-bespoke-design\/","title":{"rendered":"Kustomoidut hupulliset torkkupeitot (Oma suunnittelu)"},"content":{"rendered":"<p data-path-to-node=\"10\">Luo todella ainutlaatuinen yrityslahja tai v\u00e4hitt\u00e4ismyyntituote meid\u00e4n avullamme <b data-path-to-node=\"10\" data-index-in-node=\"89\">Mittatilausty\u00f6n\u00e4 tehdyt hupulliset peitot<\/b>. T\u00e4m\u00e4n palvelun avulla voit ylitt\u00e4\u00e4 vakiovarastotuotteiden rajoitukset. Tarjoamme t\u00e4ydellisen <b data-path-to-node=\"10\" data-index-in-node=\"226\">\u201cLeikkaa ja ompele\u201d -valmistusratkaisu<\/b>, jolloin voit hallita t\u00e4ysin lopputuotteen ulkon\u00e4k\u00f6\u00e4, tuntumaa ja ominaisuuksia.<\/p>\n<p data-path-to-node=\"11\">Halusitpa sitten j\u00e4ttim\u00e4isen ylisuuren hupparin talvikampanjaan, kevyen ponchon kes\u00e4n festivaaleille tai ylellisen sherpavuorisen huovan VIP-lahjoiksi, me valmistamme sen toiveidesi mukaan. Suunnittelusi painetaan kangasrullille ennen leikkaamista, mik\u00e4 varmistaa saumattoman lopputuloksen. <b data-path-to-node=\"11\" data-index-in-node=\"274\">360 asteen br\u00e4ndikokemus<\/b> ilman tulostamattomia marginaaleja.<\/p>\n<h2 data-path-to-node=\"12\">T\u00e4rkeimm\u00e4t ominaisuudet<\/h2>\n<ul data-path-to-node=\"13\">\n<li>\n<p data-path-to-node=\"13,0,0\"><b data-path-to-node=\"13,0,0\" data-index-in-node=\"0\">Rajoittamaton suunnitteluvapaus:<\/b> Koko pinnan sublimaatiopainatuspainatuksemme tarkoittaa, ett\u00e4 taideteoksesi peitt\u00e4\u00e4 kankaan jokaisen sentin. T\u00e4ydellinen monimutkaisille kuvioille, br\u00e4ndimaskoteille tai valokuvauksille.<\/p>\n<\/li>\n<li>\n<p data-path-to-node=\"13,1,0\"><b data-path-to-node=\"13,1,0\" data-index-in-node=\"0\">Materiaalivalinta:<\/b><\/p>\n<ul data-path-to-node=\"13,1,1\">\n<li>\n<p data-path-to-node=\"13,1,1,0,0\"><i data-path-to-node=\"13,1,1,0,0\" data-index-in-node=\"0\">Ulkokerros:<\/i> Sile\u00e4 flanellifleece (t\u00e4ydellinen painatukseen) tai velour.<\/p>\n<\/li>\n<li>\n<p data-path-to-node=\"13,1,1,1,0\"><i data-path-to-node=\"13,1,1,1,0\" data-index-in-node=\"0\">Sis\u00e4vuori:<\/i> Paksu valkoinen sherpa (klassinen l\u00e4mp\u00f6), harmaa sherpa tai mikrofleece (kevyempi).<\/p>\n<\/li>\n<li>\n<p data-path-to-node=\"13,1,1,2,0\"><i data-path-to-node=\"13,1,1,2,0\" data-index-in-node=\"0\">Ymp\u00e4rist\u00f6yst\u00e4v\u00e4llinen vaihtoehto:<\/i> Saatavilla pyynn\u00f6st\u00e4 100% GRS-sertifioidusta kierr\u00e4tetyst\u00e4 polyesterist\u00e4.<\/p>\n<\/li>\n<\/ul>\n<\/li>\n<li>\n<p data-path-to-node=\"13,2,0\"><b data-path-to-node=\"13,2,0\" data-index-in-node=\"0\">Mukautettu koko:<\/b> Voimme valmistaa lasten, aikuisten standardi- ja aikuisten ylisuurten (j\u00e4tti) mitoissa.<\/p>\n<\/li>\n<li>\n<p data-path-to-node=\"13,3,0\"><b data-path-to-node=\"13,3,0\" data-index-in-node=\"0\">Valmis yksityisille tuotemerkeille:<\/b> Voimme ommella omat br\u00e4nd\u00e4tyt kaulalaput, hoito-ohjeet ja jopa r\u00e4\u00e4t\u00e4l\u00f6id\u00e4 vetoketjun vetimet tai napit.<\/p>\n<\/li>\n<\/ul>\n<h2 data-path-to-node=\"14\">Tekniset tiedot<\/h2>\n<ul data-path-to-node=\"15\">\n<li>\n<p data-path-to-node=\"15,0,0\"><b data-path-to-node=\"15,0,0\" data-index-in-node=\"0\">Tuotantotyyppi:<\/b> Tilauksesta valmistettu (OEM\/ODM).<\/p>\n<\/li>\n<li>\n<p data-path-to-node=\"15,1,0\"><b data-path-to-node=\"15,1,0\" data-index-in-node=\"0\">Kankaan vakiopaino:<\/b> 200 g\/m\u00b2 flanelli + 230 g\/m\u00b2 sherpa (muokattava).<\/p>\n<\/li>\n<li>\n<p data-path-to-node=\"15,2,0\"><b data-path-to-node=\"15,2,0\" data-index-in-node=\"0\">Painatusmenetelm\u00e4:<\/b> Moniv\u00e4rinen sublimaatiopainatus (CMYK).<\/p>\n<\/li>\n<li>\n<p data-path-to-node=\"15,3,0\"><b data-path-to-node=\"15,3,0\" data-index-in-node=\"0\">Vakiokoko:<\/b> 100 x 80 cm (Puettava hupparityyli) \u2013 <i data-path-to-node=\"15,3,0\" data-index-in-node=\"53\">Saatavilla my\u00f6s mittatilausty\u00f6n\u00e4 tehtyj\u00e4 kokoja.<\/i><\/p>\n<\/li>\n<li>\n<p data-path-to-node=\"15,4,0\"><b data-path-to-node=\"15,4,0\" data-index-in-node=\"0\">Ominaisuudet:<\/b> Huppu, kengurutasku, joustavat hihansuut.<\/p>\n<\/li>\n<li>\n<p data-path-to-node=\"15,5,0\"><b data-path-to-node=\"15,5,0\" data-index-in-node=\"0\">Pakkaus:<\/b> Tyhji\u00f6pakattu tehokasta toimitusta tai omalla painatuksellaj\u00e4 lahjapakkauksia varten.<\/p>\n<\/li>\n<\/ul>","protected":false},"excerpt":{"rendered":"<ul>\n<li>\n<p data-path-to-node=\"9,0,0\"><b data-path-to-node=\"9,0,0\" data-index-in-node=\"0\">100% T\u00e4ysin muokattavissa:<\/b> Toisin kuin varastotuotteet, t\u00e4m\u00e4 tuote valmistetaan alusta alkaen, mik\u00e4 mahdollistaa reunasta reunaan painatuksen ja mukautetun Pantone-v\u00e4rityksen.<\/p>\n<\/li>\n<li>\n<p data-path-to-node=\"9,1,0\"><b data-path-to-node=\"9,1,0\" data-index-in-node=\"0\">Premium-materiaalivaihtoehdot:<\/b> Valitse p\u00f6rr\u00f6isen sherpavuorin, pehme\u00e4n mikrofleecen tai ymp\u00e4rist\u00f6yst\u00e4v\u00e4llisen GRS-kierr\u00e4tetyn polyesterin yhdistelm\u00e4n v\u00e4lill\u00e4.<\/p>\n<\/li>\n<li>\n<p data-path-to-node=\"9,2,0\"><b data-path-to-node=\"9,2,0\" data-index-in-node=\"0\">Br\u00e4nd\u00e4ys kokonaisuudessaan:<\/b> Hy\u00f6dynn\u00e4 peiton koko pinta \u2013 etupuoli, selk\u00e4puoli, huppu ja hihat \u2013 eloisaa ja fotorealistista sublimaatiopainatuspainatusta varten.<\/p>\n<\/li>\n<li>\n<p data-path-to-node=\"9,3,0\"><b data-path-to-node=\"9,3,0\" data-index-in-node=\"0\">R\u00e4\u00e4t\u00e4l\u00f6idyt ominaisuudet:<\/b> Mukauta yksityiskohtia, kuten taskun muotoa ja hihansuiden v\u00e4rej\u00e4, ja lis\u00e4\u00e4 omia tarroja tai brodeerattuja merkkej\u00e4.<\/p>\n<\/li>\n<\/ul>","protected":false},"featured_media":6244,"comment_status":"closed","ping_status":"closed","template":"","meta":[],"product_brand":[],"product_cat":[129],"product_tag":[],"class_list":{"0":"post-6242","1":"product","2":"type-product","3":"status-publish","4":"has-post-thumbnail","6":"product_cat-leisure-lifestyle","8":"first","9":"instock","10":"shipping-taxable","11":"product-type-simple"},"_links":{"self":[{"href":"https:\/\/displayproducts.eu\/fi\/wp-json\/wp\/v2\/product\/6242","targetHints":{"allow":["GET"]}}],"collection":[{"href":"https:\/\/displayproducts.eu\/fi\/wp-json\/wp\/v2\/product"}],"about":[{"href":"https:\/\/displayproducts.eu\/fi\/wp-json\/wp\/v2\/types\/product"}],"replies":[{"embeddable":true,"href":"https:\/\/displayproducts.eu\/fi\/wp-json\/wp\/v2\/comments?post=6242"}],"wp:featuredmedia":[{"embeddable":true,"href":"https:\/\/displayproducts.eu\/fi\/wp-json\/wp\/v2\/media\/6244"}],"wp:attachment":[{"href":"https:\/\/displayproducts.eu\/fi\/wp-json\/wp\/v2\/media?parent=6242"}],"wp:term":[{"taxonomy":"product_brand","embeddable":true,"href":"https:\/\/displayproducts.eu\/fi\/wp-json\/wp\/v2\/product_brand?post=6242"},{"taxonomy":"product_cat","embeddable":true,"href":"https:\/\/displayproducts.eu\/fi\/wp-json\/wp\/v2\/product_cat?post=6242"},{"taxonomy":"product_tag","embeddable":true,"href":"https:\/\/displayproducts.eu\/fi\/wp-json\/wp\/v2\/product_tag?post=6242"}],"curies":[{"name":"wp","href":"https:\/\/api.w.org\/{rel}","templated":true}]}}