{"id":6239,"date":"2025-12-20T18:40:33","date_gmt":"2025-12-20T15:40:33","guid":{"rendered":"https:\/\/wristbandfactory.eu\/?post_type=product&#038;p=6239"},"modified":"2026-04-01T21:52:34","modified_gmt":"2026-04-01T18:52:34","slug":"custom-laser-engraved-portable-ashtrays-zinc-alloy-with-carabiner","status":"publish","type":"product","link":"https:\/\/displayproducts.eu\/fi\/p\/custom-laser-engraved-portable-ashtrays-zinc-alloy-with-carabiner\/","title":{"rendered":"Taskutuhkakupit omalla logolla (Sinkkiseos)"},"content":{"rendered":"<p data-path-to-node=\"10\">Yhdist\u00e4 tyyli, toimivuus ja ymp\u00e4rist\u00f6vastuu meid\u00e4n <b data-path-to-node=\"10\" data-index-in-node=\"97\">Mukautetut laserkaiverretut kannettavat tuhkakupit<\/b>. T\u00e4m\u00e4 modernille ammattilaiselle suunniteltu lis\u00e4varuste tarjoaa huomaamattoman ja elegantin tavan hallita tuhkaa ja tupakantumpia liikkeell\u00e4 ollessasi. Olipa kyseess\u00e4 sitten yritysjohtaja, ulkoilmaharrastaja tai huomaavainen yrityslahja, t\u00e4m\u00e4 sinkkiseoksesta valmistettu tuhkakuppi on laadukas.<\/p>\n<p data-path-to-node=\"11\">Tyylik\u00e4s <b data-path-to-node=\"11\" data-index-in-node=\"10\">Sinkkiseosrakenne<\/b> Se ei ainoastaan tarjoa modernia, kiilt\u00e4v\u00e4n hopean estetiikkaa, vaan varmistaa my\u00f6s kest\u00e4vyyden. Se on ruostumaton ja kulumaton, s\u00e4ilytt\u00e4en kiillotetun ulkon\u00e4k\u00f6ns\u00e4 ajan my\u00f6t\u00e4. Kompakti suorakaiteen muotoinen muotoilu sis\u00e4lt\u00e4\u00e4 turvallisen sulkemismekanismin, joka vangitsee hajut ja tuhkan sis\u00e4\u00e4ns\u00e4, joten sit\u00e4 on turvallista kantaa taskussa tai laukussa.<\/p>\n<h2 data-path-to-node=\"12\">T\u00e4rkeimm\u00e4t ominaisuudet<\/h2>\n<ul data-path-to-node=\"13\">\n<li>\n<p data-path-to-node=\"13,0,0\"><b data-path-to-node=\"13,0,0\" data-index-in-node=\"0\">Rakennettu kest\u00e4m\u00e4\u00e4n:<\/b> Sinkkiseos on huomattavasti kest\u00e4v\u00e4mpi kuin muovi- tai alumiinivaihtoehdot, mik\u00e4 antaa tuotteelle tyydytt\u00e4v\u00e4n painon ja ensiluokkaisen tuntuman.<\/p>\n<\/li>\n<li>\n<p data-path-to-node=\"13,1,0\"><b data-path-to-node=\"13,1,0\" data-index-in-node=\"0\">Lasertarkkuus:<\/b> K\u00e4yt\u00e4mme laserkaiverrusta logosi kaivertamiseen metallipintaan. T\u00e4m\u00e4 tekniikka luo ter\u00e4v\u00e4n ja pysyv\u00e4n j\u00e4ljen, joka ei hankaudu pois kuten painettu muste.<\/p>\n<\/li>\n<li>\n<p data-path-to-node=\"13,2,0\"><b data-path-to-node=\"13,2,0\" data-index-in-node=\"0\">Kannettavuus:<\/b> Varustettu karbiinihaalla (koukulla), jonka avulla k\u00e4ytt\u00e4j\u00e4t voivat kiinnitt\u00e4\u00e4 sen vy\u00f6lenkkeihin, reppuihin tai avaimenperiin helppoa k\u00e4ytt\u00f6\u00e4 varten.<\/p>\n<\/li>\n<li>\n<p data-path-to-node=\"13,3,0\"><b data-path-to-node=\"13,3,0\" data-index-in-node=\"0\">Hygienia ja turvallisuus:<\/b> Tiivis kansi est\u00e4\u00e4 tuhkan levi\u00e4misen ja pit\u00e4\u00e4 hajut kurissa pit\u00e4en taskut ja laukut puhtaina.<\/p>\n<\/li>\n<\/ul>\n<h2 data-path-to-node=\"14\">Tekniset tiedot<\/h2>\n<ul data-path-to-node=\"15\">\n<li>\n<p data-path-to-node=\"15,0,0\"><b data-path-to-node=\"15,0,0\" data-index-in-node=\"0\">Materiaali:<\/b> Korkealaatuinen sinkkiseos.<\/p>\n<\/li>\n<li>\n<p data-path-to-node=\"15,1,0\"><b data-path-to-node=\"15,1,0\" data-index-in-node=\"0\">Viimeistely:<\/b> Kiilt\u00e4v\u00e4 hopea \/ kiillotettu.<\/p>\n<\/li>\n<li>\n<p data-path-to-node=\"15,2,0\"><b data-path-to-node=\"15,2,0\" data-index-in-node=\"0\">Mitat:<\/b> 85 \u00d7 32 \u00d7 17 mm.<\/p>\n<\/li>\n<li>\n<p data-path-to-node=\"15,3,0\"><b data-path-to-node=\"15,3,0\" data-index-in-node=\"0\">Br\u00e4nd\u00e4ysmenetelm\u00e4:<\/b> Laserkaiverrus (yksi puoli).<\/p>\n<\/li>\n<li>\n<p data-path-to-node=\"15,4,0\"><b data-path-to-node=\"15,4,0\" data-index-in-node=\"0\">Pakkaus:<\/b> Toimitetaan suojapussissa\/pussissa, lahjaksi valmiina.<\/p>\n<\/li>\n<li>\n<p data-path-to-node=\"15,5,0\"><b data-path-to-node=\"15,5,0\" data-index-in-node=\"0\">Ominaisuudet:<\/b> Integroitu karabiinihaka.<\/p>\n<\/li>\n<\/ul>\n<h2 data-path-to-node=\"16\">K\u00e4ytt\u00f6tapaukset<\/h2>\n<ul data-path-to-node=\"17\">\n<li>\n<p data-path-to-node=\"17,0,0\"><b data-path-to-node=\"17,0,0\" data-index-in-node=\"0\">Yrityslahjat:<\/b> Hienostunut lahja asiakkaille ja yhteisty\u00f6kumppaneille, jotka arvostavat k\u00e4yt\u00e4nn\u00f6llisi\u00e4 ja laadukkaita asusteita.<\/p>\n<\/li>\n<li>\n<p data-path-to-node=\"17,1,0\"><b data-path-to-node=\"17,1,0\" data-index-in-node=\"0\">Ulkoilmatapahtumat:<\/b> V\u00e4ltt\u00e4m\u00e4t\u00f6n festivaaleilla, golf-turnauksissa ja ulkoilmapaikoilla, jotta alue pysyy roskattomana.<\/p>\n<\/li>\n<li>\n<p data-path-to-node=\"17,2,0\"><b data-path-to-node=\"17,2,0\" data-index-in-node=\"0\">Vieraanvaraisuus:<\/b> Tarjoa hotellivieraille tai ravintolan asiakkaille tupakointialueilla merkkituotteita sis\u00e4lt\u00e4vi\u00e4 kannettavia tuhkakuppeja.<\/p>\n<\/li>\n<\/ul>\n<p data-path-to-node=\"18\">","protected":false},"excerpt":{"rendered":"<ul>\n<li>\n<p data-path-to-node=\"9,0,0\"><b data-path-to-node=\"9,0,0\" data-index-in-node=\"0\">Ensiluokkainen materiaali:<\/b> Valmistettu korkealaatuisesta sinkkiseoksesta, jossa on kiilt\u00e4v\u00e4 hopeanv\u00e4rinen viimeistely, joka tarjoaa ruosteen- ja kulutuskest\u00e4vyyden.<\/p>\n<\/li>\n<li>\n<p data-path-to-node=\"9,1,0\"><b data-path-to-node=\"9,1,0\" data-index-in-node=\"0\">Kompakti ja kannettava:<\/b> 85 \u00d7 32 \u00d7 17 mm:n kokoisena se mahtuu helposti taskuun tai laukkuun tai kiinnittyy varusteisiin karabiinihaan avulla.<\/p>\n<\/li>\n<li>\n<p data-path-to-node=\"9,2,0\"><b data-path-to-node=\"9,2,0\" data-index-in-node=\"0\">Hienostunut br\u00e4nd\u00e4ys:<\/b> Logosi laserkaiverretaan sivuun pysyv\u00e4n, hienovaraisen ja ammattimaisen ilmeen saavuttamiseksi.<\/p>\n<\/li>\n<li>\n<p data-path-to-node=\"9,3,0\"><b data-path-to-node=\"9,3,0\" data-index-in-node=\"0\">Ymp\u00e4rist\u00f6yst\u00e4v\u00e4llinen ratkaisu:<\/b> Kannustaa vastuulliseen savukej\u00e4tteen h\u00e4vitt\u00e4miseen, t\u00e4ydellinen ulkoilmatapahtumiin ja vihreisiin aloitteisiin.<\/p>\n<\/li>\n<\/ul>","protected":false},"featured_media":6240,"comment_status":"closed","ping_status":"closed","template":"","meta":[],"product_brand":[],"product_cat":[68,121],"product_tag":[],"class_list":{"0":"post-6239","1":"product","2":"type-product","3":"status-publish","4":"has-post-thumbnail","6":"product_cat-event-supplies","7":"product_cat-promotional-merchandise","9":"first","10":"instock","11":"shipping-taxable","12":"purchasable","13":"product-type-simple"},"_links":{"self":[{"href":"https:\/\/displayproducts.eu\/fi\/wp-json\/wp\/v2\/product\/6239","targetHints":{"allow":["GET"]}}],"collection":[{"href":"https:\/\/displayproducts.eu\/fi\/wp-json\/wp\/v2\/product"}],"about":[{"href":"https:\/\/displayproducts.eu\/fi\/wp-json\/wp\/v2\/types\/product"}],"replies":[{"embeddable":true,"href":"https:\/\/displayproducts.eu\/fi\/wp-json\/wp\/v2\/comments?post=6239"}],"wp:featuredmedia":[{"embeddable":true,"href":"https:\/\/displayproducts.eu\/fi\/wp-json\/wp\/v2\/media\/6240"}],"wp:attachment":[{"href":"https:\/\/displayproducts.eu\/fi\/wp-json\/wp\/v2\/media?parent=6239"}],"wp:term":[{"taxonomy":"product_brand","embeddable":true,"href":"https:\/\/displayproducts.eu\/fi\/wp-json\/wp\/v2\/product_brand?post=6239"},{"taxonomy":"product_cat","embeddable":true,"href":"https:\/\/displayproducts.eu\/fi\/wp-json\/wp\/v2\/product_cat?post=6239"},{"taxonomy":"product_tag","embeddable":true,"href":"https:\/\/displayproducts.eu\/fi\/wp-json\/wp\/v2\/product_tag?post=6239"}],"curies":[{"name":"wp","href":"https:\/\/api.w.org\/{rel}","templated":true}]}}