{"id":6237,"date":"2025-12-20T18:34:37","date_gmt":"2025-12-20T15:34:37","guid":{"rendered":"https:\/\/wristbandfactory.eu\/?post_type=product&#038;p=6237"},"modified":"2026-04-01T21:52:03","modified_gmt":"2026-04-01T18:52:03","slug":"velvet-presentation-boxes-for-badges-jewelry-custom-printable","status":"publish","type":"product","link":"https:\/\/displayproducts.eu\/fi\/p\/velvet-presentation-boxes-for-badges-jewelry-custom-printable\/","title":{"rendered":"Samettirasiat rintamerkeille ja koruille"},"content":{"rendered":"<p data-path-to-node=\"10\">Muunna ilman painatusta mainoslahjasi arvokkaaksi muistoksi meid\u00e4n avullamme <b data-path-to-node=\"10\" data-index-in-node=\"96\">Samettiset esittelylaatikot<\/b>. J\u00e4lleenmyyjille, koruliikkeille ja yritystapahtumien j\u00e4rjest\u00e4jille suunnitellut laatikot tarjoavat parhaan mahdollisen suojan ja esillepanon merkeille, rintaneuloille ja pienille asusteille.<\/p>\n<p data-path-to-node=\"11\">Toisin kuin tavallisissa muovi- tai paperipakkauksissa, sametin rikas koostumus viestii v\u00e4litt\u00f6m\u00e4sti ylellisyydest\u00e4 ja arvostuksesta. Olitpa sitten jakamassa palvelupalkintoa, myym\u00e4ss\u00e4 luksuskalvosinnappeja tai jakamassa muistomerkkej\u00e4, koko- ja v\u00e4rivalikoimamme varmistaa t\u00e4ydellisen sopivuuden juuri sinun tuotteellesi.<\/p>\n<h2 data-path-to-node=\"12\">T\u00e4rkeimm\u00e4t ominaisuudet<\/h2>\n<ul data-path-to-node=\"13\">\n<li>\n<p data-path-to-node=\"13,0,0\"><b data-path-to-node=\"13,0,0\" data-index-in-node=\"0\">Ylellinen estetiikka:<\/b> Klassinen samettinen ulkokuori (saatavana punaisena, sinisen\u00e4, vihre\u00e4n\u00e4, mustana ja viininpunaisena) korvaa kertak\u00e4ytt\u00f6isen pakkauksen uudelleenk\u00e4ytett\u00e4v\u00e4ll\u00e4, esillepanokelpoisella kotelolla.<\/p>\n<\/li>\n<li>\n<p data-path-to-node=\"13,1,0\"><b data-path-to-node=\"13,1,0\" data-index-in-node=\"0\">Omalla painatuksella suojaus:<\/b> Jokaisessa laatikkotyypiss\u00e4 on tietyille tavaroille suunniteltu sis\u00e4osa \u2013 alkaen <b data-path-to-node=\"13,1,0\" data-index-in-node=\"87\">l\u00e4vistystyynyt<\/b> nappikorvakoruja ja pinnej\u00e4 varten <b data-path-to-node=\"13,1,0\" data-index-in-node=\"131\">kultaiset koukut<\/b> mitalien ripustamiseen.<\/p>\n<\/li>\n<li>\n<p data-path-to-node=\"13,2,0\"><b data-path-to-node=\"13,2,0\" data-index-in-node=\"0\">Valmiina v\u00e4hitt\u00e4ismyyntiin ja tapahtumiin:<\/b> Ihanteellinen korujen esillepanoon tai virallisten palkintojen jakamiseen seremonioissa.<\/p>\n<\/li>\n<li>\n<p data-path-to-node=\"13,3,0\"><b data-path-to-node=\"13,3,0\" data-index-in-node=\"0\">Mukauttaminen:<\/b> Voimme tehd\u00e4 omalla painatuksellaj\u00e4 painatuksia valittujen mallien kansiin, jolloin pakkauksesta tulee br\u00e4nd\u00e4tty markkinointity\u00f6kalu.<\/p>\n<\/li>\n<\/ul>\n<h2 data-path-to-node=\"14\">Tekniset tiedot<\/h2>\n<table data-path-to-node=\"15\">\n<thead>\n<tr>\n<td><strong>Mallityyppi<\/strong><\/td>\n<td><strong>Mitat<\/strong><\/td>\n<td><strong>Saatavilla olevat v\u00e4rit<\/strong><\/td>\n<td><strong>Sis\u00e4vuori<\/strong><\/td>\n<\/tr>\n<\/thead>\n<tbody>\n<tr>\n<td><span data-path-to-node=\"15,1,0,0\"><b data-path-to-node=\"15,1,0,0\" data-index-in-node=\"0\">Vakiomerkkilaatikko<\/b><\/span><\/td>\n<td><span data-path-to-node=\"15,1,1,0\">54 \u00d7 57 \u00d7 34 mm<\/span><\/td>\n<td><span data-path-to-node=\"15,1,2,0\">Punainen, tummansininen, vihre\u00e4, musta<\/span><\/td>\n<td><span data-path-to-node=\"15,1,3,0\">Samettinen tyyny + kultainen koukku<\/span><\/td>\n<\/tr>\n<tr>\n<td><span data-path-to-node=\"15,2,0,0\"><b data-path-to-node=\"15,2,0,0\" data-index-in-node=\"0\">Pieni rintanappilaatikko<\/b><\/span><\/td>\n<td><span data-path-to-node=\"15,2,1,0\">45 \u00d7 51 \u00d7 24 mm<\/span><\/td>\n<td><span data-path-to-node=\"15,2,2,0\">Punainen, laivastonsininen<\/span><\/td>\n<td><span data-path-to-node=\"15,2,3,0\">Pahvista valmistettu l\u00e4vistysalusta<\/span><\/td>\n<\/tr>\n<tr>\n<td><span data-path-to-node=\"15,3,0,0\"><b data-path-to-node=\"15,3,0,0\" data-index-in-node=\"0\">Keskikokoinen rintanappilaatikko<\/b><\/span><\/td>\n<td><span data-path-to-node=\"15,3,1,0\">60 \u00d7 75 \u00d7 31 mm<\/span><\/td>\n<td><span data-path-to-node=\"15,3,2,0\">Punainen, vihre\u00e4, tummansininen, viininpunainen<\/span><\/td>\n<td><span data-path-to-node=\"15,3,3,0\">Samettinen l\u00e4vistystyyny<\/span><\/td>\n<\/tr>\n<tr>\n<td><span data-path-to-node=\"15,4,0,0\"><b data-path-to-node=\"15,4,0,0\" data-index-in-node=\"0\">Py\u00f6re\u00e4 korurasia<\/b><\/span><\/td>\n<td><span data-path-to-node=\"15,4,1,0\">57 \u00d7 51 \u00d7 39 mm<\/span><\/td>\n<td><span data-path-to-node=\"15,4,2,0\">Punainen, tummansininen, vihre\u00e4, musta<\/span><\/td>\n<td><span data-path-to-node=\"15,4,3,0\">Samettinen tyyny, jossa on viilto<\/span><\/td>\n<\/tr>\n<tr>\n<td><span data-path-to-node=\"15,5,0,0\"><b data-path-to-node=\"15,5,0,0\" data-index-in-node=\"0\">Solmiopidikelaatikko<\/b><\/span><\/td>\n<td><span data-path-to-node=\"15,5,1,0\">89 \u00d7 41 \u00d7 29 mm<\/span><\/td>\n<td><span data-path-to-node=\"15,5,2,0\">Punainen, vihre\u00e4, tummansininen<\/span><\/td>\n<td><span data-path-to-node=\"15,5,3,0\">Samettinen tyyny, jossa on viilto<\/span><\/td>\n<\/tr>\n<tr>\n<td><span data-path-to-node=\"15,6,0,0\"><b data-path-to-node=\"15,6,0,0\" data-index-in-node=\"0\">L\u00e4pin\u00e4kyv\u00e4 kansilaatikko<\/b><\/span><\/td>\n<td><span data-path-to-node=\"15,6,1,0\">74 \u00d7 50 \u00d7 38 mm<\/span><\/td>\n<td><span data-path-to-node=\"15,6,2,0\">Punainen<\/span><\/td>\n<td><span data-path-to-node=\"15,6,3,0\">Samettinen tyyny, jossa on viilto<\/span><\/td>\n<\/tr>\n<\/tbody>\n<\/table>\n<h2 data-path-to-node=\"16\">K\u00e4ytt\u00f6tapaukset<\/h2>\n<ul data-path-to-node=\"17\">\n<li>\n<p data-path-to-node=\"17,0,0\"><b data-path-to-node=\"17,0,0\" data-index-in-node=\"0\">Yrityspalkinnot:<\/b> Standardi &quot;Palvelusvuosien&quot; rintamerkkien tai ansiomerkkien my\u00f6nt\u00e4miselle ty\u00f6ntekij\u00f6ille.<\/p>\n<\/li>\n<li>\n<p data-path-to-node=\"17,1,0\"><b data-path-to-node=\"17,1,0\" data-index-in-node=\"0\">Korujen v\u00e4hitt\u00e4ismyynti:<\/b> Paranna sormusten, korvakorujen ja solmioneulojen avaamiskokemusta.<\/p>\n<\/li>\n<li>\n<p data-path-to-node=\"17,2,0\"><b data-path-to-node=\"17,2,0\" data-index-in-node=\"0\">Armeija ja hallinto:<\/b> Virallisten tunnusten ja mitalien muodolliset esittelykotelot.<\/p>\n<\/li>\n<\/ul>","protected":false},"excerpt":{"rendered":"<ul>\n<li>\n<p data-path-to-node=\"9,0,0\"><b data-path-to-node=\"9,0,0\" data-index-in-node=\"0\">Ensiluokkainen samettiviimeistely:<\/b> Pehme\u00e4 ulkopinta nostaa mink\u00e4 tahansa palkinnon, rintamerkin tai korun havaittua arvoa.<\/p>\n<\/li>\n<li>\n<p data-path-to-node=\"9,1,0\"><b data-path-to-node=\"9,1,0\" data-index-in-node=\"0\">Turvalliset lis\u00e4osat:<\/b> Sis\u00e4lt\u00e4\u00e4 erikoisvuorauksia, kuten l\u00e4vistystyynyj\u00e4 rintaneuloille ja kultaisia koukkuja mitaleille.<\/p>\n<\/li>\n<li>\n<p data-path-to-node=\"9,2,0\"><b data-path-to-node=\"9,2,0\" data-index-in-node=\"0\">Monipuolinen valikoima:<\/b> Saatavilla erityismalleja rintaneuloihin, solmioneuloihin, kalvosinnapeihin ja sormuksiin.<\/p>\n<\/li>\n<li>\n<p data-path-to-node=\"9,3,0\"><b data-path-to-node=\"9,3,0\" data-index-in-node=\"0\">Mukautettu br\u00e4nd\u00e4ys:<\/b> Tietyiss\u00e4 malleissa on mahdollisuus painaa logo suoraan kanteen t\u00e4ydellisen yritysilmeen luomiseksi.<\/p>\n<\/li>\n<\/ul>","protected":false},"featured_media":6238,"comment_status":"closed","ping_status":"closed","template":"","meta":[],"product_brand":[],"product_cat":[79,121],"product_tag":[],"class_list":{"0":"post-6237","1":"product","2":"type-product","3":"status-publish","4":"has-post-thumbnail","6":"product_cat-awards","7":"product_cat-promotional-merchandise","9":"first","10":"instock","11":"shipping-taxable","12":"purchasable","13":"product-type-simple"},"_links":{"self":[{"href":"https:\/\/displayproducts.eu\/fi\/wp-json\/wp\/v2\/product\/6237","targetHints":{"allow":["GET"]}}],"collection":[{"href":"https:\/\/displayproducts.eu\/fi\/wp-json\/wp\/v2\/product"}],"about":[{"href":"https:\/\/displayproducts.eu\/fi\/wp-json\/wp\/v2\/types\/product"}],"replies":[{"embeddable":true,"href":"https:\/\/displayproducts.eu\/fi\/wp-json\/wp\/v2\/comments?post=6237"}],"wp:featuredmedia":[{"embeddable":true,"href":"https:\/\/displayproducts.eu\/fi\/wp-json\/wp\/v2\/media\/6238"}],"wp:attachment":[{"href":"https:\/\/displayproducts.eu\/fi\/wp-json\/wp\/v2\/media?parent=6237"}],"wp:term":[{"taxonomy":"product_brand","embeddable":true,"href":"https:\/\/displayproducts.eu\/fi\/wp-json\/wp\/v2\/product_brand?post=6237"},{"taxonomy":"product_cat","embeddable":true,"href":"https:\/\/displayproducts.eu\/fi\/wp-json\/wp\/v2\/product_cat?post=6237"},{"taxonomy":"product_tag","embeddable":true,"href":"https:\/\/displayproducts.eu\/fi\/wp-json\/wp\/v2\/product_tag?post=6237"}],"curies":[{"name":"wp","href":"https:\/\/api.w.org\/{rel}","templated":true}]}}