{"id":6234,"date":"2025-12-20T18:28:29","date_gmt":"2025-12-20T15:28:29","guid":{"rendered":"https:\/\/wristbandfactory.eu\/?post_type=product&#038;p=6234"},"modified":"2026-04-01T21:52:34","modified_gmt":"2026-04-01T18:52:34","slug":"custom-3d-printed-cookie-cutters-gingerbread-molds-logo-shape","status":"publish","type":"product","link":"https:\/\/displayproducts.eu\/fi\/p\/custom-3d-printed-cookie-cutters-gingerbread-molds-logo-shape\/","title":{"rendered":"Piparkakkumuotit omalla logolla (3D)"},"content":{"rendered":"<p data-path-to-node=\"10\">Tuo maku br\u00e4ndist\u00e4si jokaisen asiakkaan keitti\u00f6\u00f6n meid\u00e4n avullamme <b data-path-to-node=\"10\" data-index-in-node=\"88\">Mukautetut 3D-tulostetut ev\u00e4stemuotit<\/b>. Olipa kyseess\u00e4 sitten joulupiparkakut, voileiv\u00e4t tai sokerikeksit, n\u00e4m\u00e4 mittatilausty\u00f6n\u00e4 tehdyt muotit muuttavat leivontahetkest\u00e4 br\u00e4ndikokemuksen. Toisin kuin tavanomaisilla metallileikkureilla, 3D-painatustekniikkamme mahdollistaa <b data-path-to-node=\"10\" data-index-in-node=\"332\">mik\u00e4 tahansa kuviteltavissa oleva muoto<\/b>\u2014yrityksesi tarkasta logosta tiettyyn tuotesiluettiin.<\/p>\n<p data-path-to-node=\"11\">N\u00e4m\u00e4 ter\u00e4v\u00e4piirtoisella 3D-painatustekniikalla valmistetut leikkurit ovat kest\u00e4vi\u00e4 ja tarkkoja. Kiinnit\u00e4mme erityist\u00e4 huomiota leikkuuter\u00e4\u00e4n varmistaaksemme, ett\u00e4 se on riitt\u00e4v\u00e4n ter\u00e4v\u00e4 leikkaamaan taikinan siististi ja s\u00e4ilytt\u00e4en samalla turvallisen ja mukavan otteen yl\u00e4reunasta. Saatavilla juhlallisissa v\u00e4reiss\u00e4, kuten punaisena, vihre\u00e4n\u00e4 ja sinisen\u00e4, sopimaan joulutunnelmaan tai yrityksesi ilmeeseen.<\/p>\n<h2 data-path-to-node=\"12\">T\u00e4rkeimm\u00e4t ominaisuudet<\/h2>\n<ul data-path-to-node=\"13\">\n<li>\n<p data-path-to-node=\"13,0,0\"><b data-path-to-node=\"13,0,0\" data-index-in-node=\"0\">Br\u00e4ndille uskollinen muotoilu:<\/b> T\u00e4ss\u00e4 ei ole olemassa &quot;vakiomuotoja&quot;. Jokainen leikkuri mallinnetaan juuri sinulle sopivaksi logosi tai kampanjasi teeman mukaan.<\/p>\n<\/li>\n<li>\n<p data-path-to-node=\"13,1,0\"><b data-path-to-node=\"13,1,0\" data-index-in-node=\"0\">Biopohjainen materiaali:<\/b> Valmistettu <b data-path-to-node=\"13,1,0\" data-index-in-node=\"30\">Elintarviketurvallinen PLA<\/b> (Polymaitohappo), maissit\u00e4rkkelyksest\u00e4 tai sokeriruokosta johdettu biomuovi, mik\u00e4 tekee siit\u00e4 ymp\u00e4rist\u00f6yst\u00e4v\u00e4llisen valinnan.<\/p>\n<\/li>\n<li>\n<p data-path-to-node=\"13,2,0\"><b data-path-to-node=\"13,2,0\" data-index-in-node=\"0\">Optimoitu geometria:<\/b> Vahvistettu reuna kest\u00e4vyyden takaamiseksi ja kapeneva leikkuureuna taikinan helppoa irrottamista varten.<\/p>\n<\/li>\n<li>\n<p data-path-to-node=\"13,3,0\"><b data-path-to-node=\"13,3,0\" data-index-in-node=\"0\">El\u00e4v\u00e4t v\u00e4rit:<\/b> Saatavilla useissa eri v\u00e4reiss\u00e4, jotta ty\u00f6kalu itsess\u00e4\u00e4n n\u00e4ytt\u00e4\u00e4 visuaalisesti houkuttelevalta lahjaksi.<\/p>\n<\/li>\n<\/ul>\n<h2 data-path-to-node=\"14\">Tekniset tiedot<\/h2>\n<ul data-path-to-node=\"15\">\n<li>\n<p data-path-to-node=\"15,0,0\"><b data-path-to-node=\"15,0,0\" data-index-in-node=\"0\">Materiaali:<\/b> Elintarviketurvallinen PLA-muovi (biohajoava).<\/p>\n<\/li>\n<li>\n<p data-path-to-node=\"15,1,0\"><b data-path-to-node=\"15,1,0\" data-index-in-node=\"0\">Tuotantomenetelm\u00e4:<\/b> Korkean resoluution FDM 3D-painatus (70\u2013200 mikronia).<\/p>\n<\/li>\n<li>\n<p data-path-to-node=\"15,2,0\"><b data-path-to-node=\"15,2,0\" data-index-in-node=\"0\">Vakiosyvyys:<\/b> 1,27 cm (0,5 tuumaa) \u2013 Ihanteellinen tavalliselle kaulitulle taikinalle. <i data-path-to-node=\"15,2,0\" data-index-in-node=\"72\">Mukautettavat syvyydet saatavilla.<\/i><\/p>\n<\/li>\n<li>\n<p data-path-to-node=\"15,3,0\"><b data-path-to-node=\"15,3,0\" data-index-in-node=\"0\">Koko:<\/b> Mukautettu (skaalattu suunnittelun mukaan). <i data-path-to-node=\"15,3,0\" data-index-in-node=\"33\">Referenssikuvissa on k\u00e4ytetty 2,54 cm:n ruudukkoa.<\/i><\/p>\n<\/li>\n<li>\n<p data-path-to-node=\"15,4,0\"><b data-path-to-node=\"15,4,0\" data-index-in-node=\"0\">Hoito-ohjeet:<\/b> <b data-path-to-node=\"15,4,0\" data-index-in-node=\"19\">Vain k\u00e4sinpesu<\/b> haalealla vedell\u00e4. Ei konepesun kest\u00e4v\u00e4 (korkea l\u00e4mp\u00f6tila voi v\u00e4\u00e4nt\u00e4\u00e4 PLA:ta). V\u00e4lt\u00e4 pitk\u00e4aikaista altistumista suoralle auringonvalolle.<\/p>\n<\/li>\n<\/ul>\n<h2 data-path-to-node=\"16\">K\u00e4ytt\u00f6tapaukset<\/h2>\n<ul data-path-to-node=\"17\">\n<li>\n<p data-path-to-node=\"17,0,0\"><b data-path-to-node=\"17,0,0\" data-index-in-node=\"0\">Yritysten joululahjat:<\/b> Sis\u00e4llyt\u00e4 br\u00e4nd\u00e4tty piparkakkumuotti yhteisty\u00f6kumppaneiden ja ty\u00f6ntekij\u00f6iden joululahjakoreihin.<\/p>\n<\/li>\n<li>\n<p data-path-to-node=\"17,1,0\"><b data-path-to-node=\"17,1,0\" data-index-in-node=\"0\">Tapahtumatarjoilu:<\/b> Tarjoile uuden tuotteesi muotoisia keksej\u00e4 lanseerausjuhlissa tai messuilla.<\/p>\n<\/li>\n<li>\n<p data-path-to-node=\"17,2,0\"><b data-path-to-node=\"17,2,0\" data-index-in-node=\"0\">Myyntiedustaminen:<\/b> Ainutlaatuinen ja edullinen tuote kokkikouluille, leipomoille tai perheille suunnatuille tuotemerkeille myyt\u00e4v\u00e4ksi tai annettavaksi.<\/p>\n<\/li>\n<\/ul>","protected":false},"excerpt":{"rendered":"<ul>\n<li>\n<p data-path-to-node=\"9,0,0\"><b data-path-to-node=\"9,0,0\" data-index-in-node=\"0\">Mukautettu muodon mallinnus:<\/b> Muunnamme 2D-logosi tai maskottisi t\u00e4ysin toimivaksi 3D-muokkaimeksi.<\/p>\n<\/li>\n<li>\n<p data-path-to-node=\"9,1,0\"><b data-path-to-node=\"9,1,0\" data-index-in-node=\"0\">Elintarviketurvallinen ja ymp\u00e4rist\u00f6yst\u00e4v\u00e4llinen:<\/b> Valmistettu PLA-muovista, joka on biohajoava materiaali uusiutuvista luonnonvaroista.<\/p>\n<\/li>\n<li>\n<p data-path-to-node=\"9,2,0\"><b data-path-to-node=\"9,2,0\" data-index-in-node=\"0\">Tarkkuusleikkaus:<\/b> Korkean resoluution 3D-painatus (70\u2013200 mikronia) luo ter\u00e4v\u00e4t reunat siistej\u00e4 leikkauksia varten, jopa monimutkaisissa malleissa.<\/p>\n<\/li>\n<li>\n<p data-path-to-node=\"9,3,0\"><b data-path-to-node=\"9,3,0\" data-index-in-node=\"0\">Kausiluonteinen br\u00e4nd\u00e4ys:<\/b> T\u00e4ydellinen interaktiivinen yrityslahja, joka tuo br\u00e4ndisi joulup\u00f6yt\u00e4\u00e4n.<\/p>\n<\/li>\n<\/ul>","protected":false},"featured_media":6235,"comment_status":"closed","ping_status":"closed","template":"","meta":[],"product_brand":[],"product_cat":[122],"product_tag":[],"class_list":{"0":"post-6234","1":"product","2":"type-product","3":"status-publish","4":"has-post-thumbnail","6":"product_cat-promotional-accessories","8":"first","9":"instock","10":"shipping-taxable","11":"purchasable","12":"product-type-simple"},"_links":{"self":[{"href":"https:\/\/displayproducts.eu\/fi\/wp-json\/wp\/v2\/product\/6234","targetHints":{"allow":["GET"]}}],"collection":[{"href":"https:\/\/displayproducts.eu\/fi\/wp-json\/wp\/v2\/product"}],"about":[{"href":"https:\/\/displayproducts.eu\/fi\/wp-json\/wp\/v2\/types\/product"}],"replies":[{"embeddable":true,"href":"https:\/\/displayproducts.eu\/fi\/wp-json\/wp\/v2\/comments?post=6234"}],"wp:featuredmedia":[{"embeddable":true,"href":"https:\/\/displayproducts.eu\/fi\/wp-json\/wp\/v2\/media\/6235"}],"wp:attachment":[{"href":"https:\/\/displayproducts.eu\/fi\/wp-json\/wp\/v2\/media?parent=6234"}],"wp:term":[{"taxonomy":"product_brand","embeddable":true,"href":"https:\/\/displayproducts.eu\/fi\/wp-json\/wp\/v2\/product_brand?post=6234"},{"taxonomy":"product_cat","embeddable":true,"href":"https:\/\/displayproducts.eu\/fi\/wp-json\/wp\/v2\/product_cat?post=6234"},{"taxonomy":"product_tag","embeddable":true,"href":"https:\/\/displayproducts.eu\/fi\/wp-json\/wp\/v2\/product_tag?post=6234"}],"curies":[{"name":"wp","href":"https:\/\/api.w.org\/{rel}","templated":true}]}}