{"id":6232,"date":"2025-12-20T18:21:12","date_gmt":"2025-12-20T15:21:12","guid":{"rendered":"https:\/\/wristbandfactory.eu\/?post_type=product&#038;p=6232"},"modified":"2026-04-01T21:52:03","modified_gmt":"2026-04-01T18:52:03","slug":"custom-printed-beer-coasters-drink-mats-absorbent-pulpboard","status":"publish","type":"product","link":"https:\/\/displayproducts.eu\/fi\/p\/custom-printed-beer-coasters-drink-mats-absorbent-pulpboard\/","title":{"rendered":"Painetut lasinaluset"},"content":{"rendered":"<p data-path-to-node=\"10\">Muuta jokainen p\u00f6yt\u00e4 mainostauluksi meid\u00e4n avullamme <b data-path-to-node=\"10\" data-index-in-node=\"68\">Mukautetut painetut olutlasinaluset<\/b>. N\u00e4m\u00e4 juoma-alustat ovat enemm\u00e4n kuin vain k\u00e4yt\u00e4nn\u00f6llinen ty\u00f6kalu huonekalujen suojaamiseen roiskeilta ja kondensaatiolta, ne ovat tehokas ja usein k\u00e4ytetty markkinointiv\u00e4line. Olitpa sitten panimon tai baarin omistaja tai j\u00e4rjest\u00e4m\u00e4ss\u00e4 suurta yritystapahtumaa, mittatilausty\u00f6n\u00e4 tehdyt lasinaluset antavat br\u00e4ndillesi kirjaimellisesti vallan yleis\u00f6ss\u00e4si.<\/p>\n<p data-path-to-node=\"11\">Kannustamme sinua <b data-path-to-node=\"11\" data-index-in-node=\"20\">k\u00e4yt\u00e4 mielikuvitustasi<\/b>. Koska n\u00e4m\u00e4 lasinaluset painetaan t\u00e4ysv\u00e4risin\u00e4, pelk\u00e4n logon k\u00e4ytt\u00f6 ei ole rajoitettua. K\u00e4yt\u00e4 kaksipuolista painatusta kilpailujen j\u00e4rjest\u00e4miseen, cocktailreseptien jakamiseen tai QR-koodien n\u00e4ytt\u00e4miseen, jotka edist\u00e4v\u00e4t digitaalista vuorovaikutusta.<\/p>\n<h2 data-path-to-node=\"12\">T\u00e4rkeimm\u00e4t ominaisuudet<\/h2>\n<ul data-path-to-node=\"13\">\n<li>\n<p data-path-to-node=\"13,0,0\"><b data-path-to-node=\"13,0,0\" data-index-in-node=\"0\">Erinomainen imukyky:<\/b> Valmistettu erikoisesta lasinalusesta (sellupahvista), joka on suunniteltu pit\u00e4m\u00e4\u00e4n kosteutta hajoamatta ja pit\u00e4m\u00e4\u00e4n pinnat kuivina.<\/p>\n<\/li>\n<li>\n<p data-path-to-node=\"13,1,0\"><b data-path-to-node=\"13,1,0\" data-index-in-node=\"0\">Kaksipuolinen br\u00e4nd\u00e4ys:<\/b> Maksimoi viestisi painamalla eri kuvioita etu- ja takapuolelle \u2013 ihanteellinen ristiinmarkkinointeihin tai &quot;yll\u00e4tys&quot;-viesteihin.<\/p>\n<\/li>\n<li>\n<p data-path-to-node=\"13,2,0\"><b data-path-to-node=\"13,2,0\" data-index-in-node=\"0\">Muotovalikoima:<\/b> Saatavilla klassisessa <b data-path-to-node=\"13,2,0\" data-index-in-node=\"36\">Py\u00f6rist\u00e4\u00e4<\/b> tai <b data-path-to-node=\"13,2,0\" data-index-in-node=\"45\">Neli\u00f6<\/b> py\u00f6ristettyjen kulmien muodot sopivat estetiikkaasi.<\/p>\n<\/li>\n<li>\n<p data-path-to-node=\"13,3,0\"><b data-path-to-node=\"13,3,0\" data-index-in-node=\"0\">Valokuvalaatuinen painatus:<\/b> Offset-painoprosessimme takaa eloisat v\u00e4rit ja ter\u00e4v\u00e4t yksityiskohdat, jotka tekev\u00e4t suunnittelustasi erottuvan.<\/p>\n<\/li>\n<\/ul>\n<h2 data-path-to-node=\"14\">Tekniset tiedot<\/h2>\n<ul data-path-to-node=\"15\">\n<li>\n<p data-path-to-node=\"15,0,0\"><b data-path-to-node=\"15,0,0\" data-index-in-node=\"0\">Materiaali:<\/b> Korkean tiheyden omaava imukykyinen sellulevy (Beermat-levy).<\/p>\n<\/li>\n<li>\n<p data-path-to-node=\"15,1,0\"><b data-path-to-node=\"15,1,0\" data-index-in-node=\"0\">Vakiomuodot:<\/b><\/p>\n<ul data-path-to-node=\"15,1,1\">\n<li>\n<p data-path-to-node=\"15,1,1,0,0\">Py\u00f6re\u00e4 (\u00d8 107 mm tai \u00d8 93 mm).<\/p>\n<\/li>\n<li>\n<p data-path-to-node=\"15,1,1,1,0\">Neli\u00f6 (93 \u00d7 93 mm tai 107 \u00d7 107 mm) py\u00f6ristetyill\u00e4 kulmilla.<\/p>\n<\/li>\n<\/ul>\n<\/li>\n<li>\n<p data-path-to-node=\"15,2,0\"><b data-path-to-node=\"15,2,0\" data-index-in-node=\"0\">Paksuusvaihtoehdot:<\/b> Vakio 1,2 mm, Premium 1,6 mm tai Heavy Duty 2,0 mm.<\/p>\n<\/li>\n<li>\n<p data-path-to-node=\"15,3,0\"><b data-path-to-node=\"15,3,0\" data-index-in-node=\"0\">Painatus:<\/b> Moniv\u00e4rinen offset (CMYK) molemmille puolille.<\/p>\n<\/li>\n<\/ul>\n<h2 data-path-to-node=\"16\">K\u00e4ytt\u00f6tapaukset<\/h2>\n<ul data-path-to-node=\"17\">\n<li>\n<p data-path-to-node=\"17,0,0\"><b data-path-to-node=\"17,0,0\" data-index-in-node=\"0\">Panimot ja baarit:<\/b> Olennainen hano-oluen tarjoiluun ja br\u00e4ndi-identiteetin vahvistamiseen.<\/p>\n<\/li>\n<li>\n<p data-path-to-node=\"17,1,0\"><b data-path-to-node=\"17,1,0\" data-index-in-node=\"0\">H\u00e4\u00e4t ja juhlat:<\/b> Personoidut lasinaluset tuovat kattaukseen ainutlaatuisen silauksen ja toimivat muistoina.<\/p>\n<\/li>\n<li>\n<p data-path-to-node=\"17,2,0\"><b data-path-to-node=\"17,2,0\" data-index-in-node=\"0\">Sissimarkkinointi:<\/b> Jaa niit\u00e4 yhteisty\u00f6kumppaneiden tapahtumapaikoissa mainostaaksesi sovelluksen lanseerausta, festivaalia tai taksipalvelua.<\/p>\n<\/li>\n<\/ul>","protected":false},"excerpt":{"rendered":"<ul>\n<li>\n<p data-path-to-node=\"9,0,0\"><b data-path-to-node=\"9,0,0\" data-index-in-node=\"0\">Eritt\u00e4in imukykyinen:<\/b> Valmistettu ensiluokkaisesta sellulevyst\u00e4, joka imee tehokkaasti kondensaatiota ja suojaa p\u00f6yti\u00e4 ja huonekaluja.<\/p>\n<\/li>\n<li>\n<p data-path-to-node=\"9,1,0\"><b data-path-to-node=\"9,1,0\" data-index-in-node=\"0\">Suurin altistus:<\/b> Asetetaan suoraan asiakkaan eteen, mik\u00e4 varmistaa, ett\u00e4 br\u00e4ndisi n\u00e4kyy jokaisella kulauksella.<\/p>\n<\/li>\n<li>\n<p data-path-to-node=\"9,2,0\"><b data-path-to-node=\"9,2,0\" data-index-in-node=\"0\">Luova markkinointi:<\/b> T\u00e4ydellinen QR-koodeille, tietokilpailupeleille tai ker\u00e4ilysarjoille asiakkaiden interaktiiviseen sitouttamiseen.<\/p>\n<\/li>\n<li>\n<p data-path-to-node=\"9,3,0\"><b data-path-to-node=\"9,3,0\" data-index-in-node=\"0\">Kustannustehokas:<\/b> Edullinen, suuren volyymin mainosty\u00f6kalu, joka tarjoaa korkean sijoitetun p\u00e4\u00e4oman tuoton.<\/p>\n<\/li>\n<\/ul>","protected":false},"featured_media":6233,"comment_status":"closed","ping_status":"closed","template":"","meta":[],"product_brand":[],"product_cat":[119],"product_tag":[],"class_list":{"0":"post-6232","1":"product","2":"type-product","3":"status-publish","4":"has-post-thumbnail","6":"product_cat-drinkware-accessories","8":"first","9":"instock","10":"shipping-taxable","11":"purchasable","12":"product-type-simple"},"_links":{"self":[{"href":"https:\/\/displayproducts.eu\/fi\/wp-json\/wp\/v2\/product\/6232","targetHints":{"allow":["GET"]}}],"collection":[{"href":"https:\/\/displayproducts.eu\/fi\/wp-json\/wp\/v2\/product"}],"about":[{"href":"https:\/\/displayproducts.eu\/fi\/wp-json\/wp\/v2\/types\/product"}],"replies":[{"embeddable":true,"href":"https:\/\/displayproducts.eu\/fi\/wp-json\/wp\/v2\/comments?post=6232"}],"wp:featuredmedia":[{"embeddable":true,"href":"https:\/\/displayproducts.eu\/fi\/wp-json\/wp\/v2\/media\/6233"}],"wp:attachment":[{"href":"https:\/\/displayproducts.eu\/fi\/wp-json\/wp\/v2\/media?parent=6232"}],"wp:term":[{"taxonomy":"product_brand","embeddable":true,"href":"https:\/\/displayproducts.eu\/fi\/wp-json\/wp\/v2\/product_brand?post=6232"},{"taxonomy":"product_cat","embeddable":true,"href":"https:\/\/displayproducts.eu\/fi\/wp-json\/wp\/v2\/product_cat?post=6232"},{"taxonomy":"product_tag","embeddable":true,"href":"https:\/\/displayproducts.eu\/fi\/wp-json\/wp\/v2\/product_tag?post=6232"}],"curies":[{"name":"wp","href":"https:\/\/api.w.org\/{rel}","templated":true}]}}