{"id":6230,"date":"2025-12-20T18:14:23","date_gmt":"2025-12-20T15:14:23","guid":{"rendered":"https:\/\/wristbandfactory.eu\/?post_type=product&#038;p=6230"},"modified":"2026-04-01T21:52:34","modified_gmt":"2026-04-01T18:52:34","slug":"custom-printed-door-hangers-do-not-disturb-signs-pvc-pp-cardboard","status":"publish","type":"product","link":"https:\/\/displayproducts.eu\/fi\/p\/custom-printed-door-hangers-do-not-disturb-signs-pvc-pp-cardboard\/","title":{"rendered":"Oviripustimet omalla logolla"},"content":{"rendered":"<p data-path-to-node=\"10\">Virtaviivaista viestint\u00e4\u00e4 ja paranna br\u00e4ndi\u00e4si <b data-path-to-node=\"10\" data-index-in-node=\"80\">Mukautetut painetut ovenripustimet<\/b>. Tarvitsetpa sitten toimivia &quot;\u00c4l\u00e4 h\u00e4iritse&quot; -kylttej\u00e4 hotelliketjulle tai huomiota her\u00e4tt\u00e4vi\u00e4 markkinointity\u00f6kaluja sissimainoskampanjaan, ovenripustimemme on suunniteltu v\u00e4litt\u00e4m\u00e4\u00e4n viestisi selke\u00e4sti ja ammattimaisesti.<\/p>\n<p data-path-to-node=\"11\">Tarjoamme laajan valikoiman materiaaleja, jotka sopivat erityisiin kest\u00e4vyystarpeisiisi. Meid\u00e4n <b data-path-to-node=\"11\" data-index-in-node=\"74\">PVC ja polypropeeni (PP)<\/b> vaihtoehdot ovat rep\u00e4isynkest\u00e4vi\u00e4 ja vedenpit\u00e4vi\u00e4, joten ne sopivat erinomaisesti p\u00e4ivitt\u00e4iseen toistuvaan k\u00e4ytt\u00f6\u00f6n majoitus- ja ravitsemisymp\u00e4rist\u00f6iss\u00e4. Lyhytaikaisiin promootioihin tai suoramainontakampanjoihin korkealaatuiset <b data-path-to-node=\"11\" data-index-in-node=\"283\">Pahvi<\/b> vaihtoehdot tarjoavat ensiluokkaisen ilmeen kustannustehokkaaseen hintaan.<\/p>\n<h2 data-path-to-node=\"12\">T\u00e4rkeimm\u00e4t ominaisuudet<\/h2>\n<ul data-path-to-node=\"13\">\n<li>\n<p data-path-to-node=\"13,0,0\"><b data-path-to-node=\"13,0,0\" data-index-in-node=\"0\">Materiaalin joustavuus:<\/b><\/p>\n<ul data-path-to-node=\"13,0,1\">\n<li>\n<p data-path-to-node=\"13,0,1,0,0\"><b data-path-to-node=\"13,0,1,0,0\" data-index-in-node=\"0\">PVC\/PP:<\/b> Vedenpit\u00e4v\u00e4, j\u00e4ykk\u00e4 ja helppo puhdistaa. T\u00e4ydellinen pitk\u00e4aikaiseen sis\u00e4- ja ulkok\u00e4ytt\u00f6\u00f6n.<\/p>\n<\/li>\n<li>\n<p data-path-to-node=\"13,0,1,1,0\"><b data-path-to-node=\"13,0,1,1,0\" data-index-in-node=\"0\">Pahvi:<\/b> Kest\u00e4v\u00e4 ja kevyt. Ihanteellinen kertaluontoisiin tapahtumiin tai massajakeluun.<\/p>\n<\/li>\n<\/ul>\n<\/li>\n<li>\n<p data-path-to-node=\"13,1,0\"><b data-path-to-node=\"13,1,0\" data-index-in-node=\"0\">Visuaalinen erinomaisuus:<\/b> K\u00e4yt\u00e4mme ter\u00e4v\u00e4piirtoa <b data-path-to-node=\"13,1,0\" data-index-in-node=\"42\">Offset<\/b> tai <b data-path-to-node=\"13,1,0\" data-index-in-node=\"52\">Silkkipaino<\/b> varmistaaksesi, ett\u00e4 logosi ja tekstisi ovat ter\u00e4vi\u00e4, v\u00e4rikk\u00e4it\u00e4 ja haalistumattomia.<\/p>\n<\/li>\n<li>\n<p data-path-to-node=\"13,2,0\"><b data-path-to-node=\"13,2,0\" data-index-in-node=\"0\">Mukautetut muodot:<\/b> Vaikka tarjoamme vakiokokoisia suorakaiteen muotoisia ripustimia koukulla, voimme my\u00f6s stanssata ripustimet omalla painatuksellaihin muotoihin vastaamaan br\u00e4ndi\u00e4si.<\/p>\n<\/li>\n<li>\n<p data-path-to-node=\"13,3,0\"><b data-path-to-node=\"13,3,0\" data-index-in-node=\"0\">Kaksoisviestint\u00e4:<\/b> K\u00e4yt\u00e4 tunnisteen molempia puolia v\u00e4litt\u00e4\u00e4ksesi enemm\u00e4n tietoa tai tarjotaksesi kaksoistoimintoja.<\/p>\n<\/li>\n<\/ul>\n<h2 data-path-to-node=\"14\">Tekniset tiedot<\/h2>\n<ul data-path-to-node=\"15\">\n<li>\n<p data-path-to-node=\"15,0,0\"><b data-path-to-node=\"15,0,0\" data-index-in-node=\"0\">Materiaalit:<\/b> J\u00e4ykk\u00e4 PVC, joustava PP (polypropeeni) tai pinnoitettu pahvi.<\/p>\n<\/li>\n<li>\n<p data-path-to-node=\"15,1,0\"><b data-path-to-node=\"15,1,0\" data-index-in-node=\"0\">Painotekniikka:<\/b> Moniv\u00e4rinen offset (CMYK) tai silkkipaino (spottiv\u00e4rit).<\/p>\n<\/li>\n<li>\n<p data-path-to-node=\"15,2,0\"><b data-path-to-node=\"15,2,0\" data-index-in-node=\"0\">Painetun median kattavuus:<\/b> Yksipuolinen tai kaksipuolinen.<\/p>\n<\/li>\n<li>\n<p data-path-to-node=\"15,3,0\"><b data-path-to-node=\"15,3,0\" data-index-in-node=\"0\">Paksuus:<\/b> Muokattavissa materiaalivalinnan perusteella (esim. 300 g pahvi, 500 mikronin PVC).<\/p>\n<\/li>\n<li>\n<p data-path-to-node=\"15,4,0\"><b data-path-to-node=\"15,4,0\" data-index-in-node=\"0\">Liite:<\/b> Vakiomallinen stanssattu koukku ovenkahvoihin.<\/p>\n<\/li>\n<\/ul>\n<h2 data-path-to-node=\"16\">K\u00e4ytt\u00f6tapaukset<\/h2>\n<ul data-path-to-node=\"17\">\n<li>\n<p data-path-to-node=\"17,0,0\"><b data-path-to-node=\"17,0,0\" data-index-in-node=\"0\">Majoitus- ja ravitsemusala:<\/b> V\u00e4ltt\u00e4m\u00e4t\u00f6n hotelleille, lomakohteille ja risteilyaluksille (\u201c\u00c4l\u00e4 h\u00e4iritse\u201d, \u201cAamiaistarjous\u201d, \u201cHuonepalvelu\u201d).<\/p>\n<\/li>\n<li>\n<p data-path-to-node=\"17,1,0\"><b data-path-to-node=\"17,1,0\" data-index-in-node=\"0\">Yrityksen toimistot:<\/b> Hy\u00f6dyllinen kokoushuoneissa (&quot;Kokous k\u00e4ynniss\u00e4&quot;) tai siivousaikatauluissa.<\/p>\n<\/li>\n<li>\n<p data-path-to-node=\"17,2,0\"><b data-path-to-node=\"17,2,0\" data-index-in-node=\"0\">Kiinteist\u00f6t ja markkinointi:<\/b> \u201cNaapuruston ovenkahvoihin on j\u00e4tetty kylttej\u00e4 \u201dJuuri myyty\u201c tai \u201dAvoimet ovet\u201d.<\/p>\n<\/li>\n<\/ul>\n<p data-path-to-node=\"18\">","protected":false},"excerpt":{"rendered":"<ul>\n<li>\n<p data-path-to-node=\"9,0,0\"><b data-path-to-node=\"9,0,0\" data-index-in-node=\"0\">Monipuolinen materiaalivalinta:<\/b> Valitse kest\u00e4v\u00e4 PVC tai polypropeeni (PP) pitk\u00e4aikaiseen uudelleenk\u00e4ytt\u00f6\u00f6n hotelleissa tai kustannustehokas pahvi markkinointikampanjoihin.<\/p>\n<\/li>\n<li>\n<p data-path-to-node=\"9,1,0\"><b data-path-to-node=\"9,1,0\" data-index-in-node=\"0\">Vaikuttava painatus:<\/b> Saatavilla eloisalla neliv\u00e4risell\u00e4 offset- tai silkkipainatuksella, jotta viestisi n\u00e4kyy kaukaa.<\/p>\n<\/li>\n<li>\n<p data-path-to-node=\"9,2,0\"><b data-path-to-node=\"9,2,0\" data-index-in-node=\"0\">Kaksipuolinen viestint\u00e4:<\/b> Maksimoi hy\u00f6dyllisyys tulostamalla eri viestit kummallekin puolelle (esim. \u201c\u00c4l\u00e4 h\u00e4iritse\u201d \/ \u201cSiivoa huone\u201d).<\/p>\n<\/li>\n<li>\n<p data-path-to-node=\"9,3,0\"><b data-path-to-node=\"9,3,0\" data-index-in-node=\"0\">Universaali istuvuus:<\/b> Suunniteltu sopimaan hotellien, konferenssikeskusten ja yritystoimistojen vakio-ovenkahvoihin.<\/p>\n<\/li>\n<\/ul>","protected":false},"featured_media":6280,"comment_status":"closed","ping_status":"closed","template":"","meta":[],"product_brand":[],"product_cat":[132],"product_tag":[],"class_list":{"0":"post-6230","1":"product","2":"type-product","3":"status-publish","4":"has-post-thumbnail","6":"product_cat-hotel-spa-amenities","8":"first","9":"instock","10":"shipping-taxable","11":"product-type-simple"},"_links":{"self":[{"href":"https:\/\/displayproducts.eu\/fi\/wp-json\/wp\/v2\/product\/6230","targetHints":{"allow":["GET"]}}],"collection":[{"href":"https:\/\/displayproducts.eu\/fi\/wp-json\/wp\/v2\/product"}],"about":[{"href":"https:\/\/displayproducts.eu\/fi\/wp-json\/wp\/v2\/types\/product"}],"replies":[{"embeddable":true,"href":"https:\/\/displayproducts.eu\/fi\/wp-json\/wp\/v2\/comments?post=6230"}],"wp:featuredmedia":[{"embeddable":true,"href":"https:\/\/displayproducts.eu\/fi\/wp-json\/wp\/v2\/media\/6280"}],"wp:attachment":[{"href":"https:\/\/displayproducts.eu\/fi\/wp-json\/wp\/v2\/media?parent=6230"}],"wp:term":[{"taxonomy":"product_brand","embeddable":true,"href":"https:\/\/displayproducts.eu\/fi\/wp-json\/wp\/v2\/product_brand?post=6230"},{"taxonomy":"product_cat","embeddable":true,"href":"https:\/\/displayproducts.eu\/fi\/wp-json\/wp\/v2\/product_cat?post=6230"},{"taxonomy":"product_tag","embeddable":true,"href":"https:\/\/displayproducts.eu\/fi\/wp-json\/wp\/v2\/product_tag?post=6230"}],"curies":[{"name":"wp","href":"https:\/\/api.w.org\/{rel}","templated":true}]}}