{"id":6228,"date":"2025-12-20T18:09:00","date_gmt":"2025-12-20T15:09:00","guid":{"rendered":"https:\/\/wristbandfactory.eu\/?post_type=product&#038;p=6228"},"modified":"2026-04-01T21:52:34","modified_gmt":"2026-04-01T18:52:34","slug":"custom-printed-rulers-3d-lenticular-rulers-pvc-pp-pet","status":"publish","type":"product","link":"https:\/\/displayproducts.eu\/fi\/p\/custom-printed-rulers-3d-lenticular-rulers-pvc-pp-pet\/","title":{"rendered":"Mainosviivoittimet omalla logolla"},"content":{"rendered":"<p data-path-to-node=\"10\">Varmista pysyv\u00e4 paikka asiakkaasi ty\u00f6p\u00f6yd\u00e4ll\u00e4 meid\u00e4n avullamme <b data-path-to-node=\"10\" data-index-in-node=\"80\">Mukautetut painetut viivaimet<\/b>. Toisin kuin kertak\u00e4ytt\u00f6iset lentolehtiset, br\u00e4nd\u00e4tty viivain on k\u00e4yt\u00e4nn\u00f6llinen ty\u00f6kalu, joka tarjoaa pitk\u00e4aikaista arvoa ja p\u00e4ivitt\u00e4ist\u00e4 n\u00e4kyvyytt\u00e4 toimistoissa, kouluissa ja teollisuusymp\u00e4rist\u00f6iss\u00e4.<\/p>\n<p data-path-to-node=\"11\">Tarjoamme laajan valikoiman materiaaleja kampanjatavoitteidesi mukaan. Valitse meid\u00e4n <b data-path-to-node=\"11\" data-index-in-node=\"75\">Standard PVC<\/b> klassisen ilmeen saavuttamiseksi, <b data-path-to-node=\"11\" data-index-in-node=\"108\">Ymp\u00e4rist\u00f6yst\u00e4v\u00e4llinen polypropeeni (PP)<\/b> kest\u00e4v\u00e4n br\u00e4nd\u00e4yksen tai huippuluokan <b data-path-to-node=\"11\" data-index-in-node=\"186\">3D-linssim\u00e4iset viivaimet<\/b> maksimaalisen vaikutuksen saavuttamiseksi. Linssim\u00e4inen teknologia luo mukaansatempaavia visuaalisia tehosteita, kuten animaatioita, syvyytt\u00e4 tai kuvan vaihtamista, mik\u00e4 tekee siit\u00e4 ihanteellisen l\u00e4\u00e4ke- ja elintarviketeollisuuden kampanjoihin.<\/p>\n<h2 data-path-to-node=\"12\">T\u00e4rkeimm\u00e4t ominaisuudet<\/h2>\n<ul data-path-to-node=\"13\">\n<li>\n<p data-path-to-node=\"13,0,0\"><b data-path-to-node=\"13,0,0\" data-index-in-node=\"0\">Ter\u00e4v\u00e4piirtobr\u00e4nd\u00e4ys:<\/b> Valitsitpa sitten digitaalisen tulostuksen monimutkaisille kuville tai silkkipainon yksiv\u00e4risille kohdev\u00e4reille, me takaamme ter\u00e4v\u00e4t ja eloisat tulokset.<\/p>\n<\/li>\n<li>\n<p data-path-to-node=\"13,1,0\"><b data-path-to-node=\"13,1,0\" data-index-in-node=\"0\">Mukautetut mitat:<\/b> Emme tarjoa vain vakiokokoja; voimme valmistaa viivoittimia kompakteista 15 cm:n versioista aina suuriin 68 cm:n kokoisiin versioihin.<\/p>\n<\/li>\n<li>\n<p data-path-to-node=\"13,2,0\"><b data-path-to-node=\"13,2,0\" data-index-in-node=\"0\">Ymp\u00e4rist\u00f6yst\u00e4v\u00e4lliset vaihtoehdot:<\/b> Vihreiden kampanjoiden tueksi tarjoamme biohajoavia ja kierr\u00e4tett\u00e4vi\u00e4 polypropeeni (PP) -materiaaleja.<\/p>\n<\/li>\n<li>\n<p data-path-to-node=\"13,3,0\"><b data-path-to-node=\"13,3,0\" data-index-in-node=\"0\">Edistyneet 3D-tehosteet:<\/b> Linssim\u00e4inen painatus mahdollistaa &quot;k\u00e4\u00e4nt\u00f6&quot;- (kuvien vaihtaminen), &quot;liike&quot;- (videon kaltainen liike) tai &quot;3D-syvyys&quot;-tehosteet, mik\u00e4 muuttaa yksinkertaisen viivaimen interaktiiviseksi kokemukseksi.<\/p>\n<\/li>\n<\/ul>\n<h2 data-path-to-node=\"14\">Tekniset tiedot<\/h2>\n<table data-path-to-node=\"15\">\n<thead>\n<tr>\n<td><strong>Ominaisuus<\/strong><\/td>\n<td><strong>PVC-viivaimet<\/strong><\/td>\n<td><strong>PP (polypropeeni) -viivaimet<\/strong><\/td>\n<td><strong>3D-linssim\u00e4iset viivaimet<\/strong><\/td>\n<\/tr>\n<\/thead>\n<tbody>\n<tr>\n<td><span data-path-to-node=\"15,1,0,0\"><b data-path-to-node=\"15,1,0,0\" data-index-in-node=\"0\">Materiaali<\/b><\/span><\/td>\n<td><span data-path-to-node=\"15,1,1,0\">Puolij\u00e4ykk\u00e4 valkoinen PVC<\/span><\/td>\n<td><span data-path-to-node=\"15,1,2,0\">Joustava ymp\u00e4rist\u00f6yst\u00e4v\u00e4llinen PP<\/span><\/td>\n<td><span data-path-to-node=\"15,1,3,0\">Linssim\u00e4inen PET<\/span><\/td>\n<\/tr>\n<tr>\n<td><span data-path-to-node=\"15,2,0,0\"><b data-path-to-node=\"15,2,0,0\" data-index-in-node=\"0\">Paksuus<\/b><\/span><\/td>\n<td><span data-path-to-node=\"15,2,1,0\">300, 500 tai 700 mikronia<\/span><\/td>\n<td><span data-path-to-node=\"15,2,2,0\">500 tai 800 mikronia<\/span><\/td>\n<td><span data-path-to-node=\"15,2,3,0\">500 mikronia<\/span><\/td>\n<\/tr>\n<tr>\n<td><span data-path-to-node=\"15,3,0,0\"><b data-path-to-node=\"15,3,0,0\" data-index-in-node=\"0\">Painatusmenetelm\u00e4<\/b><\/span><\/td>\n<td><span data-path-to-node=\"15,3,1,0\">Digitaalinen tai silkkipaino<\/span><\/td>\n<td><span data-path-to-node=\"15,3,2,0\">Digitaalinen tai silkkipaino<\/span><\/td>\n<td><span data-path-to-node=\"15,3,3,0\">Offset\/Screen (3D-tehosteet)<\/span><\/td>\n<\/tr>\n<tr>\n<td><span data-path-to-node=\"15,4,0,0\"><b data-path-to-node=\"15,4,0,0\" data-index-in-node=\"0\">Sivut<\/b><\/span><\/td>\n<td><span data-path-to-node=\"15,4,1,0\">1- tai 2-puolinen<\/span><\/td>\n<td><span data-path-to-node=\"15,4,2,0\">1- tai 2-puolinen<\/span><\/td>\n<td><span data-path-to-node=\"15,4,3,0\">Etupuoli (3D) + Takapuoli (Staattinen)<\/span><\/td>\n<\/tr>\n<tr>\n<td><span data-path-to-node=\"15,5,0,0\"><b data-path-to-node=\"15,5,0,0\" data-index-in-node=\"0\">Pituusalue<\/b><\/span><\/td>\n<td><span data-path-to-node=\"15,5,1,0\">15 cm \u2013 68 cm<\/span><\/td>\n<td><span data-path-to-node=\"15,5,2,0\">15 cm \u2013 68 cm<\/span><\/td>\n<td><span data-path-to-node=\"15,5,3,0\">Vakiokoot<\/span><\/td>\n<\/tr>\n<\/tbody>\n<\/table>\n<h2 data-path-to-node=\"16\">K\u00e4ytt\u00f6tapaukset<\/h2>\n<ul data-path-to-node=\"17\">\n<li>\n<p data-path-to-node=\"17,0,0\"><b data-path-to-node=\"17,0,0\" data-index-in-node=\"0\">Koulutuskampanjat:<\/b> V\u00e4ltt\u00e4m\u00e4tt\u00f6mi\u00e4 monisteita kouluille, yliopistoille ja koulutuskeskuksille.<\/p>\n<\/li>\n<li>\n<p data-path-to-node=\"17,1,0\"><b data-path-to-node=\"17,1,0\" data-index-in-node=\"0\">L\u00e4\u00e4kemarkkinointi:<\/b> K\u00e4yt\u00e4 3D-linssim\u00e4isi\u00e4 tehosteita n\u00e4ytt\u00e4\u00e4ksesi &quot;ennen ja j\u00e4lkeen&quot; -tuloksia tai toimintamekanismianimaatioita.<\/p>\n<\/li>\n<li>\n<p data-path-to-node=\"17,2,0\"><b data-path-to-node=\"17,2,0\" data-index-in-node=\"0\">Rakentaminen ja suunnittelu:<\/b> V\u00e4ltt\u00e4m\u00e4t\u00f6n ty\u00f6kalu arkkitehdeille ja insin\u00f6\u00f6reille, joka toimii my\u00f6s ensiluokkaisena k\u00e4yntikorttina.<\/p>\n<\/li>\n<\/ul>","protected":false},"excerpt":{"rendered":"<ul>\n<li>\n<p data-path-to-node=\"9,0,0\"><b data-path-to-node=\"9,0,0\" data-index-in-node=\"0\">Monipuoliset materiaalivaihtoehdot:<\/b> Valitse puolij\u00e4yk\u00e4st\u00e4 PVC:st\u00e4, ymp\u00e4rist\u00f6yst\u00e4v\u00e4llisest\u00e4 polypropeenista (PP) tai erikoislinssim\u00e4isest\u00e4 PET:st\u00e4.<\/p>\n<\/li>\n<li>\n<p data-path-to-node=\"9,1,0\"><b data-path-to-node=\"9,1,0\" data-index-in-node=\"0\">3D-visuaaliset tehosteet:<\/b> Linssim\u00e4iset PET-viivaimemme tarjoavat upeita liike-, zoomaus- ja muodonmuutostehosteita huomion her\u00e4tt\u00e4miseksi.<\/p>\n<\/li>\n<li>\n<p data-path-to-node=\"9,2,0\"><b data-path-to-node=\"9,2,0\" data-index-in-node=\"0\">T\u00e4ysi mukautus:<\/b> Saatavilla ter\u00e4v\u00e4piirtoisella digitaalisella tai silkkipainatuksella koko pinnalle (yhdelle tai kahdelle puolelle).<\/p>\n<\/li>\n<li>\n<p data-path-to-node=\"9,3,0\"><b data-path-to-node=\"9,3,0\" data-index-in-node=\"0\">K\u00e4yt\u00e4nn\u00f6n br\u00e4ndin\u00e4kyvyys:<\/b> Toiminnallinen ty\u00f6p\u00f6yt\u00e4ty\u00f6kalu, joka varmistaa, ett\u00e4 br\u00e4ndisi pysyy asiakkaan mieless\u00e4 p\u00e4ivitt\u00e4in.<\/p>\n<\/li>\n<\/ul>","protected":false},"featured_media":6229,"comment_status":"closed","ping_status":"closed","template":"","meta":[],"product_brand":[],"product_cat":[122],"product_tag":[],"class_list":{"0":"post-6228","1":"product","2":"type-product","3":"status-publish","4":"has-post-thumbnail","6":"product_cat-promotional-accessories","8":"first","9":"instock","10":"shipping-taxable","11":"product-type-simple"},"_links":{"self":[{"href":"https:\/\/displayproducts.eu\/fi\/wp-json\/wp\/v2\/product\/6228","targetHints":{"allow":["GET"]}}],"collection":[{"href":"https:\/\/displayproducts.eu\/fi\/wp-json\/wp\/v2\/product"}],"about":[{"href":"https:\/\/displayproducts.eu\/fi\/wp-json\/wp\/v2\/types\/product"}],"replies":[{"embeddable":true,"href":"https:\/\/displayproducts.eu\/fi\/wp-json\/wp\/v2\/comments?post=6228"}],"wp:featuredmedia":[{"embeddable":true,"href":"https:\/\/displayproducts.eu\/fi\/wp-json\/wp\/v2\/media\/6229"}],"wp:attachment":[{"href":"https:\/\/displayproducts.eu\/fi\/wp-json\/wp\/v2\/media?parent=6228"}],"wp:term":[{"taxonomy":"product_brand","embeddable":true,"href":"https:\/\/displayproducts.eu\/fi\/wp-json\/wp\/v2\/product_brand?post=6228"},{"taxonomy":"product_cat","embeddable":true,"href":"https:\/\/displayproducts.eu\/fi\/wp-json\/wp\/v2\/product_cat?post=6228"},{"taxonomy":"product_tag","embeddable":true,"href":"https:\/\/displayproducts.eu\/fi\/wp-json\/wp\/v2\/product_tag?post=6228"}],"curies":[{"name":"wp","href":"https:\/\/api.w.org\/{rel}","templated":true}]}}