{"id":6226,"date":"2025-12-20T18:04:19","date_gmt":"2025-12-20T15:04:19","guid":{"rendered":"https:\/\/wristbandfactory.eu\/?post_type=product&#038;p=6226"},"modified":"2026-04-01T21:52:03","modified_gmt":"2026-04-01T18:52:03","slug":"custom-fsc-certified-pencils-with-eraser-360-full-color-print","status":"publish","type":"product","link":"https:\/\/displayproducts.eu\/fi\/p\/custom-fsc-certified-pencils-with-eraser-360-full-color-print\/","title":{"rendered":"Painetut lyijykyn\u00e4t (FSC\u00ae-sertifioitu)"},"content":{"rendered":"<p data-path-to-node=\"10\">Osoita sitoutumisesi ymp\u00e4rist\u00f6\u00f6n tinkim\u00e4tt\u00e4 suunnittelusta meid\u00e4n avullamme <b data-path-to-node=\"10\" data-index-in-node=\"109\">FSC\u00ae-sertifioituja mittatilausty\u00f6n\u00e4 tehtyj\u00e4 lyijykyn\u00e4j\u00e4<\/b>. N\u00e4m\u00e4 eiv\u00e4t ole vain kirjoitusv\u00e4lineit\u00e4; ne ovat kest\u00e4v\u00e4n kehityksen mukaisten br\u00e4ndiarvojen ilmentym\u00e4. Valitsemalla FSC\u00ae-sertifioitua puuta tuet vastuullista mets\u00e4nhoitoa maailmanlaajuisesti.<\/p>\n<p data-path-to-node=\"11\">T\u00e4m\u00e4n kyn\u00e4n erottaa muista se, ett\u00e4 <b data-path-to-node=\"11\" data-index-in-node=\"35\">360\u00b0 moniv\u00e4rinen mukautus<\/b>. Emme paina vain pient\u00e4 logoa kylkeen, vaan p\u00e4\u00e4llyst\u00e4mme koko kyn\u00e4n rungon ainutlaatuisella suunnitteluillasi. Olipa kyseess\u00e4 sitten monimutkainen kuvio, valokuva tai yrityksesi v\u00e4rit, lopputuloksena on saumaton ja huomiota her\u00e4tt\u00e4v\u00e4 mainosv\u00e4line.<\/p>\n<h2 data-path-to-node=\"12\">T\u00e4rkeimm\u00e4t ominaisuudet<\/h2>\n<ul data-path-to-node=\"13\">\n<li>\n<p data-path-to-node=\"13,0,0\"><b data-path-to-node=\"13,0,0\" data-index-in-node=\"0\">Ymp\u00e4rist\u00f6yst\u00e4v\u00e4llinen valinta:<\/b> Valmistettu sertifioiduista, kest\u00e4vist\u00e4 l\u00e4hteist\u00e4 per\u00e4isin olevasta luonnonpuusta, mik\u00e4 tekee siit\u00e4 syyllisyydentuntoisen mainostuotteen.<\/p>\n<\/li>\n<li>\n<p data-path-to-node=\"13,1,0\"><b data-path-to-node=\"13,1,0\" data-index-in-node=\"0\">Rajaton suunnittelu:<\/b> 360\u00b0 painatustekniikka mahdollistaa reunasta reunaan br\u00e4nd\u00e4yksen CMYK-v\u00e4reiss\u00e4, mik\u00e4 sopii t\u00e4ydellisesti monimutkaisille grafiikoille ja rohkeille viesteille.<\/p>\n<\/li>\n<li>\n<p data-path-to-node=\"13,2,0\"><b data-path-to-node=\"13,2,0\" data-index-in-node=\"0\">Toiminnallinen ja tyylik\u00e4s:<\/b> Varustettu k\u00e4yt\u00e4nn\u00f6llisell\u00e4 pyyhekumilla, jota pit\u00e4\u00e4 paikallaan tyylik\u00e4s <b data-path-to-node=\"13,2,0\" data-index-in-node=\"80\">metalliholkki<\/b>, yhdist\u00e4en k\u00e4yt\u00e4nn\u00f6llisyyden tyylikk\u00e4\u00e4seen ulkon\u00e4k\u00f6\u00f6n.<\/p>\n<\/li>\n<li>\n<p data-path-to-node=\"13,3,0\"><b data-path-to-node=\"13,3,0\" data-index-in-node=\"0\">Korkea hy\u00f6tysuhde:<\/b> Lyijykyn\u00e4t ovat yksi k\u00e4ytetyimmist\u00e4 mainostuotteista, sill\u00e4 ne varmistavat, ett\u00e4 br\u00e4ndisi pysyy asiakkaasi k\u00e4siss\u00e4 kuukausia.<\/p>\n<\/li>\n<\/ul>\n<h2 data-path-to-node=\"14\">Tekniset tiedot<\/h2>\n<ul data-path-to-node=\"15\">\n<li>\n<p data-path-to-node=\"15,0,0\"><b data-path-to-node=\"15,0,0\" data-index-in-node=\"0\">Materiaali:<\/b> Luonnonpuuta (FSC\u00ae-sertifioitu).<\/p>\n<\/li>\n<li>\n<p data-path-to-node=\"15,1,0\"><b data-path-to-node=\"15,1,0\" data-index-in-node=\"0\">Painatusmenetelm\u00e4:<\/b> 360\u00b0 moniv\u00e4rinen digitaalinen k\u00e4\u00e4re.<\/p>\n<\/li>\n<li>\n<p data-path-to-node=\"15,2,0\"><b data-path-to-node=\"15,2,0\" data-index-in-node=\"0\">Komponentit:<\/b> Grafiittilyijy, pyyhekumi, metalliholkki.<\/p>\n<\/li>\n<li>\n<p data-path-to-node=\"15,3,0\"><b data-path-to-node=\"15,3,0\" data-index-in-node=\"0\">Muoto:<\/b> Vakio py\u00f6re\u00e4 tai kuusikulmainen (varastosta riippuen).<\/p>\n<\/li>\n<li>\n<p data-path-to-node=\"15,4,0\"><b data-path-to-node=\"15,4,0\" data-index-in-node=\"0\">Sertifikaatit:<\/b> FSC\u00ae (mets\u00e4nhoitoneuvosto).<\/p>\n<\/li>\n<\/ul>\n<h2 data-path-to-node=\"16\">K\u00e4ytt\u00f6tapaukset<\/h2>\n<ul data-path-to-node=\"17\">\n<li>\n<p data-path-to-node=\"17,0,0\"><b data-path-to-node=\"17,0,0\" data-index-in-node=\"0\">Koulutustapahtumat:<\/b> T\u00e4ydellinen kouluille, yliopistoille ja koulutuskeskuksille.<\/p>\n<\/li>\n<li>\n<p data-path-to-node=\"17,1,0\"><b data-path-to-node=\"17,1,0\" data-index-in-node=\"0\">Messut:<\/b> Kevyt ja ymp\u00e4rist\u00f6yst\u00e4v\u00e4llinen arpajainen, jota osallistujat oikeasti k\u00e4ytt\u00e4v\u00e4t.<\/p>\n<\/li>\n<li>\n<p data-path-to-node=\"17,2,0\"><b data-path-to-node=\"17,2,0\" data-index-in-node=\"0\">Toimistotarvikkeet:<\/b> Br\u00e4nd\u00e4\u00e4 omat toimistotarvikkeisi vahvistaaksesi yritysilmett\u00e4 sis\u00e4isesti ja asiakastapaamisissa.<\/p>\n<\/li>\n<\/ul>","protected":false},"excerpt":{"rendered":"<ul>\n<li>\n<p data-path-to-node=\"9,0,0\"><b data-path-to-node=\"9,0,0\" data-index-in-node=\"0\">Sertifioitu kest\u00e4v\u00e4:<\/b> Valmistettu 100%-luonnonpuusta, joka on per\u00e4isin vastuullisesti hoidetuista metsist\u00e4 (FSC\u00ae-sertifioitu).<\/p>\n<\/li>\n<li>\n<p data-path-to-node=\"9,1,0\"><b data-path-to-node=\"9,1,0\" data-index-in-node=\"0\">360\u00b0 t\u00e4ysi br\u00e4nd\u00e4ys:<\/b> Toisin kuin tavallisessa tampopainatuksessa, suunnittelusi peitt\u00e4\u00e4 koko tynnyrin eloisalla, neliv\u00e4risell\u00e4 digitaalipainatuksella.<\/p>\n<\/li>\n<li>\n<p data-path-to-node=\"9,2,0\"><b data-path-to-node=\"9,2,0\" data-index-in-node=\"0\">Ensiluokkainen viimeistely:<\/b> Sis\u00e4lt\u00e4\u00e4 korkealaatuisen pyyhekumin, joka on kiinnitetty kest\u00e4v\u00e4ll\u00e4 metalliholkilla (yksityiskohta).<\/p>\n<\/li>\n<li>\n<p data-path-to-node=\"9,3,0\"><b data-path-to-node=\"9,3,0\" data-index-in-node=\"0\">Monipuolinen myynninedist\u00e4minen:<\/b> Ihanteellinen edullinen ja n\u00e4kyv\u00e4 mainoslahja messuille, kouluihin ja toimistoihin.<\/p>\n<\/li>\n<\/ul>","protected":false},"featured_media":6227,"comment_status":"closed","ping_status":"closed","template":"","meta":[],"product_brand":[],"product_cat":[122],"product_tag":[],"class_list":{"0":"post-6226","1":"product","2":"type-product","3":"status-publish","4":"has-post-thumbnail","6":"product_cat-promotional-accessories","8":"first","9":"instock","10":"shipping-taxable","11":"product-type-simple"},"_links":{"self":[{"href":"https:\/\/displayproducts.eu\/fi\/wp-json\/wp\/v2\/product\/6226","targetHints":{"allow":["GET"]}}],"collection":[{"href":"https:\/\/displayproducts.eu\/fi\/wp-json\/wp\/v2\/product"}],"about":[{"href":"https:\/\/displayproducts.eu\/fi\/wp-json\/wp\/v2\/types\/product"}],"replies":[{"embeddable":true,"href":"https:\/\/displayproducts.eu\/fi\/wp-json\/wp\/v2\/comments?post=6226"}],"wp:featuredmedia":[{"embeddable":true,"href":"https:\/\/displayproducts.eu\/fi\/wp-json\/wp\/v2\/media\/6227"}],"wp:attachment":[{"href":"https:\/\/displayproducts.eu\/fi\/wp-json\/wp\/v2\/media?parent=6226"}],"wp:term":[{"taxonomy":"product_brand","embeddable":true,"href":"https:\/\/displayproducts.eu\/fi\/wp-json\/wp\/v2\/product_brand?post=6226"},{"taxonomy":"product_cat","embeddable":true,"href":"https:\/\/displayproducts.eu\/fi\/wp-json\/wp\/v2\/product_cat?post=6226"},{"taxonomy":"product_tag","embeddable":true,"href":"https:\/\/displayproducts.eu\/fi\/wp-json\/wp\/v2\/product_tag?post=6226"}],"curies":[{"name":"wp","href":"https:\/\/api.w.org\/{rel}","templated":true}]}}