{"id":6222,"date":"2025-12-20T17:56:31","date_gmt":"2025-12-20T14:56:31","guid":{"rendered":"https:\/\/wristbandfactory.eu\/?post_type=product&#038;p=6222"},"modified":"2026-04-01T21:52:03","modified_gmt":"2026-04-01T18:52:03","slug":"custom-3d-snow-globes-with-bespoke-interior-logo","status":"publish","type":"product","link":"https:\/\/displayproducts.eu\/fi\/p\/custom-3d-snow-globes-with-bespoke-interior-logo\/","title":{"rendered":"Lumisadepallot omalla logolla (3D)"},"content":{"rendered":"<p data-path-to-node=\"10\">Ikuista joulun taika tai pys\u00e4yt\u00e4 hetki meid\u00e4n avullamme <b data-path-to-node=\"10\" data-index-in-node=\"95\">Mukautetut 3D-lumipallot<\/b>. Toisin kuin tavallisissa mainostuotteissa, n\u00e4iss\u00e4 maapalloissa on t\u00e4ysin omalla painatuksella 3D-veistos \u2013 olipa kyseess\u00e4 sitten tuotteesi pienoiskopio, yrityksesi maskotti tai tietty arkkitehtoninen n\u00e4kym\u00e4.<\/p>\n<p data-path-to-node=\"11\">N\u00e4m\u00e4 kest\u00e4v\u00e4st\u00e4, liuotteettomasta polyesterihartsista valmistetut pallot ovat korkealaatuisia ker\u00e4ilyesineit\u00e4. Kelluva kimalle luo lumoavan vaikutelman, joka kiinnitt\u00e4\u00e4 huomiota br\u00e4ndiisi. Sek\u00e4 sis\u00e4puolisen veistoksen ett\u00e4 ulkoisen pohjabr\u00e4nd\u00e4yksen vaihtoehdot tekev\u00e4t t\u00e4st\u00e4 \u00e4\u00e4rimm\u00e4isen premium-lahjan yrityskumppaneille ja kausikampanjoille.<\/p>\n<h2 data-path-to-node=\"12\">T\u00e4rkeimm\u00e4t ominaisuudet<\/h2>\n<ul data-path-to-node=\"13\">\n<li>\n<p data-path-to-node=\"13,0,0\"><b data-path-to-node=\"13,0,0\" data-index-in-node=\"0\">T\u00e4ysin omalla painatuksella 3D-mallinnus:<\/b> Sis\u00e4osa ei ole litte\u00e4, vaan valettu hartsihahmo, joka on luotu erityisesti projektiasi varten.<\/p>\n<\/li>\n<li>\n<p data-path-to-node=\"13,1,0\"><b data-path-to-node=\"13,1,0\" data-index-in-node=\"0\">Taiteellinen viimeistely:<\/b> 3D-elementit voidaan j\u00e4tt\u00e4\u00e4 elegantiksi yksiv\u00e4rinen valkoiseksi tai maalata huolellisesti k\u00e4sin br\u00e4ndisi v\u00e4reihin sopivaksi.<\/p>\n<\/li>\n<li>\n<p data-path-to-node=\"13,2,0\"><b data-path-to-node=\"13,2,0\" data-index-in-node=\"0\">Br\u00e4nd\u00e4tty pohja:<\/b> Pohjan (saatavana valkoisena tai mustana) ominaisuudet <b data-path-to-node=\"13,2,0\" data-index-in-node=\"62\">kohopainatus<\/b>, lis\u00e4\u00e4m\u00e4ll\u00e4 3D-tekstuurin logoosi tai tekstiisi ulkopuolella.<\/p>\n<\/li>\n<li>\n<p data-path-to-node=\"13,3,0\"><b data-path-to-node=\"13,3,0\" data-index-in-node=\"0\">V\u00e4hitt\u00e4ismyyntivalmis pakkaus:<\/b> Ei tarvitse ylim\u00e4\u00e4r\u00e4ist\u00e4 k\u00e4\u00e4repakkausta. Jokainen maapallo toimitetaan v\u00e4rillisess\u00e4 painetussa pahvilaatikossa, jossa on tukeva pehmuste, valmiina jakeluun.<\/p>\n<\/li>\n<\/ul>\n<h2 data-path-to-node=\"14\">Tekniset tiedot<\/h2>\n<ul data-path-to-node=\"15\">\n<li>\n<p data-path-to-node=\"15,0,0\"><b data-path-to-node=\"15,0,0\" data-index-in-node=\"0\">Maapallon materiaali:<\/b> Lasia\/kirkasta muovia ja polyesterihartsihahmoja (liuotinvapaa).<\/p>\n<\/li>\n<li>\n<p data-path-to-node=\"15,1,0\"><b data-path-to-node=\"15,1,0\" data-index-in-node=\"0\">Pohjamateriaali:<\/b> Kest\u00e4v\u00e4\u00e4 komposiittia.<\/p>\n<\/li>\n<li>\n<p data-path-to-node=\"15,2,0\"><b data-path-to-node=\"15,2,0\" data-index-in-node=\"0\">T\u00e4yte:<\/b> Neste kimaltelevilla glittereill\u00e4\/paljeteilla.<\/p>\n<\/li>\n<li>\n<p data-path-to-node=\"15,3,0\"><b data-path-to-node=\"15,3,0\" data-index-in-node=\"0\">Saatavilla olevat koot:<\/b><\/p>\n<ul data-path-to-node=\"15,3,1\">\n<li>\n<p data-path-to-node=\"15,3,1,0,0\"><b data-path-to-node=\"15,3,1,0,0\" data-index-in-node=\"0\">\u00d8 8 cm maapallo:<\/b> Pohja 7,5 \u00d7 7,5 \u00d7 2,5 cm | Laatikko 11 \u00d7 13 \u00d7 11 cm.<\/p>\n<\/li>\n<li>\n<p data-path-to-node=\"15,3,1,1,0\"><b data-path-to-node=\"15,3,1,1,0\" data-index-in-node=\"0\">\u00d8 10 cm maapallo:<\/b> Pohja 9 \u00d7 9 \u00d7 3 cm | Laatikko 13,7 \u00d7 15,7 \u00d7 13,7 cm.<\/p>\n<\/li>\n<\/ul>\n<\/li>\n<li>\n<p data-path-to-node=\"15,4,0\"><b data-path-to-node=\"15,4,0\" data-index-in-node=\"0\">Mukauttaminen:<\/b> 3D-muovattu sis\u00e4osa + pohjan kohokuvio + mukautettu laatikko.<\/p>\n<\/li>\n<\/ul>\n<h2 data-path-to-node=\"16\">K\u00e4ytt\u00f6tapaukset<\/h2>\n<ul data-path-to-node=\"17\">\n<li>\n<p data-path-to-node=\"17,0,0\"><b data-path-to-node=\"17,0,0\" data-index-in-node=\"0\">Joululahjat:<\/b> T\u00e4ydellinen joululahja asiakkaille ja ty\u00f6ntekij\u00f6ille.<\/p>\n<\/li>\n<li>\n<p data-path-to-node=\"17,1,0\"><b data-path-to-node=\"17,1,0\" data-index-in-node=\"0\">Matkailu ja matkamuistot:<\/b> Mukautetut maisemat maamerkeist\u00e4 museoille, hotelleille ja kaupunginvaltuustoille.<\/p>\n<\/li>\n<li>\n<p data-path-to-node=\"17,2,0\"><b data-path-to-node=\"17,2,0\" data-index-in-node=\"0\">Tuotelanseeraukset:<\/b> Luo pienoismalli uudesta autosta, rakennuksesta tai tuotteesta kellumaan &quot;lumessa&quot;.\u201c<\/p>\n<\/li>\n<\/ul>","protected":false},"excerpt":{"rendered":"<ul>\n<li>\n<p data-path-to-node=\"9,0,0\"><b data-path-to-node=\"9,0,0\" data-index-in-node=\"0\">Mittatilausty\u00f6n\u00e4 tehty 3D-sisustus:<\/b> Mallinnamme logosi, tuotteesi tai maskottisi yksityiskohtaiseksi 3D-veistokseksi maapallon sis\u00e4\u00e4n.<\/p>\n<\/li>\n<li>\n<p data-path-to-node=\"9,1,0\"><b data-path-to-node=\"9,1,0\" data-index-in-node=\"0\">K\u00e4sinmaalattu tai yksiv\u00e4rinen:<\/b> Valitse klassisen kokovalkoisen veistoksen tai eloisien k\u00e4sinmaalattujen yksityiskohtien v\u00e4lill\u00e4.<\/p>\n<\/li>\n<li>\n<p data-path-to-node=\"9,2,0\"><b data-path-to-node=\"9,2,0\" data-index-in-node=\"0\">Premium-pohja:<\/b> Tukeva jalusta saatavilla mustana tai valkoisena, muokattavissa kohopainatuksella.<\/p>\n<\/li>\n<li>\n<p data-path-to-node=\"9,3,0\"><b data-path-to-node=\"9,3,0\" data-index-in-node=\"0\">T\u00e4ydellinen lahjaratkaisu:<\/b> Toimitetaan mittatilausty\u00f6n\u00e4 painetussa t\u00e4ysv\u00e4risess\u00e4 laatikossa, jossa on suojaavat polystyreenist\u00e4 tehdyt sis\u00e4osat.<\/p>\n<\/li>\n<\/ul>","protected":false},"featured_media":6223,"comment_status":"closed","ping_status":"closed","template":"","meta":[],"product_brand":[],"product_cat":[121],"product_tag":[],"class_list":{"0":"post-6222","1":"product","2":"type-product","3":"status-publish","4":"has-post-thumbnail","6":"product_cat-promotional-merchandise","8":"first","9":"instock","10":"shipping-taxable","11":"product-type-simple"},"_links":{"self":[{"href":"https:\/\/displayproducts.eu\/fi\/wp-json\/wp\/v2\/product\/6222","targetHints":{"allow":["GET"]}}],"collection":[{"href":"https:\/\/displayproducts.eu\/fi\/wp-json\/wp\/v2\/product"}],"about":[{"href":"https:\/\/displayproducts.eu\/fi\/wp-json\/wp\/v2\/types\/product"}],"replies":[{"embeddable":true,"href":"https:\/\/displayproducts.eu\/fi\/wp-json\/wp\/v2\/comments?post=6222"}],"wp:featuredmedia":[{"embeddable":true,"href":"https:\/\/displayproducts.eu\/fi\/wp-json\/wp\/v2\/media\/6223"}],"wp:attachment":[{"href":"https:\/\/displayproducts.eu\/fi\/wp-json\/wp\/v2\/media?parent=6222"}],"wp:term":[{"taxonomy":"product_brand","embeddable":true,"href":"https:\/\/displayproducts.eu\/fi\/wp-json\/wp\/v2\/product_brand?post=6222"},{"taxonomy":"product_cat","embeddable":true,"href":"https:\/\/displayproducts.eu\/fi\/wp-json\/wp\/v2\/product_cat?post=6222"},{"taxonomy":"product_tag","embeddable":true,"href":"https:\/\/displayproducts.eu\/fi\/wp-json\/wp\/v2\/product_tag?post=6222"}],"curies":[{"name":"wp","href":"https:\/\/api.w.org\/{rel}","templated":true}]}}