{"id":6217,"date":"2025-12-20T17:51:24","date_gmt":"2025-12-20T14:51:24","guid":{"rendered":"https:\/\/wristbandfactory.eu\/?post_type=product&#038;p=6217"},"modified":"2026-04-01T21:52:03","modified_gmt":"2026-04-01T18:52:03","slug":"custom-printed-bottle-openers-with-3d-domed-logo","status":"publish","type":"product","link":"https:\/\/displayproducts.eu\/fi\/p\/custom-printed-bottle-openers-with-3d-domed-logo\/","title":{"rendered":"Pullonavaajat omalla logolla (linssitarra)"},"content":{"rendered":"<p data-path-to-node=\"10\">Varmista, ett\u00e4 br\u00e4ndisi on osa juhlaa meid\u00e4n avullamme <b data-path-to-node=\"10\" data-index-in-node=\"79\">Mukautetut painetut pullonavaajat<\/b>. K\u00e4yt\u00e4nn\u00f6lliset, kest\u00e4v\u00e4t ja huomiota her\u00e4tt\u00e4v\u00e4t avaajat on suunniteltu toistuvaan k\u00e4ytt\u00f6\u00f6n, mik\u00e4 antaa logollesi pitk\u00e4aikaisen n\u00e4kyvyyden. Toisin kuin tavallisissa litteiss\u00e4 painatuksissa, avaajiemme ominaisuus on <b data-path-to-node=\"10\" data-index-in-node=\"288\">3D-kupuinen tarra (epoksi)<\/b>, joka lis\u00e4\u00e4 suunnitteluusi kiilt\u00e4v\u00e4n, suurentavan vaikutelman ja suojaa sit\u00e4 naarmuilta ja haalistumiselta.<\/p>\n<p data-path-to-node=\"11\">Tarjoamme kolme erilaista mallia erilaisiin mainostarpeisiin, aina taskuyst\u00e4v\u00e4llisist\u00e4 avaimenperist\u00e4 ammattimaisiin baarity\u00f6kaluihin.<\/p>\n<h2 data-path-to-node=\"12\">T\u00e4rkeimm\u00e4t ominaisuudet<\/h2>\n<ul data-path-to-node=\"13\">\n<li>\n<p data-path-to-node=\"13,0,0\"><b data-path-to-node=\"13,0,0\" data-index-in-node=\"0\">El\u00e4v\u00e4 r\u00e4\u00e4t\u00e4l\u00f6inti:<\/b> K\u00e4yt\u00e4mme digitaalista CMYK-painatusta logosi, valokuviesi tai liukuv\u00e4riesi toistamiseen t\u00e4ydellisell\u00e4 tarkkuudella ennen niiden sulkemista suojaavan hartsikupolin alle.<\/p>\n<\/li>\n<li>\n<p data-path-to-node=\"13,1,0\"><b data-path-to-node=\"13,1,0\" data-index-in-node=\"0\">Ensiluokkainen viimeistely:<\/b> Epoksipinnoite antaa tuotteelle &quot;jalokiven&quot; kaltaisen laadun, joka tuntuu pehme\u00e4lt\u00e4 koskettaa ja nostaa sen koettua arvoa.<\/p>\n<\/li>\n<li>\n<p data-path-to-node=\"13,2,0\"><b data-path-to-node=\"13,2,0\" data-index-in-node=\"0\">Kest\u00e4v\u00e4t materiaalit:<\/b> Valmistettu nikkelip\u00e4\u00e4llysteisest\u00e4 ter\u00e4ksest\u00e4 ja kest\u00e4vist\u00e4 metalliseoksista, jotta pullot avautuvat vaivattomasti taipumatta.<\/p>\n<\/li>\n<li>\n<p data-path-to-node=\"13,3,0\"><b data-path-to-node=\"13,3,0\" data-index-in-node=\"0\">Monipuolinen hy\u00f6dyllisyys:<\/b> T\u00e4ydellinen panimotuotteisiin, festivaalien lahjoihin tai k\u00e4tev\u00e4ksi ty\u00f6kaluksi avaimiin kiinnitettyn\u00e4.<\/p>\n<\/li>\n<\/ul>\n<h2 data-path-to-node=\"14\">Tekniset tiedot<\/h2>\n<table data-path-to-node=\"15\">\n<thead>\n<tr>\n<td><strong>Mallityyppi<\/strong><\/td>\n<td><strong>Mitat<\/strong><\/td>\n<td><strong>Materiaali<\/strong><\/td>\n<td><strong>Br\u00e4nd\u00e4ysalue<\/strong><\/td>\n<\/tr>\n<\/thead>\n<tbody>\n<tr>\n<td><span data-path-to-node=\"15,1,0,0\"><b data-path-to-node=\"15,1,0,0\" data-index-in-node=\"0\">Merkinavaaja<\/b><\/span><\/td>\n<td><span data-path-to-node=\"15,1,1,0\">\u00d8 56 mm<\/span><\/td>\n<td><span data-path-to-node=\"15,1,2,0\">Metalli + muovitausta<\/span><\/td>\n<td><span data-path-to-node=\"15,1,3,0\">Koko kasvot (py\u00f6re\u00e4)<\/span><\/td>\n<\/tr>\n<tr>\n<td><span data-path-to-node=\"15,2,0,0\"><b data-path-to-node=\"15,2,0,0\" data-index-in-node=\"0\">Pullon muoto<\/b><\/span><\/td>\n<td><span data-path-to-node=\"15,2,1,0\">35 \u00d7 137 mm<\/span><\/td>\n<td><span data-path-to-node=\"15,2,2,0\">Nikkel\u00f6ity ter\u00e4s<\/span><\/td>\n<td><span data-path-to-node=\"15,2,3,0\">Mukautettu muotoinen kupoli<\/span><\/td>\n<\/tr>\n<tr>\n<td><span data-path-to-node=\"15,3,0,0\"><b data-path-to-node=\"15,3,0,0\" data-index-in-node=\"0\">P\u00e4\u00e4ryn\u00e4-avaimenper\u00e4<\/b><\/span><\/td>\n<td><span data-path-to-node=\"15,3,1,0\">Avaimenper\u00e4n vakiokoko<\/span><\/td>\n<td><span data-path-to-node=\"15,3,2,0\">Metalli (nikkelipinta)<\/span><\/td>\n<td><span data-path-to-node=\"15,3,3,0\">\u00d8 20 mm kupu<\/span><\/td>\n<\/tr>\n<\/tbody>\n<\/table>\n<h2 data-path-to-node=\"16\">K\u00e4ytt\u00f6tapaukset<\/h2>\n<ul data-path-to-node=\"17\">\n<li>\n<p data-path-to-node=\"17,0,0\"><b data-path-to-node=\"17,0,0\" data-index-in-node=\"0\">Juomateollisuus:<\/b> V\u00e4ltt\u00e4m\u00e4tt\u00f6mi\u00e4 tuotteita pienpanimoille, siideripanimoille ja juomien jakelijoille.<\/p>\n<\/li>\n<li>\n<p data-path-to-node=\"17,1,0\"><b data-path-to-node=\"17,1,0\" data-index-in-node=\"0\">Festivaalit ja tapahtumat:<\/b> Suosittu matkamuisto musiikkifestivaaleilta ja ruokamessuilta, jonka osallistujat pit\u00e4v\u00e4t.<\/p>\n<\/li>\n<li>\n<p data-path-to-node=\"17,2,0\"><b data-path-to-node=\"17,2,0\" data-index-in-node=\"0\">Vieraanvaraisuus:<\/b> Br\u00e4nd\u00e4tyt ty\u00f6kalut baarimikoille ja tarjoilijoille pubeissa, klubeilla ja ravintoloissa.<\/p>\n<\/li>\n<\/ul>","protected":false},"excerpt":{"rendered":"<ul>\n<li>\n<p data-path-to-node=\"9,0,0\"><b data-path-to-node=\"9,0,0\" data-index-in-node=\"0\">Kolme erilaista tyyli\u00e4:<\/b> Valitse klassisesta Button Badge -mallista, kest\u00e4v\u00e4st\u00e4 pullonmuotoisesta avaimenper\u00e4st\u00e4 tai kannettavasta p\u00e4\u00e4ryn\u00e4nmuotoisesta avaimenper\u00e4st\u00e4.<\/p>\n<\/li>\n<li>\n<p data-path-to-node=\"9,1,0\"><b data-path-to-node=\"9,1,0\" data-index-in-node=\"0\">3D-hartsiviimeistely:<\/b> Logosi painetaan t\u00e4ysv\u00e4risen\u00e4 CMYK-v\u00e4reiss\u00e4 ja suojataan kristallinkirkkaalla epoksikuvulla, joka antaa sille ensiluokkaisen ja kiilt\u00e4v\u00e4n ulkon\u00e4\u00f6n.<\/p>\n<\/li>\n<li>\n<p data-path-to-node=\"9,2,0\"><b data-path-to-node=\"9,2,0\" data-index-in-node=\"0\">Kest\u00e4v\u00e4 rakenne:<\/b> Valmistettu nikkel\u00f6idyst\u00e4 ter\u00e4ksest\u00e4 tai umpimetallista pitk\u00e4ik\u00e4isen suorituskyvyn takaamiseksi.<\/p>\n<\/li>\n<li>\n<p data-path-to-node=\"9,3,0\"><b data-path-to-node=\"9,3,0\" data-index-in-node=\"0\">K\u00e4yt\u00e4nn\u00f6n markkinointi:<\/b> Eritt\u00e4in hy\u00f6dyllinen tuote, joka varmistaa br\u00e4ndisi l\u00e4sn\u00e4olon juhlissa, tapahtumissa ja kodeissa.<\/p>\n<\/li>\n<\/ul>","protected":false},"featured_media":6218,"comment_status":"closed","ping_status":"closed","template":"","meta":[],"product_brand":[],"product_cat":[119,121],"product_tag":[],"class_list":{"0":"post-6217","1":"product","2":"type-product","3":"status-publish","4":"has-post-thumbnail","6":"product_cat-drinkware-accessories","7":"product_cat-promotional-merchandise","9":"first","10":"instock","11":"shipping-taxable","12":"product-type-simple"},"_links":{"self":[{"href":"https:\/\/displayproducts.eu\/fi\/wp-json\/wp\/v2\/product\/6217","targetHints":{"allow":["GET"]}}],"collection":[{"href":"https:\/\/displayproducts.eu\/fi\/wp-json\/wp\/v2\/product"}],"about":[{"href":"https:\/\/displayproducts.eu\/fi\/wp-json\/wp\/v2\/types\/product"}],"replies":[{"embeddable":true,"href":"https:\/\/displayproducts.eu\/fi\/wp-json\/wp\/v2\/comments?post=6217"}],"wp:featuredmedia":[{"embeddable":true,"href":"https:\/\/displayproducts.eu\/fi\/wp-json\/wp\/v2\/media\/6218"}],"wp:attachment":[{"href":"https:\/\/displayproducts.eu\/fi\/wp-json\/wp\/v2\/media?parent=6217"}],"wp:term":[{"taxonomy":"product_brand","embeddable":true,"href":"https:\/\/displayproducts.eu\/fi\/wp-json\/wp\/v2\/product_brand?post=6217"},{"taxonomy":"product_cat","embeddable":true,"href":"https:\/\/displayproducts.eu\/fi\/wp-json\/wp\/v2\/product_cat?post=6217"},{"taxonomy":"product_tag","embeddable":true,"href":"https:\/\/displayproducts.eu\/fi\/wp-json\/wp\/v2\/product_tag?post=6217"}],"curies":[{"name":"wp","href":"https:\/\/api.w.org\/{rel}","templated":true}]}}