{"id":6212,"date":"2025-12-20T17:41:19","date_gmt":"2025-12-20T14:41:19","guid":{"rendered":"https:\/\/wristbandfactory.eu\/?post_type=product&#038;p=6212"},"modified":"2026-04-01T21:52:03","modified_gmt":"2026-04-01T18:52:03","slug":"custom-metal-lapel-pins-with-3d-domed-logo-epoxy","status":"publish","type":"product","link":"https:\/\/displayproducts.eu\/fi\/p\/custom-metal-lapel-pins-with-3d-domed-logo-epoxy\/","title":{"rendered":"Metalliset rintamerkit linssitarralla"},"content":{"rendered":"<p data-path-to-node=\"10\">Luo pysyv\u00e4 vaikutelma meid\u00e4n avullamme <b data-path-to-node=\"10\" data-index-in-node=\"62\">Metalliset rintaneulat, joissa on 3D-kupumaiset tarrat<\/b>. N\u00e4m\u00e4 nastat tarjoavat t\u00e4ydellisen tasapainon metallijalustan painon ja digitaalisen painatuksen modernin monipuolisuuden v\u00e4lill\u00e4. Ne ovat ihanteellinen ratkaisu br\u00e4ndeille, joilla on monimutkaisia logoja, liukuv\u00e4rej\u00e4 tai valokuvaelementtej\u00e4, joita tavalliset emalipinssit eiv\u00e4t pysty toistamaan.<\/p>\n<p data-path-to-node=\"11\">Jokainen nuppineula koostuu mittatilausty\u00f6n\u00e4 tehdyst\u00e4 metallijalustasta, jonka p\u00e4\u00e4ll\u00e4 on tarkka itseliimautuva painatus. T\u00e4m\u00e4 on sitten kapseloitu kirkkaaseen ja kest\u00e4v\u00e4\u00e4n polyuretaanihartsiin (kupu), mik\u00e4 luo hienostuneen 3D-linssiefektin, joka korostaa v\u00e4rej\u00e4 ja suojaa kuviota kulumiselta ja haalistumiselta.<\/p>\n<h2 data-path-to-node=\"12\">T\u00e4rkeimm\u00e4t ominaisuudet<\/h2>\n<ul data-path-to-node=\"13\">\n<li>\n<p data-path-to-node=\"13,0,0\"><b data-path-to-node=\"13,0,0\" data-index-in-node=\"0\">Rajattomat suunnittelumahdollisuudet:<\/b> Toisin kuin muovausnuppineuloja k\u00e4ytett\u00e4ess\u00e4, domepainatusprosessimme tukee t\u00e4ysv\u00e4rist\u00e4 CMYK-painatusta, mik\u00e4 tarkoittaa, ett\u00e4 liukuv\u00e4reille tai hienoille yksityiskohdille ei ole rajoituksia.<\/p>\n<\/li>\n<li>\n<p data-path-to-node=\"13,1,0\"><b data-path-to-node=\"13,1,0\" data-index-in-node=\"0\">Suojaava viimeistely:<\/b> Hartsikupu tekee tapista naarmuuntumattoman, UV-s\u00e4teilyn kest\u00e4v\u00e4n ja riitt\u00e4v\u00e4n kest\u00e4v\u00e4n p\u00e4ivitt\u00e4iseen k\u00e4ytt\u00f6\u00f6n.<\/p>\n<\/li>\n<li>\n<p data-path-to-node=\"13,2,0\"><b data-path-to-node=\"13,2,0\" data-index-in-node=\"0\">Ammattimainen esitys:<\/b> Kiillotetun metallin ja kiilt\u00e4v\u00e4n hartsin yhdistelm\u00e4 luo arvokkaan kokonaisuuden, joka sopii yritysasiakkaille.<\/p>\n<\/li>\n<li>\n<p data-path-to-node=\"13,3,0\"><b data-path-to-node=\"13,3,0\" data-index-in-node=\"0\">Turvallinen kiinnitys:<\/b> Vakiona k\u00e4ytt\u00e4j\u00e4yst\u00e4v\u00e4llinen perhoskytkin, joka est\u00e4\u00e4 py\u00f6rimisen ja vahingossa tapahtuvan katoamisen.<\/p>\n<\/li>\n<\/ul>\n<h2 data-path-to-node=\"14\">Tekniset tiedot<\/h2>\n<ul data-path-to-node=\"15\">\n<li>\n<p data-path-to-node=\"15,0,0\"><b data-path-to-node=\"15,0,0\" data-index-in-node=\"0\">Materiaali:<\/b> Metalliseosjalusta + polyuretaanihartsikupu.<\/p>\n<\/li>\n<li>\n<p data-path-to-node=\"15,1,0\"><b data-path-to-node=\"15,1,0\" data-index-in-node=\"0\">Painatus:<\/b> Digitaalinen moniv\u00e4rinen (CMYK).<\/p>\n<\/li>\n<li>\n<p data-path-to-node=\"15,2,0\"><b data-path-to-node=\"15,2,0\" data-index-in-node=\"0\">Muoto:<\/b> T\u00e4ysin muokattavissa (leikattavissa muotoonsa).<\/p>\n<\/li>\n<li>\n<p data-path-to-node=\"15,3,0\"><b data-path-to-node=\"15,3,0\" data-index-in-node=\"0\">Vakioliite:<\/b> Perhoskytkin (perhosnasta).<\/p>\n<\/li>\n<li>\n<p data-path-to-node=\"15,4,0\"><b data-path-to-node=\"15,4,0\" data-index-in-node=\"0\">Valinnainen liite:<\/b> Neodyymimagneetti (vaatteille turvallinen, ei l\u00e4vist\u00e4v\u00e4).<\/p>\n<\/li>\n<li>\n<p data-path-to-node=\"15,5,0\"><b data-path-to-node=\"15,5,0\" data-index-in-node=\"0\">Pakkausvaihtoehdot:<\/b><\/p>\n<ul data-path-to-node=\"15,5,1\">\n<li>\n<p data-path-to-node=\"15,5,1,0,0\">Irtotavarana (vakio).<\/p>\n<\/li>\n<li>\n<p data-path-to-node=\"15,5,1,1,0\">Yksitt\u00e4inen polyeteenipussi painetulla taustakartongilla.<\/p>\n<\/li>\n<li>\n<p data-path-to-node=\"15,5,1,2,0\">Ensiluokkainen korurasia (palkinnoille\/lahjoille).<\/p>\n<\/li>\n<\/ul>\n<\/li>\n<\/ul>\n<h2 data-path-to-node=\"16\">K\u00e4ytt\u00f6tapaukset<\/h2>\n<ul data-path-to-node=\"17\">\n<li>\n<p data-path-to-node=\"17,0,0\"><b data-path-to-node=\"17,0,0\" data-index-in-node=\"0\">Yritysilme:<\/b> Osa pankkivirkailijoiden, hotellihenkil\u00f6kunnan ja lentohenkil\u00f6kunnan jokap\u00e4iv\u00e4ist\u00e4 univormua.<\/p>\n<\/li>\n<li>\n<p data-path-to-node=\"17,1,0\"><b data-path-to-node=\"17,1,0\" data-index-in-node=\"0\">Mainoskampanjat:<\/b> Laadukkaita ilmaislahjoja tuotelanseerauksiin ja messuille.<\/p>\n<\/li>\n<li>\n<p data-path-to-node=\"17,2,0\"><b data-path-to-node=\"17,2,0\" data-index-in-node=\"0\">Tunnustukset ja palkinnot:<\/b> Ty\u00f6ntekij\u00f6ille ja vapaaehtoisille annetut palvelusvuosien rintamerkit tai saavutusmerkit.<\/p>\n<\/li>\n<\/ul>","protected":false},"excerpt":{"rendered":"<ul>\n<li>\n<p data-path-to-node=\"9,0,0\"><b data-path-to-node=\"9,0,0\" data-index-in-node=\"0\">Mukautettu muoto:<\/b> Metallinen jalusta on muotoiltu vastaamaan logosi tai suunnitteluisi erityisi\u00e4 muotoja.<\/p>\n<\/li>\n<li>\n<p data-path-to-node=\"9,1,0\"><b data-path-to-node=\"9,1,0\" data-index-in-node=\"0\">Valokuvalaatuinen painatus:<\/b> CMYK-digitaalipainatus mahdollistaa liukuv\u00e4rit, valokuvat ja monimutkaiset yksityiskohdat, jotka eiv\u00e4t ole mahdollisia emalipinoilla.<\/p>\n<\/li>\n<li>\n<p data-path-to-node=\"9,2,0\"><b data-path-to-node=\"9,2,0\" data-index-in-node=\"0\">3D-hartsikupoli:<\/b> Kristallinkirkas epoksipinnoite luo ensiluokkaisen &quot;kuplaefektin&quot; ja suojaa naarmuilta.<\/p>\n<\/li>\n<li>\n<p data-path-to-node=\"9,3,0\"><b data-path-to-node=\"9,3,0\" data-index-in-node=\"0\">Monipuoliset lis\u00e4laitteet:<\/b> Saatavilla tavallisella perhoslaukulla tai vaatteisiin sopivalla magneettikiinnityksell\u00e4.<\/p>\n<\/li>\n<\/ul>","protected":false},"featured_media":6216,"comment_status":"closed","ping_status":"closed","template":"","meta":[],"product_brand":[],"product_cat":[121],"product_tag":[],"class_list":{"0":"post-6212","1":"product","2":"type-product","3":"status-publish","4":"has-post-thumbnail","6":"product_cat-promotional-merchandise","8":"first","9":"instock","10":"shipping-taxable","11":"product-type-simple"},"_links":{"self":[{"href":"https:\/\/displayproducts.eu\/fi\/wp-json\/wp\/v2\/product\/6212","targetHints":{"allow":["GET"]}}],"collection":[{"href":"https:\/\/displayproducts.eu\/fi\/wp-json\/wp\/v2\/product"}],"about":[{"href":"https:\/\/displayproducts.eu\/fi\/wp-json\/wp\/v2\/types\/product"}],"replies":[{"embeddable":true,"href":"https:\/\/displayproducts.eu\/fi\/wp-json\/wp\/v2\/comments?post=6212"}],"wp:featuredmedia":[{"embeddable":true,"href":"https:\/\/displayproducts.eu\/fi\/wp-json\/wp\/v2\/media\/6216"}],"wp:attachment":[{"href":"https:\/\/displayproducts.eu\/fi\/wp-json\/wp\/v2\/media?parent=6212"}],"wp:term":[{"taxonomy":"product_brand","embeddable":true,"href":"https:\/\/displayproducts.eu\/fi\/wp-json\/wp\/v2\/product_brand?post=6212"},{"taxonomy":"product_cat","embeddable":true,"href":"https:\/\/displayproducts.eu\/fi\/wp-json\/wp\/v2\/product_cat?post=6212"},{"taxonomy":"product_tag","embeddable":true,"href":"https:\/\/displayproducts.eu\/fi\/wp-json\/wp\/v2\/product_tag?post=6212"}],"curies":[{"name":"wp","href":"https:\/\/api.w.org\/{rel}","templated":true}]}}