{"id":6207,"date":"2025-12-20T17:34:30","date_gmt":"2025-12-20T14:34:30","guid":{"rendered":"https:\/\/wristbandfactory.eu\/?post_type=product&#038;p=6207"},"modified":"2026-04-01T21:52:03","modified_gmt":"2026-04-01T18:52:03","slug":"custom-faux-leather-keychains-with-3d-domed-logo","status":"publish","type":"product","link":"https:\/\/displayproducts.eu\/fi\/p\/custom-faux-leather-keychains-with-3d-domed-logo\/","title":{"rendered":"Keinonahkaiset avaimenper\u00e4t linssitarralla"},"content":{"rendered":"<p data-path-to-node=\"10\">Nosta br\u00e4ndisi uudelle tasolle meid\u00e4n avullamme <b data-path-to-node=\"10\" data-index-in-node=\"53\">Mukautetut tekonahkaiset avaimenper\u00e4t<\/b>, joissa on ensiluokkainen 3D-kupumainen viimeistely. N\u00e4m\u00e4 avaimenper\u00e4t tarjoavat elegantin nahan ulkon\u00e4\u00f6n yhdistettyn\u00e4 moderniin digitaaliseen painotekniikkaan, mik\u00e4 tekee niist\u00e4 ihanteellisen valinnan yrityksille, jotka etsiv\u00e4t hienostunutta mainoslahjaa ilman aidon nahan kaiverruksen korkeita kustannuksia.<\/p>\n<p data-path-to-node=\"11\">T\u00e4m\u00e4n avaimenper\u00e4n keskipiste on <b data-path-to-node=\"11\" data-index-in-node=\"40\">3D-kupuinen tarra<\/b> (tunnetaan my\u00f6s hartsitarrana). Painamme logosi eloisissa CMYK-v\u00e4reiss\u00e4 ja peit\u00e4mme sen kristallinkirkkaalla polyuretaanihartsikerroksella. T\u00e4m\u00e4 ei ainoastaan lis\u00e4\u00e4 suurentavaa 3D-efekti\u00e4 suunnitteluusi, vaan tarjoaa my\u00f6s kest\u00e4v\u00e4n suojan naarmuja ja UV-haalistumista vastaan.<\/p>\n<h2 data-path-to-node=\"12\">T\u00e4rkeimm\u00e4t ominaisuudet<\/h2>\n<ul data-path-to-node=\"13\">\n<li>\n<p data-path-to-node=\"13,0,0\"><b data-path-to-node=\"13,0,0\" data-index-in-node=\"0\">Yksi- vai kaksipuolinen:<\/b> Valitse yksipuolinen vaihtoehtomme tyylikk\u00e4\u00e4n ja yksinkertaisen ilmeen saavuttamiseksi tai maksimoi n\u00e4kyvyys kaksipuolisella mallilla, jossa on logo sek\u00e4 etu- ett\u00e4 takapuolella.<\/p>\n<\/li>\n<li>\n<p data-path-to-node=\"13,1,0\"><b data-path-to-node=\"13,1,0\" data-index-in-node=\"0\">T\u00e4ysiv\u00e4rinen tarkkuus:<\/b> Toisin kuin kohopainatus, digitaalinen painoprosessimme tallentaa liukuv\u00e4rit ja monimutkaiset logon v\u00e4rit t\u00e4ydellisesti.<\/p>\n<\/li>\n<li>\n<p data-path-to-node=\"13,2,0\"><b data-path-to-node=\"13,2,0\" data-index-in-node=\"0\">Taktiilinen kokemus:<\/b> Pehme\u00e4n keinonahan ja sile\u00e4n, kohokuvioidun hartsikuvun yhdistelm\u00e4 luo k\u00e4teen korkealaatuisen tuntuman.<\/p>\n<\/li>\n<li>\n<p data-path-to-node=\"13,3,0\"><b data-path-to-node=\"13,3,0\" data-index-in-node=\"0\">Pitk\u00e4kestoinen:<\/b> Hartsipinnoite varmistaa, ett\u00e4 br\u00e4ndiviestisi pysyy selke\u00e4n\u00e4 ja ehj\u00e4n\u00e4, jopa p\u00e4ivitt\u00e4isess\u00e4 k\u00e4yt\u00f6ss\u00e4 avaimenper\u00e4ss\u00e4.<\/p>\n<\/li>\n<\/ul>\n<h2 data-path-to-node=\"14\">Tekniset tiedot<\/h2>\n<ul data-path-to-node=\"15\">\n<li>\n<p data-path-to-node=\"15,0,0\"><b data-path-to-node=\"15,0,0\" data-index-in-node=\"0\">Materiaali:<\/b> Keinonahkainen (PU) runko polyuretaanihartsitarralla<\/p>\n<\/li>\n<li>\n<p data-path-to-node=\"15,1,0\"><b data-path-to-node=\"15,1,0\" data-index-in-node=\"0\">Painatusmenetelm\u00e4:<\/b> CMYK-digitaalipainatus hartsikupolin alla<\/p>\n<\/li>\n<li>\n<p data-path-to-node=\"15,2,0\"><b data-path-to-node=\"15,2,0\" data-index-in-node=\"0\">Kaksipuolisen mallin mitat:<\/b><\/p>\n<ul data-path-to-node=\"15,2,1\">\n<li>\n<p data-path-to-node=\"15,2,1,0,0\">Tarran koko: 19 \u00d7 21 mm<\/p>\n<\/li>\n<\/ul>\n<\/li>\n<li>\n<p data-path-to-node=\"15,3,0\"><b data-path-to-node=\"15,3,0\" data-index-in-node=\"0\">Yksipuolisen mallin vakiomuodot:<\/b><\/p>\n<ul data-path-to-node=\"15,3,1\">\n<li>\n<p data-path-to-node=\"15,3,1,0,0\">Py\u00f6re\u00e4 (halkaisija): 20 mm, 27 mm<\/p>\n<\/li>\n<li>\n<p data-path-to-node=\"15,3,1,1,0\">Neli\u00f6\/Suorakulmainen: 27 \u00d7 27 mm, 16 \u00d7 45 mm<\/p>\n<\/li>\n<\/ul>\n<\/li>\n<\/ul>\n<h2 data-path-to-node=\"16\">K\u00e4ytt\u00f6tapaukset<\/h2>\n<ul data-path-to-node=\"17\">\n<li>\n<p data-path-to-node=\"17,0,0\"><b data-path-to-node=\"17,0,0\" data-index-in-node=\"0\">Autoteollisuus:<\/b> Ihanteellisia ilmaislahjoja autoliikkeille, autopesuloille ja vuokraamoille.<\/p>\n<\/li>\n<li>\n<p data-path-to-node=\"17,1,0\"><b data-path-to-node=\"17,1,0\" data-index-in-node=\"0\">Kiinteist\u00f6t:<\/b> Klassinen ja kest\u00e4v\u00e4 lahja uusille asunnonomistajille avainten luovutuksen yhteydess\u00e4.<\/p>\n<\/li>\n<li>\n<p data-path-to-node=\"17,2,0\"><b data-path-to-node=\"17,2,0\" data-index-in-node=\"0\">Yritysbr\u00e4nd\u00e4ys:<\/b> Ammattimaisia tuotteita vakuutusyhti\u00f6ille, pankeille ja toimistotarvikeyrityksille.<\/p>\n<\/li>\n<\/ul>\n<p data-path-to-node=\"18\">","protected":false},"excerpt":{"rendered":"<ul data-path-to-node=\"9\">\n<li>\n<p data-path-to-node=\"9,0,0\"><b data-path-to-node=\"9,0,0\" data-index-in-node=\"0\">Premium-ulkoasu:<\/b> Korkealaatuinen keinonahka yhdistettyn\u00e4 kiilt\u00e4v\u00e4\u00e4n 3D-hartsitarraan luo hienostuneen ulkon\u00e4\u00f6n.<\/p>\n<\/li>\n<li>\n<p data-path-to-node=\"9,1,0\"><b data-path-to-node=\"9,1,0\" data-index-in-node=\"0\">El\u00e4v\u00e4inen br\u00e4nd\u00e4ys:<\/b> Digitaalinen CMYK-painatus mahdollistaa t\u00e4ysv\u00e4risten logojen painamisen, joita suojaa naarmuuntumaton hartsikupu.<\/p>\n<\/li>\n<li>\n<p data-path-to-node=\"9,2,0\"><b data-path-to-node=\"9,2,0\" data-index-in-node=\"0\">Monipuoliset vaihtoehdot:<\/b> Valitse yksi- tai kaksipuolinen personointi markkinointitarpeidesi mukaan.<\/p>\n<\/li>\n<li>\n<p data-path-to-node=\"9,3,0\"><b data-path-to-node=\"9,3,0\" data-index-in-node=\"0\">Kest\u00e4v\u00e4 viimeistely:<\/b> Epoksihartsikerros suojaa logoa kulumiselta, haalistumiselta ja vesivahingoilta.<\/p>\n<\/li>\n<\/ul>","protected":false},"featured_media":6209,"comment_status":"closed","ping_status":"closed","template":"","meta":[],"product_brand":[],"product_cat":[94],"product_tag":[],"class_list":{"0":"post-6207","1":"product","2":"type-product","3":"status-publish","4":"has-post-thumbnail","6":"product_cat-keychains","8":"first","9":"instock","10":"shipping-taxable","11":"product-type-simple"},"_links":{"self":[{"href":"https:\/\/displayproducts.eu\/fi\/wp-json\/wp\/v2\/product\/6207","targetHints":{"allow":["GET"]}}],"collection":[{"href":"https:\/\/displayproducts.eu\/fi\/wp-json\/wp\/v2\/product"}],"about":[{"href":"https:\/\/displayproducts.eu\/fi\/wp-json\/wp\/v2\/types\/product"}],"replies":[{"embeddable":true,"href":"https:\/\/displayproducts.eu\/fi\/wp-json\/wp\/v2\/comments?post=6207"}],"wp:featuredmedia":[{"embeddable":true,"href":"https:\/\/displayproducts.eu\/fi\/wp-json\/wp\/v2\/media\/6209"}],"wp:attachment":[{"href":"https:\/\/displayproducts.eu\/fi\/wp-json\/wp\/v2\/media?parent=6207"}],"wp:term":[{"taxonomy":"product_brand","embeddable":true,"href":"https:\/\/displayproducts.eu\/fi\/wp-json\/wp\/v2\/product_brand?post=6207"},{"taxonomy":"product_cat","embeddable":true,"href":"https:\/\/displayproducts.eu\/fi\/wp-json\/wp\/v2\/product_cat?post=6207"},{"taxonomy":"product_tag","embeddable":true,"href":"https:\/\/displayproducts.eu\/fi\/wp-json\/wp\/v2\/product_tag?post=6207"}],"curies":[{"name":"wp","href":"https:\/\/api.w.org\/{rel}","templated":true}]}}