{"id":6204,"date":"2025-12-20T17:26:54","date_gmt":"2025-12-20T14:26:54","guid":{"rendered":"https:\/\/wristbandfactory.eu\/?post_type=product&#038;p=6204"},"modified":"2026-04-01T21:52:34","modified_gmt":"2026-04-01T18:52:34","slug":"custom-printed-decorative-pillows-microfiber","status":"publish","type":"product","link":"https:\/\/displayproducts.eu\/fi\/p\/custom-printed-decorative-pillows-microfiber\/","title":{"rendered":"Painetut mainostyynyt"},"content":{"rendered":"<p data-path-to-node=\"10\">Muunna mik\u00e4 tahansa tila br\u00e4nd\u00e4ysmahdollisuudeksi meid\u00e4n avullamme <b data-path-to-node=\"10\" data-index-in-node=\"82\">Mukautetut painetut koristetyynyt<\/b>. Olipa kyse sitten matkailun harrastajille suunnatusta tyynyst\u00e4, ulkoilmatapahtumien mukavuuden parantamisesta tai hotellien aulojen ja ravintoloiden br\u00e4nd\u00e4tyn ilmeen lis\u00e4\u00e4misest\u00e4, n\u00e4m\u00e4 tyynyt varmistavat, ett\u00e4 viestisi n\u00e4kyy ja tuntuu.<\/p>\n<p data-path-to-node=\"11\">Korkealaatuisesta pehme\u00e4st\u00e4 mikrokuidusta valmistetut tyynyt tarjoavat ylellisen tuntuman, jota asiakkaat arvostavat. Sile\u00e4 pinta sopii t\u00e4ydellisesti <b data-path-to-node=\"11\" data-index-in-node=\"142\">fotorealistinen sublimaatiopainatuspainatus<\/b>, mik\u00e4 mahdollistaa monimutkaiset kuviot, tuotekuvat ja eloisat logot, jotka ulottuvat koko tyynyn alueelle.<\/p>\n<h2 data-path-to-node=\"12\">T\u00e4rkeimm\u00e4t ominaisuudet<\/h2>\n<ul data-path-to-node=\"13\">\n<li>\n<p data-path-to-node=\"13,0,0\"><b data-path-to-node=\"13,0,0\" data-index-in-node=\"0\">Br\u00e4ndin n\u00e4kyvyyden maksimointi:<\/b> Toisin kuin pienet esineet, tyynyt tarjoavat suuren kankaan. Molempien puolien hy\u00f6dynt\u00e4minen mahdollistaa luovan markkinoinnin \u2013 esimerkiksi el\u00e4m\u00e4ntyylikuvan etupuolelle ja yrityksesi logon taakse.<\/p>\n<\/li>\n<li>\n<p data-path-to-node=\"13,1,0\"><b data-path-to-node=\"13,1,0\" data-index-in-node=\"0\">Ylivertainen mukavuus:<\/b> 200 g\/m\u00b2 mikrokuitukangas on pehme\u00e4n tuntuinen, joten se on k\u00e4yt\u00e4nn\u00f6llinen tuote, jota vastaanottajat todella haluavat k\u00e4ytt\u00e4\u00e4 kodeissaan tai toimistoissaan.<\/p>\n<\/li>\n<li>\n<p data-path-to-node=\"13,2,0\"><b data-path-to-node=\"13,2,0\" data-index-in-node=\"0\">Kest\u00e4v\u00e4 ja el\u00e4v\u00e4:<\/b> 100%-polyesterirakenne varmistaa, ett\u00e4 tyyny s\u00e4ilytt\u00e4\u00e4 muotonsa ja kuviointi pysyy eloisana my\u00f6s k\u00e4yt\u00f6n j\u00e4lkeen.<\/p>\n<\/li>\n<li>\n<p data-path-to-node=\"13,3,0\"><b data-path-to-node=\"13,3,0\" data-index-in-node=\"0\">Tapahtumavalmis:<\/b> Erinomainen tapa br\u00e4nd\u00e4t\u00e4 oleskelutiloja messuilla, festivaaleilla tai VIP-nurkkauksissa baareissa ja klubeilla.<\/p>\n<\/li>\n<\/ul>\n<h2 data-path-to-node=\"14\">Tekniset tiedot<\/h2>\n<ul data-path-to-node=\"15\">\n<li>\n<p data-path-to-node=\"15,0,0\"><b data-path-to-node=\"15,0,0\" data-index-in-node=\"0\">Materiaali:<\/b> 100% polyesterimikrokuitu<\/p>\n<\/li>\n<li>\n<p data-path-to-node=\"15,1,0\"><b data-path-to-node=\"15,1,0\" data-index-in-node=\"0\">Kankaan paino:<\/b> 200 g\/m\u00b2<\/p>\n<\/li>\n<li>\n<p data-path-to-node=\"15,2,0\"><b data-path-to-node=\"15,2,0\" data-index-in-node=\"0\">Painotekniikka:<\/b> Moniv\u00e4rinen sublimaatiopainatus (fotorealistinen)<\/p>\n<\/li>\n<li>\n<p data-path-to-node=\"15,3,0\"><b data-path-to-node=\"15,3,0\" data-index-in-node=\"0\">Saatavilla olevat koot:<\/b><\/p>\n<ul data-path-to-node=\"15,3,1\">\n<li>\n<p data-path-to-node=\"15,3,1,0,0\"><b data-path-to-node=\"15,3,1,0,0\" data-index-in-node=\"0\">30 \u00d7 30 cm<\/b><\/p>\n<\/li>\n<li>\n<p data-path-to-node=\"15,3,1,1,0\"><b data-path-to-node=\"15,3,1,1,0\" data-index-in-node=\"0\">40 \u00d7 40 cm<\/b><\/p>\n<\/li>\n<\/ul>\n<\/li>\n<\/ul>\n<h2 data-path-to-node=\"16\">K\u00e4ytt\u00f6tapaukset<\/h2>\n<ul>\n<li>\n<p data-path-to-node=\"6,0,0\"><b data-path-to-node=\"6,0,0\" data-index-in-node=\"0\">Tapahtumat ja kampanjat:<\/b> T\u00e4ydellinen ulkoterassien, festivaalien VIP-oleskelutilojen ja messujen rentoutumisalueiden br\u00e4nd\u00e4ykseen.<\/p>\n<\/li>\n<li>\n<p data-path-to-node=\"6,1,0\"><b data-path-to-node=\"6,1,0\" data-index-in-node=\"0\">Vieraanvaraisuus ja sisustus:<\/b> Lis\u00e4\u00e4 yksil\u00f6llist\u00e4 ilmett\u00e4 hotellien aulatiloissa, kylpyl\u00f6iden odotushuoneissa, ravintoloissa ja baareissa.<\/p>\n<\/li>\n<li>\n<p data-path-to-node=\"6,2,0\"><b data-path-to-node=\"6,2,0\" data-index-in-node=\"0\">Yrityslahjat:<\/b> Ensiluokkainen, pehme\u00e4 lahja kumppaneille ja ty\u00f6ntekij\u00f6ille, joka sopii t\u00e4ydellisesti kotitoimistoymp\u00e4rist\u00f6\u00f6n.<\/p>\n<\/li>\n<\/ul>","protected":false},"excerpt":{"rendered":"<ul>\n<li>\n<p data-path-to-node=\"9,0,0\"><b data-path-to-node=\"9,0,0\" data-index-in-node=\"0\">Fotorealistinen br\u00e4nd\u00e4ys:<\/b> Ter\u00e4v\u00e4piirtoinen koko pinnan painatus ter\u00e4vi\u00e4 logoja ja eloisia kuvia varten.<\/p>\n<\/li>\n<li>\n<p data-path-to-node=\"9,1,0\"><b data-path-to-node=\"9,1,0\" data-index-in-node=\"0\">Ensiluokkainen materiaali:<\/b> Valmistettu 100% polyesterimikrokuidusta (200 g\/m\u00b2), jolla on ylellinen ja pehme\u00e4 rakenne.<\/p>\n<\/li>\n<li>\n<p data-path-to-node=\"9,2,0\"><b data-path-to-node=\"9,2,0\" data-index-in-node=\"0\">Kaksipuolinen muotoilu:<\/b> Tulosta tuotteen kuva toiselle puolelle ja logosi toiselle puolelle maksimaalisen vaikutuksen saavuttamiseksi.<\/p>\n<\/li>\n<li>\n<p data-path-to-node=\"9,3,0\"><b data-path-to-node=\"9,3,0\" data-index-in-node=\"0\">Monipuolinen k\u00e4ytt\u00f6:<\/b> Ihanteellinen matkailukampanjoihin, hotelleihin, ravintoloihin ja ulkoilmatapahtumien istumapaikoille.<\/p>\n<\/li>\n<\/ul>","protected":false},"featured_media":6206,"comment_status":"closed","ping_status":"closed","template":"","meta":[],"product_brand":[],"product_cat":[129,68],"product_tag":[],"class_list":{"0":"post-6204","1":"product","2":"type-product","3":"status-publish","4":"has-post-thumbnail","6":"product_cat-leisure-lifestyle","7":"product_cat-event-supplies","9":"first","10":"instock","11":"shipping-taxable","12":"product-type-simple"},"_links":{"self":[{"href":"https:\/\/displayproducts.eu\/fi\/wp-json\/wp\/v2\/product\/6204","targetHints":{"allow":["GET"]}}],"collection":[{"href":"https:\/\/displayproducts.eu\/fi\/wp-json\/wp\/v2\/product"}],"about":[{"href":"https:\/\/displayproducts.eu\/fi\/wp-json\/wp\/v2\/types\/product"}],"replies":[{"embeddable":true,"href":"https:\/\/displayproducts.eu\/fi\/wp-json\/wp\/v2\/comments?post=6204"}],"wp:featuredmedia":[{"embeddable":true,"href":"https:\/\/displayproducts.eu\/fi\/wp-json\/wp\/v2\/media\/6206"}],"wp:attachment":[{"href":"https:\/\/displayproducts.eu\/fi\/wp-json\/wp\/v2\/media?parent=6204"}],"wp:term":[{"taxonomy":"product_brand","embeddable":true,"href":"https:\/\/displayproducts.eu\/fi\/wp-json\/wp\/v2\/product_brand?post=6204"},{"taxonomy":"product_cat","embeddable":true,"href":"https:\/\/displayproducts.eu\/fi\/wp-json\/wp\/v2\/product_cat?post=6204"},{"taxonomy":"product_tag","embeddable":true,"href":"https:\/\/displayproducts.eu\/fi\/wp-json\/wp\/v2\/product_tag?post=6204"}],"curies":[{"name":"wp","href":"https:\/\/api.w.org\/{rel}","templated":true}]}}