{"id":6201,"date":"2025-12-20T17:18:10","date_gmt":"2025-12-20T14:18:10","guid":{"rendered":"https:\/\/wristbandfactory.eu\/?post_type=product&#038;p=6201"},"modified":"2026-04-01T21:52:03","modified_gmt":"2026-04-01T18:52:03","slug":"custom-fan-scarves-sports-supporters-scarves-knitted-or-printed","status":"publish","type":"product","link":"https:\/\/displayproducts.eu\/fi\/p\/custom-fan-scarves-sports-supporters-scarves-knitted-or-printed\/","title":{"rendered":"Fanihuivit omalla logolla"},"content":{"rendered":"<p data-path-to-node=\"10\">Vahvista tiimin yhten\u00e4isyytt\u00e4 ja maksimoi br\u00e4ndin n\u00e4kyvyys meid\u00e4n avullamme <b data-path-to-node=\"10\" data-index-in-node=\"86\">Mukautetut tuuletinhuivit<\/b>. Olipa kyseess\u00e4 sitten ammattilaisjalkapalloseura, paikallinen urheilujoukkue tai yrityksen promootiotapahtuma, n\u00e4m\u00e4 huivit ovat t\u00e4ydellinen kannustusasuste. Tarjoamme monipuolisia valmistusvaihtoehtoja, jotka sopivat juuri sinun tarpeisiisi, perinteisest\u00e4 l\u00e4mm\u00f6st\u00e4 ter\u00e4v\u00e4piirtografiikkaan.<\/p>\n<p data-path-to-node=\"11\">Valikoimaamme kuuluu kolme erikoismallia, jotka varmistavat, ett\u00e4 logosi n\u00e4ytt\u00e4\u00e4 parhaalta mahdolliselta, olipa se sitten kudottu suoraan kankaaseen tai painettu fotorealistisella tarkkuudella.<\/p>\n<h2 data-path-to-node=\"12\">T\u00e4rkeimm\u00e4t ominaisuudet<\/h2>\n<ul data-path-to-node=\"13\">\n<li>\n<p data-path-to-node=\"13,0,0\"><b data-path-to-node=\"13,0,0\" data-index-in-node=\"0\">Klassinen neulottu huivi:<\/b> Perinteinen valinta. Kaksipuolinen muotoilu mahdollistaa eri logot kummallekin puolelle. Valmistettu pehme\u00e4st\u00e4 100%-akryylist\u00e4 l\u00e4mm\u00f6n ja kest\u00e4vyyden takaamiseksi.<\/p>\n<\/li>\n<li>\n<p data-path-to-node=\"13,1,0\"><b data-path-to-node=\"13,1,0\" data-index-in-node=\"0\">Ainutlaatuinen kuvahuivi (painettu):<\/b> Suunniteltu monimutkaiselle grafiikalle. K\u00e4ytt\u00e4\u00e4 peilikuvaefekti\u00e4 yhdell\u00e4 puolella saavuttaakseen ter\u00e4vi\u00e4 ja yksityiskohtaisia tulosteita, joihin neulonta ei pysty.<\/p>\n<\/li>\n<li>\n<p data-path-to-node=\"13,2,0\"><b data-path-to-node=\"13,2,0\" data-index-in-node=\"0\">Neulottu huivi tunnuksella:<\/b> Ainutlaatuinen ja ensiluokkainen vaihtoehto. Yhdist\u00e4\u00e4 klassisen neulotun pohjan yksityiskohtaiseen kiinnitettyyn logoon luoden tyylikk\u00e4\u00e4n ilmeen.<\/p>\n<\/li>\n<\/ul>\n<h2 data-path-to-node=\"14\">Tekniset tiedot<\/h2>\n<table data-path-to-node=\"15\">\n<thead>\n<tr>\n<td><strong>Mallityyppi<\/strong><\/td>\n<td><strong>Mitat<\/strong><\/td>\n<td><strong>Materiaalikoostumus<\/strong><\/td>\n<td><strong>Keskeinen ominaisuus<\/strong><\/td>\n<\/tr>\n<\/thead>\n<tbody>\n<tr>\n<td><span data-path-to-node=\"15,1,0,0\"><b data-path-to-node=\"15,1,0,0\" data-index-in-node=\"0\">Neulottu huivi<\/b><\/span><\/td>\n<td><span data-path-to-node=\"15,1,1,0\">18 \u00d7 140 cm<\/span><\/td>\n<td><span data-path-to-node=\"15,1,2,0\">100% akryyli<\/span><\/td>\n<td><span data-path-to-node=\"15,1,3,0\">Kaksipuolinen, klassinen l\u00e4mp\u00f6<\/span><\/td>\n<\/tr>\n<tr>\n<td><span data-path-to-node=\"15,2,0,0\"><b data-path-to-node=\"15,2,0,0\" data-index-in-node=\"0\">Kuvahuivi<\/b><\/span><\/td>\n<td><span data-path-to-node=\"15,2,1,0\">20 \u00d7 130 cm<\/span><\/td>\n<td><span data-path-to-node=\"15,2,2,0\">80% akryyli, 20% polyesteri<\/span><\/td>\n<td><span data-path-to-node=\"15,2,3,0\">Korkean yksityiskohdan painatus, peiliefekti<\/span><\/td>\n<\/tr>\n<tr>\n<td><span data-path-to-node=\"15,3,0,0\"><b data-path-to-node=\"15,3,0,0\" data-index-in-node=\"0\">Tunnushuivi<\/b><\/span><\/td>\n<td><span data-path-to-node=\"15,3,1,0\">19 \u00d7 130 cm<\/span><\/td>\n<td><span data-path-to-node=\"15,3,2,0\">100% akryyli<\/span><\/td>\n<td><span data-path-to-node=\"15,3,3,0\">Premium-brodeerattu merkki<\/span><\/td>\n<\/tr>\n<\/tbody>\n<\/table>\n<h2 data-path-to-node=\"16\">K\u00e4ytt\u00f6tapaukset<\/h2>\n<ul data-path-to-node=\"17\">\n<li>\n<p data-path-to-node=\"17,0,0\"><b data-path-to-node=\"17,0,0\" data-index-in-node=\"0\">Urheilutuotteiden myynti:<\/b> Olennainen tulonl\u00e4hde jalkapallo-, j\u00e4\u00e4kiekko- ja koripalloseurojen fanikaupoille.<\/p>\n<\/li>\n<li>\n<p data-path-to-node=\"17,1,0\"><b data-path-to-node=\"17,1,0\" data-index-in-node=\"0\">Tapahtuman sponsorointi:<\/b> N\u00e4kyv\u00e4 br\u00e4nd\u00e4ys stadionyleis\u00f6ille ja suurille urheilutapahtumille.<\/p>\n<\/li>\n<li>\n<p data-path-to-node=\"17,2,0\"><b data-path-to-node=\"17,2,0\" data-index-in-node=\"0\">Yrityslahjat:<\/b> L\u00e4mpimi\u00e4 ja k\u00e4yt\u00e4nn\u00f6llisi\u00e4 lahjoja talvitapahtumiin tai ulkoilmaaktiviteetteihin.<\/p>\n<\/li>\n<\/ul>","protected":false},"excerpt":{"rendered":"<ul>\n<li>\n<p data-path-to-node=\"9,0,0\"><b data-path-to-node=\"9,0,0\" data-index-in-node=\"0\">Kolme erilaista tyyli\u00e4:<\/b> Valitse klassinen neulottu (jacquard), HD-painatettu tai eksklusiivinen logomalli.<\/p>\n<\/li>\n<li>\n<p data-path-to-node=\"9,1,0\"><b data-path-to-node=\"9,1,0\" data-index-in-node=\"0\">Korkealaatuiset materiaalit:<\/b> Valmistettu l\u00e4mpim\u00e4st\u00e4 100%-akryylist\u00e4 tai yksityiskohtaisesta polyakryylisekoituksesta ter\u00e4v\u00e4mpi\u00e4 tulosteita varten.<\/p>\n<\/li>\n<li>\n<p data-path-to-node=\"9,2,0\"><b data-path-to-node=\"9,2,0\" data-index-in-node=\"0\">Kaksipuolinen br\u00e4nd\u00e4ys:<\/b> Neulotut mallit mahdollistavat erilaiset r\u00e4\u00e4t\u00e4l\u00f6idyt mallit etu- ja takaosaan.<\/p>\n<\/li>\n<li>\n<p data-path-to-node=\"9,3,0\"><b data-path-to-node=\"9,3,0\" data-index-in-node=\"0\">Huippuluokan fanituotteet:<\/b> Jalkapalloseurojen, urheilujoukkueiden ja promootiotapahtumien vakiovaruste.<\/p>\n<\/li>\n<\/ul>","protected":false},"featured_media":6202,"comment_status":"closed","ping_status":"closed","template":"","meta":[],"product_brand":[],"product_cat":[123],"product_tag":[],"class_list":{"0":"post-6201","1":"product","2":"type-product","3":"status-publish","4":"has-post-thumbnail","6":"product_cat-fan-cheering-items","8":"first","9":"instock","10":"shipping-taxable","11":"product-type-simple"},"_links":{"self":[{"href":"https:\/\/displayproducts.eu\/fi\/wp-json\/wp\/v2\/product\/6201","targetHints":{"allow":["GET"]}}],"collection":[{"href":"https:\/\/displayproducts.eu\/fi\/wp-json\/wp\/v2\/product"}],"about":[{"href":"https:\/\/displayproducts.eu\/fi\/wp-json\/wp\/v2\/types\/product"}],"replies":[{"embeddable":true,"href":"https:\/\/displayproducts.eu\/fi\/wp-json\/wp\/v2\/comments?post=6201"}],"wp:featuredmedia":[{"embeddable":true,"href":"https:\/\/displayproducts.eu\/fi\/wp-json\/wp\/v2\/media\/6202"}],"wp:attachment":[{"href":"https:\/\/displayproducts.eu\/fi\/wp-json\/wp\/v2\/media?parent=6201"}],"wp:term":[{"taxonomy":"product_brand","embeddable":true,"href":"https:\/\/displayproducts.eu\/fi\/wp-json\/wp\/v2\/product_brand?post=6201"},{"taxonomy":"product_cat","embeddable":true,"href":"https:\/\/displayproducts.eu\/fi\/wp-json\/wp\/v2\/product_cat?post=6201"},{"taxonomy":"product_tag","embeddable":true,"href":"https:\/\/displayproducts.eu\/fi\/wp-json\/wp\/v2\/product_tag?post=6201"}],"curies":[{"name":"wp","href":"https:\/\/api.w.org\/{rel}","templated":true}]}}