{"id":6196,"date":"2025-12-20T17:11:39","date_gmt":"2025-12-20T14:11:39","guid":{"rendered":"https:\/\/wristbandfactory.eu\/?post_type=product&#038;p=6196"},"modified":"2026-04-01T21:52:03","modified_gmt":"2026-04-01T18:52:03","slug":"custom-printed-beeswax-food-wraps-bags-gots-certified-cotton","status":"publish","type":"product","link":"https:\/\/displayproducts.eu\/fi\/p\/custom-printed-beeswax-food-wraps-bags-gots-certified-cotton\/","title":{"rendered":"Painetut mehil\u00e4isvahakankaat"},"content":{"rendered":"<p data-path-to-node=\"12\">Paranna yrityksesi yhteiskuntavastuuta meid\u00e4n avullamme <b data-path-to-node=\"12\" data-index-in-node=\"79\">Mukautetut painetut mehil\u00e4isvahasta valmistetut ruokak\u00e4\u00e4reet<\/b>. Kest\u00e4v\u00e4n\u00e4 vaihtoehtona kertak\u00e4ytt\u00f6isille muovipakkauksille n\u00e4m\u00e4 k\u00e4\u00e4reet tarjoavat innovatiivisen ja ymp\u00e4rist\u00f6yst\u00e4v\u00e4llisen tavan pit\u00e4\u00e4 ruoka tuoreena. N\u00e4m\u00e4 k\u00e4\u00e4reet sopivat t\u00e4ydellisesti ymp\u00e4rist\u00f6tietoisille br\u00e4ndeille ja muuttavat jokap\u00e4iv\u00e4iset keitti\u00f6tarvikkeet tehokkaiksi mainoslausekkeiksi.<\/p>\n<p data-path-to-node=\"13\">Korkealaatuisista 100%-luonnonmateriaaleista valmistetut k\u00e4\u00e4reemme hy\u00f6dynt\u00e4v\u00e4t k\u00e4siesi l\u00e4mp\u00f6\u00e4 muotoutuakseen hedelmien, vihannesten, voileipien tai kulhojen ymp\u00e4rille ja luodakseen hengitt\u00e4v\u00e4n tiivisteen, joka pit\u00e4\u00e4 ruoan tuoreena pidemp\u00e4\u00e4n.<\/p>\n<h2 data-path-to-node=\"14\">T\u00e4rkeimm\u00e4t ominaisuudet<\/h2>\n<ul data-path-to-node=\"15\">\n<li>\n<p data-path-to-node=\"15,0,0\"><b data-path-to-node=\"15,0,0\" data-index-in-node=\"0\">Nollaj\u00e4teratkaisu:<\/b> T\u00e4ysin biohajoava ja kompostoituva, korvaa kertak\u00e4ytt\u00f6iset muovikelmut ja folion.<\/p>\n<\/li>\n<li>\n<p data-path-to-node=\"15,1,0\"><b data-path-to-node=\"15,1,0\" data-index-in-node=\"0\">Sertifioitu laatu:<\/b> K\u00e4yt\u00e4mme ainoastaan GOTS-sertifioitua puuvillaa, mik\u00e4 varmistaa, ett\u00e4 kangas on luomua ja eettisesti hankittua.<\/p>\n<\/li>\n<li>\n<p data-path-to-node=\"15,2,0\"><b data-path-to-node=\"15,2,0\" data-index-in-node=\"0\">Luonnonsuojelu:<\/b> Ainutlaatuinen mehil\u00e4isvahan, jojoba\u00f6ljyn ja m\u00e4ntyhartsin sekoitus tarjoaa luonnollisia antibakteerisia ominaisuuksia.<\/p>\n<\/li>\n<li>\n<p data-path-to-node=\"15,3,0\"><b data-path-to-node=\"15,3,0\" data-index-in-node=\"0\">Monipuolinen br\u00e4nd\u00e4ys:<\/b> Logosi tai mukautettu kuviosi voidaan painaa suoraan kankaalle, mik\u00e4 tarjoaa p\u00e4ivitt\u00e4ist\u00e4 br\u00e4ndin\u00e4kyvyytt\u00e4 kodeissa ja toimistoissa.<\/p>\n<\/li>\n<li>\n<p data-path-to-node=\"15,4,0\"><b data-path-to-node=\"15,4,0\" data-index-in-node=\"0\">Pitk\u00e4kestoinen:<\/b> Yksinkertaisen hoidon (pesu haaleassa vedess\u00e4) ansiosta n\u00e4m\u00e4 k\u00e4\u00e4reet on suunniteltu toistuvaan k\u00e4ytt\u00f6\u00f6n, mik\u00e4 tarjoaa korkean sijoitetun p\u00e4\u00e4oman tuoton mainosbudjeteille.<\/p>\n<\/li>\n<\/ul>\n<h2 data-path-to-node=\"16\">Tekniset tiedot<\/h2>\n<ul data-path-to-node=\"17\">\n<li>\n<p data-path-to-node=\"17,0,0\"><b data-path-to-node=\"17,0,0\" data-index-in-node=\"0\">Materiaalikoostumus:<\/b> GOTS-puuvilla, mehil\u00e4isvaha (elintarvikelaatuinen), jojoba\u00f6ljy, m\u00e4ntypihka.<\/p>\n<\/li>\n<li>\n<p data-path-to-node=\"17,1,0\"><b data-path-to-node=\"17,1,0\" data-index-in-node=\"0\">Vakioarkkikoot:<\/b><\/p>\n<ul data-path-to-node=\"17,1,1\">\n<li>\n<p data-path-to-node=\"17,1,1,0,0\"><b data-path-to-node=\"17,1,1,0,0\" data-index-in-node=\"0\">Pieni (18 \u00d7 18 cm):<\/b> V\u00e4lipaloiksi leikkaa hedelmi\u00e4 tai peit\u00e4 pienet purkit.<\/p>\n<\/li>\n<li>\n<p data-path-to-node=\"17,1,1,1,0\"><b data-path-to-node=\"17,1,1,1,0\" data-index-in-node=\"0\">Keskikokoinen (25 \u00d7 25 cm):<\/b> Ihanteellinen juustoille, voileipiin tai keskikokoisiin kulhoihin.<\/p>\n<\/li>\n<li>\n<p data-path-to-node=\"17,1,1,2,0\"><b data-path-to-node=\"17,1,1,2,0\" data-index-in-node=\"0\">Suuri (36 \u00d7 36 cm):<\/b> Peitt\u00e4\u00e4 isot kulhot, leiv\u00e4n tai melonit.<\/p>\n<\/li>\n<\/ul>\n<\/li>\n<li>\n<p data-path-to-node=\"17,2,0\"><b data-path-to-node=\"17,2,0\" data-index-in-node=\"0\">Laukkujen koot:<\/b><\/p>\n<ul data-path-to-node=\"17,2,1\">\n<li>\n<p data-path-to-node=\"17,2,1,0,0\"><b data-path-to-node=\"17,2,1,0,0\" data-index-in-node=\"0\">Keskikokoinen laukku (16 \u00d7 23 cm):<\/b> T\u00e4ydellinen v\u00e4lipalapatukoihin ja voileipiin mukaan otettavaksi.<\/p>\n<\/li>\n<li>\n<p data-path-to-node=\"17,2,1,1,0\"><b data-path-to-node=\"17,2,1,1,0\" data-index-in-node=\"0\">Iso laukku (23 \u00d7 32 cm):<\/b> Sopii leivonnaisille, tuoreille vihreille tai suuremmille tuotteille.<\/p>\n<\/li>\n<\/ul>\n<\/li>\n<li>\n<p data-path-to-node=\"17,3,0\"><b data-path-to-node=\"17,3,0\" data-index-in-node=\"0\">Mukauttaminen:<\/b> Koko pinnan painatus tai logon sijoittelu saatavilla.<\/p>\n<\/li>\n<\/ul>\n<h2 data-path-to-node=\"18\">K\u00e4ytt\u00f6tapaukset<\/h2>\n<ul data-path-to-node=\"19\">\n<li>\n<p data-path-to-node=\"19,0,0\"><b data-path-to-node=\"19,0,0\" data-index-in-node=\"0\">Yrityslahjat:<\/b> Huomaavainen ja kest\u00e4v\u00e4 lahja ty\u00f6ntekij\u00f6ille ja asiakkaille, joka on linjassa vihreiden aloitteiden kanssa.<\/p>\n<\/li>\n<li>\n<p data-path-to-node=\"19,1,0\"><b data-path-to-node=\"19,1,0\" data-index-in-node=\"0\">Tapahtuman oheistuotteet:<\/b> Arvokkaita ilmaislahjoja ruokafestivaaleille, kest\u00e4v\u00e4n kehityksen konferensseihin ja messuille.<\/p>\n<\/li>\n<li>\n<p data-path-to-node=\"19,2,0\"><b data-path-to-node=\"19,2,0\" data-index-in-node=\"0\">V\u00e4hitt\u00e4ismyynti ja j\u00e4lleenmyynti:<\/b> T\u00e4ydellinen luomuruokakauppoihin, nollaj\u00e4tteen kauppoihin ja museoiden lahjatavarakauppoihin.<\/p>\n<\/li>\n<\/ul>","protected":false},"excerpt":{"rendered":"<ul>\n<li>\n<p data-path-to-node=\"11,0,0\"><b data-path-to-node=\"11,0,0\" data-index-in-node=\"0\">100% Luonnonmateriaalit:<\/b> Valmistettu GOTS-sertifioidusta puuvillasta, puhtaasta mehil\u00e4isvahasta, jojoba\u00f6ljyst\u00e4 ja m\u00e4ntyhartsista.<\/p>\n<\/li>\n<li>\n<p data-path-to-node=\"11,1,0\"><b data-path-to-node=\"11,1,0\" data-index-in-node=\"0\">Ymp\u00e4rist\u00f6yst\u00e4v\u00e4llinen br\u00e4nd\u00e4ys:<\/b> Kest\u00e4v\u00e4 ja biohajoava vaihtoehto muovikalvolle ja alumiinifoliolle.<\/p>\n<\/li>\n<li>\n<p data-path-to-node=\"11,2,0\"><b data-path-to-node=\"11,2,0\" data-index-in-node=\"0\">Mukautettava:<\/b> Saatavilla eri arkkikoissa ja pussiformaateissa, ja logolla on my\u00f6s t\u00e4ysv\u00e4riset painatusvaihtoehdot.<\/p>\n<\/li>\n<li>\n<p data-path-to-node=\"11,3,0\"><b data-path-to-node=\"11,3,0\" data-index-in-node=\"0\">Uudelleenk\u00e4ytett\u00e4v\u00e4 ja pest\u00e4v\u00e4:<\/b> Kest\u00e4v\u00e4 muotoilu, joka muotoutuu k\u00e4den l\u00e4mm\u00f6ss\u00e4 ja kest\u00e4\u00e4 toistuvaa k\u00e4ytt\u00f6\u00e4.<\/p>\n<\/li>\n<\/ul>","protected":false},"featured_media":6198,"comment_status":"closed","ping_status":"closed","template":"","meta":[],"product_brand":[],"product_cat":[121],"product_tag":[],"class_list":{"0":"post-6196","1":"product","2":"type-product","3":"status-publish","4":"has-post-thumbnail","6":"product_cat-promotional-merchandise","8":"first","9":"instock","10":"shipping-taxable","11":"purchasable","12":"product-type-simple"},"_links":{"self":[{"href":"https:\/\/displayproducts.eu\/fi\/wp-json\/wp\/v2\/product\/6196","targetHints":{"allow":["GET"]}}],"collection":[{"href":"https:\/\/displayproducts.eu\/fi\/wp-json\/wp\/v2\/product"}],"about":[{"href":"https:\/\/displayproducts.eu\/fi\/wp-json\/wp\/v2\/types\/product"}],"replies":[{"embeddable":true,"href":"https:\/\/displayproducts.eu\/fi\/wp-json\/wp\/v2\/comments?post=6196"}],"wp:featuredmedia":[{"embeddable":true,"href":"https:\/\/displayproducts.eu\/fi\/wp-json\/wp\/v2\/media\/6198"}],"wp:attachment":[{"href":"https:\/\/displayproducts.eu\/fi\/wp-json\/wp\/v2\/media?parent=6196"}],"wp:term":[{"taxonomy":"product_brand","embeddable":true,"href":"https:\/\/displayproducts.eu\/fi\/wp-json\/wp\/v2\/product_brand?post=6196"},{"taxonomy":"product_cat","embeddable":true,"href":"https:\/\/displayproducts.eu\/fi\/wp-json\/wp\/v2\/product_cat?post=6196"},{"taxonomy":"product_tag","embeddable":true,"href":"https:\/\/displayproducts.eu\/fi\/wp-json\/wp\/v2\/product_tag?post=6196"}],"curies":[{"name":"wp","href":"https:\/\/api.w.org\/{rel}","templated":true}]}}