{"id":6193,"date":"2025-12-20T16:56:00","date_gmt":"2025-12-20T13:56:00","guid":{"rendered":"https:\/\/wristbandfactory.eu\/?post_type=product&#038;p=6193"},"modified":"2026-04-01T21:52:34","modified_gmt":"2026-04-01T18:52:34","slug":"plantable-id-cards-with-linden-seeds-personalized","status":"publish","type":"product","link":"https:\/\/displayproducts.eu\/fi\/p\/plantable-id-cards-with-linden-seeds-personalized\/","title":{"rendered":"Istutettavat nimikortit"},"content":{"rendered":"<p data-path-to-node=\"12\">Muunna tapahtumasi akkreditointi vihre\u00e4ksi kannanotoksi meid\u00e4n avullamme <b data-path-to-node=\"12\" data-index-in-node=\"92\">Istutettavia henkil\u00f6kortteja lehmuksen siemenill\u00e4<\/b>. Toisin kuin tavallisissa muovi- tai paperimerkeiss\u00e4, n\u00e4iss\u00e4 innovatiivisissa korteissa on ainutlaatuinen ekologinen ominaisuus: etupuolelle on kiinnitetty pieni, biohajoava MDF-rasia, jossa on oikeaa lehmuspuuta (<i data-path-to-node=\"12\" data-index-in-node=\"310\">Tilia<\/i>) siemeni\u00e4.<\/p>\n<p data-path-to-node=\"13\">N\u00e4m\u00e4 korkealaatuisesta kyll\u00e4stetyst\u00e4 paperista valmistetut kortit on suunniteltu kest\u00e4m\u00e4\u00e4n monip\u00e4iv\u00e4isten konferenssien tai festivaalien kulumista ja pysym\u00e4\u00e4n t\u00e4ysin biohajoavina. Tapahtuman j\u00e4lkeen osallistujat voivat istuttaa koko kortin puutarhaan tai puistoon, jossa siemenet it\u00e4v\u00e4t ja kasvavat puiksi \u2013 j\u00e4tt\u00e4en pysyv\u00e4n, positiivisen ekologisen perinn\u00f6n pitk\u00e4ksi aikaa tapahtuman p\u00e4\u00e4ttymisen j\u00e4lkeen.<\/p>\n<h2 data-path-to-node=\"14\">T\u00e4rkeimm\u00e4t ominaisuudet<\/h2>\n<ul data-path-to-node=\"15\">\n<li>\n<p data-path-to-node=\"15,0,0\"><b data-path-to-node=\"15,0,0\" data-index-in-node=\"0\">Muuttuvan datan painatus (VDP):<\/b> Voimme tulostaa yksitt\u00e4isten osallistujien nimet, QR-koodit tai istumapaikkanumerot suoraan jokaiselle kortille, mik\u00e4 tekee jokaisesta korttimerkist\u00e4 ainutlaatuisen ja jakeluvalmiin.<\/p>\n<\/li>\n<li>\n<p data-path-to-node=\"15,1,0\"><b data-path-to-node=\"15,1,0\" data-index-in-node=\"0\">Innovatiivinen siemenastia:<\/b> Siemenet on s\u00e4ilytetty kortin etupuolella olevassa koristeellisessa MDF-kapselissa, mik\u00e4 luo v\u00e4litt\u00f6m\u00e4n visuaalisen puheenaiheen kest\u00e4vyydest\u00e4.<\/p>\n<\/li>\n<li>\n<p data-path-to-node=\"15,2,0\"><b data-path-to-node=\"15,2,0\" data-index-in-node=\"0\">Moniv\u00e4rinen br\u00e4nd\u00e4ys:<\/b> Korkean resoluution CMYK-painatus on saatavilla sek\u00e4 etupuolelle (4+0) ett\u00e4 takapuolelle (4+4), jotta tapahtumasi br\u00e4nd\u00e4ys n\u00e4kyy selke\u00e4sti.<\/p>\n<\/li>\n<li>\n<p data-path-to-node=\"15,3,0\"><b data-path-to-node=\"15,3,0\" data-index-in-node=\"0\">Koulutusarvo:<\/b> Selke\u00e4t istutusohjeet on painettu k\u00e4\u00e4nt\u00f6puolelle, ja ne opastavat k\u00e4ytt\u00e4j\u00e4\u00e4 muuttamaan henkil\u00f6korttinsa puuksi.<\/p>\n<\/li>\n<\/ul>\n<h2 data-path-to-node=\"16\">Tekniset tiedot<\/h2>\n<ul data-path-to-node=\"17\">\n<li>\n<p data-path-to-node=\"17,0,0\"><b data-path-to-node=\"17,0,0\" data-index-in-node=\"0\">Mitat:<\/b> 60 mm x 90 mm.<\/p>\n<\/li>\n<li>\n<p data-path-to-node=\"17,1,0\"><b data-path-to-node=\"17,1,0\" data-index-in-node=\"0\">Materiaali:<\/b> Kyll\u00e4stetty paperi (biohajoava) + MDF-siemenastia.<\/p>\n<\/li>\n<li>\n<p data-path-to-node=\"17,2,0\"><b data-path-to-node=\"17,2,0\" data-index-in-node=\"0\">Siementyyppi:<\/b> Lehmus (<i data-path-to-node=\"17,2,0\" data-index-in-node=\"24\">Tilia<\/i>).<\/p>\n<\/li>\n<li>\n<p data-path-to-node=\"17,3,0\"><b data-path-to-node=\"17,3,0\" data-index-in-node=\"0\">Suuntautuminen:<\/b> Saatavilla pysty- tai vaakasuuntaisia vaihtoehtoja.<\/p>\n<\/li>\n<li>\n<p data-path-to-node=\"17,4,0\"><b data-path-to-node=\"17,4,0\" data-index-in-node=\"0\">Painatus:<\/b> Digitaalinen CMYK (muuttuvan datan tuki).<\/p>\n<\/li>\n<li>\n<p data-path-to-node=\"17,5,0\"><b data-path-to-node=\"17,5,0\" data-index-in-node=\"0\">Tuotantoaika:<\/b> Noin 2 viikkoa hyv\u00e4ksynn\u00e4n j\u00e4lkeen.<\/p>\n<\/li>\n<li>\n<p data-path-to-node=\"17,6,0\"><b data-path-to-node=\"17,6,0\" data-index-in-node=\"0\">Minimitilausm\u00e4\u00e4r\u00e4:<\/b> 100 yksikk\u00f6\u00e4.<\/p>\n<\/li>\n<\/ul>\n<h2 data-path-to-node=\"18\">K\u00e4ytt\u00f6tapaukset<\/h2>\n<ul data-path-to-node=\"19\">\n<li>\n<p data-path-to-node=\"19,0,0\"><b data-path-to-node=\"19,0,0\" data-index-in-node=\"0\">Kest\u00e4v\u00e4t konferenssit:<\/b> Ymp\u00e4rist\u00f6huippukokousten ja ilmastofoorumien ehdoton \u201cvihre\u00e4\u201d merkki.<\/p>\n<\/li>\n<li>\n<p data-path-to-node=\"19,1,0\"><b data-path-to-node=\"19,1,0\" data-index-in-node=\"0\">Yritysten yhteiskuntavastuuseen liittyv\u00e4t tapahtumat:<\/b> Osoita yrityksesi sitoutuminen ymp\u00e4rist\u00f6\u00f6n luontoa tukevilla merkeill\u00e4.<\/p>\n<\/li>\n<li>\n<p data-path-to-node=\"19,2,0\"><b data-path-to-node=\"19,2,0\" data-index-in-node=\"0\">Luontofestivaalit:<\/b> T\u00e4ydellinen ulkoilmatapahtumiin, joissa muovij\u00e4tett\u00e4 minimoidaan tiukasti.<\/p>\n<\/li>\n<li>\n<p data-path-to-node=\"19,3,0\"><b data-path-to-node=\"19,3,0\" data-index-in-node=\"0\">VIP-kutsut:<\/b> Voidaan k\u00e4ytt\u00e4\u00e4 my\u00f6s tyylikk\u00e4in\u00e4, istutettavina kutsukortteina eksklusiivisiin gaaloihin.<\/p>\n<\/li>\n<\/ul>","protected":false},"excerpt":{"rendered":"<ul data-path-to-node=\"11\">\n<li>\n<p data-path-to-node=\"11,0,0\"><b data-path-to-node=\"11,0,0\" data-index-in-node=\"0\">Ymp\u00e4rist\u00f6yst\u00e4v\u00e4llinen ominaisuus:<\/b> Kyll\u00e4stetty paperikartonki, jossa n\u00e4kyv\u00e4 MDF-astia, jossa on aitoja lehmuksen siemeni\u00e4.<\/p>\n<\/li>\n<li>\n<p data-path-to-node=\"11,1,0\"><b data-path-to-node=\"11,1,0\" data-index-in-node=\"0\">Personointi:<\/b> Tukee muuttuvan datan painatusta (VDP) \u2013 tulosta yksitt\u00e4isten osallistujien nimet, koodit tai tittelit jokaiselle kortille.<\/p>\n<\/li>\n<li>\n<p data-path-to-node=\"11,2,0\"><b data-path-to-node=\"11,2,0\" data-index-in-node=\"0\">Suunnittelu:<\/b> Moniv\u00e4rinen CMYK-painatus (yksi- tai kaksipuolinen) ja istutusohjeet k\u00e4\u00e4nt\u00f6puolella.<\/p>\n<\/li>\n<li>\n<p data-path-to-node=\"11,3,0\"><b data-path-to-node=\"11,3,0\" data-index-in-node=\"0\">Muoto:<\/b> Vakiokoko 60 x 90 mm, saatavana pysty- tai vaakasuuntaisena.<\/p>\n<\/li>\n<\/ul>","protected":false},"featured_media":6293,"comment_status":"closed","ping_status":"closed","template":"","meta":[],"product_brand":[],"product_cat":[90,91],"product_tag":[],"class_list":{"0":"post-6193","1":"product","2":"type-product","3":"status-publish","4":"has-post-thumbnail","6":"product_cat-laminated-cards","7":"product_cat-badge-holders","9":"first","10":"instock","11":"shipping-taxable","12":"purchasable","13":"product-type-simple"},"_links":{"self":[{"href":"https:\/\/displayproducts.eu\/fi\/wp-json\/wp\/v2\/product\/6193","targetHints":{"allow":["GET"]}}],"collection":[{"href":"https:\/\/displayproducts.eu\/fi\/wp-json\/wp\/v2\/product"}],"about":[{"href":"https:\/\/displayproducts.eu\/fi\/wp-json\/wp\/v2\/types\/product"}],"replies":[{"embeddable":true,"href":"https:\/\/displayproducts.eu\/fi\/wp-json\/wp\/v2\/comments?post=6193"}],"wp:featuredmedia":[{"embeddable":true,"href":"https:\/\/displayproducts.eu\/fi\/wp-json\/wp\/v2\/media\/6293"}],"wp:attachment":[{"href":"https:\/\/displayproducts.eu\/fi\/wp-json\/wp\/v2\/media?parent=6193"}],"wp:term":[{"taxonomy":"product_brand","embeddable":true,"href":"https:\/\/displayproducts.eu\/fi\/wp-json\/wp\/v2\/product_brand?post=6193"},{"taxonomy":"product_cat","embeddable":true,"href":"https:\/\/displayproducts.eu\/fi\/wp-json\/wp\/v2\/product_cat?post=6193"},{"taxonomy":"product_tag","embeddable":true,"href":"https:\/\/displayproducts.eu\/fi\/wp-json\/wp\/v2\/product_tag?post=6193"}],"curies":[{"name":"wp","href":"https:\/\/api.w.org\/{rel}","templated":true}]}}