{"id":6191,"date":"2025-12-20T16:49:13","date_gmt":"2025-12-20T13:49:13","guid":{"rendered":"https:\/\/wristbandfactory.eu\/?post_type=product&#038;p=6191"},"modified":"2026-04-01T21:52:34","modified_gmt":"2026-04-01T18:52:34","slug":"custom-wooden-id-cards-event-badges-eco-plywood","status":"publish","type":"product","link":"https:\/\/displayproducts.eu\/fi\/p\/custom-wooden-id-cards-event-badges-eco-plywood\/","title":{"rendered":"Puiset nimikortit \/ Tapahtumapassit"},"content":{"rendered":"<p data-path-to-node=\"12\">Erotu joukosta meid\u00e4n avullamme <b data-path-to-node=\"12\" data-index-in-node=\"44\">Mukautetut puiset henkil\u00f6kortit<\/b>, hienostunut ja kest\u00e4v\u00e4 vaihtoehto perinteisille muovisille PVC-merkeille. Korkealaatuisesta 3 mm:n vanerista valmistetut kortit tarjoavat luonnollisen ja ammattimaisen estetiikan, joka sopii t\u00e4ydellisesti ymp\u00e4rist\u00f6tietoisten br\u00e4ndiarvojen kanssa.<\/p>\n<p data-path-to-node=\"13\">Ihanteellinen konferensseihin, VIP-tapahtumiin ja yritysten tunnistamiseen, jokaisessa kortissa on erottuva puunsyykuvio, mik\u00e4 tekee jokaisesta kappaleesta ainutlaatuisen. Kortit ovat kevyit\u00e4 mutta silti riitt\u00e4v\u00e4n kest\u00e4vi\u00e4 usean p\u00e4iv\u00e4n tapahtumiin.<\/p>\n<p data-path-to-node=\"14\"><b data-path-to-node=\"14\" data-index-in-node=\"0\">Painatus ja viimeistely:<\/b> Tarjoamme eloisia t\u00e4ysv\u00e4ripainatuksia logosi, osallistujien nimien tai QR-koodien n\u00e4ytt\u00e4miseen.<\/p>\n<ul data-path-to-node=\"15\">\n<li>\n<p data-path-to-node=\"15,0,0\"><b data-path-to-node=\"15,0,0\" data-index-in-node=\"0\">Vakio viimeistely:<\/b> Kortit toimitetaan vakiona toiselta puolelta lakattuina pinnan ja painatuksen suojaamiseksi.<\/p>\n<\/li>\n<li>\n<p data-path-to-node=\"15,1,0\"><b data-path-to-node=\"15,1,0\" data-index-in-node=\"0\">Kaksipuolinen vaihtoehto:<\/b> Kaksipuolisessa tulostuksessa suosittelemme vahvasti lakan lis\u00e4\u00e4mist\u00e4 toiselle puolelle v\u00e4rin haalistumisen ja kulumisen est\u00e4miseksi (saatavilla p\u00e4ivityksen\u00e4).<\/p>\n<\/li>\n<\/ul>\n<h2 data-path-to-node=\"16\">T\u00e4rkeimm\u00e4t ominaisuudet<\/h2>\n<ul data-path-to-node=\"17\">\n<li>\n<p data-path-to-node=\"17,0,0\"><b data-path-to-node=\"17,0,0\" data-index-in-node=\"0\">Luonnollinen estetiikka:<\/b> L\u00e4mmin puupinta antaa sille ensiluokkaisen ulkon\u00e4\u00f6n ja tuntuman, johon muovi ei ved\u00e4 vertoja.<\/p>\n<\/li>\n<li>\n<p data-path-to-node=\"17,1,0\"><b data-path-to-node=\"17,1,0\" data-index-in-node=\"0\">T\u00e4ysi mukautus:<\/b> Tukee t\u00e4ysv\u00e4rist\u00e4 digitaalipainatusta yhdelle tai molemmille puolille.<\/p>\n<\/li>\n<li>\n<p data-path-to-node=\"17,2,0\"><b data-path-to-node=\"17,2,0\" data-index-in-node=\"0\">Kest\u00e4vyys:<\/b> K\u00e4sitelty suojaavalla lakalla, joka kest\u00e4\u00e4 kosteutta ja p\u00e4ivitt\u00e4ist\u00e4 kulutusta.<\/p>\n<\/li>\n<li>\n<p data-path-to-node=\"17,3,0\"><b data-path-to-node=\"17,3,0\" data-index-in-node=\"0\">Universaali istuvuus:<\/b> Sis\u00e4lt\u00e4\u00e4 esiporatun rei\u00e4n (vakiokoko) helppoa kiinnityst\u00e4 varten mihin tahansa kaulanauhaan tai klipsiin.<\/p>\n<\/li>\n<li>\n<p data-path-to-node=\"17,4,0\"><b data-path-to-node=\"17,4,0\" data-index-in-node=\"0\">Kest\u00e4v\u00e4 valinta:<\/b> Valmistettu uusiutuvista puul\u00e4hteist\u00e4, mik\u00e4 pienent\u00e4\u00e4 tapahtumasi muovijalanj\u00e4lke\u00e4.<\/p>\n<\/li>\n<\/ul>\n<h2 data-path-to-node=\"18\">Tekniset tiedot<\/h2>\n<ul data-path-to-node=\"19\">\n<li>\n<p data-path-to-node=\"19,0,0\"><b data-path-to-node=\"19,0,0\" data-index-in-node=\"0\">Mitat:<\/b> 100 mm x 50 mm x 3 mm.<\/p>\n<\/li>\n<li>\n<p data-path-to-node=\"19,1,0\"><b data-path-to-node=\"19,1,0\" data-index-in-node=\"0\">Materiaali:<\/b> Luonnonvaneri.<\/p>\n<\/li>\n<li>\n<p data-path-to-node=\"19,2,0\"><b data-path-to-node=\"19,2,0\" data-index-in-node=\"0\">Paino:<\/b> Eritt\u00e4in kevyt ja mukava k\u00e4ytt\u00e4\u00e4.<\/p>\n<\/li>\n<li>\n<p data-path-to-node=\"19,3,0\"><b data-path-to-node=\"19,3,0\" data-index-in-node=\"0\">Rei&#039;itin:<\/b> Keskitetty yl\u00e4reik\u00e4 (py\u00f6re\u00e4 tai pitkulainen, yleens\u00e4 vakiona).<\/p>\n<\/li>\n<li>\n<p data-path-to-node=\"19,4,0\"><b data-path-to-node=\"19,4,0\" data-index-in-node=\"0\">Minimitilausm\u00e4\u00e4r\u00e4:<\/b> 100 yksikk\u00f6\u00e4.<\/p>\n<\/li>\n<\/ul>\n<h2 data-path-to-node=\"20\">K\u00e4ytt\u00f6tapaukset<\/h2>\n<ul data-path-to-node=\"21\">\n<li>\n<p data-path-to-node=\"21,0,0\"><b data-path-to-node=\"21,0,0\" data-index-in-node=\"0\">Vihre\u00e4t konferenssit:<\/b> T\u00e4ydellinen lis\u00e4varuste kest\u00e4v\u00e4\u00e4n kehitykseen keskittyviin huippukokouksiin.<\/p>\n<\/li>\n<li>\n<p data-path-to-node=\"21,1,0\"><b data-path-to-node=\"21,1,0\" data-index-in-node=\"0\">VIP-passit:<\/b> Ainutlaatuiset kulissien takahuone- tai erikoisvieraspassit arvokkaalla tunnelmalla.<\/p>\n<\/li>\n<li>\n<p data-path-to-node=\"21,2,0\"><b data-path-to-node=\"21,2,0\" data-index-in-node=\"0\">Henkil\u00f6kunnan tunnus:<\/b> Kest\u00e4v\u00e4 ja tyylik\u00e4s p\u00e4ivitt\u00e4inen tunniste ymp\u00e4rist\u00f6yst\u00e4v\u00e4llisille yrityksille.<\/p>\n<\/li>\n<li>\n<p data-path-to-node=\"21,3,0\"><b data-path-to-node=\"21,3,0\" data-index-in-node=\"0\">Yrityslahjat:<\/b> Voidaan k\u00e4ytt\u00e4\u00e4 matkatavaralappuina tai muistoesinein\u00e4.<\/p>\n<\/li>\n<\/ul>","protected":false},"excerpt":{"rendered":"<ul>\n<li>\n<p data-path-to-node=\"11,0,0\"><b data-path-to-node=\"11,0,0\" data-index-in-node=\"0\">Materiaali:<\/b> 3 mm korkealaatuista vaneria (luonnollinen viimeistely).<\/p>\n<\/li>\n<li>\n<p data-path-to-node=\"11,1,0\"><b data-path-to-node=\"11,1,0\" data-index-in-node=\"0\">Mitat:<\/b> 10 cm x 5 cm (kevyt ja kest\u00e4v\u00e4).<\/p>\n<\/li>\n<li>\n<p data-path-to-node=\"11,2,0\"><b data-path-to-node=\"11,2,0\" data-index-in-node=\"0\">Suojaus:<\/b> Vakiolakkaus toiselta puolelta kest\u00e4vyyden takaamiseksi (kaksipuolinen lis\u00e4varuste).<\/p>\n<\/li>\n<li>\n<p data-path-to-node=\"11,3,0\"><b data-path-to-node=\"11,3,0\" data-index-in-node=\"0\">Liite:<\/b> Esiporattu reik\u00e4, joka on yhteensopiva kaikkien vakionauhojen kanssa.<\/p>\n<\/li>\n<li>\n<p data-path-to-node=\"11,4,0\"><b data-path-to-node=\"11,4,0\" data-index-in-node=\"0\">Ymp\u00e4rist\u00f6yst\u00e4v\u00e4llinen:<\/b> Biohajoava, muoviton vaihtoehto vihreisiin tapahtumiin.<\/p>\n<\/li>\n<\/ul>","protected":false},"featured_media":6192,"comment_status":"closed","ping_status":"closed","template":"","meta":[],"product_brand":[],"product_cat":[91],"product_tag":[],"class_list":{"0":"post-6191","1":"product","2":"type-product","3":"status-publish","4":"has-post-thumbnail","6":"product_cat-badge-holders","8":"first","9":"instock","10":"shipping-taxable","11":"purchasable","12":"product-type-simple"},"_links":{"self":[{"href":"https:\/\/displayproducts.eu\/fi\/wp-json\/wp\/v2\/product\/6191","targetHints":{"allow":["GET"]}}],"collection":[{"href":"https:\/\/displayproducts.eu\/fi\/wp-json\/wp\/v2\/product"}],"about":[{"href":"https:\/\/displayproducts.eu\/fi\/wp-json\/wp\/v2\/types\/product"}],"replies":[{"embeddable":true,"href":"https:\/\/displayproducts.eu\/fi\/wp-json\/wp\/v2\/comments?post=6191"}],"wp:featuredmedia":[{"embeddable":true,"href":"https:\/\/displayproducts.eu\/fi\/wp-json\/wp\/v2\/media\/6192"}],"wp:attachment":[{"href":"https:\/\/displayproducts.eu\/fi\/wp-json\/wp\/v2\/media?parent=6191"}],"wp:term":[{"taxonomy":"product_brand","embeddable":true,"href":"https:\/\/displayproducts.eu\/fi\/wp-json\/wp\/v2\/product_brand?post=6191"},{"taxonomy":"product_cat","embeddable":true,"href":"https:\/\/displayproducts.eu\/fi\/wp-json\/wp\/v2\/product_cat?post=6191"},{"taxonomy":"product_tag","embeddable":true,"href":"https:\/\/displayproducts.eu\/fi\/wp-json\/wp\/v2\/product_tag?post=6191"}],"curies":[{"name":"wp","href":"https:\/\/api.w.org\/{rel}","templated":true}]}}