{"id":6189,"date":"2025-12-20T16:39:31","date_gmt":"2025-12-20T13:39:31","guid":{"rendered":"https:\/\/wristbandfactory.eu\/?post_type=product&#038;p=6189"},"modified":"2026-04-01T21:52:03","modified_gmt":"2026-04-01T18:52:03","slug":"custom-antibacterial-hand-surface-spray-20ml","status":"publish","type":"product","link":"https:\/\/displayproducts.eu\/fi\/p\/custom-antibacterial-hand-surface-spray-20ml\/","title":{"rendered":"Antibakteerinen k\u00e4si- ja pintasuihke"},"content":{"rendered":"<p data-path-to-node=\"12\">Pid\u00e4 tiimisi ja asiakkaasi turvassa premium-palvelullamme <b data-path-to-node=\"12\" data-index-in-node=\"66\">Mukautettu antibakteerinen k\u00e4si- ja pintasuihke<\/b>. Toisin kuin voimakkaat alkoholipitoiset k\u00e4sidesit, t\u00e4m\u00e4 edistynyt vesipohjainen koostumus on suunniteltu suojaamaan ihoa kuivattamatta. Se palvelee kahta tarkoitusta: tehokasta k\u00e4sien desinfiointia ja turvallista puhdistusta usein kosketeltaville henkil\u00f6kohtaisille tavaroille, kuten \u00e4lypuhelimille, n\u00e4pp\u00e4imist\u00f6ille ja tableteille.<\/p>\n<p data-path-to-node=\"13\">Kompakti 20 ml:n muotoilu tekee siit\u00e4 t\u00e4ydellisen &quot;jokap\u00e4iv\u00e4isen&quot; mainostuotteen. Se tarjoaa pitk\u00e4kestoisen suojan jopa 225 suihkausta per pakkaus, olipa se sitten taskussa, k\u00e4silaukussa tai p\u00f6yd\u00e4ll\u00e4. T\u00e4m\u00e4n v\u00e4ltt\u00e4m\u00e4tt\u00f6m\u00e4n hygieniaty\u00f6kalun br\u00e4nd\u00e4ys yhdist\u00e4\u00e4 yrityksesi huolenpitoon, hyvinvointiin ja k\u00e4yt\u00e4nn\u00f6llisyyteen.<\/p>\n<h2 data-path-to-node=\"14\">T\u00e4rkeimm\u00e4t ominaisuudet<\/h2>\n<ul data-path-to-node=\"15\">\n<li>\n<p data-path-to-node=\"15,0,0\"><b data-path-to-node=\"15,0,0\" data-index-in-node=\"0\">Ihoyst\u00e4v\u00e4llinen suoja:<\/b> Rikastettu <b data-path-to-node=\"15,0,0\" data-index-in-node=\"40\">Aloe vera<\/b> ja <b data-path-to-node=\"15,0,0\" data-index-in-node=\"54\">B5-vitamiini<\/b>, pit\u00e4en k\u00e4det pehmein\u00e4 ja kosteutettuina my\u00f6s usein toistuvassa k\u00e4yt\u00f6ss\u00e4.<\/p>\n<\/li>\n<li>\n<p data-path-to-node=\"15,1,0\"><b data-path-to-node=\"15,1,0\" data-index-in-node=\"0\">Tekniikkaa s\u00e4\u00e4st\u00e4v\u00e4 puhdistus:<\/b> Antistaattinen koostumus on turvallinen elektroniikalle ja poistaa tehokkaasti sormenj\u00e4ljet ja bakteerit n\u00e4yt\u00f6ilt\u00e4 vahingoittamatta niit\u00e4.<\/p>\n<\/li>\n<li>\n<p data-path-to-node=\"15,2,0\"><b data-path-to-node=\"15,2,0\" data-index-in-node=\"0\">Korkea hy\u00f6tysuhde:<\/b> Tappaa 99,99% bakteereja aktiivisten ainesosien, kuten maitohapon ja DDAC:n (didekyylidimetyyliammoniumkloridi), ansiosta.<\/p>\n<\/li>\n<li>\n<p data-path-to-node=\"15,3,0\"><b data-path-to-node=\"15,3,0\" data-index-in-node=\"0\">Ei-tahmea tunne:<\/b> Imeytyy nopeasti eik\u00e4 j\u00e4t\u00e4 tahmeaa j\u00e4\u00e4m\u00e4\u00e4, toisin kuin geelipohjaiset vaihtoehdot.<\/p>\n<\/li>\n<li>\n<p data-path-to-node=\"15,4,0\"><b data-path-to-node=\"15,4,0\" data-index-in-node=\"0\">Ymp\u00e4rist\u00f6tietoinen:<\/b> Vesipohjainen biopolymeerikoostumus v\u00e4hent\u00e4\u00e4 haihtuvien kemikaalien p\u00e4\u00e4st\u00f6j\u00e4 verrattuna runsaasti alkoholia sis\u00e4lt\u00e4viin suihkeisiin.<\/p>\n<\/li>\n<\/ul>\n<h2 data-path-to-node=\"16\">Tekniset tiedot<\/h2>\n<ul data-path-to-node=\"17\">\n<li>\n<p data-path-to-node=\"17,0,0\"><b data-path-to-node=\"17,0,0\" data-index-in-node=\"0\">Tilavuus:<\/b> 20 ml (noin 225 suihkausta).<\/p>\n<\/li>\n<li>\n<p data-path-to-node=\"17,1,0\"><b data-path-to-node=\"17,1,0\" data-index-in-node=\"0\">Vaikuttavat aineet:<\/b> Maitohappo, didekyylidimetyyliammoniumkloridi (DDAC).<\/p>\n<\/li>\n<li>\n<p data-path-to-node=\"17,2,0\"><b data-path-to-node=\"17,2,0\" data-index-in-node=\"0\">Hoitoaineet:<\/b> Aloe vera, B5-vitamiini, biopolymeerit.<\/p>\n<\/li>\n<li>\n<p data-path-to-node=\"17,3,0\"><b data-path-to-node=\"17,3,0\" data-index-in-node=\"0\">Pohja:<\/b> Puhdistettu vesi (vesipohjainen).<\/p>\n<\/li>\n<li>\n<p data-path-to-node=\"17,4,0\"><b data-path-to-node=\"17,4,0\" data-index-in-node=\"0\">Sovellus:<\/b> K\u00e4det, kovat pinnat, elektroniikka (n\u00e4yt\u00f6t).<\/p>\n<\/li>\n<li>\n<p data-path-to-node=\"17,5,0\"><b data-path-to-node=\"17,5,0\" data-index-in-node=\"0\">Mukauttaminen:<\/b> Moniv\u00e4rinen digitaalinen tarra tai tampopainatus kotelossa.<\/p>\n<\/li>\n<li>\n<p data-path-to-node=\"17,6,0\"><b data-path-to-node=\"17,6,0\" data-index-in-node=\"0\">Minimitilausm\u00e4\u00e4r\u00e4:<\/b> 100 yksikk\u00f6\u00e4.<\/p>\n<\/li>\n<\/ul>\n<h2 data-path-to-node=\"18\">K\u00e4ytt\u00f6tapaukset<\/h2>\n<ul data-path-to-node=\"19\">\n<li>\n<p data-path-to-node=\"19,0,0\"><b data-path-to-node=\"19,0,0\" data-index-in-node=\"0\">Yritysten tervetuliaispaketit:<\/b> Huolellinen lis\u00e4ys ty\u00f6ntekij\u00f6iden perehdytyspaketteihin toimistohygienian parantamiseksi.<\/p>\n<\/li>\n<li>\n<p data-path-to-node=\"19,1,0\"><b data-path-to-node=\"19,1,0\" data-index-in-node=\"0\">Teknologiakonferenssit:<\/b> T\u00e4ydellinen lahja IT-tapahtumiin, korostaen &quot;n\u00e4yt\u00f6npuhdistustoimintoa&quot;.<\/p>\n<\/li>\n<li>\n<p data-path-to-node=\"19,2,0\"><b data-path-to-node=\"19,2,0\" data-index-in-node=\"0\">Matkailu ja ravitsemus:<\/b> Hy\u00f6dyllinen lahja matkatoimistoille tai hotelleille vieraille.<\/p>\n<\/li>\n<li>\n<p data-path-to-node=\"19,3,0\"><b data-path-to-node=\"19,3,0\" data-index-in-node=\"0\">Hyvinvointikampanjat:<\/b> Edist\u00e4\u00e4 terveytt\u00e4 ja turvallisuutta influenssakausien aikana.<\/p>\n<\/li>\n<\/ul>","protected":false},"excerpt":{"rendered":"<ul>\n<li>\n<p data-path-to-node=\"11,0,0\"><b data-path-to-node=\"11,0,0\" data-index-in-node=\"0\">Kaava:<\/b> Vesipohjainen, rikastettu B5-vitamiinilla, aloe veralla ja biopolymeereill\u00e4.<\/p>\n<\/li>\n<li>\n<p data-path-to-node=\"11,1,0\"><b data-path-to-node=\"11,1,0\" data-index-in-node=\"0\">Kaksoistoiminto:<\/b> Tappaa 99,99% bakteereja k\u00e4sist\u00e4 ja puhdistaa pinnat (puhelimet, n\u00e4yt\u00f6t).<\/p>\n<\/li>\n<li>\n<p data-path-to-node=\"11,2,0\"><b data-path-to-node=\"11,2,0\" data-index-in-node=\"0\">Elektroniikka turvallinen:<\/b> Antistaattiset ominaisuudet tekev\u00e4t siit\u00e4 ihanteellisen kosketusn\u00e4ytt\u00f6jen puhdistukseen.<\/p>\n<\/li>\n<li>\n<p data-path-to-node=\"11,3,0\"><b data-path-to-node=\"11,3,0\" data-index-in-node=\"0\">Tehokkuus:<\/b> Taskukokoinen 20 ml:n pullo riitt\u00e4\u00e4 noin 225 suihkautukseen.<\/p>\n<\/li>\n<\/ul>","protected":false},"featured_media":6190,"comment_status":"closed","ping_status":"closed","template":"","meta":[],"product_brand":[],"product_cat":[68,121],"product_tag":[],"class_list":{"0":"post-6189","1":"product","2":"type-product","3":"status-publish","4":"has-post-thumbnail","6":"product_cat-event-supplies","7":"product_cat-promotional-merchandise","9":"first","10":"instock","11":"shipping-taxable","12":"purchasable","13":"product-type-simple"},"_links":{"self":[{"href":"https:\/\/displayproducts.eu\/fi\/wp-json\/wp\/v2\/product\/6189","targetHints":{"allow":["GET"]}}],"collection":[{"href":"https:\/\/displayproducts.eu\/fi\/wp-json\/wp\/v2\/product"}],"about":[{"href":"https:\/\/displayproducts.eu\/fi\/wp-json\/wp\/v2\/types\/product"}],"replies":[{"embeddable":true,"href":"https:\/\/displayproducts.eu\/fi\/wp-json\/wp\/v2\/comments?post=6189"}],"wp:featuredmedia":[{"embeddable":true,"href":"https:\/\/displayproducts.eu\/fi\/wp-json\/wp\/v2\/media\/6190"}],"wp:attachment":[{"href":"https:\/\/displayproducts.eu\/fi\/wp-json\/wp\/v2\/media?parent=6189"}],"wp:term":[{"taxonomy":"product_brand","embeddable":true,"href":"https:\/\/displayproducts.eu\/fi\/wp-json\/wp\/v2\/product_brand?post=6189"},{"taxonomy":"product_cat","embeddable":true,"href":"https:\/\/displayproducts.eu\/fi\/wp-json\/wp\/v2\/product_cat?post=6189"},{"taxonomy":"product_tag","embeddable":true,"href":"https:\/\/displayproducts.eu\/fi\/wp-json\/wp\/v2\/product_tag?post=6189"}],"curies":[{"name":"wp","href":"https:\/\/api.w.org\/{rel}","templated":true}]}}