{"id":6179,"date":"2025-12-20T16:26:50","date_gmt":"2025-12-20T13:26:50","guid":{"rendered":"https:\/\/wristbandfactory.eu\/?post_type=product&#038;p=6179"},"modified":"2026-04-01T21:52:03","modified_gmt":"2026-04-01T18:52:03","slug":"custom-branded-plant-growing-kits-green-gifts","status":"publish","type":"product","link":"https:\/\/displayproducts.eu\/fi\/p\/custom-branded-plant-growing-kits-green-gifts\/","title":{"rendered":"Br\u00e4nd\u00e4tyt kasvatuspakkaukset"},"content":{"rendered":"<p data-path-to-node=\"12\">Tuo luonto toimistoon tai etusivu monipuolisella valikoimallamme <b data-path-to-node=\"12\" data-index-in-node=\"90\">Mukautetut br\u00e4nd\u00e4tyt kasvinkasvatuspakkaukset<\/b>. N\u00e4m\u00e4 &quot;vihre\u00e4t lahjat&quot; ovat t\u00e4ydellisi\u00e4 mainostuotteita yrityksille, jotka haluavat korostaa kest\u00e4vyytt\u00e4, hyvinvointia ja kasvua. Olipa kyseess\u00e4 sitten Maan p\u00e4iv\u00e4n kampanjat, ty\u00f6ntekij\u00f6iden kiitoslahjat tai ymp\u00e4rist\u00f6tietoisten tapahtumien arvonnat, el\u00e4v\u00e4 kasvi j\u00e4tt\u00e4\u00e4 pysyv\u00e4n vaikutuksen.<\/p>\n<p data-path-to-node=\"13\">Tarjoamme laajan valikoiman kokovaihtoehtoja, jotka sopivat jokaiseen budjettiin ja tyyliin. Laadukkaista ikkunalaudalla upeilta n\u00e4ytt\u00e4vist\u00e4 keraamisista seteist\u00e4 kompakteihin Bio-PET-setteihin massajakeluun \u2013 jokainen setti toimitetaan kasvatusvalmiina, ja mukana tulee multa ja siemenet.<\/p>\n<h2 data-path-to-node=\"14\">K\u00e4ytett\u00e4viss\u00e4 olevat kokoonpanot<\/h2>\n<p data-path-to-node=\"15\">Voit yhdistell\u00e4 tai valita tiettyj\u00e4 tyylej\u00e4 mallistostamme:<\/p>\n<ul data-path-to-node=\"16\">\n<li>\n<p data-path-to-node=\"16,0,0\"><b data-path-to-node=\"16,0,0\" data-index-in-node=\"0\">Keraamiset ruukkusarjat:<\/b> Saatavilla vakiokokoisena \u201c3 kpl:n settin\u00e4\u201d tai n\u00e4ytt\u00e4v\u00e4n\u00e4 \u201cXXL-settin\u00e4\u201d. Ensiluokkainen ulkon\u00e4k\u00f6, ihanteellinen lahjaksi johtajalle.<\/p>\n<\/li>\n<li>\n<p data-path-to-node=\"16,1,0\"><b data-path-to-node=\"16,1,0\" data-index-in-node=\"0\">EcoCup- ja Bio-PET-pakkaukset:<\/b> Kevyet ja kest\u00e4v\u00e4t s\u00e4ili\u00f6t kierr\u00e4tysmateriaaleista tai biomuoveista. T\u00e4ydelliset postitus- ja tapahtumak\u00e4ytt\u00f6\u00f6n.<\/p>\n<\/li>\n<li>\n<p data-path-to-node=\"16,2,0\"><b data-path-to-node=\"16,2,0\" data-index-in-node=\"0\">Savunestoaine siemenseos:<\/b> Ilman puhdistamiseen suunniteltuja erityisi\u00e4 siemensekoituksia, pakattu ymp\u00e4rist\u00f6yst\u00e4v\u00e4llisiin astioihin.<\/p>\n<\/li>\n<li>\n<p data-path-to-node=\"16,3,0\"><b data-path-to-node=\"16,3,0\" data-index-in-node=\"0\">Pullokimput:<\/b> Ainutlaatuinen \u201cKukka pullossa\u201d -konsepti (yksitt\u00e4in tai kolmen pakkaus) \u2013 minimalistinen ja moderni n\u00e4kemys kukka-asetelmista lahjoina.<\/p>\n<\/li>\n<li>\n<p data-path-to-node=\"16,4,0\"><b data-path-to-node=\"16,4,0\" data-index-in-node=\"0\">Mini- ja kaksoispakkaukset:<\/b> Kompaktit yksitt\u00e4ispakkaukset tai &quot;kaksi yhdess\u00e4&quot; -laatikot vaihtelua varten.<\/p>\n<\/li>\n<\/ul>\n<h2 data-path-to-node=\"17\">T\u00e4rkeimm\u00e4t ominaisuudet<\/h2>\n<ul data-path-to-node=\"18\">\n<li>\n<p data-path-to-node=\"18,0,0\"><b data-path-to-node=\"18,0,0\" data-index-in-node=\"0\">Kasvatusvalmis:<\/b> Kaikkiin pakkauksiin sis\u00e4ltyy puristettuja multatabletteja ja korkealaatuisia siemeni\u00e4 (yrttej\u00e4, kukkia tai puita).<\/p>\n<\/li>\n<li>\n<p data-path-to-node=\"18,1,0\"><b data-path-to-node=\"18,1,0\" data-index-in-node=\"0\">Br\u00e4nd\u00e4ysalue:<\/b> Suuri pinta-ala ruukuissa, kupeissa tai pakkauksissa logollesi ja viestillesi.<\/p>\n<\/li>\n<li>\n<p data-path-to-node=\"18,2,0\"><b data-path-to-node=\"18,2,0\" data-index-in-node=\"0\">Kest\u00e4v\u00e4n kehityksen viesti:<\/b> Yhdist\u00e4\u00e4 br\u00e4ndisi ymp\u00e4rist\u00f6nhoitoon ja positiiviseen kasvuun.<\/p>\n<\/li>\n<li>\n<p data-path-to-node=\"18,3,0\"><b data-path-to-node=\"18,3,0\" data-index-in-node=\"0\">Pitk\u00e4kestoinen altistuminen:<\/b> Toisin kuin mainoslehtinen, kasvi seisoo p\u00f6yd\u00e4ll\u00e4 kuukausia tai vuosia pit\u00e4en br\u00e4ndisi n\u00e4kyviss\u00e4.<\/p>\n<\/li>\n<\/ul>\n<h2 data-path-to-node=\"19\">Tekniset tiedot<\/h2>\n<ul data-path-to-node=\"20\">\n<li>\n<p data-path-to-node=\"20,0,0\"><b data-path-to-node=\"20,0,0\" data-index-in-node=\"0\">Materiaalivaihtoehdot:<\/b> Keraaminen, Bio-PET-muovi, kierr\u00e4tyspaperi\/pahvi, lasi (injektiopullot).<\/p>\n<\/li>\n<li>\n<p data-path-to-node=\"20,1,0\"><b data-path-to-node=\"20,1,0\" data-index-in-node=\"0\">Siemenvaihtoehdot:<\/b> Basilika, minttu, persilja, auringonkukka, unnikkei, savusumute ja paljon muuta.<\/p>\n<\/li>\n<li>\n<p data-path-to-node=\"20,2,0\"><b data-path-to-node=\"20,2,0\" data-index-in-node=\"0\">Painatus:<\/b> Tampopainatus (koville pinnoille) tai digitaalinen etiketti\/tasku (pakkaukseen).<\/p>\n<\/li>\n<li>\n<p data-path-to-node=\"20,3,0\"><b data-path-to-node=\"20,3,0\" data-index-in-node=\"0\">Minimitilausm\u00e4\u00e4r\u00e4:<\/b> 50 yksikk\u00f6\u00e4 (vaihtelee mallikohtaisesti).<\/p>\n<\/li>\n<\/ul>","protected":false},"excerpt":{"rendered":"<ul data-path-to-node=\"11\">\n<li>\n<p data-path-to-node=\"11,0,0\"><b data-path-to-node=\"11,0,0\" data-index-in-node=\"0\">Lajike:<\/b> Saatavilla keraamisessa (3 kpl\/XXL), Bio-PET-, EcoCup- tai lasisessa injektiopullossa.<\/p>\n<\/li>\n<li>\n<p data-path-to-node=\"11,1,0\"><b data-path-to-node=\"11,1,0\" data-index-in-node=\"0\">T\u00e4ydellinen pakkaus:<\/b> Sis\u00e4lt\u00e4\u00e4 kaiken kasvatukseen tarvittavan: ruukun\/astian, multapelletit ja siemenet.<\/p>\n<\/li>\n<li>\n<p data-path-to-node=\"11,2,0\"><b data-path-to-node=\"11,2,0\" data-index-in-node=\"0\">Ymp\u00e4rist\u00f6yst\u00e4v\u00e4llinen:<\/b> Kest\u00e4v\u00e4t materiaalit, kuten kierr\u00e4tysmuovi, keramiikka ja savusumua ehk\u00e4isev\u00e4t kasvisekoitukset.<\/p>\n<\/li>\n<li>\n<p data-path-to-node=\"11,3,0\"><b data-path-to-node=\"11,3,0\" data-index-in-node=\"0\">Mukauttaminen:<\/b> Tamponpainatus tai t\u00e4ysv\u00e4rimerkinn\u00e4t astiaan tai pakkaukseen.<\/p>\n<\/li>\n<\/ul>","protected":false},"featured_media":6295,"comment_status":"closed","ping_status":"closed","template":"","meta":[],"product_brand":[],"product_cat":[121],"product_tag":[],"class_list":{"0":"post-6179","1":"product","2":"type-product","3":"status-publish","4":"has-post-thumbnail","6":"product_cat-promotional-merchandise","8":"first","9":"instock","10":"shipping-taxable","11":"purchasable","12":"product-type-simple"},"_links":{"self":[{"href":"https:\/\/displayproducts.eu\/fi\/wp-json\/wp\/v2\/product\/6179","targetHints":{"allow":["GET"]}}],"collection":[{"href":"https:\/\/displayproducts.eu\/fi\/wp-json\/wp\/v2\/product"}],"about":[{"href":"https:\/\/displayproducts.eu\/fi\/wp-json\/wp\/v2\/types\/product"}],"replies":[{"embeddable":true,"href":"https:\/\/displayproducts.eu\/fi\/wp-json\/wp\/v2\/comments?post=6179"}],"wp:featuredmedia":[{"embeddable":true,"href":"https:\/\/displayproducts.eu\/fi\/wp-json\/wp\/v2\/media\/6295"}],"wp:attachment":[{"href":"https:\/\/displayproducts.eu\/fi\/wp-json\/wp\/v2\/media?parent=6179"}],"wp:term":[{"taxonomy":"product_brand","embeddable":true,"href":"https:\/\/displayproducts.eu\/fi\/wp-json\/wp\/v2\/product_brand?post=6179"},{"taxonomy":"product_cat","embeddable":true,"href":"https:\/\/displayproducts.eu\/fi\/wp-json\/wp\/v2\/product_cat?post=6179"},{"taxonomy":"product_tag","embeddable":true,"href":"https:\/\/displayproducts.eu\/fi\/wp-json\/wp\/v2\/product_tag?post=6179"}],"curies":[{"name":"wp","href":"https:\/\/api.w.org\/{rel}","templated":true}]}}