{"id":6171,"date":"2025-12-19T22:38:05","date_gmt":"2025-12-19T19:38:05","guid":{"rendered":"https:\/\/wristbandfactory.eu\/?post_type=product&#038;p=6171"},"modified":"2026-04-01T21:52:34","modified_gmt":"2026-04-01T18:52:34","slug":"custom-handheld-led-mini-fans-battery-operated","status":"publish","type":"product","link":"https:\/\/displayproducts.eu\/fi\/p\/custom-handheld-led-mini-fans-battery-operated\/","title":{"rendered":"LED-k\u00e4situulettimet (minituulettimet)"},"content":{"rendered":"<div style=\"width: 480px;\" class=\"wp-video\"><video class=\"wp-video-shortcode\" id=\"video-6171-1\" width=\"480\" height=\"834\" preload=\"metadata\" controls=\"controls\"><source type=\"video\/mp4\" src=\"https:\/\/displayproducts.eu\/wp-content\/uploads\/2025\/12\/wedding-fan.mp4?_=1\" \/><a href=\"https:\/\/displayproducts.eu\/wp-content\/uploads\/2025\/12\/wedding-fan.mp4\">https:\/\/displayproducts.eu\/wp-content\/uploads\/2025\/12\/wedding-fan.mp4<\/a><\/video><\/div>\n<p data-path-to-node=\"10\">Muunna mik\u00e4 tahansa tanssilattia tai iltatapahtuma hohtavaksi spektaakkeliksi mittatilausty\u00f6n\u00e4 pidett\u00e4vill\u00e4 LED-tuulettimillamme. N\u00e4m\u00e4 eiv\u00e4t ole vain viilent\u00e4vi\u00e4 lis\u00e4varusteita, vaan vaikuttavia visuaalisia rekvisiittoja, joita vieraat k\u00e4ytt\u00e4v\u00e4t mielell\u00e4\u00e4n valokuvien ja sosiaalisen median esittelyyn. Erityisen suosittuja h\u00e4iden jatkoilla ja musiikkifestivaaleilla, n\u00e4m\u00e4 tuulettimet yhdist\u00e4v\u00e4t taittuvan tuulettimen perinteisen eleganssin moderniin LED-tekniikkaan.<\/p>\n<p data-path-to-node=\"11\">Saatavilla useissa eri kangasv\u00e4reiss\u00e4 (mukaan lukien klassinen valkoinen h\u00e4ihin) ja LED-v\u00e4reiss\u00e4, ne voidaan br\u00e4nd\u00e4t\u00e4 saumattomasti tapahtumasi teemaan sopivaksi. K\u00e4ytettiinp\u00e4 niit\u00e4 sitten massiivisissa rave-juhlissa tai intiimiss\u00e4 h\u00e4\u00e4vastaanotossa, n\u00e4m\u00e4 viuhkat varmistavat, ett\u00e4 br\u00e4ndisi tai viestisi loistaa kirkkaasti pime\u00e4ss\u00e4.<\/p>\n<h2 data-path-to-node=\"12\">T\u00e4rkeimm\u00e4t ominaisuudet<\/h2>\n<ul data-path-to-node=\"13\">\n<li>\n<p data-path-to-node=\"13,0,0\"><b data-path-to-node=\"13,0,0\" data-index-in-node=\"0\">Tunnelman luoja:<\/b> Luo v\u00e4litt\u00f6m\u00e4n &quot;vau&quot;-efektin, kun valot sammuvat.<\/p>\n<\/li>\n<li>\n<p data-path-to-node=\"13,1,0\"><b data-path-to-node=\"13,1,0\" data-index-in-node=\"0\">Suuri br\u00e4nd\u00e4ysalue:<\/b> Kankaan pinta tarjoaa runsaasti tilaa logojen, hashtagien tai h\u00e4\u00e4p\u00e4iv\u00e4m\u00e4\u00e4rien painamiseen.<\/p>\n<\/li>\n<li>\n<p data-path-to-node=\"13,2,0\"><b data-path-to-node=\"13,2,0\" data-index-in-node=\"0\">K\u00e4ytt\u00e4j\u00e4yst\u00e4v\u00e4llinen:<\/b> Ilman painatusta yhden painikkeen k\u00e4ytt\u00f6 vilkkumistilojen vaihtamiseen.<\/p>\n<\/li>\n<li>\n<p data-path-to-node=\"13,3,0\"><b data-path-to-node=\"13,3,0\" data-index-in-node=\"0\">Kest\u00e4v\u00e4 rakenne:<\/b> Valmistettu tukevista muovirivoista ja valoa heijastavasta kankaasta kest\u00e4m\u00e4\u00e4n kovaa k\u00e4ytt\u00f6\u00e4.<\/p>\n<\/li>\n<\/ul>\n<h2 data-path-to-node=\"14\">Tekniset tiedot<\/h2>\n<ul data-path-to-node=\"15\">\n<li>\n<p data-path-to-node=\"15,0,0\"><b data-path-to-node=\"15,0,0\" data-index-in-node=\"0\">Materiaali:<\/b> Muoviset kaaret + valoa l\u00e4p\u00e4isev\u00e4 nailon\/polyesterikangas.<\/p>\n<\/li>\n<li>\n<p data-path-to-node=\"15,1,0\"><b data-path-to-node=\"15,1,0\" data-index-in-node=\"0\">Koko:<\/b> Noin 27 cm (taitettuna) \/ 48\u201350 cm (avattuna).<\/p>\n<\/li>\n<li>\n<p data-path-to-node=\"15,2,0\"><b data-path-to-node=\"15,2,0\" data-index-in-node=\"0\">LED-v\u00e4rit:<\/b> Valkoinen, sininen, punainen, vihre\u00e4, vaaleanpunainen, RGB (moniv\u00e4rinen).<\/p>\n<\/li>\n<li>\n<p data-path-to-node=\"15,3,0\"><b data-path-to-node=\"15,3,0\" data-index-in-node=\"0\">Paristot:<\/b> Mukana toimitettava ja vaihdettavissa oleva (yleens\u00e4 CR2032 tai vastaava).<\/p>\n<\/li>\n<li>\n<p data-path-to-node=\"15,4,0\"><b data-path-to-node=\"15,4,0\" data-index-in-node=\"0\">Painatusmenetelm\u00e4:<\/b> Silkkipainatus kankaalle tai kahvaan.<\/p>\n<\/li>\n<\/ul>\n<h2 data-path-to-node=\"16\">K\u00e4ytt\u00f6tapaukset<\/h2>\n<ul data-path-to-node=\"17\">\n<li>\n<p data-path-to-node=\"17,0,0\"><b data-path-to-node=\"17,0,0\" data-index-in-node=\"0\">H\u00e4\u00e4t:<\/b> T\u00e4ydellinen bileetu my\u00f6h\u00e4isillan tanssilattialle (etenkin valkoisille faneille).<\/p>\n<\/li>\n<li>\n<p data-path-to-node=\"17,1,0\"><b data-path-to-node=\"17,1,0\" data-index-in-node=\"0\">Musiikkifestivaalit ja rave-bileet:<\/b> Osallistujille eritt\u00e4in kysytty\u00e4 oheistuotetta.<\/p>\n<\/li>\n<li>\n<p data-path-to-node=\"17,2,0\"><b data-path-to-node=\"17,2,0\" data-index-in-node=\"0\">Y\u00f6kerhot:<\/b> Br\u00e4nd\u00e4tyt rekvisiittat VIP-p\u00f6ytiin tai teemailtoihin.<\/p>\n<\/li>\n<li>\n<p data-path-to-node=\"17,3,0\"><b data-path-to-node=\"17,3,0\" data-index-in-node=\"0\">Yritysjuhlat:<\/b> Hauskoja ja pirist\u00e4vi\u00e4 lahjoja, jotka pirist\u00e4v\u00e4t tunnelmaa.<\/p>\n<\/li>\n<\/ul>","protected":false},"excerpt":{"rendered":"<ul>\n<li>\n<p data-path-to-node=\"9,0,0\"><b data-path-to-node=\"9,0,0\" data-index-in-node=\"0\">Kaksoistoiminto:<\/b> Pit\u00e4\u00e4 vieraat viilein\u00e4 ja luo samalla upean valoshow&#039;n.<\/p>\n<\/li>\n<li>\n<p data-path-to-node=\"9,1,0\"><b data-path-to-node=\"9,1,0\" data-index-in-node=\"0\">Mukautettava:<\/b> Tulosta logosi tai tapahtuman p\u00e4iv\u00e4m\u00e4\u00e4r\u00e4 kankaaseen tai kahvaan.<\/p>\n<\/li>\n<li>\n<p data-path-to-node=\"9,2,0\"><b data-path-to-node=\"9,2,0\" data-index-in-node=\"0\">Valaistustilat:<\/b> Useita asetuksia (nopea salama, hidas salama, tasainen p\u00e4\u00e4ll\u00e4).<\/p>\n<\/li>\n<li>\n<p data-path-to-node=\"9,3,0\"><b data-path-to-node=\"9,3,0\" data-index-in-node=\"0\">Paristok\u00e4ytt\u00f6inen:<\/b> Mukana pitk\u00e4kestoiset ja vaihdettavat paristot.<\/p>\n<\/li>\n<\/ul>","protected":false},"featured_media":6172,"comment_status":"closed","ping_status":"closed","template":"","meta":[],"product_brand":[],"product_cat":[76,123],"product_tag":[],"class_list":{"0":"post-6171","1":"product","2":"type-product","3":"status-publish","4":"has-post-thumbnail","6":"product_cat-glow-led-products","7":"product_cat-fan-cheering-items","9":"first","10":"instock","11":"shipping-taxable","12":"purchasable","13":"product-type-simple"},"_links":{"self":[{"href":"https:\/\/displayproducts.eu\/fi\/wp-json\/wp\/v2\/product\/6171","targetHints":{"allow":["GET"]}}],"collection":[{"href":"https:\/\/displayproducts.eu\/fi\/wp-json\/wp\/v2\/product"}],"about":[{"href":"https:\/\/displayproducts.eu\/fi\/wp-json\/wp\/v2\/types\/product"}],"replies":[{"embeddable":true,"href":"https:\/\/displayproducts.eu\/fi\/wp-json\/wp\/v2\/comments?post=6171"}],"wp:featuredmedia":[{"embeddable":true,"href":"https:\/\/displayproducts.eu\/fi\/wp-json\/wp\/v2\/media\/6172"}],"wp:attachment":[{"href":"https:\/\/displayproducts.eu\/fi\/wp-json\/wp\/v2\/media?parent=6171"}],"wp:term":[{"taxonomy":"product_brand","embeddable":true,"href":"https:\/\/displayproducts.eu\/fi\/wp-json\/wp\/v2\/product_brand?post=6171"},{"taxonomy":"product_cat","embeddable":true,"href":"https:\/\/displayproducts.eu\/fi\/wp-json\/wp\/v2\/product_cat?post=6171"},{"taxonomy":"product_tag","embeddable":true,"href":"https:\/\/displayproducts.eu\/fi\/wp-json\/wp\/v2\/product_tag?post=6171"}],"curies":[{"name":"wp","href":"https:\/\/api.w.org\/{rel}","templated":true}]}}