{"id":6165,"date":"2025-12-19T22:29:34","date_gmt":"2025-12-19T19:29:34","guid":{"rendered":"https:\/\/wristbandfactory.eu\/?post_type=product&#038;p=6165"},"modified":"2026-04-01T21:52:34","modified_gmt":"2026-04-01T18:52:34","slug":"custom-luggage-tags-bamboo-waterproof-paper-shaped","status":"publish","type":"product","link":"https:\/\/displayproducts.eu\/fi\/p\/custom-luggage-tags-bamboo-waterproof-paper-shaped\/","title":{"rendered":"Matkalaukkulaput omalla painatuksella"},"content":{"rendered":"<p data-path-to-node=\"9\">Matkustaminen luo vaikutelmia, ja omalla painatuksellajen matkatavaralappujemme valikoima varmistaa, ett\u00e4 br\u00e4ndisi kulkee asiakkaidesi mukana. Kest\u00e4v\u00e4ksi ja n\u00e4kyv\u00e4ksi suunniteltu tuotelinja tarjoaa joustavuutta markkinointibudjettiisi ja tyyliisi sopimiseen \u2013 tarvitsetpa sitten kustannustehokasta massalahjaa tai ensiluokkaista ymp\u00e4rist\u00f6yst\u00e4v\u00e4llist\u00e4 lahjaa.<\/p>\n<p data-path-to-node=\"10\"><b data-path-to-node=\"10\" data-index-in-node=\"0\">Valitse tyylisi:<\/b><\/p>\n<ol start=\"1\" data-path-to-node=\"11\">\n<li>\n<p data-path-to-node=\"11,0,0\"><b data-path-to-node=\"11,0,0\" data-index-in-node=\"0\">Synteettiset paperilaput (veden- ja rep\u00e4isynkest\u00e4v\u00e4t):<\/b> \u00c4l\u00e4 anna sanan &quot;paperi&quot; h\u00e4m\u00e4t\u00e4. T\u00e4m\u00e4 edistyksellinen synteettinen materiaali on t\u00e4ysin vedenpit\u00e4v\u00e4 ja repe\u00e4m\u00e4t\u00f6n, joten se sopii t\u00e4ydellisesti vaativiin matkoihin.<\/p>\n<ul data-path-to-node=\"11,0,1\">\n<li>\n<p data-path-to-node=\"11,0,1,0,0\"><b data-path-to-node=\"11,0,1,0,0\" data-index-in-node=\"0\">Vakiomuoto:<\/b> Maksimaalinen br\u00e4nd\u00e4ysalue logoille ja yhteystiedoille.<\/p>\n<\/li>\n<li>\n<p data-path-to-node=\"11,0,1,1,0\"><b data-path-to-node=\"11,0,1,1,0\" data-index-in-node=\"0\">Lentokoneen muoto:<\/b> Hauska, muotoonleikattu ilmailuaiheinen suunnittelu, joka sopii erinomaisesti matkailutoimistoille ja lentoyhti\u00f6ille.<\/p>\n<\/li>\n<li>\n<p data-path-to-node=\"11,0,1,2,0\"><i data-path-to-node=\"11,0,1,2,0\" data-index-in-node=\"0\">Sis\u00e4lt\u00e4\u00e4 neliv\u00e4risen painatuksen etupuolella.<\/i><\/p>\n<\/li>\n<\/ul>\n<\/li>\n<li>\n<p data-path-to-node=\"11,1,0\"><b data-path-to-node=\"11,1,0\" data-index-in-node=\"0\">Bambutunnisteet (Eco-Premium):<\/b> Valitse kest\u00e4v\u00e4n ja tyylikk\u00e4\u00e4n ilmeen saavuttamiseksi luonnonbambuiset etikettimme. J\u00e4yk\u00e4t ja erottuvat, ne erottuvat karusellissa.<\/p>\n<ul data-path-to-node=\"11,1,1\">\n<li>\n<p data-path-to-node=\"11,1,1,0,0\"><i data-path-to-node=\"11,1,1,0,0\" data-index-in-node=\"0\">Mukana muovinen hihna ja solki turvallista kiinnityst\u00e4 varten.<\/i><\/p>\n<\/li>\n<\/ul>\n<\/li>\n<\/ol>\n<h2 data-path-to-node=\"12\">T\u00e4rkeimm\u00e4t ominaisuudet<\/h2>\n<ul data-path-to-node=\"13\">\n<li>\n<p data-path-to-node=\"13,0,0\"><b data-path-to-node=\"13,0,0\" data-index-in-node=\"0\">Monipuolisuus:<\/b> Yksi tuotelista, useita ratkaisuja. Yhdistele ja sovita eri asiakassegmentteihin (esim. paperi turistimatkustajille, bambu VIP-matkustajille).<\/p>\n<\/li>\n<li>\n<p data-path-to-node=\"13,1,0\"><b data-path-to-node=\"13,1,0\" data-index-in-node=\"0\">\u00c4\u00e4rimm\u00e4inen kest\u00e4vyys:<\/b> Synteettinen paperi kest\u00e4\u00e4 sadetta, kosteutta ja kovaa matkatavaroiden k\u00e4sittely\u00e4 repe\u00e4m\u00e4tt\u00e4.<\/p>\n<\/li>\n<li>\n<p data-path-to-node=\"13,2,0\"><b data-path-to-node=\"13,2,0\" data-index-in-node=\"0\">Ymp\u00e4rist\u00f6tietoinen:<\/b> Bambu tarjoaa uusiutuvan materiaalivaihtoehdon vihreisiin markkinointikampanjoihin.<\/p>\n<\/li>\n<li>\n<p data-path-to-node=\"13,3,0\"><b data-path-to-node=\"13,3,0\" data-index-in-node=\"0\">Hyv\u00e4 n\u00e4kyvyys:<\/b> Suuret painoalueet varmistavat, ett\u00e4 logosi n\u00e4kyy lentokentill\u00e4 maailmanlaajuisesti.<\/p>\n<\/li>\n<\/ul>\n<h2 data-path-to-node=\"14\">Tekniset tiedot<\/h2>\n<ul data-path-to-node=\"15\">\n<li>\n<p data-path-to-node=\"15,0,0\"><b data-path-to-node=\"15,0,0\" data-index-in-node=\"0\">Materiaalit:<\/b> Synteettinen paperi (polypropeenisekoitus) TAI luonnonbambu.<\/p>\n<\/li>\n<li>\n<p data-path-to-node=\"15,1,0\"><b data-path-to-node=\"15,1,0\" data-index-in-node=\"0\">Paperitunnisteen ominaisuudet:<\/b> Vedenkest\u00e4v\u00e4, rep\u00e4isynkest\u00e4v\u00e4, joustava.<\/p>\n<\/li>\n<li>\n<p data-path-to-node=\"15,2,0\"><b data-path-to-node=\"15,2,0\" data-index-in-node=\"0\">Bambutunnisteen ominaisuudet:<\/b> J\u00e4ykk\u00e4, luonnonv\u00e4rinen pintak\u00e4sittely.<\/p>\n<\/li>\n<li>\n<p data-path-to-node=\"15,3,0\"><b data-path-to-node=\"15,3,0\" data-index-in-node=\"0\">Muodot:<\/b> Suorakulmainen (noin 85x54 mm) tai lentokoneen muotoon leikattu.<\/p>\n<\/li>\n<li>\n<p data-path-to-node=\"15,4,0\"><b data-path-to-node=\"15,4,0\" data-index-in-node=\"0\">Liite:<\/b> Muovihihna soljella (bambu) tai lenkkimekanismilla.<\/p>\n<\/li>\n<li>\n<p data-path-to-node=\"15,5,0\"><b data-path-to-node=\"15,5,0\" data-index-in-node=\"0\">M\u00e4\u00e4r\u00e4:<\/b> 250 kpl (paperimalleille).<\/p>\n<\/li>\n<\/ul>\n<h2 data-path-to-node=\"16\">K\u00e4ytt\u00f6tapaukset<\/h2>\n<ul data-path-to-node=\"17\">\n<li>\n<p data-path-to-node=\"17,0,0\"><b data-path-to-node=\"17,0,0\" data-index-in-node=\"0\">Matkanj\u00e4rjest\u00e4j\u00e4t:<\/b> Lis\u00e4\u00e4 matkustusasiakirjalompakkoihin br\u00e4nd\u00e4tty tunniste.<\/p>\n<\/li>\n<li>\n<p data-path-to-node=\"17,1,0\"><b data-path-to-node=\"17,1,0\" data-index-in-node=\"0\">Yritysretriitit:<\/b> Tunnista tiimin matkatavarat helposti ryhm\u00e4matkojen aikana.<\/p>\n<\/li>\n<li>\n<p data-path-to-node=\"17,2,0\"><b data-path-to-node=\"17,2,0\" data-index-in-node=\"0\">Hotellit:<\/b> Muistettava kassalahja vieraille.<\/p>\n<\/li>\n<li>\n<p data-path-to-node=\"17,3,0\"><b data-path-to-node=\"17,3,0\" data-index-in-node=\"0\">Logistiikka:<\/b> Kest\u00e4v\u00e4t merkinn\u00e4t rahdille ja ep\u00e4standardille rahdille.<\/p>\n<\/li>\n<\/ul>","protected":false},"excerpt":{"rendered":"<ul>\n<li>\n<p data-path-to-node=\"8,0,0\"><b data-path-to-node=\"8,0,0\" data-index-in-node=\"0\">Materiaalivalinta:<\/b> Valitse j\u00e4yk\u00e4n bambun tai joustavan rep\u00e4isylujan paperin v\u00e4lill\u00e4.<\/p>\n<\/li>\n<li>\n<p data-path-to-node=\"8,1,0\"><b data-path-to-node=\"8,1,0\" data-index-in-node=\"0\">Muodot:<\/b> Saatavilla vakiomuotoisina suorakaiteen muotoisina tai teemallisina lentokoneen muotoisina.<\/p>\n<\/li>\n<li>\n<p data-path-to-node=\"8,2,0\"><b data-path-to-node=\"8,2,0\" data-index-in-node=\"0\">Kest\u00e4vyys:<\/b> Vedenkest\u00e4v\u00e4 ja rakennettu kest\u00e4m\u00e4\u00e4n maailmanlaajuista matkustamista.<\/p>\n<\/li>\n<li>\n<p data-path-to-node=\"8,3,0\"><b data-path-to-node=\"8,3,0\" data-index-in-node=\"0\">Br\u00e4nd\u00e4ys:<\/b> T\u00e4ysv\u00e4ripainatus (paperi) tai laserkaiverrus\/painatus (bambu).<\/p>\n<\/li>\n<\/ul>","protected":false},"featured_media":6304,"comment_status":"closed","ping_status":"closed","template":"","meta":[],"product_brand":[],"product_cat":[129,122],"product_tag":[],"class_list":{"0":"post-6165","1":"product","2":"type-product","3":"status-publish","4":"has-post-thumbnail","6":"product_cat-leisure-lifestyle","7":"product_cat-promotional-accessories","9":"first","10":"instock","11":"shipping-taxable","12":"purchasable","13":"product-type-simple"},"_links":{"self":[{"href":"https:\/\/displayproducts.eu\/fi\/wp-json\/wp\/v2\/product\/6165","targetHints":{"allow":["GET"]}}],"collection":[{"href":"https:\/\/displayproducts.eu\/fi\/wp-json\/wp\/v2\/product"}],"about":[{"href":"https:\/\/displayproducts.eu\/fi\/wp-json\/wp\/v2\/types\/product"}],"replies":[{"embeddable":true,"href":"https:\/\/displayproducts.eu\/fi\/wp-json\/wp\/v2\/comments?post=6165"}],"wp:featuredmedia":[{"embeddable":true,"href":"https:\/\/displayproducts.eu\/fi\/wp-json\/wp\/v2\/media\/6304"}],"wp:attachment":[{"href":"https:\/\/displayproducts.eu\/fi\/wp-json\/wp\/v2\/media?parent=6165"}],"wp:term":[{"taxonomy":"product_brand","embeddable":true,"href":"https:\/\/displayproducts.eu\/fi\/wp-json\/wp\/v2\/product_brand?post=6165"},{"taxonomy":"product_cat","embeddable":true,"href":"https:\/\/displayproducts.eu\/fi\/wp-json\/wp\/v2\/product_cat?post=6165"},{"taxonomy":"product_tag","embeddable":true,"href":"https:\/\/displayproducts.eu\/fi\/wp-json\/wp\/v2\/product_tag?post=6165"}],"curies":[{"name":"wp","href":"https:\/\/api.w.org\/{rel}","templated":true}]}}