{"id":6162,"date":"2025-12-19T22:20:32","date_gmt":"2025-12-19T19:20:32","guid":{"rendered":"https:\/\/wristbandfactory.eu\/?post_type=product&#038;p=6162"},"modified":"2026-04-01T21:52:34","modified_gmt":"2026-04-01T18:52:34","slug":"colored-eva-earplugs-in-transparent-case-with-carrying-chain","status":"publish","type":"product","link":"https:\/\/displayproducts.eu\/fi\/p\/colored-eva-earplugs-in-transparent-case-with-carrying-chain\/","title":{"rendered":"V\u00e4rilliset EVA-korvatulpat kotelolla ja ketjuga"},"content":{"rendered":"<p data-path-to-node=\"10\">Suojaa osallistujiesi kuulo tyylikk\u00e4\u00e4sti kirkkaanv\u00e4risill\u00e4 EVA-korvatulpillamme. N\u00e4m\u00e4 pitk\u00e4aikaiseen k\u00e4ytt\u00f6\u00f6n suunnitellut korvatulpat on valmistettu pehme\u00e4st\u00e4 etyleenivinyyliasetaatista (EVA), joka mukautuu mukavasti korvak\u00e4yt\u00e4v\u00e4\u00e4n. Jokainen pari toimitetaan kest\u00e4v\u00e4ss\u00e4, l\u00e4pin\u00e4kyv\u00e4ss\u00e4 yksitt\u00e4iskotelossa, jossa on k\u00e4yt\u00e4nn\u00f6llinen kantoketju, joten ne on helppo kiinnitt\u00e4\u00e4 avaimenperiin, kaulanauhoihin tai vetoketjuihin. V\u00e4ltt\u00e4m\u00e4t\u00f6n tarvike festivaaleille, ty\u00f6maille ja matkoille.<\/p>\n<h2 data-path-to-node=\"11\">T\u00e4rkeimm\u00e4t ominaisuudet<\/h2>\n<ul data-path-to-node=\"12\">\n<li>\n<p data-path-to-node=\"12,0,0\"><b data-path-to-node=\"12,0,0\" data-index-in-node=\"0\">Kannettava muotoilu:<\/b> Mukana tuleva ketju varmistaa, ett\u00e4 korvatulpat ovat aina k\u00e4den ulottuvilla ja suojassa lialta, kun niit\u00e4 ei k\u00e4ytet\u00e4.<\/p>\n<\/li>\n<li>\n<p data-path-to-node=\"12,1,0\"><b data-path-to-node=\"12,1,0\" data-index-in-node=\"0\">Mukavuus:<\/b> Pehme\u00e4 EVA-vaahtomateriaali laajenee kevyesti ja takaa tukevan istuvuuden aiheuttamatta painetta.<\/p>\n<\/li>\n<li>\n<p data-path-to-node=\"12,2,0\"><b data-path-to-node=\"12,2,0\" data-index-in-node=\"0\">Hyv\u00e4 n\u00e4kyvyys:<\/b> Saatavilla kirkkaissa, eloisissa v\u00e4reiss\u00e4, jotka erottuvat edukseen.<\/p>\n<\/li>\n<li>\n<p data-path-to-node=\"12,3,0\"><b data-path-to-node=\"12,3,0\" data-index-in-node=\"0\">Kest\u00e4v\u00e4 kotelo:<\/b> Kirkas muovilaatikko tarjoaa erinomaisen br\u00e4nd\u00e4yspotentiaalin ja suojan.<\/p>\n<\/li>\n<\/ul>\n<h2 data-path-to-node=\"13\">Tekniset tiedot<\/h2>\n<ul data-path-to-node=\"14\">\n<li>\n<p data-path-to-node=\"14,0,0\"><b data-path-to-node=\"14,0,0\" data-index-in-node=\"0\">Materiaali:<\/b> Pehme\u00e4\u00e4 EVA-vaahtoa (etyleenivinyyliasetaattia).<\/p>\n<\/li>\n<li>\n<p data-path-to-node=\"14,1,0\"><b data-path-to-node=\"14,1,0\" data-index-in-node=\"0\">Kotelon materiaali:<\/b> L\u00e4pin\u00e4kyv\u00e4 muovi.<\/p>\n<\/li>\n<li>\n<p data-path-to-node=\"14,2,0\"><b data-path-to-node=\"14,2,0\" data-index-in-node=\"0\">Liite:<\/b> Metallinen helmiketju \/ kantoketju.<\/p>\n<\/li>\n<li>\n<p data-path-to-node=\"14,3,0\"><b data-path-to-node=\"14,3,0\" data-index-in-node=\"0\">V\u00e4rit:<\/b> Erilaisia kirkkaita v\u00e4rej\u00e4.<\/p>\n<\/li>\n<li>\n<p data-path-to-node=\"14,4,0\"><b data-path-to-node=\"14,4,0\" data-index-in-node=\"0\">Uudelleenk\u00e4ytett\u00e4vyys:<\/b> Uudelleenk\u00e4ytett\u00e4v\u00e4 ja pest\u00e4v\u00e4.<\/p>\n<\/li>\n<\/ul>\n<h2 data-path-to-node=\"15\">K\u00e4ytt\u00f6tapaukset<\/h2>\n<ul data-path-to-node=\"16\">\n<li>\n<p data-path-to-node=\"16,0,0\"><b data-path-to-node=\"16,0,0\" data-index-in-node=\"0\">Musiikkifestivaalit ja konsertit:<\/b> V\u00e4ltt\u00e4m\u00e4t\u00f6n kuulonsuojain meluisiin ymp\u00e4rist\u00f6ihin.<\/p>\n<\/li>\n<li>\n<p data-path-to-node=\"16,1,0\"><b data-path-to-node=\"16,1,0\" data-index-in-node=\"0\">Matkailu ja ilmailu:<\/b> V\u00e4hent\u00e4\u00e4 matkustamon melua rauhallisen matkan takaamiseksi.<\/p>\n<\/li>\n<li>\n<p data-path-to-node=\"16,2,0\"><b data-path-to-node=\"16,2,0\" data-index-in-node=\"0\">Rakentaminen ja teollisuus:<\/b> Perusturvavarusteet vierailijoille tai kevyen liikenteen alueilla liikkuville.<\/p>\n<\/li>\n<li>\n<p data-path-to-node=\"16,3,0\"><b data-path-to-node=\"16,3,0\" data-index-in-node=\"0\">Mainoskampanjat:<\/b> Erinomainen br\u00e4nd\u00e4tty lahja terveys- ja turvallisuustietoisuustapahtumiin.<\/p>\n<\/li>\n<\/ul>","protected":false},"excerpt":{"rendered":"<ul>\n<li>\n<p data-path-to-node=\"9,0,0\">Valmistettu pehme\u00e4st\u00e4 ja mukavasta EVA-materiaalista.<\/p>\n<\/li>\n<li>\n<p data-path-to-node=\"9,1,0\">Mukana l\u00e4pin\u00e4kyv\u00e4 kotelo kantoketjulla.<\/p>\n<\/li>\n<li>\n<p data-path-to-node=\"9,2,0\">Kirkkaat, hyvin n\u00e4kyv\u00e4t v\u00e4rit.<\/p>\n<\/li>\n<li>\n<p data-path-to-node=\"9,3,0\">Uudelleenk\u00e4ytett\u00e4v\u00e4 ja helppo puhdistaa.<\/p>\n<\/li>\n<\/ul>","protected":false},"featured_media":6163,"comment_status":"closed","ping_status":"closed","template":"","meta":[],"product_brand":[],"product_cat":[68,121],"product_tag":[],"class_list":{"0":"post-6162","1":"product","2":"type-product","3":"status-publish","4":"has-post-thumbnail","6":"product_cat-event-supplies","7":"product_cat-promotional-merchandise","9":"first","10":"instock","11":"shipping-taxable","12":"purchasable","13":"product-type-simple"},"_links":{"self":[{"href":"https:\/\/displayproducts.eu\/fi\/wp-json\/wp\/v2\/product\/6162","targetHints":{"allow":["GET"]}}],"collection":[{"href":"https:\/\/displayproducts.eu\/fi\/wp-json\/wp\/v2\/product"}],"about":[{"href":"https:\/\/displayproducts.eu\/fi\/wp-json\/wp\/v2\/types\/product"}],"replies":[{"embeddable":true,"href":"https:\/\/displayproducts.eu\/fi\/wp-json\/wp\/v2\/comments?post=6162"}],"wp:featuredmedia":[{"embeddable":true,"href":"https:\/\/displayproducts.eu\/fi\/wp-json\/wp\/v2\/media\/6163"}],"wp:attachment":[{"href":"https:\/\/displayproducts.eu\/fi\/wp-json\/wp\/v2\/media?parent=6162"}],"wp:term":[{"taxonomy":"product_brand","embeddable":true,"href":"https:\/\/displayproducts.eu\/fi\/wp-json\/wp\/v2\/product_brand?post=6162"},{"taxonomy":"product_cat","embeddable":true,"href":"https:\/\/displayproducts.eu\/fi\/wp-json\/wp\/v2\/product_cat?post=6162"},{"taxonomy":"product_tag","embeddable":true,"href":"https:\/\/displayproducts.eu\/fi\/wp-json\/wp\/v2\/product_tag?post=6162"}],"curies":[{"name":"wp","href":"https:\/\/api.w.org\/{rel}","templated":true}]}}