{"id":6159,"date":"2025-12-19T16:35:18","date_gmt":"2025-12-19T13:35:18","guid":{"rendered":"https:\/\/wristbandfactory.eu\/?post_type=product&#038;p=6159"},"modified":"2026-04-01T21:52:34","modified_gmt":"2026-04-01T18:52:34","slug":"custom-printed-seamless-arm-sleeves-uv-protection","status":"publish","type":"product","link":"https:\/\/displayproducts.eu\/fi\/p\/custom-printed-seamless-arm-sleeves-uv-protection\/","title":{"rendered":"Painetut irtohihat (UV-suoja)"},"content":{"rendered":"<p data-path-to-node=\"11\">Maksimoi br\u00e4ndisi n\u00e4kyvyys ulkoilmatapahtumissa ja urheilukilpailuissa mittatilausty\u00f6n\u00e4 painetuilla saumattomilla hihansuillamme. N\u00e4m\u00e4 monipuoliset asusteet ovat v\u00e4ltt\u00e4m\u00e4tt\u00f6mi\u00e4 juoksijoille, py\u00f6r\u00e4ilij\u00f6ille ja ulkoiluhenkil\u00f6kunnalle, sill\u00e4 ne tarjoavat suuren, liikkuvan kankaan logollesi tai taideteoksellesi.<\/p>\n<p data-path-to-node=\"12\">Toisin kuin tavallisissa silkkipainetuissa hihoissa, meid\u00e4n hihoissamme k\u00e4ytet\u00e4\u00e4n sublimaatiopainatustekniikkaa. T\u00e4m\u00e4 tarkoittaa, ett\u00e4 kuvio on upotettu kankaan kuituihin, mik\u00e4 varmistaa, ettei painatus koskaan halkeile, irtoa tai haalistu, samalla kun kankaan hengitt\u00e4vyys ja elastisuus s\u00e4ilyv\u00e4t.<\/p>\n<h2 data-path-to-node=\"13\">T\u00e4rkeimm\u00e4t ominaisuudet<\/h2>\n<ul data-path-to-node=\"14\">\n<li>\n<p data-path-to-node=\"14,0,0\"><b data-path-to-node=\"14,0,0\" data-index-in-node=\"0\">Saumaton rakenne:<\/b> Putkimainen neulosrakenne poistaa sivusaumat, mik\u00e4 est\u00e4\u00e4 hankautumista ja \u00e4rsytyst\u00e4 pitk\u00e4aikaisessa k\u00e4yt\u00f6ss\u00e4.<\/p>\n<\/li>\n<li>\n<p data-path-to-node=\"14,1,0\"><b data-path-to-node=\"14,1,0\" data-index-in-node=\"0\"><span class=\"citation-32\">Aurinko- ja ihosuoja:<\/span><\/b><span class=\"citation-32 citation-end-32\"> Tarjoaa tehokkaan suojan haitallisilta UV-s\u00e4teilt\u00e4 ja suojaa ihoa nurmikon palovammoilta ja naarmuilta.<\/span><\/p>\n<div class=\"source-inline-chip-container ng-star-inserted\"><\/div>\n<\/li>\n<li>\n<p data-path-to-node=\"14,2,0\"><b data-path-to-node=\"14,2,0\" data-index-in-node=\"0\">Elastinen istuvuus:<\/b> Polyesterin ja elastaanin sekoitus varmistaa, ett\u00e4 hihat pysyv\u00e4t tukevasti paikoillaan rajoittamatta liikett\u00e4.<\/p>\n<\/li>\n<li>\n<p data-path-to-node=\"14,3,0\"><b data-path-to-node=\"14,3,0\" data-index-in-node=\"0\">El\u00e4v\u00e4 mukauttaminen:<\/b> T\u00e4ydellinen pintapainatus mahdollistaa monimutkaisten liukuv\u00e4rien, valokuvien ja br\u00e4ndiv\u00e4rien t\u00e4ydellisen toistamisen.<\/p>\n<\/li>\n<\/ul>\n<h2 data-path-to-node=\"15\">Tekniset tiedot<\/h2>\n<ul data-path-to-node=\"16\">\n<li>\n<p data-path-to-node=\"16,0,0\"><b data-path-to-node=\"16,0,0\" data-index-in-node=\"0\">Materiaali:<\/b> 160 g\/m\u00b2 tekninen kangas (95% polyesteri \/ 5% elastaani).<\/p>\n<\/li>\n<li>\n<p data-path-to-node=\"16,1,0\"><b data-path-to-node=\"16,1,0\" data-index-in-node=\"0\">Painatustekniikka:<\/b> Moniv\u00e4rinen sublimaatiopainatus.<\/p>\n<\/li>\n<li>\n<p data-path-to-node=\"16,2,0\"><b data-path-to-node=\"16,2,0\" data-index-in-node=\"0\">Pakkaus:<\/b> Myyd\u00e4\u00e4n parina (1 kpl = 2 hihaa).<\/p>\n<\/li>\n<li>\n<p data-path-to-node=\"16,3,0\"><b data-path-to-node=\"16,3,0\" data-index-in-node=\"0\">Mitat (keskikoko):<\/b> 7 cm (ranne) x 8 cm (olkavarsi) x 37 cm (pituus).<\/p>\n<\/li>\n<li>\n<p data-path-to-node=\"16,4,0\"><b data-path-to-node=\"16,4,0\" data-index-in-node=\"0\">Mitat (suuri):<\/b> 9 cm (ranne) x 11 cm (olkavarsi) x 44 cm (pituus).<\/p>\n<\/li>\n<\/ul>\n<h2 data-path-to-node=\"17\">K\u00e4ytt\u00f6tapaukset<\/h2>\n<ul data-path-to-node=\"18\">\n<li>\n<p data-path-to-node=\"18,0,0\"><b data-path-to-node=\"18,0,0\" data-index-in-node=\"0\">Maratonit ja py\u00f6r\u00e4ilytapahtumat:<\/b> Osallistujien v\u00e4ltt\u00e4m\u00e4tt\u00f6m\u00e4t varusteet lahjakasseissa.<\/p>\n<\/li>\n<li>\n<p data-path-to-node=\"18,1,0\"><b data-path-to-node=\"18,1,0\" data-index-in-node=\"0\">Joukkueen peliasut:<\/b> Yhten\u00e4inen ulkoasu koripallo-, lentopallo- tai e-urheilujoukkueille.<\/p>\n<\/li>\n<li>\n<p data-path-to-node=\"18,2,0\"><b data-path-to-node=\"18,2,0\" data-index-in-node=\"0\">Ulkona ty\u00f6skentelev\u00e4 ty\u00f6voima:<\/b> Suorassa auringonvalossa ty\u00f6skentelev\u00e4n henkil\u00f6kunnan suojaus (maisemointi, tapahtumien turvallisuus).<\/p>\n<\/li>\n<li>\n<p data-path-to-node=\"18,3,0\"><b data-path-to-node=\"18,3,0\" data-index-in-node=\"0\">Tavaramyynti:<\/b> Korkeakatteinen tuote kuntosali- tai klubikauppoihin.<\/p>\n<\/li>\n<\/ul>","protected":false},"excerpt":{"rendered":"<ul>\n<li>\n<p data-path-to-node=\"10,0,0\"><b data-path-to-node=\"10,0,0\" data-index-in-node=\"0\">Saumaton mukavuus:<\/b> Ei \u00e4rsytt\u00e4vi\u00e4 saumoja, mik\u00e4 takaa maksimaalisen mukavuuden fyysisen aktiivisuuden aikana.<\/p>\n<\/li>\n<li>\n<p data-path-to-node=\"10,1,0\"><b data-path-to-node=\"10,1,0\" data-index-in-node=\"0\">T\u00e4ysi v\u00e4ribr\u00e4nd\u00e4ys:<\/b> Reunasta reunaan sublimaatiopainatuspainatus tarjoaa rajattomat suunnittelumahdollisuudet.<\/p>\n<\/li>\n<li>\n<p data-path-to-node=\"10,2,0\"><b data-path-to-node=\"10,2,0\" data-index-in-node=\"0\"><span class=\"citation-33\">UV- ja naarmuuntumissuoja:<\/span><\/b><span class=\"citation-33 citation-end-33\"> Suojaa k\u00e4sivarsia auringolta ja pienilt\u00e4 naarmuilta.<\/span><\/p>\n<\/li>\n<li>\n<p data-path-to-node=\"10,3,0\"><b data-path-to-node=\"10,3,0\" data-index-in-node=\"0\">Myyd\u00e4\u00e4n parina:<\/b> Yksi yksikk\u00f6 sis\u00e4lt\u00e4\u00e4 sek\u00e4 vasemman ett\u00e4 oikean hihan.<\/p>\n<\/li>\n<\/ul>","protected":false},"featured_media":6160,"comment_status":"closed","ping_status":"closed","template":"","meta":[],"product_brand":[],"product_cat":[118],"product_tag":[],"class_list":{"0":"post-6159","1":"product","2":"type-product","3":"status-publish","4":"has-post-thumbnail","6":"product_cat-sports-fitness","8":"first","9":"instock","10":"shipping-taxable","11":"purchasable","12":"product-type-simple"},"_links":{"self":[{"href":"https:\/\/displayproducts.eu\/fi\/wp-json\/wp\/v2\/product\/6159","targetHints":{"allow":["GET"]}}],"collection":[{"href":"https:\/\/displayproducts.eu\/fi\/wp-json\/wp\/v2\/product"}],"about":[{"href":"https:\/\/displayproducts.eu\/fi\/wp-json\/wp\/v2\/types\/product"}],"replies":[{"embeddable":true,"href":"https:\/\/displayproducts.eu\/fi\/wp-json\/wp\/v2\/comments?post=6159"}],"wp:featuredmedia":[{"embeddable":true,"href":"https:\/\/displayproducts.eu\/fi\/wp-json\/wp\/v2\/media\/6160"}],"wp:attachment":[{"href":"https:\/\/displayproducts.eu\/fi\/wp-json\/wp\/v2\/media?parent=6159"}],"wp:term":[{"taxonomy":"product_brand","embeddable":true,"href":"https:\/\/displayproducts.eu\/fi\/wp-json\/wp\/v2\/product_brand?post=6159"},{"taxonomy":"product_cat","embeddable":true,"href":"https:\/\/displayproducts.eu\/fi\/wp-json\/wp\/v2\/product_cat?post=6159"},{"taxonomy":"product_tag","embeddable":true,"href":"https:\/\/displayproducts.eu\/fi\/wp-json\/wp\/v2\/product_tag?post=6159"}],"curies":[{"name":"wp","href":"https:\/\/api.w.org\/{rel}","templated":true}]}}