{"id":6155,"date":"2025-12-19T16:20:46","date_gmt":"2025-12-19T13:20:46","guid":{"rendered":"https:\/\/wristbandfactory.eu\/?post_type=product&#038;p=6155"},"modified":"2026-04-01T21:52:03","modified_gmt":"2026-04-01T18:52:03","slug":"custom-beach-slippers-with-logo-sand-imprint-sole","status":"publish","type":"product","link":"https:\/\/displayproducts.eu\/fi\/p\/custom-beach-slippers-with-logo-sand-imprint-sole\/","title":{"rendered":"Rantasandaalit omalla logolla ja hiekkaj\u00e4ljell\u00e4"},"content":{"rendered":"<p data-path-to-node=\"12\">Nosta kes\u00e4markkinointikampanjoitasi tai hotellisi mukavuuksia uudelle tasolle t\u00e4ysin muokattavissa olevilla rantatossuillamme. N\u00e4m\u00e4 varvassandaalit on suunniteltu maksimaalista br\u00e4ndin\u00e4kyvyytt\u00e4 varten, ja ne tarjoavat ainutlaatuisen k\u00e4velytauluefektin. Olipa kyseess\u00e4 sitten yritysjuhlat, kylpyl\u00e4lahja tai kes\u00e4festivaalien arvonta, tarjoamme t\u00e4ydellisen v\u00e4rit\u00e4sm\u00e4yksen, joka sopii t\u00e4ydellisesti br\u00e4ndisi identiteettiin.<\/p>\n<p data-path-to-node=\"13\">Toisin kuin tavallisissa mainosjalkineissa, tohveleissamme on innovatiiviset pohjallisen br\u00e4nd\u00e4ystekniikat, jotka tekev\u00e4t jokaisesta askeleesta vaikutuksen.<\/p>\n<h2 data-path-to-node=\"14\">T\u00e4rkeimm\u00e4t ominaisuudet<\/h2>\n<ul data-path-to-node=\"15\">\n<li>\n<p data-path-to-node=\"15,0,0\"><b data-path-to-node=\"15,0,0\" data-index-in-node=\"0\">Pantone-v\u00e4rien yhteensovitus:<\/b> Voimme sovittaa pohjan ja hihnan v\u00e4rit juuri sinun br\u00e4ndisi PMS-koodeihin ilman lis\u00e4maksuja.<\/p>\n<\/li>\n<li>\n<p data-path-to-node=\"15,1,0\"><b data-path-to-node=\"15,1,0\" data-index-in-node=\"0\">Stanssattu \u201chiekkatuloste\u201d:<\/b> Pohja on leikattu noin 5 mm syv\u00e4ksi. Pehme\u00e4ll\u00e4 hiekalla k\u00e4velless\u00e4 tohveli j\u00e4tt\u00e4\u00e4 selke\u00e4n j\u00e4ljen logostasi tai viestist\u00e4si.<\/p>\n<\/li>\n<li>\n<p data-path-to-node=\"15,2,0\"><b data-path-to-node=\"15,2,0\" data-index-in-node=\"0\">Pohjan kohokuviointi:<\/b> Tarkempia yksityiskohtia varten voimme leimata logosi noin 2 mm pohjaan (sopii erinomaisesti monimutkaisiin malleihin).<\/p>\n<\/li>\n<li>\n<p data-path-to-node=\"15,3,0\"><b data-path-to-node=\"15,3,0\" data-index-in-node=\"0\">Koko pinnan br\u00e4nd\u00e4ys:<\/b> Perinteinen seripainatus on saatavilla sek\u00e4 pohjan kantap\u00e4\u00e4ss\u00e4 ett\u00e4 hihnoissa n\u00e4kyv\u00e4\u00e4 logon sijoittelua varten.<\/p>\n<\/li>\n<\/ul>\n<h2 data-path-to-node=\"16\">Tekniset tiedot<\/h2>\n<ul data-path-to-node=\"17\">\n<li>\n<p data-path-to-node=\"17,0,0\"><b data-path-to-node=\"17,0,0\" data-index-in-node=\"0\">Materiaali:<\/b> Kest\u00e4v\u00e4 ja mukava PE\/PVC-kumiseos (erittelymateriaaleja saatavilla pyynn\u00f6st\u00e4).<\/p>\n<\/li>\n<li>\n<p data-path-to-node=\"17,1,0\"><b data-path-to-node=\"17,1,0\" data-index-in-node=\"0\">Pohjan paksuus:<\/b> Vakiopaksuus, optimoitu mukavuutta ja tehokasta stanssausta varten.<\/p>\n<\/li>\n<li>\n<p data-path-to-node=\"17,2,0\"><b data-path-to-node=\"17,2,0\" data-index-in-node=\"0\">Koot:<\/b> Saatavilla useissa EU:n vakiokooissa (unisex, miesten, naisten, lasten).<\/p>\n<\/li>\n<li>\n<p data-path-to-node=\"17,3,0\"><b data-path-to-node=\"17,3,0\" data-index-in-node=\"0\">Mukautusmenetelm\u00e4t:<\/b> Seripainatus, kohopainatus (pohja), stanssattu (pohja).<\/p>\n<\/li>\n<li>\n<p data-path-to-node=\"17,4,0\"><b data-path-to-node=\"17,4,0\" data-index-in-node=\"0\">Minimitilaus:<\/b> Kassalle nykyinen MOQ-tilausm\u00e4\u00e4r\u00e4 myyntitiimilt\u00e4mme.<\/p>\n<\/li>\n<\/ul>\n<h2 data-path-to-node=\"18\">K\u00e4ytt\u00f6tapaukset<\/h2>\n<ul data-path-to-node=\"19\">\n<li>\n<p data-path-to-node=\"19,0,0\"><b data-path-to-node=\"19,0,0\" data-index-in-node=\"0\">Kes\u00e4festivaalit ja tapahtumat:<\/b> Arvokkaita tuotteita, joita osallistujat k\u00e4ytt\u00e4v\u00e4t koko kauden.<\/p>\n<\/li>\n<li>\n<p data-path-to-node=\"19,1,0\"><b data-path-to-node=\"19,1,0\" data-index-in-node=\"0\">Hotellit ja kylpyl\u00e4t:<\/b> Ensiluokkaisia merkkituotteita uima-altaisiin ja hyvinvointikeskuksiin.<\/p>\n<\/li>\n<li>\n<p data-path-to-node=\"19,2,0\"><b data-path-to-node=\"19,2,0\" data-index-in-node=\"0\">Yrityslahjat:<\/b> T\u00e4ydellinen tiimity\u00f6skentelyretriitteihin tai &quot;kes\u00e4n aloituskustannuspaketteihin&quot;.<\/p>\n<\/li>\n<li>\n<p data-path-to-node=\"19,3,0\"><b data-path-to-node=\"19,3,0\" data-index-in-node=\"0\">Matkatoimistot:<\/b> Loistava tarjous rantalomapaketteja varten.<\/p>\n<\/li>\n<\/ul>","protected":false},"excerpt":{"rendered":"<ul>\n<li>\n<p data-path-to-node=\"11,0,0\"><b data-path-to-node=\"11,0,0\" data-index-in-node=\"0\">Pantone-v\u00e4ritys:<\/b> Pohjan ja hihnan v\u00e4rit mittatilausty\u00f6n\u00e4 ilman lis\u00e4kustannuksia.<\/p>\n<\/li>\n<li>\n<p data-path-to-node=\"11,1,0\"><b data-path-to-node=\"11,1,0\" data-index-in-node=\"0\">Useita br\u00e4nd\u00e4yspaikkoja:<\/b> Painatus hihnaan, yl\u00e4pohjaan tai alapohjaan.<\/p>\n<\/li>\n<li>\n<p data-path-to-node=\"11,2,0\"><b data-path-to-node=\"11,2,0\" data-index-in-node=\"0\">Hiekkaj\u00e4ljen vaikutus:<\/b> Valinnainen muotoonleikattu pohja j\u00e4tt\u00e4\u00e4 logosi j\u00e4ljen hiekkaan.<\/p>\n<\/li>\n<li>\n<p data-path-to-node=\"11,3,0\"><b data-path-to-node=\"11,3,0\" data-index-in-node=\"0\">Premium-mukautus:<\/b> Valitse yksityiskohtaisen kohokuvioinnin tai iskunkest\u00e4v\u00e4n muotoonleikatun pohjan v\u00e4lill\u00e4.<\/p>\n<\/li>\n<\/ul>","protected":false},"featured_media":6158,"comment_status":"closed","ping_status":"closed","template":"","meta":[],"product_brand":[],"product_cat":[129],"product_tag":[],"class_list":{"0":"post-6155","1":"product","2":"type-product","3":"status-publish","4":"has-post-thumbnail","6":"product_cat-leisure-lifestyle","8":"first","9":"instock","10":"shipping-taxable","11":"purchasable","12":"product-type-simple"},"_links":{"self":[{"href":"https:\/\/displayproducts.eu\/fi\/wp-json\/wp\/v2\/product\/6155","targetHints":{"allow":["GET"]}}],"collection":[{"href":"https:\/\/displayproducts.eu\/fi\/wp-json\/wp\/v2\/product"}],"about":[{"href":"https:\/\/displayproducts.eu\/fi\/wp-json\/wp\/v2\/types\/product"}],"replies":[{"embeddable":true,"href":"https:\/\/displayproducts.eu\/fi\/wp-json\/wp\/v2\/comments?post=6155"}],"wp:featuredmedia":[{"embeddable":true,"href":"https:\/\/displayproducts.eu\/fi\/wp-json\/wp\/v2\/media\/6158"}],"wp:attachment":[{"href":"https:\/\/displayproducts.eu\/fi\/wp-json\/wp\/v2\/media?parent=6155"}],"wp:term":[{"taxonomy":"product_brand","embeddable":true,"href":"https:\/\/displayproducts.eu\/fi\/wp-json\/wp\/v2\/product_brand?post=6155"},{"taxonomy":"product_cat","embeddable":true,"href":"https:\/\/displayproducts.eu\/fi\/wp-json\/wp\/v2\/product_cat?post=6155"},{"taxonomy":"product_tag","embeddable":true,"href":"https:\/\/displayproducts.eu\/fi\/wp-json\/wp\/v2\/product_tag?post=6155"}],"curies":[{"name":"wp","href":"https:\/\/api.w.org\/{rel}","templated":true}]}}