{"id":6150,"date":"2025-12-19T16:10:08","date_gmt":"2025-12-19T13:10:08","guid":{"rendered":"https:\/\/wristbandfactory.eu\/?post_type=product&#038;p=6150"},"modified":"2026-04-01T21:52:34","modified_gmt":"2026-04-01T18:52:34","slug":"custom-printed-hand-fans-bamboo-wood-plastic","status":"publish","type":"product","link":"https:\/\/displayproducts.eu\/fi\/p\/custom-printed-hand-fans-bamboo-wood-plastic\/","title":{"rendered":"Painetut viuhkat (Bambu, Puu ja Muovi)"},"content":{"rendered":"<p data-path-to-node=\"10\">Voittaa kuumuuden ja tuo br\u00e4ndisi esille monipuolisella valikoimallamme <b data-path-to-node=\"10\" data-index-in-node=\"90\">Mukautetut painetut k\u00e4siviuhkat<\/b>. \u201cViile\u00e4 tuulenvire\u201d on paras lahja, jonka voit antaa kohdeyleis\u00f6llesi kes\u00e4festivaaleilla, ulkoilmakonferensseissa tai h\u00e4iss\u00e4. Toisin kuin pois heitetty mainoslehtinen, viuhka on k\u00e4yt\u00e4nn\u00f6llinen asuste, jota osallistujat pit\u00e4v\u00e4t kiinni ja k\u00e4ytt\u00e4v\u00e4t toistuvasti pit\u00e4en logosi aivan silmien tasolla.<\/p>\n<p data-path-to-node=\"11\">Tarjoamme nelj\u00e4 erilaista tyyli\u00e4, jotka sopivat br\u00e4ndisi estetiikkaan \u2013 ymp\u00e4rist\u00f6yst\u00e4v\u00e4llisest\u00e4 bambusta ja puusta, jotka antavat luonnollisen ilmeen, v\u00e4rikk\u00e4isiin muovivaihtoehtoihin suurten volyymien promootioihin.<\/p>\n<h3 data-path-to-node=\"12\">Saatavilla olevat mallit<\/h3>\n<p><strong>1. Klassikko (muovi ja kangas)<\/strong><\/p>\n<p>Kest\u00e4v\u00e4 ja v\u00e4rik\u00e4s.<\/p>\n<ul data-path-to-node=\"14\">\n<li>\n<p data-path-to-node=\"14,0,0\"><b data-path-to-node=\"14,0,0\" data-index-in-node=\"0\">Kylkiluut:<\/b> Muovia (12 harjaa + 2 p\u00e4\u00e4tykappaletta). P\u00e4\u00e4tykappaleita saatavilla useissa v\u00e4reiss\u00e4 ja ne voidaan painattaa.<\/p>\n<\/li>\n<li>\n<p data-path-to-node=\"14,1,0\"><b data-path-to-node=\"14,1,0\" data-index-in-node=\"0\">Arkki:<\/b> Valkoinen 210T polyesterikangas.<\/p>\n<\/li>\n<li>\n<p data-path-to-node=\"14,2,0\"><b data-path-to-node=\"14,2,0\" data-index-in-node=\"0\">Painaa:<\/b> Moniv\u00e4rinen toiselta puolelta.<\/p>\n<\/li>\n<\/ul>\n<p><strong>2. Luonnollinen premium-laatu (puu ja kangas)<\/strong><\/p>\n<p>Elegantti ja tukeva.<\/p>\n<ul data-path-to-node=\"16\">\n<li>\n<p data-path-to-node=\"16,0,0\"><b data-path-to-node=\"16,0,0\" data-index-in-node=\"0\">Kylkiluut:<\/b> Luonnonpuuta (14 harjaa + 2 p\u00e4\u00e4tykappaletta). P\u00e4\u00e4tykappaleisiin voidaan painaa oma logosi.<\/p>\n<\/li>\n<li>\n<p data-path-to-node=\"16,1,0\"><b data-path-to-node=\"16,1,0\" data-index-in-node=\"0\">Arkki:<\/b> Valkoinen 210T polyesterikangas.<\/p>\n<\/li>\n<li>\n<p data-path-to-node=\"16,2,0\"><b data-path-to-node=\"16,2,0\" data-index-in-node=\"0\">Painaa:<\/b> Moniv\u00e4rinen toiselta puolelta.<\/p>\n<\/li>\n<\/ul>\n<p><strong>3. Ekologinen perinteinen (bambu ja paperi)<\/strong><\/p>\n<p>Kevyt ja klassinen paperin tuntu.<\/p>\n<ul data-path-to-node=\"18\">\n<li>\n<p data-path-to-node=\"18,0,0\"><b data-path-to-node=\"18,0,0\" data-index-in-node=\"0\">Kylkiluut:<\/b> Bambu (18 rimmaa + 2 p\u00e4\u00e4tykappaletta). P\u00e4\u00e4tykappaleet voidaan painattaa.<\/p>\n<\/li>\n<li>\n<p data-path-to-node=\"18,1,0\"><b data-path-to-node=\"18,1,0\" data-index-in-node=\"0\">Arkki:<\/b> Valkoinen 80 g\/m\u00b2 paperi.<\/p>\n<\/li>\n<li>\n<p data-path-to-node=\"18,2,0\"><b data-path-to-node=\"18,2,0\" data-index-in-node=\"0\">Painaa:<\/b> Moniv\u00e4rinen yhdelt\u00e4 tai kahdelta puolelta.<\/p>\n<\/li>\n<\/ul>\n<p><strong>4. Mainosbudjetti (muovi ja paperi)<\/strong><\/p>\n<p>Kustannustehokas suurille v\u00e4kijoukoille.<\/p>\n<ul data-path-to-node=\"20\">\n<li>\n<p data-path-to-node=\"20,0,0\"><b data-path-to-node=\"20,0,0\" data-index-in-node=\"0\">Kylkiluut:<\/b> Valkoinen muovi. (P\u00e4\u00e4tykappaleita ei voi painaa; mukautettu v\u00e4rien yhteensovitus saatavilla korkeille tilausm\u00e4\u00e4rille.).<\/p>\n<\/li>\n<li>\n<p data-path-to-node=\"20,1,0\"><b data-path-to-node=\"20,1,0\" data-index-in-node=\"0\">Arkki:<\/b> Valkoinen 80 g\/m\u00b2 paperi.<\/p>\n<\/li>\n<li>\n<p data-path-to-node=\"20,2,0\"><b data-path-to-node=\"20,2,0\" data-index-in-node=\"0\">Painaa:<\/b> Moniv\u00e4rinen toiselta puolelta.<\/p>\n<\/li>\n<\/ul>\n<h2 data-path-to-node=\"21\">T\u00e4rkeimm\u00e4t ominaisuudet<\/h2>\n<ul data-path-to-node=\"22\">\n<li>\n<p data-path-to-node=\"22,0,0\"><b data-path-to-node=\"22,0,0\" data-index-in-node=\"0\">Suuri br\u00e4nd\u00e4yspinta-ala:<\/b> Viuhka-arkki tarjoaa leve\u00e4n, kaarevan pohjan taideteoksillesi, iskulauseillesi tai kampanjakuvillesi.<\/p>\n<\/li>\n<li>\n<p data-path-to-node=\"22,1,0\"><b data-path-to-node=\"22,1,0\" data-index-in-node=\"0\">Mukautettavat kylkiluut:<\/b> Mallista riippuen voit lis\u00e4t\u00e4 j\u00e4ykkiin p\u00e4\u00e4tykappaleisiin (ripoihin) ylim\u00e4\u00e4r\u00e4isi\u00e4 logoja hienovaraisen br\u00e4nd\u00e4yksen aikaansaamiseksi.<\/p>\n<\/li>\n<li>\n<p data-path-to-node=\"22,2,0\"><b data-path-to-node=\"22,2,0\" data-index-in-node=\"0\">Kompakti ja kannettava:<\/b> Taittuu nopeasti alas, joten se mahtuu laukkuun tai taskuun.<\/p>\n<\/li>\n<\/ul>\n<h2 data-path-to-node=\"23\">Tekniset tiedot<\/h2>\n<table data-path-to-node=\"24\">\n<thead>\n<tr>\n<td><strong>Ominaisuus<\/strong><\/td>\n<td><strong>Muovi + kangas<\/strong><\/td>\n<td><strong>Puu + kangas<\/strong><\/td>\n<td><strong>Bambu + paperi<\/strong><\/td>\n<td><strong>Muovi + paperi<\/strong><\/td>\n<\/tr>\n<\/thead>\n<tbody>\n<tr>\n<td><span data-path-to-node=\"24,1,0,0\"><b data-path-to-node=\"24,1,0,0\" data-index-in-node=\"0\">Kylkiluiden materiaali<\/b><\/span><\/td>\n<td><span data-path-to-node=\"24,1,1,0\">Muovi<\/span><\/td>\n<td><span data-path-to-node=\"24,1,2,0\">Puu<\/span><\/td>\n<td><span data-path-to-node=\"24,1,3,0\">Bambu<\/span><\/td>\n<td><span data-path-to-node=\"24,1,4,0\">Muovi (valkoinen)<\/span><\/td>\n<\/tr>\n<tr>\n<td><span data-path-to-node=\"24,2,0,0\"><b data-path-to-node=\"24,2,0,0\" data-index-in-node=\"0\">Levymateriaali<\/b><\/span><\/td>\n<td><span data-path-to-node=\"24,2,1,0\">210T polyesteri<\/span><\/td>\n<td><span data-path-to-node=\"24,2,2,0\">210T polyesteri<\/span><\/td>\n<td><span data-path-to-node=\"24,2,3,0\">80 g\/m\u00b2 paperi<\/span><\/td>\n<td><span data-path-to-node=\"24,2,4,0\">80 g\/m\u00b2 paperi<\/span><\/td>\n<\/tr>\n<tr>\n<td><span data-path-to-node=\"24,3,0,0\"><b data-path-to-node=\"24,3,0,0\" data-index-in-node=\"0\">Kylkiluiden lukum\u00e4\u00e4r\u00e4<\/b><\/span><\/td>\n<td><span data-path-to-node=\"24,3,1,0\">12 + 2 p\u00e4\u00e4tykappaletta<\/span><\/td>\n<td><span data-path-to-node=\"24,3,2,0\">14 + 2 p\u00e4\u00e4tykappaletta<\/span><\/td>\n<td><span data-path-to-node=\"24,3,3,0\">18 + 2 p\u00e4\u00e4tykappaletta<\/span><\/td>\n<td><span data-path-to-node=\"24,3,4,0\">Standardi<\/span><\/td>\n<\/tr>\n<tr>\n<td><span data-path-to-node=\"24,4,0,0\"><b data-path-to-node=\"24,4,0,0\" data-index-in-node=\"0\">Mitat (Avaa)<\/b><\/span><\/td>\n<td><span data-path-to-node=\"24,4,1,0\">23 x 42 cm<\/span><\/td>\n<td><span data-path-to-node=\"24,4,2,0\">23 x 42 cm<\/span><\/td>\n<td><span data-path-to-node=\"24,4,3,0\">21 x 38 cm<\/span><\/td>\n<td><span data-path-to-node=\"24,4,4,0\">23 x 42 cm<\/span><\/td>\n<\/tr>\n<tr>\n<td><span data-path-to-node=\"24,5,0,0\"><b data-path-to-node=\"24,5,0,0\" data-index-in-node=\"0\">Painatusalue<\/b><\/span><\/td>\n<td><span data-path-to-node=\"24,5,1,0\">1 puoli<\/span><\/td>\n<td><span data-path-to-node=\"24,5,2,0\">1 puoli<\/span><\/td>\n<td><span data-path-to-node=\"24,5,3,0\">1 tai 2 puolta<\/span><\/td>\n<td><span data-path-to-node=\"24,5,4,0\">1 puoli<\/span><\/td>\n<\/tr>\n<tr>\n<td><span data-path-to-node=\"24,6,0,0\"><b data-path-to-node=\"24,6,0,0\" data-index-in-node=\"0\">P\u00e4\u00e4tykappaleen painatus<\/b><\/span><\/td>\n<td><span data-path-to-node=\"24,6,1,0\">Kyll\u00e4<\/span><\/td>\n<td><span data-path-to-node=\"24,6,2,0\">Kyll\u00e4<\/span><\/td>\n<td><span data-path-to-node=\"24,6,3,0\">Kyll\u00e4<\/span><\/td>\n<td><span data-path-to-node=\"24,6,4,0\">Ei<\/span><\/td>\n<\/tr>\n<\/tbody>\n<\/table>\n<h2 data-path-to-node=\"25\">K\u00e4ytt\u00f6tapaukset<\/h2>\n<ul data-path-to-node=\"26\">\n<li>\n<p data-path-to-node=\"26,0,0\"><b data-path-to-node=\"26,0,0\" data-index-in-node=\"0\">Kes\u00e4h\u00e4\u00e4t:<\/b> Kaunis lahja vieraille ulkoilmaseremonioiden aikana.<\/p>\n<\/li>\n<li>\n<p data-path-to-node=\"26,1,0\"><b data-path-to-node=\"26,1,0\" data-index-in-node=\"0\">Musiikkifestivaalit:<\/b> V\u00e4ltt\u00e4m\u00e4tt\u00f6m\u00e4t selviytymisvarusteet tanssiville v\u00e4kijoukoille helteess\u00e4.<\/p>\n<\/li>\n<li>\n<p data-path-to-node=\"26,2,0\"><b data-path-to-node=\"26,2,0\" data-index-in-node=\"0\">Poliittiset kampanjat:<\/b> N\u00e4kyvi\u00e4 esineit\u00e4, joita kannattajat heiluttavat ilmassa.<\/p>\n<\/li>\n<li>\n<p data-path-to-node=\"26,3,0\"><b data-path-to-node=\"26,3,0\" data-index-in-node=\"0\">Matkailu ja lomakohteet:<\/b> Loistavia tervetuliaislahjoja l\u00e4mpimien ilmastojen hotelleille.<\/p>\n<\/li>\n<\/ul>","protected":false},"excerpt":{"rendered":"<ul>\n<li>\n<p data-path-to-node=\"9,0,0\"><b data-path-to-node=\"9,0,0\" data-index-in-node=\"0\">4 materiaaliyhdistelm\u00e4\u00e4:<\/b> Valitse muovi\/kangas, puu\/kangas, bambu\/paperi tai muovi\/paperi.<\/p>\n<\/li>\n<li>\n<p data-path-to-node=\"9,1,0\"><b data-path-to-node=\"9,1,0\" data-index-in-node=\"0\">T\u00e4ysi br\u00e4nd\u00e4ys:<\/b> Korkealaatuinen t\u00e4ysv\u00e4ripainatus viuhka-arkille (paperi tai polyesteri).<\/p>\n<\/li>\n<li>\n<p data-path-to-node=\"9,2,0\"><b data-path-to-node=\"9,2,0\" data-index-in-node=\"0\">Kylkiluuvaihtoehdot:<\/b> Tukevia kylkiluita, joiden lukum\u00e4\u00e4r\u00e4 vaihtelee 12:sta 18:aan mallista riippuen.<\/p>\n<\/li>\n<li>\n<p data-path-to-node=\"9,3,0\"><b data-path-to-node=\"9,3,0\" data-index-in-node=\"0\">Kes\u00e4n v\u00e4ltt\u00e4m\u00e4tt\u00f6myys:<\/b> T\u00e4ydellinen lahjaidea ulkoh\u00e4ihin, festivaaleille ja urheilutapahtumiin.<\/p>\n<\/li>\n<\/ul>","protected":false},"featured_media":6311,"comment_status":"closed","ping_status":"closed","template":"","meta":[],"product_brand":[],"product_cat":[45],"product_tag":[],"class_list":{"0":"post-6150","1":"product","2":"type-product","3":"status-publish","4":"has-post-thumbnail","6":"product_cat-other","8":"first","9":"instock","10":"shipping-taxable","11":"purchasable","12":"product-type-simple"},"_links":{"self":[{"href":"https:\/\/displayproducts.eu\/fi\/wp-json\/wp\/v2\/product\/6150","targetHints":{"allow":["GET"]}}],"collection":[{"href":"https:\/\/displayproducts.eu\/fi\/wp-json\/wp\/v2\/product"}],"about":[{"href":"https:\/\/displayproducts.eu\/fi\/wp-json\/wp\/v2\/types\/product"}],"replies":[{"embeddable":true,"href":"https:\/\/displayproducts.eu\/fi\/wp-json\/wp\/v2\/comments?post=6150"}],"wp:featuredmedia":[{"embeddable":true,"href":"https:\/\/displayproducts.eu\/fi\/wp-json\/wp\/v2\/media\/6311"}],"wp:attachment":[{"href":"https:\/\/displayproducts.eu\/fi\/wp-json\/wp\/v2\/media?parent=6150"}],"wp:term":[{"taxonomy":"product_brand","embeddable":true,"href":"https:\/\/displayproducts.eu\/fi\/wp-json\/wp\/v2\/product_brand?post=6150"},{"taxonomy":"product_cat","embeddable":true,"href":"https:\/\/displayproducts.eu\/fi\/wp-json\/wp\/v2\/product_cat?post=6150"},{"taxonomy":"product_tag","embeddable":true,"href":"https:\/\/displayproducts.eu\/fi\/wp-json\/wp\/v2\/product_tag?post=6150"}],"curies":[{"name":"wp","href":"https:\/\/api.w.org\/{rel}","templated":true}]}}