{"id":6144,"date":"2025-12-19T16:02:37","date_gmt":"2025-12-19T13:02:37","guid":{"rendered":"https:\/\/wristbandfactory.eu\/?post_type=product&#038;p=6144"},"modified":"2026-04-01T21:52:34","modified_gmt":"2026-04-01T18:52:34","slug":"custom-printed-picnic-blankets-fleece-waterproof-models","status":"publish","type":"product","link":"https:\/\/displayproducts.eu\/fi\/p\/custom-printed-picnic-blankets-fleece-waterproof-models\/","title":{"rendered":"Mainospiknik-viltit ja -huovat omalla painatuksella"},"content":{"rendered":"<p data-path-to-node=\"10\">Tee mist\u00e4 tahansa ulkoilmatapaamisesta br\u00e4nd\u00e4ysmahdollisuus meid\u00e4n avullamme <b data-path-to-node=\"10\" data-index-in-node=\"89\">Mukautetut painetut piknikpeitot<\/b>. Etsitp\u00e4 sitten kodikasta lahjaa kes\u00e4konserttiin tai korkealaatuista yrityslahjaa ty\u00f6ntekij\u00f6ille, tarjoamme kaksi erilaista materiaalivaihtoehtoa budjettiisi ja toiminnallisiin tarpeisiisi sopivaksi.<\/p>\n<p data-path-to-node=\"11\">Molemmissa malleissa on reunasta reunaan digitaalinen painatus, joka mahdollistaa eloisien valokuvien, monimutkaisten kuvioiden tai n\u00e4ytt\u00e4vien logojen painamisen koko pinnalle.<\/p>\n<h3 data-path-to-node=\"12\">Valitse mallisi<\/h3>\n<p>1. Pehme\u00e4 fleecepeitto (vakio)<\/p>\n<p>Klassinen valinta l\u00e4mp\u00f6\u00e4 ja mukavuutta ajatellen.<\/p>\n<ul data-path-to-node=\"14\">\n<li>\n<p data-path-to-node=\"14,0,0\"><b data-path-to-node=\"14,0,0\" data-index-in-node=\"0\">Yl\u00e4osa:<\/b> Pehme\u00e4 100% polyesterifleece (220 g\/m\u00b2) mukavan tuntuman takaamiseksi.<\/p>\n<\/li>\n<li>\n<p data-path-to-node=\"14,1,0\"><b data-path-to-node=\"14,1,0\" data-index-in-node=\"0\">Pohja:<\/b> Musta 80 g kuitukangaspohja.<\/p>\n<\/li>\n<li>\n<p data-path-to-node=\"14,2,0\"><b data-path-to-node=\"14,2,0\" data-index-in-node=\"0\">Pakkaus:<\/b> Yksitt\u00e4in pakattu polyeteenipussiin (erittelypaperitasku saatavilla pyynn\u00f6st\u00e4).<\/p>\n<\/li>\n<\/ul>\n<p>2. Ensiluokkainen vedenpit\u00e4v\u00e4 peitto (pehmustettu)<\/p>\n<p>Suunniteltu kest\u00e4vyyteen ja kosteisiin maasto-olosuhteisiin.<\/p>\n<ul data-path-to-node=\"16\">\n<li>\n<p data-path-to-node=\"16,0,0\"><b data-path-to-node=\"16,0,0\" data-index-in-node=\"0\">Rakentaminen:<\/b> Kolmikerroksinen voileip\u00e4rakenne \u2013 300D polyesteri\u00e4, 2 mm vaahtomuoviydin istumismukavuutta varten ja 210D polyesteri\u00e4.<\/p>\n<\/li>\n<li>\n<p data-path-to-node=\"16,1,0\"><b data-path-to-node=\"16,1,0\" data-index-in-node=\"0\">Vedenpit\u00e4v\u00e4:<\/b> Sis\u00e4lt\u00e4\u00e4 PU-taustan, joka pit\u00e4\u00e4 kosteuden ulkona.<\/p>\n<\/li>\n<li>\n<p data-path-to-node=\"16,2,0\"><b data-path-to-node=\"16,2,0\" data-index-in-node=\"0\">Siirrett\u00e4vyys:<\/b> Mukana on ommeltu PP-kankaasta valmistettu kahva (noin 2,5 x 50 cm) ja tarranauhakiinnitys helppoa rullaamista ja kantamista varten.<\/p>\n<\/li>\n<\/ul>\n<h2 data-path-to-node=\"17\">T\u00e4rkeimm\u00e4t ominaisuudet<\/h2>\n<ul data-path-to-node=\"18\">\n<li>\n<p data-path-to-node=\"18,0,0\"><b data-path-to-node=\"18,0,0\" data-index-in-node=\"0\">El\u00e4v\u00e4 digitaalinen painatus:<\/b> Painamme suunnittelusi digitaalisesti. <i data-path-to-node=\"18,0,0\" data-index-in-node=\"55\">Huomautus: Kankaan rakenteen vuoksi lopulliset painov\u00e4rit voivat vaihdella jopa 15% s\u00e4vyss\u00e4 alkuper\u00e4iseen kuvaan verrattuna.<\/i><\/p>\n<\/li>\n<li>\n<p data-path-to-node=\"18,1,0\"><b data-path-to-node=\"18,1,0\" data-index-in-node=\"0\">K\u00e4yt\u00e4nn\u00f6n br\u00e4nd\u00e4ys:<\/b> Laaja pinta-ala varmistaa, ett\u00e4 br\u00e4ndisi n\u00e4kyy kaukaa rannoilla, puistoissa ja festivaaleilla.<\/p>\n<\/li>\n<li>\n<p data-path-to-node=\"18,2,0\"><b data-path-to-node=\"18,2,0\" data-index-in-node=\"0\">Tuotantotoleranssi:<\/b> Alan standardien mukaisesti pid\u00e4t\u00e4mme oikeuden toimittaa ja laskuttaa tilatusta m\u00e4\u00e4r\u00e4st\u00e4 +\/- 10%.<\/p>\n<\/li>\n<\/ul>\n<h2 data-path-to-node=\"19\">Tekniset tiedot<\/h2>\n<table data-path-to-node=\"20\">\n<thead>\n<tr>\n<td><strong>Ominaisuus<\/strong><\/td>\n<td><strong>Fleece-malli<\/strong><\/td>\n<td><strong>Vedenpit\u00e4v\u00e4 pehmustettu malli<\/strong><\/td>\n<\/tr>\n<\/thead>\n<tbody>\n<tr>\n<td><span data-path-to-node=\"20,1,0,0\"><b data-path-to-node=\"20,1,0,0\" data-index-in-node=\"0\">P\u00e4\u00e4llimm\u00e4inen materiaali<\/b><\/span><\/td>\n<td><span data-path-to-node=\"20,1,1,0\">220 g\/m\u00b2 polyesterifleece\u00e4<\/span><\/td>\n<td><span data-path-to-node=\"20,1,2,0\">300D polyesteri\u00e4<\/span><\/td>\n<\/tr>\n<tr>\n<td><span data-path-to-node=\"20,2,0,0\"><b data-path-to-node=\"20,2,0,0\" data-index-in-node=\"0\">Tausta<\/b><\/span><\/td>\n<td><span data-path-to-node=\"20,2,1,0\">Musta 80 g kuitukangas<\/span><\/td>\n<td><span data-path-to-node=\"20,2,2,0\">Vedenpit\u00e4v\u00e4 PU + 210D polyesteri<\/span><\/td>\n<\/tr>\n<tr>\n<td><span data-path-to-node=\"20,3,0,0\"><b data-path-to-node=\"20,3,0,0\" data-index-in-node=\"0\">Pehmuste<\/b><\/span><\/td>\n<td><span data-path-to-node=\"20,3,1,0\">Ei mit\u00e4\u00e4n<\/span><\/td>\n<td><span data-path-to-node=\"20,3,2,0\">2 mm vaahtomuovi<\/span><\/td>\n<\/tr>\n<tr>\n<td><span data-path-to-node=\"20,4,0,0\"><b data-path-to-node=\"20,4,0,0\" data-index-in-node=\"0\">Mitat<\/b><\/span><\/td>\n<td><span data-path-to-node=\"20,4,1,0\">120 x 150 cm TAI 130 x 170 cm<\/span><\/td>\n<td><span data-path-to-node=\"20,4,2,0\">120x150cm<\/span><\/td>\n<\/tr>\n<tr>\n<td><span data-path-to-node=\"20,5,0,0\"><b data-path-to-node=\"20,5,0,0\" data-index-in-node=\"0\">Kantoj\u00e4rjestelm\u00e4<\/b><\/span><\/td>\n<td><span data-path-to-node=\"20,5,1,0\">Muovipussi (holkki valinnainen)<\/span><\/td>\n<td><span data-path-to-node=\"20,5,2,0\">Integroitu PP-hihnakahva<\/span><\/td>\n<\/tr>\n<tr>\n<td><span data-path-to-node=\"20,6,0,0\"><b data-path-to-node=\"20,6,0,0\" data-index-in-node=\"0\">Painotekniikka<\/b><\/span><\/td>\n<td><span data-path-to-node=\"20,6,1,0\">Moniv\u00e4rinen digitaalinen<\/span><\/td>\n<td><span data-path-to-node=\"20,6,2,0\">Moniv\u00e4rinen digitaalinen<\/span><\/td>\n<\/tr>\n<\/tbody>\n<\/table>\n<p>&nbsp;<\/p>\n<h2 data-path-to-node=\"21\">K\u00e4ytt\u00f6tapaukset<\/h2>\n<ul data-path-to-node=\"22\">\n<li>\n<p data-path-to-node=\"22,0,0\"><b data-path-to-node=\"22,0,0\" data-index-in-node=\"0\">Kes\u00e4festivaalit:<\/b> Br\u00e4nd\u00e4tyt istumapaikat musiikkitapahtumiin.<\/p>\n<\/li>\n<li>\n<p data-path-to-node=\"22,1,0\"><b data-path-to-node=\"22,1,0\" data-index-in-node=\"0\">Yrityspiknikit:<\/b> K\u00e4yt\u00e4nn\u00f6llinen lahja, jota ty\u00f6ntekij\u00e4t k\u00e4ytt\u00e4v\u00e4t toistuvasti.<\/p>\n<\/li>\n<li>\n<p data-path-to-node=\"22,2,0\"><b data-path-to-node=\"22,2,0\" data-index-in-node=\"0\">Tavarakaupat:<\/b> Arvokas tuote b\u00e4ndeille tai urheilujoukkueille.<\/p>\n<\/li>\n<li>\n<p data-path-to-node=\"22,3,0\"><b data-path-to-node=\"22,3,0\" data-index-in-node=\"0\">Ulkoilutarjoukset:<\/b> Ihanteellinen juoma- tai lifestyle-br\u00e4ndeille.<\/p>\n<\/li>\n<\/ul>","protected":false},"excerpt":{"rendered":"<ul>\n<li>\n<p data-path-to-node=\"9,0,0\"><b data-path-to-node=\"9,0,0\" data-index-in-node=\"0\">Kaksi muunnelmaa:<\/b> Valitse pehme\u00e4n fleecen (kevyt) tai vedenpit\u00e4v\u00e4n Premium-materiaalin (pehmustettu ja kahvalla varustettu) v\u00e4lill\u00e4.<\/p>\n<\/li>\n<li>\n<p data-path-to-node=\"9,1,0\"><b data-path-to-node=\"9,1,0\" data-index-in-node=\"0\">T\u00e4ysi mukautus:<\/b> Korkearesoluutioinen digitaalinen painatus peitt\u00e4\u00e4 koko yl\u00e4pinnan.<\/p>\n<\/li>\n<li>\n<p data-path-to-node=\"9,2,0\"><b data-path-to-node=\"9,2,0\" data-index-in-node=\"0\">Monipuoliset koot:<\/b> Vakiokoko 120x150cm tai suurempi 130x170cm (vain fleece).<\/p>\n<\/li>\n<li>\n<p data-path-to-node=\"9,3,0\"><b data-path-to-node=\"9,3,0\" data-index-in-node=\"0\">Tapahtumavalmis:<\/b> T\u00e4ydellinen ulkoilmafestivaaleille, yritysten piknikeille ja kes\u00e4kampanjoille.<\/p>\n<\/li>\n<\/ul>","protected":false},"featured_media":6315,"comment_status":"closed","ping_status":"closed","template":"","meta":[],"product_brand":[],"product_cat":[68,121],"product_tag":[],"class_list":{"0":"post-6144","1":"product","2":"type-product","3":"status-publish","4":"has-post-thumbnail","6":"product_cat-event-supplies","7":"product_cat-promotional-merchandise","9":"first","10":"instock","11":"shipping-taxable","12":"purchasable","13":"product-type-simple"},"_links":{"self":[{"href":"https:\/\/displayproducts.eu\/fi\/wp-json\/wp\/v2\/product\/6144","targetHints":{"allow":["GET"]}}],"collection":[{"href":"https:\/\/displayproducts.eu\/fi\/wp-json\/wp\/v2\/product"}],"about":[{"href":"https:\/\/displayproducts.eu\/fi\/wp-json\/wp\/v2\/types\/product"}],"replies":[{"embeddable":true,"href":"https:\/\/displayproducts.eu\/fi\/wp-json\/wp\/v2\/comments?post=6144"}],"wp:featuredmedia":[{"embeddable":true,"href":"https:\/\/displayproducts.eu\/fi\/wp-json\/wp\/v2\/media\/6315"}],"wp:attachment":[{"href":"https:\/\/displayproducts.eu\/fi\/wp-json\/wp\/v2\/media?parent=6144"}],"wp:term":[{"taxonomy":"product_brand","embeddable":true,"href":"https:\/\/displayproducts.eu\/fi\/wp-json\/wp\/v2\/product_brand?post=6144"},{"taxonomy":"product_cat","embeddable":true,"href":"https:\/\/displayproducts.eu\/fi\/wp-json\/wp\/v2\/product_cat?post=6144"},{"taxonomy":"product_tag","embeddable":true,"href":"https:\/\/displayproducts.eu\/fi\/wp-json\/wp\/v2\/product_tag?post=6144"}],"curies":[{"name":"wp","href":"https:\/\/api.w.org\/{rel}","templated":true}]}}