{"id":6135,"date":"2025-12-19T15:54:46","date_gmt":"2025-12-19T12:54:46","guid":{"rendered":"https:\/\/wristbandfactory.eu\/?post_type=product&#038;p=6135"},"modified":"2026-04-01T21:52:34","modified_gmt":"2026-04-01T18:52:34","slug":"custom-printed-wooden-deck-chairs-patio-stools-made-in-eu","status":"publish","type":"product","link":"https:\/\/displayproducts.eu\/fi\/p\/custom-printed-wooden-deck-chairs-patio-stools-made-in-eu\/","title":{"rendered":"Mainoslepotuolit ja aurinkotuolit omalla painatuksella"},"content":{"rendered":"<p data-path-to-node=\"10\">Luo rentouttava br\u00e4ndikokemus premium-valikoimallamme <b data-path-to-node=\"10\" data-index-in-node=\"86\">Mittatilausty\u00f6n\u00e4 painetut puiset lepotuolit ja jakkarat<\/b>. Olipa kyseess\u00e4 sitten rantaklubi, musiikkifestivaalit, yrityksen kes\u00e4terassi tai talvihiihtokeskus, n\u00e4m\u00e4 tuolit tarjoavat t\u00e4ydellisen yhdistelm\u00e4n mukavuutta ja n\u00e4kyvyytt\u00e4.<\/p>\n<p data-path-to-node=\"11\">Runkomme valmistetaan suoraan EU:ssa tukevasta py\u00f6kist\u00e4 (luonnollinen viimeistely), mik\u00e4 takaa kest\u00e4vyyden ja korkealaatuisen tuntuman kevyisiin tuontituotteisiin verrattuna. Istuinkangas painetaan digitaalisesti neliv\u00e4risen\u00e4, mik\u00e4 mahdollistaa fotorealistiset kuviot, jotka peitt\u00e4v\u00e4t koko pinnan.<\/p>\n<h3 data-path-to-node=\"12\">Saatavilla olevat mallit<\/h3>\n<p data-path-to-node=\"13\">Tarjoamme nelj\u00e4 erilaista kokoonpanoa tapahtumasi tarpeisiin:<\/p>\n<ol start=\"1\" data-path-to-node=\"14\">\n<li>\n<p data-path-to-node=\"14,0,0\"><b data-path-to-node=\"14,0,0\" data-index-in-node=\"0\">Klassinen lepotuoli:<\/b> Ajaton muotoilu ilman k\u00e4sinojia. Minimalistinen ja kannettava.<\/p>\n<\/li>\n<li>\n<p data-path-to-node=\"14,1,0\"><b data-path-to-node=\"14,1,0\" data-index-in-node=\"0\">Comfort-aurinkotuoli:<\/b> Ergonomiset k\u00e4sinojat lis\u00e4rentoutumista varten.<\/p>\n<\/li>\n<li>\n<p data-path-to-node=\"14,2,0\"><b data-path-to-node=\"14,2,0\" data-index-in-node=\"0\">Premium-lepotuoli:<\/b> Sis\u00e4lt\u00e4\u00e4 k\u00e4sinojat ja sis\u00e4\u00e4nrakennetun mukitelineen \u2013 t\u00e4ydellinen valinta festarik\u00e4ytt\u00f6\u00f6n.<\/p>\n<\/li>\n<li>\n<p data-path-to-node=\"14,3,0\"><b data-path-to-node=\"14,3,0\" data-index-in-node=\"0\">Terassijakkara:<\/b> Kompakti, kokoontaitettava jalkatuki tai lis\u00e4istuin, joka t\u00e4ydent\u00e4\u00e4 tuoleja t\u00e4ydellisesti.<\/p>\n<\/li>\n<\/ol>\n<h2 data-path-to-node=\"15\">T\u00e4rkeimm\u00e4t ominaisuudet<\/h2>\n<ul data-path-to-node=\"16\">\n<li>\n<p data-path-to-node=\"16,0,0\"><b data-path-to-node=\"16,0,0\" data-index-in-node=\"0\">S\u00e4\u00e4dett\u00e4v\u00e4 mukavuus:<\/b> Kaikissa tuolimalleissa on kolmiportainen selk\u00e4nojan korkeuden s\u00e4\u00e4t\u00f6 yksil\u00f6llist\u00e4 oleskelua varten (vakio: 28\/60 mm:n s\u00e4\u00e4t\u00f6; k\u00e4sinojamallit: 28\/57 mm tai 32\/61 mm).<\/p>\n<\/li>\n<li>\n<p data-path-to-node=\"16,1,0\"><b data-path-to-node=\"16,1,0\" data-index-in-node=\"0\">El\u00e4v\u00e4inen br\u00e4nd\u00e4ys:<\/b> 215 g\/m\u00b2 polyesterikangas tukee korkean resoluution CMYK-painatusta. <i data-path-to-node=\"16,1,0\" data-index-in-node=\"83\">Huomautus: Tekstiilin imeytymisen vuoksi lopulliset v\u00e4rit voivat poiketa digitaalisesta tiedostosta jopa 15%.<\/i><\/p>\n<\/li>\n<li>\n<p data-path-to-node=\"16,2,0\"><b data-path-to-node=\"16,2,0\" data-index-in-node=\"0\">\u00c4lyk\u00e4s suunnittelu:<\/b> Tuolien p\u00e4\u00e4lliset ovat irrotettavia ja vaihdettavia, joten voit p\u00e4ivitt\u00e4\u00e4 kampanjoita ostamatta uusia runkoja. (Huomaa: Jakkaran kangas on kiinte\u00e4\/ei irrotettava).<\/p>\n<\/li>\n<li>\n<p data-path-to-node=\"16,3,0\"><b data-path-to-node=\"16,3,0\" data-index-in-node=\"0\">Turvallisuus ja kuorma:<\/b> Vankka rakenne tukee jopa 110 kg istuinta kohden.<\/p>\n<\/li>\n<\/ul>\n<h2 data-path-to-node=\"17\">Tekniset tiedot<\/h2>\n<table data-path-to-node=\"18\">\n<thead>\n<tr>\n<td><strong>Ominaisuus<\/strong><\/td>\n<td><strong>Klassinen tuoli<\/strong><\/td>\n<td><strong>K\u00e4sinojatuoli<\/strong><\/td>\n<td><strong>Mukitelineen tuoli<\/strong><\/td>\n<td><strong>Terassijakkara<\/strong><\/td>\n<\/tr>\n<\/thead>\n<tbody>\n<tr>\n<td><span data-path-to-node=\"18,1,0,0\"><b data-path-to-node=\"18,1,0,0\" data-index-in-node=\"0\">Rungon materiaali<\/b><\/span><\/td>\n<td><span data-path-to-node=\"18,1,1,0\">Py\u00f6kkipuu<\/span><\/td>\n<td><span data-path-to-node=\"18,1,2,0\">Py\u00f6kkipuu<\/span><\/td>\n<td><span data-path-to-node=\"18,1,3,0\">Py\u00f6kkipuu<\/span><\/td>\n<td><span data-path-to-node=\"18,1,4,0\">Py\u00f6kkipuu<\/span><\/td>\n<\/tr>\n<tr>\n<td><span data-path-to-node=\"18,2,0,0\"><b data-path-to-node=\"18,2,0,0\" data-index-in-node=\"0\">Mitat (taitettuna)<\/b><\/span><\/td>\n<td><span data-path-to-node=\"18,2,1,0\">1250 x 560 mm<\/span><\/td>\n<td><span data-path-to-node=\"18,2,2,0\">1510 x 580 mm<\/span><\/td>\n<td><span data-path-to-node=\"18,2,3,0\">1510 x 580 mm<\/span><\/td>\n<td><span data-path-to-node=\"18,2,4,0\">500 x 320 mm<\/span><\/td>\n<\/tr>\n<tr>\n<td><span data-path-to-node=\"18,3,0,0\"><b data-path-to-node=\"18,3,0,0\" data-index-in-node=\"0\">Korkeustasot<\/b><\/span><\/td>\n<td><span data-path-to-node=\"18,3,1,0\">3-vaiheinen<\/span><\/td>\n<td><span data-path-to-node=\"18,3,2,0\">3-vaiheinen<\/span><\/td>\n<td><span data-path-to-node=\"18,3,3,0\">3-vaiheinen<\/span><\/td>\n<td><span data-path-to-node=\"18,3,4,0\">Kiinte\u00e4 (70 mm)<\/span><\/td>\n<\/tr>\n<tr>\n<td><span data-path-to-node=\"18,4,0,0\"><b data-path-to-node=\"18,4,0,0\" data-index-in-node=\"0\">Paino<\/b><\/span><\/td>\n<td><span data-path-to-node=\"18,4,1,0\">3,9 kg (7,8 kg\/laatikko)<\/span><\/td>\n<td><span data-path-to-node=\"18,4,2,0\">4,4 kg (8,8 kg\/laatikko)<\/span><\/td>\n<td><span data-path-to-node=\"18,4,3,0\">4,7 kg (9,4 kg\/laatikko)<\/span><\/td>\n<td><span data-path-to-node=\"18,4,4,0\">1,6 kg (3,2 kg\/laatikko)<\/span><\/td>\n<\/tr>\n<tr>\n<td><span data-path-to-node=\"18,5,0,0\"><b data-path-to-node=\"18,5,0,0\" data-index-in-node=\"0\">Kangas<\/b><\/span><\/td>\n<td><span data-path-to-node=\"18,5,1,0\">215 g\/m\u00b2 polyesteri\u00e4<\/span><\/td>\n<td><span data-path-to-node=\"18,5,2,0\">215 g\/m\u00b2 polyesteri\u00e4<\/span><\/td>\n<td><span data-path-to-node=\"18,5,3,0\">215 g\/m\u00b2 polyesteri\u00e4<\/span><\/td>\n<td><span data-path-to-node=\"18,5,4,0\">215 g\/m\u00b2 polyesteri\u00e4<\/span><\/td>\n<\/tr>\n<tr>\n<td><span data-path-to-node=\"18,6,0,0\"><b data-path-to-node=\"18,6,0,0\" data-index-in-node=\"0\">Pakkaus<\/b><\/span><\/td>\n<td><span data-path-to-node=\"18,6,1,0\">2 kpl \/ pakkaus<\/span><\/td>\n<td><span data-path-to-node=\"18,6,2,0\">2 kpl \/ pakkaus<\/span><\/td>\n<td><span data-path-to-node=\"18,6,3,0\">2 kpl \/ pakkaus<\/span><\/td>\n<td><span data-path-to-node=\"18,6,4,0\">2 kpl \/ pakkaus<\/span><\/td>\n<\/tr>\n<\/tbody>\n<\/table>\n<h2 data-path-to-node=\"19\">K\u00e4ytt\u00f6tapaukset<\/h2>\n<ul data-path-to-node=\"20\">\n<li>\n<p data-path-to-node=\"20,0,0\"><b data-path-to-node=\"20,0,0\" data-index-in-node=\"0\">Kes\u00e4festivaalit ja rantabaarit:<\/b> luo br\u00e4nd\u00e4tty rentoutumisalue.<\/p>\n<\/li>\n<li>\n<p data-path-to-node=\"20,1,0\"><b data-path-to-node=\"20,1,0\" data-index-in-node=\"0\">Hiihtokeskukset:<\/b> Kest\u00e4v\u00e4 puu ja polyesteri sopivat hyvin my\u00f6s talviaurinkoterasseille.<\/p>\n<\/li>\n<li>\n<p data-path-to-node=\"20,2,0\"><b data-path-to-node=\"20,2,0\" data-index-in-node=\"0\">Yrityslahjat:<\/b> Arvokas lahja kumppaneille k\u00e4ytett\u00e4v\u00e4ksi puutarhoissaan tai parvekkeillaan.<\/p>\n<\/li>\n<li>\n<p data-path-to-node=\"20,3,0\"><b data-path-to-node=\"20,3,0\" data-index-in-node=\"0\">Ulkoilmatapahtumat:<\/b> Siirrett\u00e4v\u00e4 istuin, joka toimii my\u00f6s mainostauluna.<\/p>\n<\/li>\n<\/ul>","protected":false},"excerpt":{"rendered":"<ul>\n<li>\n<p data-path-to-node=\"9,0,0\"><b data-path-to-node=\"9,0,0\" data-index-in-node=\"0\">Valmistettu EU:ssa:<\/b> K\u00e4sintehty korkealaatuisesta luonnonpuusta.<\/p>\n<\/li>\n<li>\n<p data-path-to-node=\"9,1,0\"><b data-path-to-node=\"9,1,0\" data-index-in-node=\"0\">T\u00e4ysi mukautus:<\/b> Reunasta reunaan CMYK-painatus kest\u00e4v\u00e4lle 215 g\/m\u00b2 polyesterille.<\/p>\n<\/li>\n<li>\n<p data-path-to-node=\"9,2,0\"><b data-path-to-node=\"9,2,0\" data-index-in-node=\"0\">4 saatavilla olevaa mallia:<\/b> Vakio, k\u00e4sinojat, k\u00e4sinojat + mukiteline ja kokoontaitettava jakkara.<\/p>\n<\/li>\n<li>\n<p data-path-to-node=\"9,3,0\"><b data-path-to-node=\"9,3,0\" data-index-in-node=\"0\">Vaihdettava kangas:<\/b> Vaihda helposti kaikkien tuolimallien muotoilua (jakkaran kangas on kiinte\u00e4).<\/p>\n<\/li>\n<\/ul>","protected":false},"featured_media":6320,"comment_status":"closed","ping_status":"closed","template":"","meta":[],"product_brand":[],"product_cat":[68],"product_tag":[],"class_list":{"0":"post-6135","1":"product","2":"type-product","3":"status-publish","4":"has-post-thumbnail","6":"product_cat-event-supplies","8":"first","9":"instock","10":"shipping-taxable","11":"purchasable","12":"product-type-simple"},"_links":{"self":[{"href":"https:\/\/displayproducts.eu\/fi\/wp-json\/wp\/v2\/product\/6135","targetHints":{"allow":["GET"]}}],"collection":[{"href":"https:\/\/displayproducts.eu\/fi\/wp-json\/wp\/v2\/product"}],"about":[{"href":"https:\/\/displayproducts.eu\/fi\/wp-json\/wp\/v2\/types\/product"}],"replies":[{"embeddable":true,"href":"https:\/\/displayproducts.eu\/fi\/wp-json\/wp\/v2\/comments?post=6135"}],"wp:featuredmedia":[{"embeddable":true,"href":"https:\/\/displayproducts.eu\/fi\/wp-json\/wp\/v2\/media\/6320"}],"wp:attachment":[{"href":"https:\/\/displayproducts.eu\/fi\/wp-json\/wp\/v2\/media?parent=6135"}],"wp:term":[{"taxonomy":"product_brand","embeddable":true,"href":"https:\/\/displayproducts.eu\/fi\/wp-json\/wp\/v2\/product_brand?post=6135"},{"taxonomy":"product_cat","embeddable":true,"href":"https:\/\/displayproducts.eu\/fi\/wp-json\/wp\/v2\/product_cat?post=6135"},{"taxonomy":"product_tag","embeddable":true,"href":"https:\/\/displayproducts.eu\/fi\/wp-json\/wp\/v2\/product_tag?post=6135"}],"curies":[{"name":"wp","href":"https:\/\/api.w.org\/{rel}","templated":true}]}}